{"id":1063,"date":"2020-11-04T22:57:37","date_gmt":"2020-11-04T20:57:37","guid":{"rendered":"http:\/\/demowpthemes.com\/buy2amazon\/?page_id=1063"},"modified":"2023-05-08T17:59:54","modified_gmt":"2023-05-08T15:59:54","slug":"conditions-generales","status":"publish","type":"page","link":"https:\/\/shop24.lu\/de\/conditions-generales\/","title":{"rendered":"Gesch\u00e4ftsbedingungen"},"content":{"rendered":"<h2 class=\"widget-title\">Allgemeine Nutzungs- und Verkaufsbedingungen<\/h2>\n<div class=\"siteorigin-widget-tinymce textwidget\"><strong>[Achtung: Dies ist eine automatische \u00dcbersetzung. Der einzig bindende Text der AGB ist die franz\u00f6sische Version!]<br>Shop24 stellt Verk\u00e4ufern und K\u00e4ufern die Plattform zur Verf\u00fcgung und lehnt jede Verantwortung zwischen K\u00e4ufer und Verk\u00e4ufer ab.<\/strong><\/p>\n<p>1. Die Shop24-Website ist eine Online-Handelsplattform, die vom Team \u201eShop24 \u2013 Online-Shopping in Luxemburg\u201c bereitgestellt wird, und lehnt jede Haftung zwischen K\u00e4ufer und Verk\u00e4ufer ab.<\/p>\n<p>2. Shop24, zug\u00e4nglich unter der URL www.shop24.lu (im Folgenden die \u201eSite\u201c, die \u201eShop24-Site\u201c oder die \u201eShop24-Plattform\u201c), ist eine Online-Handelsplattform, die es K\u00e4ufern erm\u00f6glicht, in Bezug auf Verk\u00e4ufer, Produkte und \/ oder Dienstleistungen (im Folgenden \u201eProdukt(e)\u201c, \u201eService(s)\u201c oder \u201eKauf(e)\u201c), die auf der Website eingef\u00fcgt werden.<\/p>\n<p>3. Der K\u00e4ufer ist verpflichtet, sich den Allgemeinen Nutzungsbedingungen (im Folgenden &quot;AGB&quot;) ohne Einschr\u00e4nkung oder Vorbehalt zu unterwerfen, und wird durch einen Best\u00e4tigungsklick beim Abschluss seines Kaufs auf der Website verwirklicht.<\/p>\n<p>4. Ausnahmen von diesen AGB m\u00fcssen von Shop24 schriftlich und akzeptiert werden.<\/p>\n<p>5. Shop24 beh\u00e4lt sich das Recht vor, diese AGB jederzeit zu \u00e4ndern.<\/p>\n<p>6. Um auf die Dienste der Shop24-Plattform zugreifen zu k\u00f6nnen, muss der K\u00e4ufer eine vollj\u00e4hrige nat\u00fcrliche oder juristische Person sein.<br \/>und m\u00fcssen Shop24 ihre pers\u00f6nlichen Daten und eine E-Mail-Adresse zur Verf\u00fcgung stellen, um ihre Online-Bestellung abzuschlie\u00dfen.<\/p>\n<p>7. Um auf die Dienste der Shop24-Plattform zugreifen zu k\u00f6nnen, muss der Verk\u00e4ufer Kaufmann, Handwerker, Privatperson sowie eine vollj\u00e4hrige nat\u00fcrliche Person sein und einen Mitgliedsvertrag mit Shop24 abschlie\u00dfen.<\/p>\n<p>8. Der Verk\u00e4ufer muss einen von Shop24 bereitgestellten \u201eMitgliedschaftsvertrag\u201c ausf\u00fcllen und unterzeichnen und den Allgemeinen Gesch\u00e4ftsbedingungen zustimmen, indem er sie unterschreibt und per E-Mail oder Post an Shop24 zur\u00fccksendet.<\/p>\n<p>9. Der Zugang zu den Leistungen von Shop24 wird dem Verk\u00e4ufer unmittelbar nach Zugang des Mitgliedsvertrages gew\u00e4hrt.<\/p>\n<p>10. Jeder Nutzer verpflichtet sich, bei der Anmeldung und\/oder Registrierung auf der Shop24-Plattform richtige, aktuelle und vollst\u00e4ndige Angaben zu machen.<\/p>\n<p>11. Verk\u00e4ufer sind verpflichtet, ihre Daten laufend richtig und aktuell zu halten, sich zu wahrheitsgetreuen Angaben zu ihren Kontakt- und Adressdaten, einschlie\u00dflich Daten zur Zahlungsabwicklung, zu verpflichten und alle ihre Angaben aktuell zu halten und verpflichten sich, das erhaltene Passwort geheim zu halten, und Shop24 lehnt jede Verantwortung im Falle einer betr\u00fcgerischen Nutzung der Website mit von Verk\u00e4ufern oder Unbefugten bekannt gegebenen Passw\u00f6rtern ab.<\/p>\n<p>12. Der Verk\u00e4ufer verpflichtet sich, Shop24 unverz\u00fcglich zu informieren, wenn der Verdacht einer unbefugten Nutzung oder Aneignung seines Kontos besteht.<\/p>\n<p>13. Die Nutzung der Shop24-Plattform ist f\u00fcr K\u00e4ufer kostenlos.<\/p>\n<p>14. Verk\u00e4ufer haben die M\u00f6glichkeit, ihre Produkte oder Dienstleistungen nach ihrer Wahl lokal, regional oder sogar international anzubieten.<\/p>\n<p>15. Shop24 bietet Verk\u00e4ufern die technische M\u00f6glichkeit, Inhalte in Form von kommerziellen Pr\u00e4sentationen, Produktpr\u00e4sentationen, Bildern und animierten Bildern auf der Website zu ver\u00f6ffentlichen.<\/p>\n<p>16. Jeder Nutzer kann auf der Shop24-Site ein Produkt oder eine Dienstleistung bestellen, und die Shop24-Plattform \u00fcbermittelt die Bestellungen der K\u00e4ufer an die Verk\u00e4ufer.<\/p>\n<p>17. Shop24 sendet dem Verk\u00e4ufer und dem K\u00e4ufer eine Bestellbest\u00e4tigung mit Bestellnummer in Form einer E-Mail, in der die von den Parteien beim Abschluss des Kaufvertrags gemachten Angaben zusammengefasst sind, wie z. B. Art und Anzahl der Eink\u00e4ufe, ihre Beschreibungen , den vom K\u00e4ufer zu zahlenden Preis, die H\u00f6he der Mehrwertsteuer, die Versandkosten und die Zahlungsweise.<\/p>\n<p>18. Shop24 verpflichtet sich, die st\u00e4ndige Erreichbarkeit der Dienste zu gew\u00e4hrleisten. Der Zugriff auf die Dienste kann jedoch im Falle von Website- oder Server-Wartungsvorg\u00e4ngen, Website-Entwicklungen oder einfachen Fehlfunktionen vor\u00fcbergehend eingeschr\u00e4nkt oder nicht verf\u00fcgbar sein.<\/p>\n<p>19. Shop24 beh\u00e4lt sich das Recht vor, die kommerzielle Pr\u00e4sentation des Verk\u00e4ufers, die Shop24 nach eigenem Ermessen f\u00fcr ungeeignet h\u00e4lt, ganz oder teilweise abzulehnen oder von der Site zur\u00fcckzuziehen.<\/p>\n<p>20. Die Shop24-Site bietet Verk\u00e4ufern interne Kommunikationstools auf der Site.<\/p>\n<p>21. Die Shop24-Site bietet K\u00e4ufern die M\u00f6glichkeit, Produkte oder Dienstleistungen von Verk\u00e4ufern auf der Site zu bestellen.<\/p>\n<p>22. Die Shop24-Site bietet K\u00e4ufern Lieferoptionen und das \u201eClick &amp; Grab\u201c-Verfahren vom Verk\u00e4ufer selbst an. Der K\u00e4ufer oder die Person, die den Kauf widerrufen m\u00f6chte, muss die E-Mail mit der Bestellnummer in digitaler oder gedruckter Form bereithalten, um dem Verk\u00e4ufer sein Recht auf Widerruf oder Erhalt des Kaufs nachzuweisen.<\/p>\n<p>23. Der Verk\u00e4ufer verpflichtet sich, gem\u00e4\u00df seinen gesetzlichen Verpflichtungen, den in den Allgemeinen Gesch\u00e4ftsbedingungen beschriebenen Verpflichtungen, zu handeln.<\/p>\n<p>24. Sobald ihre Bestellungen bezahlt sind, verpflichtet sich der Verk\u00e4ufer, die Produkte oder Dienstleistungen an die K\u00e4ufer zu liefern.<\/p>\n<p>25. Die Verk\u00e4ufer sind verpflichtet, eine vollst\u00e4ndige und genaue Beschreibung der Produkte oder Dienstleistungen, die sie auf Shop24 anbieten, bereitzustellen. Die Beschreibung muss die wesentlichen Merkmale der Produkte oder Dienstleistungen widerspiegeln und kann durch Abbildungen erg\u00e4nzt werden, die es dem K\u00e4ufer erm\u00f6glichen, die Produkte oder Dienstleistungen auf faire und aufrichtige Weise darzustellen.<\/p>\n<p>26. Im Falle der Stornierung eines Kaufs oder der Aus\u00fcbung des Widerrufsrechts, wenn die Stornierung oder das Widerrufsrecht nicht auf der Shop24-Plattform durchgef\u00fchrt wurde, ist der Verk\u00e4ufer verpflichtet, Shop24 unverz\u00fcglich zu informieren.<\/p>\n<p>27. Da die Identifizierung von Personen im Internet nur eingeschr\u00e4nkt m\u00f6glich ist, unterliegt der Verk\u00e4ufer einer Sorgfaltspflicht hinsichtlich der Identit\u00e4t des K\u00e4ufers und der von ihm gemachten Angaben. Shop24 \u00fcbernimmt keine Gew\u00e4hr f\u00fcr die Richtigkeit der bei der Benutzerregistrierung gemachten Angaben.<\/p>\n<p>28. In keinem Fall d\u00fcrfen die vom K\u00e4ufer im Rahmen der Shop24-Plattform angegebenen Daten wie Name, Anschrift und E-Mail-Adresse zu Werbezwecken verwendet werden, es sei denn, der K\u00e4ufer stimmt dem ausdr\u00fccklich zu. Die Verk\u00e4ufer sind verpflichtet, die geltenden gesetzlichen Bestimmungen zum Datenschutz einzuhalten, die in den auf der Website verf\u00fcgbaren Allgemeinen Gesch\u00e4ftsbedingungen festgelegt sind.<\/p>\n<p>29. Der Verk\u00e4ufer best\u00e4tigt, die besonderen Bestimmungen, die speziell f\u00fcr Verk\u00e4ufer der Shop24-Plattform in den AGB gelten, gelesen und akzeptiert zu haben.<\/p>\n<p>30. Der K\u00e4ufer verpflichtet sich, genaue und wahrheitsgem\u00e4\u00dfe Angaben zu seinen Kontakt- und Adressdaten, einschlie\u00dflich Daten zur Zahlungsabwicklung, zu machen und alle diese Angaben aktuell zu halten.<\/p>\n<p>31. Bestellungen von Lebensmitteln oder anderen verderblichen Produkten, die Bestellung muss am selben Tag der Bestellung und sp\u00e4testens bis zur Schlie\u00dfung des Gesch\u00e4fts des Verk\u00e4ufers widerrufen werden. Bestellungen, die innerhalb oder au\u00dferhalb der Laden\u00f6ffnungszeiten aufgegeben werden, m\u00fcssen am n\u00e4chsten Werktag vor Ladenschluss abgeholt werden, sofern vom Verk\u00e4ufer nicht anders angegeben. Wenn der K\u00e4ufer die verderblichen Waren nicht innerhalb des n\u00e4chsten Werktags abholt, wird der Kauf beendet, der Verk\u00e4ufer erlangt das Eigentum an den Produkten oder Dienstleistungen zur\u00fcck und beh\u00e4lt den vom K\u00e4ufer gezahlten Betrag als Entsch\u00e4digung ein. Der K\u00e4ufer kann im Falle der Anwendung dieses Artikels keine R\u00fcckerstattung oder Entsch\u00e4digung verlangen.<\/p>\n<p>32. Der K\u00e4ufer, der sich f\u00fcr das \u201eClick &amp; Grab\u201c-Verfahren entschieden hat, verpflichtet sich, nicht verderbliche Eink\u00e4ufe innerhalb von maximal drei (3) Wochen nach Bezahlung der Bestellung selbst abzuholen, sofern vom Verk\u00e4ufer nichts anderes angegeben wurde.<\/p>\n<p>33. Der K\u00e4ufer erh\u00e4lt nach zwei Wochen eine Mahnung. Tritt der K\u00e4ufer trotz Mahnung nicht innerhalb der vorgenannten Frist vom Kauf zur\u00fcck, wird der Kauf mit Ablauf von drei Wochen nach Zahlung der Bestellung beendet, der Verk\u00e4ufer erwirbt das Eigentum an den Produkten oder Dienstleistungen zur\u00fcck und beh\u00e4lt den Betrag ein. vom K\u00e4ufer als Entsch\u00e4digung bezahlt. Der K\u00e4ufer kann im Falle der Anwendung dieses Artikels keine R\u00fcckerstattung oder Entsch\u00e4digung verlangen.<\/p>\n<p>34. Die Annahme der Bestellung durch den Verk\u00e4ufer begr\u00fcndet einen Kaufvertrag zwischen dem Verk\u00e4ufer und dem K\u00e4ufer, dessen Gegenstand der Kauf eines oder mehrerer Produkte oder Dienstleistungen mit Eigentums\u00fcbertragung ist, mit der Verpflichtung des K\u00e4ufers, den vereinbarten Preis zu zahlen der Verk\u00e4ufer.<\/p>\n<p>35. Der Verk\u00e4ufer ist verpflichtet, dem K\u00e4ufer eine Rechnung \u00fcber den Preis der Bestellung auszustellen. Der Preis des Artikels muss vom K\u00e4ufer sofort und vor jeder Lieferung des Produkts oder der Dienstleistung bezahlt werden. Der Verk\u00e4ufer bleibt Inhaber seines Anspruchs auf den Preis der Bestellung und beh\u00e4lt die Verantwortung f\u00fcr die m\u00f6gliche Beitreibung eines Anspruchs des K\u00e4ufers im eigenen Namen und auf eigene Rechnung. Der Verk\u00e4ufer tr\u00e4gt das Risiko der Nichteinbringlichkeit der Forderung des K\u00e4ufers.<\/p>\n<p>36. Im Falle einer Stornierung einer Bestellung, sofern dem K\u00e4ufer eine solche M\u00f6glichkeit geboten werden kann, gelten die einschl\u00e4gigen gesetzlichen Bestimmungen und der Vertrag zwischen dem K\u00e4ufer und dem Verk\u00e4ufer wird r\u00fcckwirkend aufgel\u00f6st. Lieferkosten k\u00f6nnen dem K\u00e4ufer nicht erstattet werden.<\/p>\n<p>37. Alle K\u00e4ufer haben eine gesetzliche Konformit\u00e4tsgarantie gem\u00e4\u00df den geltenden gesetzlichen Bestimmungen. Mangelhafte Produkte oder Produkte, die nicht der Bestellung oder Produktbeschreibung entsprechen, werden vom Verk\u00e4ufer nach Wahl des K\u00e4ufers verg\u00fctet, umgetauscht oder repariert, es sei denn, die Reparatur oder der Austausch ist unm\u00f6glich oder mit unverh\u00e4ltnism\u00e4\u00dfigen Kosten f\u00fcr den Verk\u00e4ufer verbunden. In diesem Zusammenhang m\u00fcssen die Produkte in dem Zustand, in dem sie mit allen Elementen (Zubeh\u00f6r, Handb\u00fccher usw.) erhalten wurden, an den Verk\u00e4ufer zur\u00fcckgesandt werden, in einer Verpackung, die den Transport in gutem Zustand erm\u00f6glicht, die Versandkosten werden dem K\u00e4ufer erstattet Die Grundlage des in Rechnung gestellten Preises und die R\u00fccksendekosten tr\u00e4gt der Verk\u00e4ufer. Die R\u00fcckerstattung erfolgt durch erneute Gutschrift des bei der Bestellung verwendeten Zahlungsmittels oder durch einen Rabattgutschein beim Kauf eines anderen Produkts.<\/p>\n<p>38. Die Shop24-Site erm\u00f6glicht K\u00e4ufern, die Leistung von Verk\u00e4ufern nach Vertragsabschluss mittels eines Bewertungssystems zu bewerten und die von anderen K\u00e4ufern ver\u00f6ffentlichten Inhalte zu bewerten. Das Bewertungssystem erleichtert somit Kaufentscheidungen. K\u00e4ufer verpflichten sich, in den abgegebenen Bewertungen nur wahrheitsgem\u00e4\u00dfe Angaben zu machen und die gesetzlichen Bestimmungen einzuhalten. Shop24 kann nicht alle Bewertungen \u00fcberpr\u00fcfen und \u00fcbernimmt keine Verantwortung f\u00fcr den Inhalt der Bewertungen. Das Bewertungssystem darf unter keinen Umst\u00e4nden gegen seine Ziele verwendet werden. Insbesondere ist es untersagt, unzutreffende oder vertragsfremde Tatsachen geltend zu machen, sich selbst beurteilen zu lassen oder eine solche Beurteilung durch Dritte veranlassen zu lassen.<\/p>\n<p>39. Die Administratoren der Shop24-Site behalten sich das Recht vor, die Bewertungen ganz oder teilweise zu l\u00f6schen, wenn Shop24 davon Kenntnis hat, die anst\u00f6\u00dfige Inhalte haben.<\/p>\n<p>40. Beschreibungen von Produkten, Werken wie Texten, Fotografien, Grafiken und Videos, die von Verk\u00e4ufern zur Beschreibung ihrer Aktivit\u00e4ten, ihres Gesch\u00e4ftsportfolios, ihrer Produkte oder Dienstleistungen verwendet werden, d\u00fcrfen keine Rechte Dritter verletzen, insbesondere keine gewerblichen Schutzrechte, Urheberrechte, Markenrechte oder Rechte von Personen. Verk\u00e4ufer m\u00fcssen gegen\u00fcber Shop24 gew\u00e4hrleisten, dass sie \u00fcber die erforderlichen Nutzungs- und Vervielf\u00e4ltigungsrechte an den genannten Texten und Fotografien und\/oder Markenrechte und\/oder die Zustimmung des Rechteinhabers verf\u00fcgen.<\/p>\n<p>41. Alle Ver\u00f6ffentlichungen von Produkten oder Dienstleistungen, Texte, Fotografien, Personenbilder, Videos, Grafiken usw. auf Shop24 durch die Verk\u00e4ufer r\u00e4umen Shop24 das kostenlose, nicht ausschlie\u00dfliche, zeitlich und r\u00e4umlich unbeschr\u00e4nkte Recht ein, diese (ganz oder teilweise) weltweit zur Erbringung der von Shop24 angebotenen Dienste oder zur Bewerbung dieser Dienste im Internet zu nutzen allen mobilen Anwendungen, auf Plakaten, in allen Printmedien aller Art, in Fernsehen und H\u00f6rfunk (Recht der Darstellung und \u00f6ffentlichen Wiedergabe, Recht der Bearbeitung, Verbreitung, Vervielf\u00e4ltigung in jeder Form, Verbreitung, Sendung) sowie das Recht auf die Werke zu \u00e4ndern oder umzugestalten und das Recht, diese Rechte an Dritte zu \u00fcbertragen, soweit dies zur Erreichung des Zwecks der Bereitstellung der von Shop24 angebotenen Dienste oder Anzeigen von Shop24 erforderlich ist. Bilder von Personen d\u00fcrfen jedoch nicht f\u00fcr Werbezwecke von Shop24 verwendet werden, es sei denn, der Verk\u00e4ufer hat eine schriftliche Genehmigung f\u00fcr eine solche Verwendung.<\/p>\n<p>42. Die Verk\u00e4ufer m\u00fcssen garantieren und erkl\u00e4ren, dass sie die in Artikel 41 festgelegten Rechte haben und Shop24 von jeglicher Haftung freistellen, Shop24 von Anspr\u00fcchen Dritter freistellen und alle finanziellen Folgen sowie alle direkten und indirekten Sch\u00e4den \u00fcbernehmen die Shop24 in diesem Zusammenhang entstehen w\u00fcrden, einschlie\u00dflich Anwaltskosten. Shop24 kann die Rechtm\u00e4\u00dfigkeit aller Inhalte und Uploads, die von Nutzern unter den Bedingungen der vorstehenden Abs\u00e4tze vorgenommen werden, nicht \u00fcberpr\u00fcfen und beh\u00e4lt sich das Recht vor, die Inhalte ganz oder teilweise zu l\u00f6schen, wenn sie davon Kenntnis erlangt (Informationen von Dritten), soweit dies der Fall ist der Inhalt rechtswidrig ist oder verbotene Inhalte oder verbotene Aktivit\u00e4ten im Sinne von Abschnitt 41 darstellt.<\/p>\n<p>43. Nutzer sind verpflichtet, daf\u00fcr Sorge zu tragen, dass ihr Verhalten auf der Shop24-Plattform im Einklang mit geltendem Recht und den AGB steht. Alle Verk\u00e4ufe von Waren, deren Verkauf gesetzlich verboten ist, insbesondere Hehlerware, Kinderpornografie und Gewaltartikel, Bet\u00e4ubungsmittel, alle Artikel, die f\u00fcr den Verkauf an Minderj\u00e4hrige verboten sind, die Ver\u00f6ffentlichung personenbezogener Daten Dritter, die Nutzung der Website f\u00fcr politische oder religi\u00f6se Zwecke Zwecke usw. sind auf der Shop24-Website strengstens untersagt. Die Beispiele in dieser Liste sind nicht vollst\u00e4ndig.<\/p>\n<p>44. Shop24 haftet nicht f\u00fcr eine verbotene Nutzung der Dienste. Der Nutzer haftet f\u00fcr alle Anspr\u00fcche, die andere Nutzer oder Dritte gegen\u00fcber Shop24 aufgrund der verbotenen Nutzung der Dienste der Shop24-Plattform geltend machen, wie in der Aufz\u00e4hlung und in den Artikeln 41, 42 und 43 nicht abschlie\u00dfend beschrieben. Und der Nutzer \u00fcbernimmt und\/oder erstattet auf erstes Anfordern, wenn Shop24 ihm in Vorleistung treten muss, alle f\u00fcr die Beratung und Rechtsverteidigung von Shop24 erforderlichen Kosten. Dar\u00fcber hinaus verpflichtet sich der Nutzer, Shop24 unverz\u00fcglich alle f\u00fcr die Pr\u00fcfung von Beanstandungen und deren Verteidigung bei Beanstandungen durch Dritte erforderlichen Informationen zur Verf\u00fcgung zu stellen.<\/p>\n<p>45. Shop24 beh\u00e4lt sich das Recht vor, bei Versto\u00df gegen gesetzliche Bestimmungen, Rechte Dritter oder die AGB den Vertrag fristlos zu sperren und\/oder zu k\u00fcndigen und den Nutzer abzumahnen, die Nutzung der Seite einzuschr\u00e4nken Shop24, den Benutzer von der Nutzung der Website auszuschlie\u00dfen und alle anderen notwendigen oder n\u00fctzlichen rechtlichen Ma\u00dfnahmen zu ergreifen, wie z nicht verlangen.<\/p>\n<p>46. Gesperrten Benutzern ist es untersagt, sich mit einem anderen Benutzerkonto anzumelden oder die Dienste mit einem anderen Benutzerkonto zu nutzen.<\/p>\n<p>47. Benutzer sind f\u00fcr alle Aktivit\u00e4ten verantwortlich, die von ihrem Benutzerkonto auf der Shop24-Site ausgef\u00fchrt werden.<\/p>\n<p>48. Shop24 ist nicht in das Vertragsverh\u00e4ltnis zwischen K\u00e4ufer und Verk\u00e4ufer eingebunden, Shop24 \u00fcbernimmt keine Gew\u00e4hrleistung und\/oder Haftung f\u00fcr Verpflichtungen oder Sch\u00e4den, die sich aus dem Verkauf der Produkte oder Dienstleistungen, Zahlungsbedingungen oder Lieferbedingungen ergeben.<\/p>\n<p>49. Shop24 kann den Nutzern keine betriebliche Verf\u00fcgbarkeit der Dienste garantieren und unterliegt einer Mittelpflicht.<\/p>\n<p>50. Bei dem jederzeit per E-Mail k\u00fcndbaren Nutzungsvertrag handelt es sich um einen zeitlich befristeten Vertrag \u00fcber eine zwischen dem Verk\u00e4ufer und Shop24 bei Abschluss des Mitgliedsvertrages festgelegte Mindestlaufzeit. Nach Ablauf der Mindestvertragsdauer verl\u00e4ngert sich der Nutzungsvertrag entsprechend der vom Verk\u00e4ufer gew\u00fcnschten Dauer. Das gleiche K\u00fcndigungsrecht steht Shop24 jederzeit zu.<\/p>\n<p>51. Alle Texte, Kommentare, Illustrationen, Werke und Bilder, die auf der Website reproduziert oder dargestellt werden, sind streng urheberrechtlich und als geistiges Eigentum f\u00fcr die gesamte Dauer des Schutzes dieser Rechte und f\u00fcr die ganze Welt vorbehalten. Jegliche Vervielf\u00e4ltigung oder vollst\u00e4ndige oder teilweise Darstellung der Website oder aller oder eines Teils der auf der Website enthaltenen Elemente ist strengstens untersagt. Die auf der Website wiedergegebenen Firmennamen, Warenzeichen und Kennzeichen sind markenrechtlich gesch\u00fctzt. Die Reproduktion oder Darstellung eines der oben genannten Zeichen ganz oder teilweise ist strengstens untersagt und bedarf der vorherigen schriftlichen Genehmigung des Markeninhabers.<\/p>\n<p>52. F\u00fcr Informationen zum Schutz der personenbezogenen Daten der Benutzer l\u00e4dt Shop24 Sie ein, die auf der Website verf\u00fcgbare \u201eVertraulichkeitsrichtlinie\u201c und die \u201eCookie-Verwaltungsrichtlinie der Shop24-Plattform\u201c zu konsultieren.<\/p>\n<p>53. Die Shop24-Site unterliegt einem SSL-Verschl\u00fcsselungssicherheitssystem und verwendet alle Verschl\u00fcsselungs- und Verschl\u00fcsselungsverfahren, um alle sensiblen Daten im Zusammenhang mit den auf der Site verwendeten Zahlungsmitteln so effektiv wie m\u00f6glich zu sch\u00fctzen.<\/p>\n<p>54. Shop24 beh\u00e4lt sich das Recht vor, die Allgemeinen Gesch\u00e4ftsbedingungen jederzeit einseitig zu \u00e4ndern, insbesondere bei \u00c4nderungen der Dienste. Die Nutzer werden dann per E-Mail \u00fcber diese \u00c4nderungen informiert und haben dann eine Frist von einem Monat ab Erhalt dieser Benachrichtigung, um ihren Wunsch mitzuteilen, ihre Mitgliedschaft in der Shop24-Plattform zu k\u00fcndigen, wenn sie nicht an die Allgemeine Bedingungen. Erfolgt innerhalb dieser Frist keine solche Benachrichtigung, haben die Benutzer die \u00c4nderung der Allgemeinen Gesch\u00e4ftsbedingungen wirksam akzeptiert.<\/p>\n<p>55. Streitigkeiten \u00fcber Shop24 zwischen dem K\u00e4ufer und dem Verk\u00e4ufer werden, falls erforderlich, direkt \u00fcber das ihnen im Service zur Verf\u00fcgung gestellte Nachrichtentool oder auf andere Weise beigelegt, ohne dass Shop24 haftbar gemacht wird, auch im Falle der Nichtverf\u00fcgbarkeit von das Messaging-Tool.<\/p>\n<p>56. Gem\u00e4\u00df Artikel 14 der Verordnung (EU) Nr. 524\/2013 hat die Europ\u00e4ische Kommission eine Plattform zur Online-Streitbeilegung eingerichtet, die die unabh\u00e4ngige au\u00dfergerichtliche Beilegung von Online-Streitigkeiten zwischen Verbrauchern und Gewerbetreibenden erm\u00f6glicht Union: <a href=\"https:\/\/ec.europa.eu\/info\/live-work-travel-eu\/consumers\/resolve-your-consumer-complaint_fr\" target=\"_blank\" rel=\"noopener noreferrer\">Kl\u00e4ren Sie Ihre Verbraucherbeschwerde<\/a><\/p>\n<p>57. Gem\u00e4\u00df den geltenden gesetzlichen Bestimmungen hat der K\u00e4ufer im Rahmen eines Kaufs bei einem gewerblichen Verk\u00e4ufer eine Frist von vierzehn Tagen ab Erhalt der bestellten Produkte oder ab dem Tag des Vertragsschlusses in Bezug auf Dienstleistungsvertr\u00e4gen, mit diesem Verk\u00e4ufer von seinem Widerrufsrecht ohne Angabe von Gr\u00fcnden Gebrauch zu machen oder eine Vertragsstrafe zu zahlen. Bei Aus\u00fcbung des Widerrufsrechts innerhalb der vorgenannten Frist werden nur der Preis der gekauften Produkte und die Versandkosten erstattet, wobei die R\u00fccksendekosten zu Lasten des K\u00e4ufers gehen, sofern der Verk\u00e4ufer nichts anderes angegeben hat. R\u00fccksendungen m\u00fcssen au\u00dferdem ein Kaufbeleg und eine Kopie der Rechnung oder des Kauflieferscheins f\u00fcr eine optimierte Verwaltung beigef\u00fcgt werden. Gem\u00e4\u00df den geltenden Vorschriften kann das Widerrufsrecht f\u00fcr bestimmte Waren und Dienstleistungen, die in Artikel L. 222-9 des Verbrauchergesetzes aufgef\u00fchrt sind, nicht ausge\u00fcbt werden.<\/p>\n<p>58. Der K\u00e4ufer \u00fcbt sein Widerrufsrecht direkt beim betreffenden Verk\u00e4ufer \u00fcber das Messaging-Tool aus, das als Teil des auf der Website verf\u00fcgbaren Dienstes oder auf andere Weise zur Verf\u00fcgung gestellt wird. Nach Absendung des Widerrufsformulars oder der Widerrufserkl\u00e4rung an den Verk\u00e4ufer muss der K\u00e4ufer das\/die betreffende(n) Produkt(e) innerhalb einer angemessenen Frist, sp\u00e4testens jedoch innerhalb von vierzehn Tagen nach Mitteilung der Entscheidung an den Verk\u00e4ufer zur\u00fccksenden des K\u00e4ufers zum Widerruf.<\/p>\n<p>59. Die Allgemeinen Gesch\u00e4ftsbedingungen unterliegen dem Recht des Gro\u00dfherzogtums Luxemburg. F\u00fcr alle Streitigkeiten in Bezug auf ihre Auslegung und\/oder Ausf\u00fchrung ist das Gericht am Sitz von Shop24 zust\u00e4ndig, es sei denn, zwingende gesetzliche Bestimmungen gew\u00e4hren dem K\u00e4ufer die Zust\u00e4ndigkeit anderer Gerichtsst\u00e4nde.<\/p>","protected":false},"excerpt":{"rendered":"<p>Conditions G\u00e9n\u00e9rales d\u2019utilisation et de vente Shop24 met \u00e0 disposition la plateforme aux Vendeurs et aux Acheteurs et d\u00e9cline toute responsabilit\u00e9 entre Acheteur et Vendeur. 1. Le site Shop24 est une plateforme de commerce en ligne mise \u00e0 disposition par l&rsquo;\u00e9quipe \u00ab Shop24 &#8211; Online Shopping in Luxembourg \u00bb et d\u00e9cline toute responsabilit\u00e9 entre Acheteur [&#8230;]\n","protected":false},"author":10,"featured_media":0,"parent":0,"menu_order":0,"comment_status":"closed","ping_status":"closed","template":"","meta":{"_seopress_robots_primary_cat":"","_seopress_titles_title":"","_seopress_titles_desc":"","_seopress_robots_index":"","footnotes":""},"class_list":["post-1063","page","type-page","status-publish"],"_links":{"self":[{"href":"https:\/\/shop24.lu\/de\/wp-json\/wp\/v2\/pages\/1063","targetHints":{"allow":["GET"]}}],"collection":[{"href":"https:\/\/shop24.lu\/de\/wp-json\/wp\/v2\/pages"}],"about":[{"href":"https:\/\/shop24.lu\/de\/wp-json\/wp\/v2\/types\/page"}],"author":[{"embeddable":true,"href":"https:\/\/shop24.lu\/de\/wp-json\/wp\/v2\/users\/10"}],"replies":[{"embeddable":true,"href":"https:\/\/shop24.lu\/de\/wp-json\/wp\/v2\/comments?post=1063"}],"version-history":[{"count":0,"href":"https:\/\/shop24.lu\/de\/wp-json\/wp\/v2\/pages\/1063\/revisions"}],"wp:attachment":[{"href":"https:\/\/shop24.lu\/de\/wp-json\/wp\/v2\/media?parent=1063"}],"curies":[{"name":"wp","href":"https:\/\/api.w.org\/{rel}","templated":true}]}}