{"id":1066,"date":"2020-11-05T23:39:40","date_gmt":"2020-11-05T21:39:40","guid":{"rendered":"http:\/\/demowpthemes.com\/buy2amazon\/?page_id=1066"},"modified":"2023-05-08T17:57:37","modified_gmt":"2023-05-08T15:57:37","slug":"politique-confidentialite","status":"publish","type":"page","link":"https:\/\/shop24.lu\/de\/politique-confidentialite\/","title":{"rendered":"Datenschutz-Bestimmungen"},"content":{"rendered":"<h2>Datenschutz-Bestimmungen<\/h2>\n<p>Diese Datenschutzerkl\u00e4rung informiert Sie \u00fcber die von uns erhobenen, genutzten, gespeicherten und weitergegebenen Daten. Diese Informationen werden erhoben, wenn Sie unsere Website nutzen. Durch die Erhebung dieser Informationen handeln wir als Datenverantwortlicher und gem\u00e4\u00df der Verordnung (EU) 2016\/679 des Parlaments und des Rates vom 27. April 2016 zum Schutz nat\u00fcrlicher Personen bei der Verarbeitung personenbezogener Daten und zum freien Datenverkehr dieser Daten (die \u201eDSGVO\u201c) sind wir verpflichtet, Ihnen Informationen \u00fcber unser Unternehmen, warum und wie wir Ihre Daten verwenden und \u00fcber Ihre Rechte in Bezug auf Ihre personenbezogenen Daten zu informieren.<\/p>\n<h4>1. Kontakt:<\/h4>\n<p>Nous sommes Shop24 \u2013 Online Shopping in Luxembourg. Vous pouvez nous contacter par mail, \u00e0 notre adresse postale et par t\u00e9l\u00e9phone. Nous ne sommes pas tenus d&rsquo;avoir un repr\u00e9sentant \u00e0 la protection des donn\u00e9es, de sorte que toutes les demandes de renseignements concernant notre utilisation de vos donn\u00e9es personnelles doivent \u00eatre adress\u00e9es aux coordonn\u00e9es ci-dessus.<\/p>\n<p><strong>Shop24 - Online-Shopping in Luxemburg<\/strong><br \/>Telefon: +352 2040 3959<br \/>Email: <a href=\"mailto:info@shop24.lu\" target=\"_blank\" rel=\"noopener noreferrer\">info@shop24.lu<\/a><br \/>B.P. 3064<br \/>L-1030 Luxemburg<\/p>\n<h4>2. Erhebung personenbezogener Daten<\/h4>\n<p>Pour la simple navigation sur notre plateforme Shop24, la collecte de donn\u00e9es personnelles n&rsquo;est pas n\u00e9cessaire. Celle-ci n\u2019est requise qu\u2019en cas de connexion \u00e0 l\u2019achat de produit ou service en ligne par les acheteurs ou la mise en vente de produits par les vendeurs.<\/p>\n<h4>3. Datenerhebung und -weitergabe<\/h4>\n<p>Wir erheben und verarbeiten alle Daten, die Sie beim Anlegen eines Benutzerkontos (K\u00e4ufer oder Verk\u00e4ufer) eingeben. Neben diesen Daten Ihre IP-Adresse und bei Eink\u00e4ufen die Historie von Bestellungen, Lieferungen etc. sind gesammelt.<br \/>Alle diese Informationen werden in unseren Datenbanken auf unseren Servern in Europa gespeichert und nicht an Dritte weitergegeben, au\u00dfer mit Zustimmung des Benutzers. Ihre Daten werden weder au\u00dferhalb Europas \u00fcbermittelt noch dazu verwendet, automatisierte Entscheidungen zu treffen, die Sie betreffen k\u00f6nnten.<br \/>Jeder Nutzer akzeptiert, dass seine personenbezogenen Daten im Rahmen der Erbringung von Dienstleistungen, Produkten oder an andere Subunternehmer, die Shop24 bei der Erbringung von Dienstleistungen unterst\u00fctzen, insbesondere f\u00fcr Zahlungen und Lieferungen, an Verk\u00e4ufer \u00fcbermittelt werden. Diese Subunternehmer verpflichten sich, diese Informationen nur nach den Weisungen von Shop24 zu verarbeiten und die geltenden Gesetze zum Schutz personenbezogener Daten einzuhalten.<br \/>Pour le paiement des achats, des informations relatives \u00e0 vos cartes bancaires seront demand\u00e9es par nos partenaires. Ces donn\u00e9es ne sont pas stock\u00e9es chez nous, mais chez nos prestataires de services de paiement. Shop24 ne stocke qu&rsquo;un jeton d&rsquo;authenticit\u00e9 comme r\u00e9f\u00e9rence nous permettant d\u2019indiquer si un paiement a r\u00e9ussi ou \u00e9chou\u00e9.<\/p>\n<h4>4. Cookie-Richtlinie auf der Website<\/h4>\n<p>Wir verwenden nur Cookies, die f\u00fcr das ordnungsgem\u00e4\u00dfe Funktionieren unserer Website unbedingt erforderlich sind. Der Einsatz von Cookies erm\u00f6glicht es dem Nutzer beispielsweise, die ausgew\u00e4hlten Waren in seinem Warenkorb zu behalten und den Einkauf fortzusetzen.<br \/>Weitere Informationen zur Verwendung von Cookies finden Sie in unserer Cookie-Richtlinie, die auf der Website verf\u00fcgbar ist.<\/p>\n<h4>5. Ihre Rechte als betroffene Person<\/h4>\n<p>Sans pr\u00e9judice des limitations pr\u00e9vues par le GDPR, vous disposez d&rsquo;un certain nombre de droits en vertu de la Loi sur la protection des donn\u00e9es :<br \/>Recht auf Auskunft, Berichtigung, Recht auf L\u00f6schung, Recht auf Einschr\u00e4nkung der Verarbeitung,<br \/>Recht auf Widerspruch, Recht auf \u00dcbertragbarkeit und Recht auf Ablehnung der automatisierten Verarbeitung<br \/>Um diese Rechte auszu\u00fcben, senden Sie bitte eine E-Mail an <a href=\"mailto:info@shop24.lu\" target=\"_blank\" rel=\"noopener noreferrer\">info@shop24.lu<\/a>.<br \/>Diese Rechte k\u00f6nnen nur im Rahmen einer vertraglichen oder gesetzlichen Verpflichtung ausge\u00fcbt werden.<\/p>\n<h4>6. Ihr Recht auf Beschwerde<\/h4>\n<p>Jeder Nutzer hat das Recht, eine Beschwerde einzureichen. Dazu k\u00f6nnen Sie uns kontaktieren: <a href=\"mailto:info@shop24.lu\" target=\"_blank\" rel=\"noopener noreferrer\">info@shop24.lu<\/a> ou saisir l&rsquo;autorit\u00e9 de surveillance luxembourgeoise, \u00e0 savoir la Commission nationale pour la protection des donn\u00e9es (<a href=\"https:\/\/cnpd.public.lu\" target=\"_blank\" rel=\"noopener noreferrer\">CNPD<\/a>): 1, avenue du Rock&#039;n&#039;Roll L-4361 Esch-sur-Alzette. : (+352) 26 10 60 -1<\/p>\n<h4>7. Aktualisierungen unserer Datenschutzrichtlinie<\/h4>\n<p>Da sich unsere Dienste weiterentwickeln, aktualisieren wir unsere Datenschutzrichtlinie. Shop24 kann diese Datenschutzerkl\u00e4rung jederzeit \u00e4ndern. Wir laden Sie ein, die neueste Version auf dieser Seite zu konsultieren.<\/p>\n<h4>8. Annahme des Geschenks<\/h4>\n<p>Bei einmaliger oder fortlaufender Nutzung der Shop24-Plattform erkl\u00e4rt sich jeder Nutzer mit dieser Datenschutzerkl\u00e4rung einverstanden. Ist ein Nutzer damit nicht einverstanden, l\u00e4dt Shop24 diesen Nutzer ein, die Dienste der Shop24-Plattform nicht zu nutzen.<\/p>","protected":false},"excerpt":{"rendered":"<p>Politique de confidentialit\u00e9 La pr\u00e9sente politique de confidentialit\u00e9 vous informe sur les donn\u00e9es que nous recueillons, utilisons, conservons et d\u00e9voilons. Ces informations sont recueillies lorsque vous utilisez notre site internet. En recueillant ces informations, nous agissons en tant que Responsable de Traitement et, par le r\u00e8glement (UE) 2016\/679 du Parlement et du Conseil du 27 [&#8230;]\n","protected":false},"author":10,"featured_media":0,"parent":0,"menu_order":0,"comment_status":"closed","ping_status":"closed","template":"","meta":{"_seopress_robots_primary_cat":"","_seopress_titles_title":"","_seopress_titles_desc":"","_seopress_robots_index":"","footnotes":""},"class_list":["post-1066","page","type-page","status-publish"],"_links":{"self":[{"href":"https:\/\/shop24.lu\/de\/wp-json\/wp\/v2\/pages\/1066","targetHints":{"allow":["GET"]}}],"collection":[{"href":"https:\/\/shop24.lu\/de\/wp-json\/wp\/v2\/pages"}],"about":[{"href":"https:\/\/shop24.lu\/de\/wp-json\/wp\/v2\/types\/page"}],"author":[{"embeddable":true,"href":"https:\/\/shop24.lu\/de\/wp-json\/wp\/v2\/users\/10"}],"replies":[{"embeddable":true,"href":"https:\/\/shop24.lu\/de\/wp-json\/wp\/v2\/comments?post=1066"}],"version-history":[{"count":0,"href":"https:\/\/shop24.lu\/de\/wp-json\/wp\/v2\/pages\/1066\/revisions"}],"wp:attachment":[{"href":"https:\/\/shop24.lu\/de\/wp-json\/wp\/v2\/media?parent=1066"}],"curies":[{"name":"wp","href":"https:\/\/api.w.org\/{rel}","templated":true}]}}