{"id":1069,"date":"2020-11-05T22:20:56","date_gmt":"2020-11-05T20:20:56","guid":{"rendered":"http:\/\/demowpthemes.com\/buy2amazon\/?page_id=1069"},"modified":"2023-05-08T17:58:24","modified_gmt":"2023-05-08T15:58:24","slug":"politique-expedition","status":"publish","type":"page","link":"https:\/\/shop24.lu\/de\/politique-expedition\/","title":{"rendered":"Versandbedingungen"},"content":{"rendered":"<h2 class=\"widget-title\">Politiques d&rsquo;exp\u00e9dition<\/h2>\n<div class=\"siteorigin-widget-tinymce textwidget\">\n<h4>Lieferadresse?<\/h4>\n<p>L\u2019adresse de livraison sera d\u00e9finie par l\u2019acheteur selon les options du vendeur. Les articles peuvent \u00eatre livr\u00e9s \u00e0 moins que le commer\u00e7ant choisit de ne vous offrir que l&rsquo;option \u00abClick &amp; Collect\u00bb ou si le commer\u00e7ant limite la livraison dans un certain p\u00e9rim\u00e8tre.<\/p>\n<h4>Wie viel kostet der Versand?<\/h4>\n<p>Die Versandkosten richten sich nach der Versandart des Verk\u00e4ufers und sind in der Artikelbeschreibung oder auf der Shop24-Seite des Verk\u00e4ufers angegeben.<\/p>\n<h4>Was ist die Lieferverz\u00f6gerung?<\/h4>\n<p>Die Lieferung verf\u00fcgbarer Artikel h\u00e4ngt vom Zeitpunkt Ihrer Bestellung und den spezifischen Bedingungen des Verk\u00e4ufers ab. Bei nicht lagernden Artikeln wird die Lieferzeit in der Artikelbeschreibung oder auf der Verk\u00e4uferseite angegeben.<\/p>\n<h4>Was ist, wenn ich meine Bestellung nicht erhalte?<\/h4>\n<p>Im Falle einer Verz\u00f6gerung oder Nichtlieferung Ihrer Bestellung k\u00f6nnen Sie sich an den Verk\u00e4ufer wenden, bei dem Sie die Artikel bestellt haben, um sich \u00fcber die Nachverfolgung der Lieferung zu erkundigen.<\/p>\n<h4>Muss ich f\u00fcr die R\u00fccksendung eines nach Hause gelieferten Artikels bezahlen?<\/h4>\n<p>L&rsquo;informations de retour d&rsquo;articles et son \u00e9ventuel remboursement est affich\u00e9 sur la page du vendeur. Celle-ci peut varier de vendeurs \u00e0 vendeurs.<\/p>\n<h4>Kann ich einen Artikel umtauschen?<\/h4>\n<p>Der Verk\u00e4ufer zeigt diese Informationen auf seiner Verk\u00e4uferseite an oder ist ggf. direkt mit dem Verk\u00e4ufer zu verhandeln.<\/p>\n<h4>Haben Sie einen besch\u00e4digten Artikel erhalten?<\/h4>\n<p>Pour toute condition li\u00e9 \u00e0 l&rsquo;article command\u00e9 veuillez vous joindre directement au vendeur.<\/p>","protected":false},"excerpt":{"rendered":"<p>Politiques d&rsquo;exp\u00e9dition Adresse de livraison? L\u2019adresse de livraison sera d\u00e9finie par l\u2019acheteur selon les options du vendeur. Les articles peuvent \u00eatre livr\u00e9s \u00e0 moins que le commer\u00e7ant choisit de ne vous offrir que l&rsquo;option \u00abClick &amp; Collect\u00bb ou si le commer\u00e7ant limite la livraison dans un certain p\u00e9rim\u00e8tre. Combien co\u00fbte la livraison? Les frais de [&#8230;]\n","protected":false},"author":10,"featured_media":0,"parent":0,"menu_order":0,"comment_status":"closed","ping_status":"closed","template":"","meta":{"_seopress_robots_primary_cat":"","_seopress_titles_title":"","_seopress_titles_desc":"","_seopress_robots_index":"","footnotes":""},"class_list":["post-1069","page","type-page","status-publish"],"_links":{"self":[{"href":"https:\/\/shop24.lu\/de\/wp-json\/wp\/v2\/pages\/1069","targetHints":{"allow":["GET"]}}],"collection":[{"href":"https:\/\/shop24.lu\/de\/wp-json\/wp\/v2\/pages"}],"about":[{"href":"https:\/\/shop24.lu\/de\/wp-json\/wp\/v2\/types\/page"}],"author":[{"embeddable":true,"href":"https:\/\/shop24.lu\/de\/wp-json\/wp\/v2\/users\/10"}],"replies":[{"embeddable":true,"href":"https:\/\/shop24.lu\/de\/wp-json\/wp\/v2\/comments?post=1069"}],"version-history":[{"count":0,"href":"https:\/\/shop24.lu\/de\/wp-json\/wp\/v2\/pages\/1069\/revisions"}],"wp:attachment":[{"href":"https:\/\/shop24.lu\/de\/wp-json\/wp\/v2\/media?parent=1069"}],"curies":[{"name":"wp","href":"https:\/\/api.w.org\/{rel}","templated":true}]}}