{"id":20561,"date":"2021-01-03T20:36:14","date_gmt":"2021-01-03T18:36:14","guid":{"rendered":"https:\/\/shop24.lu\/?page_id=20561"},"modified":"2023-05-08T17:52:13","modified_gmt":"2023-05-08T15:52:13","slug":"inscription-vendeur","status":"publish","type":"page","link":"https:\/\/shop24.lu\/de\/inscription-vendeur\/","title":{"rendered":"Verk\u00e4uferregistrierung"},"content":{"rendered":"<div class=\"row\"  id=\"row-515176940\">\n\n\t<div id=\"col-1424601877\" class=\"col medium-9 small-12 large-9\"  >\n\t\t\t\t<div class=\"col-inner\"  >\n\t\t\t\n\t\t\t\n<h2>Verk\u00e4uferregistrierung<\/h2>\n<p>Sie k\u00f6nnen sich hier registrieren, um mit dem Verkauf Ihrer Dienstleistungen und \/ oder Produkte auf unserer E-Commerce-Plattform zu beginnen.<\/p>\n<p><img decoding=\"async\" class=\"aligncenter size-medium wp-image-20706\" src=\"https:\/\/shop24.lu\/wp-content\/uploads\/open_shop-300x200.jpg\" alt=\"\" width=\"300\" height=\"200\" srcset=\"\/wp-content\/uploads\/open_shop-300x200.jpg 300w, \/wp-content\/uploads\/open_shop-210x140.jpg 210w, \/wp-content\/uploads\/open_shop-272x182.jpg 272w, \/wp-content\/uploads\/open_shop.jpg 600w\" sizes=\"(max-width: 300px) 100vw, 300px\" \/><br \/>\nBitte f\u00fcllen Sie das folgende Formular aus, damit wir Ihr Verk\u00e4uferkonto erstellen k\u00f6nnen.<\/p>\n\n<div class=\"wpcf7 no-js\" id=\"wpcf7-f20559-o1\" lang=\"fr-FR\" dir=\"ltr\" data-wpcf7-id=\"20559\">\n<div class=\"screen-reader-response\"><p role=\"status\" aria-live=\"polite\" aria-atomic=\"true\"><\/p> <ul><\/ul><\/div>\n<form action=\"\/de\/wp-json\/wp\/v2\/pages\/20561#wpcf7-f20559-o1\" method=\"post\" class=\"wpcf7-form init\" aria-label=\"Kontakt Formular\" enctype=\"multipart\/form-data\" novalidate=\"novalidate\" data-status=\"init\" data-trp-original-action=\"\/de\/wp-json\/wp\/v2\/pages\/20561#wpcf7-f20559-o1\">\n<fieldset class=\"hidden-fields-container\"><input type=\"hidden\" name=\"_wpcf7\" value=\"20559\" \/><input type=\"hidden\" name=\"_wpcf7_version\" value=\"6.1.5\" \/><input type=\"hidden\" name=\"_wpcf7_locale\" value=\"fr_FR\" \/><input type=\"hidden\" name=\"_wpcf7_unit_tag\" value=\"wpcf7-f20559-o1\" \/><input type=\"hidden\" name=\"_wpcf7_container_post\" value=\"0\" \/><input type=\"hidden\" name=\"_wpcf7_posted_data_hash\" value=\"\" \/><input type=\"hidden\" name=\"_wpcf7_recaptcha_response\" value=\"\" \/>\n<\/fieldset>\n<div class=\"container\">\n\t<div class=\"row\">\n\t\t<div class=\"columns one-half\">\n\t\t\t<div class=\"container\">\n\t\t\t\t<div class=\"row\">\n\t\t\t\t\t<div class=\"columns one-half\">\n\t\t\t\t\t\t<div class=\"field\">\n\t\t\t\t\t\t\t<p><label>Vorname<em>*<\/em><\/label><span class=\"wpcf7-form-control-wrap\" data-name=\"prenom\"><input size=\"40\" maxlength=\"400\" class=\"wpcf7-form-control wpcf7-text wpcf7-validates-as-required\" aria-required=\"true\" aria-invalid=\"false\" value=\"\" type=\"text\" name=\"prenom\" \/><\/span>\n\t\t\t\t\t\t\t<\/p>\n\t\t\t\t\t\t\t<p class=\"info-tip\">Gespr\u00e4chspartner\n\t\t\t\t\t\t\t<\/p>\n\t\t\t\t\t\t<\/div>\n\t\t\t\t\t<\/div>\n\t\t\t\t\t<div class=\"columns one-half\">\n\t\t\t\t\t\t<div class=\"field\">\n\t\t\t\t\t\t\t<p><label>Nachname<em>*<\/em><\/label><span class=\"wpcf7-form-control-wrap\" data-name=\"nom\"><input size=\"40\" maxlength=\"400\" class=\"wpcf7-form-control wpcf7-text wpcf7-validates-as-required\" aria-required=\"true\" aria-invalid=\"false\" value=\"\" type=\"text\" name=\"nom\" \/><\/span>\n\t\t\t\t\t\t\t<\/p>\n\t\t\t\t\t\t\t<p class=\"info-tip\">\n\t\t\t\t\t\t\t<\/p>\n\t\t\t\t\t\t<\/div>\n\t\t\t\t\t<\/div>\n\t\t\t\t<\/div>\n\t\t\t<\/div>\n\t\t\t<div class=\"container\">\n\t\t\t\t<div class=\"row\">\n\t\t\t\t\t<div class=\"columns full\">\n\t\t\t\t\t\t<div class=\"field\">\n\t\t\t\t\t\t\t<p><label>Adresse<\/label><span class=\"wpcf7-form-control-wrap\" data-name=\"adresse\"><input size=\"40\" maxlength=\"400\" class=\"wpcf7-form-control wpcf7-text\" aria-invalid=\"false\" value=\"\" type=\"text\" name=\"adresse\" \/><\/span>\n\t\t\t\t\t\t\t<\/p>\n\t\t\t\t\t\t\t<p class=\"info-tip\">Privatadresse\n\t\t\t\t\t\t\t<\/p>\n\t\t\t\t\t\t<\/div>\n\t\t\t\t\t<\/div>\n\t\t\t\t<\/div>\n\t\t\t<\/div>\n\t\t\t<div class=\"container\">\n\t\t\t\t<div class=\"row\">\n\t\t\t\t\t<div class=\"columns full\">\n\t\t\t\t\t\t<div class=\"field\">\n\t\t\t\t\t\t\t<p><label>Lokalit\u00e4t<\/label><span class=\"wpcf7-form-control-wrap\" data-name=\"localite\"><input size=\"40\" maxlength=\"400\" class=\"wpcf7-form-control wpcf7-text\" aria-invalid=\"false\" value=\"\" type=\"text\" name=\"localite\" \/><\/span>\n\t\t\t\t\t\t\t<\/p>\n\t\t\t\t\t\t\t<p class=\"info-tip\">Private Gemeinschaft\n\t\t\t\t\t\t\t<\/p>\n\t\t\t\t\t\t<\/div>\n\t\t\t\t\t<\/div>\n\t\t\t\t<\/div>\n\t\t\t<\/div>\n\t\t\t<div class=\"container\">\n\t\t\t\t<div class=\"row\">\n\t\t\t\t\t<div class=\"columns full\">\n\t\t\t\t\t\t<div class=\"field\">\n\t\t\t\t\t\t\t<p><label>Telefon<\/label><span class=\"wpcf7-form-control-wrap\" data-name=\"telephone\"><input size=\"40\" maxlength=\"400\" class=\"wpcf7-form-control wpcf7-tel wpcf7-text wpcf7-validates-as-tel\" aria-invalid=\"false\" value=\"\" type=\"tel\" name=\"telephone\" \/><\/span>\n\t\t\t\t\t\t\t<\/p>\n\t\t\t\t\t\t\t<p class=\"info-tip\">Private Telefonnummer\n\t\t\t\t\t\t\t<\/p>\n\t\t\t\t\t\t<\/div>\n\t\t\t\t\t<\/div>\n\t\t\t\t<\/div>\n\t\t\t<\/div>\n\t\t\t<div class=\"container\">\n\t\t\t\t<div class=\"row\">\n\t\t\t\t\t<div class=\"columns full\">\n\t\t\t\t\t\t<div class=\"field\">\n\t\t\t\t\t\t\t<p><label>E-Mail-Addresse<\/label><span class=\"wpcf7-form-control-wrap\" data-name=\"email\"><input size=\"40\" maxlength=\"400\" class=\"wpcf7-form-control wpcf7-email wpcf7-text wpcf7-validates-as-email\" aria-invalid=\"false\" value=\"\" type=\"email\" name=\"email\" \/><\/span>\n\t\t\t\t\t\t\t<\/p>\n\t\t\t\t\t\t\t<p class=\"info-tip\">Private E-Mail-Adresse\n\t\t\t\t\t\t\t<\/p>\n\t\t\t\t\t\t<\/div>\n\t\t\t\t\t<\/div>\n\t\t\t\t<\/div>\n\t\t\t<\/div>\n\t\t\t<div class=\"container\">\n\t\t\t\t<div class=\"row\">\n\t\t\t\t\t<div class=\"columns full\">\n\t\t\t\t\t\t<div class=\"field\">\n\t\t\t\t\t\t\t<p><label>Kategorien von Produkten oder Dienstleistungen<em>*<\/em><\/label><span class=\"wpcf7-form-control-wrap\" data-name=\"categorie\"><input size=\"40\" maxlength=\"400\" class=\"wpcf7-form-control wpcf7-text wpcf7-validates-as-required\" aria-required=\"true\" aria-invalid=\"false\" value=\"\" type=\"text\" name=\"categorie\" \/><\/span>\n\t\t\t\t\t\t\t<\/p>\n\t\t\t\t\t\t\t<p class=\"info-tip\">Geben Sie die Art der angebotenen Produkte oder Dienstleistungen an\n\t\t\t\t\t\t\t<\/p>\n\t\t\t\t\t\t<\/div>\n\t\t\t\t\t<\/div>\n\t\t\t\t<\/div>\n\t\t\t<\/div>\n\t\t\t<div class=\"container\">\n\t\t\t\t<div class=\"row\">\n\t\t\t\t\t<div class=\"columns full\">\n\t\t\t\t\t\t<div class=\"field\">\n\t\t\t\t\t\t\t<p><label>Beschreibung Ihres Unternehmens<\/label><span class=\"wpcf7-form-control-wrap\" data-name=\"description\"><textarea cols=\"40\" rows=\"5\" maxlength=\"2000\" class=\"wpcf7-form-control wpcf7-textarea\" aria-invalid=\"false\" name=\"description\"><\/textarea><\/span>\n\t\t\t\t\t\t\t<\/p>\n\t\t\t\t\t\t\t<p class=\"info-tip\">Beschreiben Sie kurz die Art der angebotenen Produkte oder Dienstleistungen\n\t\t\t\t\t\t\t<\/p>\n\t\t\t\t\t\t<\/div>\n\t\t\t\t\t<\/div>\n\t\t\t\t<\/div>\n\t\t\t<\/div>\n\t\t\t<div class=\"container\">\n\t\t\t\t<div class=\"row\">\n\t\t\t\t\t<div class=\"columns full cf7-tags-4\">\n\t\t\t\t\t\t<div class=\"field\">\n\t\t\t\t\t\t\t<p><label>Soziale Netzwerke<\/label><span class=\"wpcf7-form-control-wrap\" data-name=\"fb\"><input size=\"40\" maxlength=\"400\" class=\"wpcf7-form-control wpcf7-text\" aria-invalid=\"false\" value=\"facebook.com\/\" type=\"text\" name=\"fb\" \/><\/span><span class=\"wpcf7-form-control-wrap\" data-name=\"ig\"><input size=\"40\" maxlength=\"400\" class=\"wpcf7-form-control wpcf7-text\" aria-invalid=\"false\" value=\"instagram.com\/\" type=\"text\" name=\"ig\" \/><\/span><span class=\"wpcf7-form-control-wrap\" data-name=\"tw\"><input size=\"40\" maxlength=\"400\" class=\"wpcf7-form-control wpcf7-text\" aria-invalid=\"false\" value=\"twitter.com\/\" type=\"text\" name=\"tw\" \/><\/span><span class=\"wpcf7-form-control-wrap\" data-name=\"yt\"><input size=\"40\" maxlength=\"400\" class=\"wpcf7-form-control wpcf7-text\" aria-invalid=\"false\" value=\"youtube.com\/\" type=\"text\" name=\"yt\" \/><\/span>\n\t\t\t\t\t\t\t<\/p>\n\t\t\t\t\t\t\t<p class=\"info-tip\">Bitte geben Sie Ihre Facebook-, Instagram-, Twitter-Adressen usw. ein.\n\t\t\t\t\t\t\t<\/p>\n\t\t\t\t\t\t<\/div>\n\t\t\t\t\t<\/div>\n\t\t\t\t<\/div>\n\t\t\t<\/div>\n\t\t\t<div class=\"container\">\n\t\t\t\t<div class=\"row\">\n\t\t\t\t\t<div class=\"columns full\">\n\t\t\t\t\t\t<div class=\"field\">\n\t\t\t\t\t\t\t<p><label>Gew\u00fcnschter Benutzername<\/label><span class=\"wpcf7-form-control-wrap\" data-name=\"username\"><input size=\"40\" maxlength=\"400\" class=\"wpcf7-form-control wpcf7-text\" aria-invalid=\"false\" value=\"\" type=\"text\" name=\"username\" \/><\/span>\n\t\t\t\t\t\t\t<\/p>\n\t\t\t\t\t\t\t<p class=\"info-tip\">Geben Sie den gew\u00fcnschten Benutzernamen ein\n\t\t\t\t\t\t\t<\/p>\n\t\t\t\t\t\t<\/div>\n\t\t\t\t\t<\/div>\n\t\t\t\t<\/div>\n\t\t\t<\/div>\n\t\t\t<div class=\"container\">\n\t\t\t\t<div class=\"row\">\n\t\t\t\t\t<div class=\"columns full\">\n\t\t\t\t\t\t<div class=\"field\">\n\t\t\t\t\t\t\t<p><label>Banner (Header) f\u00fcr Ihre Shop24-Seite<\/label><span class=\"wpcf7-form-control-wrap\" data-name=\"banniere\"><input size=\"40\" class=\"wpcf7-form-control wpcf7-file\" accept=\"audio\/*,video\/*,image\/*\" aria-invalid=\"false\" type=\"file\" name=\"banniere\" \/><\/span>\n\t\t\t\t\t\t\t<\/p>\n\t\t\t\t\t\t\t<p class=\"info-tip\">Laden Sie Ihr Banner hoch\n\t\t\t\t\t\t\t<\/p>\n\t\t\t\t\t\t<\/div>\n\t\t\t\t\t<\/div>\n\t\t\t\t<\/div>\n\t\t\t<\/div>\n\t\t\t<div class=\"container\">\n\t\t\t\t<div class=\"row\">\n\t\t\t\t\t<div class=\"columns full\">\n\t\t\t\t\t\t<div class=\"field\">\n\t\t\t\t\t\t\t<p><label>Profilbild oder Logo f\u00fcr Ihre Shop24-Seite<\/label><span class=\"wpcf7-form-control-wrap\" data-name=\"logo\"><input size=\"40\" class=\"wpcf7-form-control wpcf7-file\" accept=\"audio\/*,video\/*,image\/*\" aria-invalid=\"false\" type=\"file\" name=\"logo\" \/><\/span>\n\t\t\t\t\t\t\t<\/p>\n\t\t\t\t\t\t\t<p class=\"info-tip\">Laden Sie ein Profilbild oder Ihr Logo hoch\n\t\t\t\t\t\t\t<\/p>\n\t\t\t\t\t\t<\/div>\n\t\t\t\t\t<\/div>\n\t\t\t\t<\/div>\n\t\t\t<\/div>\n\t\t<\/div>\n\t\t<div class=\"columns one-half\">\n\t\t\t<div class=\"container\">\n\t\t\t\t<div class=\"row\">\n\t\t\t\t\t<div class=\"columns full\">\n\t\t\t\t\t\t<div class=\"field\">\n\t\t\t\t\t\t\t<p><label>Firmenname<em>*<\/em><\/label><span class=\"wpcf7-form-control-wrap\" data-name=\"magasin\"><input size=\"40\" maxlength=\"400\" class=\"wpcf7-form-control wpcf7-text wpcf7-validates-as-required\" aria-required=\"true\" aria-invalid=\"false\" value=\"\" type=\"text\" name=\"magasin\" \/><\/span>\n\t\t\t\t\t\t\t<\/p>\n\t\t\t\t\t\t\t<p class=\"info-tip\">Name Ihres Unternehmens\n\t\t\t\t\t\t\t<\/p>\n\t\t\t\t\t\t<\/div>\n\t\t\t\t\t<\/div>\n\t\t\t\t<\/div>\n\t\t\t<\/div>\n\t\t\t<div class=\"container\">\n\t\t\t\t<div class=\"row\">\n\t\t\t\t\t<div class=\"columns full\">\n\t\t\t\t\t\t<div class=\"field\">\n\t\t\t\t\t\t\t<p><label>Adresse<em>*<\/em><\/label><span class=\"wpcf7-form-control-wrap\" data-name=\"so-adresse\"><input size=\"40\" maxlength=\"400\" class=\"wpcf7-form-control wpcf7-text wpcf7-validates-as-required\" aria-required=\"true\" aria-invalid=\"false\" value=\"\" type=\"text\" name=\"so-adresse\" \/><\/span>\n\t\t\t\t\t\t\t<\/p>\n\t\t\t\t\t\t\t<p class=\"info-tip\">Gesch\u00e4ftsadresse\n\t\t\t\t\t\t\t<\/p>\n\t\t\t\t\t\t<\/div>\n\t\t\t\t\t<\/div>\n\t\t\t\t<\/div>\n\t\t\t<\/div>\n\t\t\t<div class=\"container\">\n\t\t\t\t<div class=\"row\">\n\t\t\t\t\t<div class=\"columns full\">\n\t\t\t\t\t\t<div class=\"field\">\n\t\t\t\t\t\t\t<p><label>Lokalit\u00e4t<em>*<\/em><\/label><span class=\"wpcf7-form-control-wrap\" data-name=\"so-localite\"><input size=\"40\" maxlength=\"400\" class=\"wpcf7-form-control wpcf7-text wpcf7-validates-as-required\" aria-required=\"true\" aria-invalid=\"false\" value=\"\" type=\"text\" name=\"so-localite\" \/><\/span>\n\t\t\t\t\t\t\t<\/p>\n\t\t\t\t\t\t\t<p class=\"info-tip\">Berufsgemeinschaft\n\t\t\t\t\t\t\t<\/p>\n\t\t\t\t\t\t<\/div>\n\t\t\t\t\t<\/div>\n\t\t\t\t<\/div>\n\t\t\t<\/div>\n\t\t\t<div class=\"container\">\n\t\t\t\t<div class=\"row\">\n\t\t\t\t\t<div class=\"columns full\">\n\t\t\t\t\t\t<div class=\"field\">\n\t\t\t\t\t\t\t<p><label>Telefon<em>*<\/em><\/label><span class=\"wpcf7-form-control-wrap\" data-name=\"so-tel\"><input size=\"40\" maxlength=\"400\" class=\"wpcf7-form-control wpcf7-tel wpcf7-validates-as-required wpcf7-text wpcf7-validates-as-tel\" aria-required=\"true\" aria-invalid=\"false\" value=\"\" type=\"tel\" name=\"so-tel\" \/><\/span>\n\t\t\t\t\t\t\t<\/p>\n\t\t\t\t\t\t\t<p class=\"info-tip\">Gesch\u00e4ftstelefonnummer\n\t\t\t\t\t\t\t<\/p>\n\t\t\t\t\t\t<\/div>\n\t\t\t\t\t<\/div>\n\t\t\t\t<\/div>\n\t\t\t<\/div>\n\t\t\t<div class=\"container\">\n\t\t\t\t<div class=\"row\">\n\t\t\t\t\t<div class=\"columns full\">\n\t\t\t\t\t\t<div class=\"field\">\n\t\t\t\t\t\t\t<p><label>E-Mail-Addresse<em>*<\/em><\/label><span class=\"wpcf7-form-control-wrap\" data-name=\"so-email\"><input size=\"40\" maxlength=\"400\" class=\"wpcf7-form-control wpcf7-email wpcf7-validates-as-required wpcf7-text wpcf7-validates-as-email\" aria-required=\"true\" aria-invalid=\"false\" value=\"\" type=\"email\" name=\"so-email\" \/><\/span>\n\t\t\t\t\t\t\t<\/p>\n\t\t\t\t\t\t\t<p class=\"info-tip\">Professionelle E-Mail-Adresse\n\t\t\t\t\t\t\t<\/p>\n\t\t\t\t\t\t<\/div>\n\t\t\t\t\t<\/div>\n\t\t\t\t<\/div>\n\t\t\t<\/div>\n\t\t\t<div class=\"container\">\n\t\t\t\t<div class=\"row\">\n\t\t\t\t\t<div class=\"columns full\">\n\t\t\t\t\t\t<div class=\"field\">\n\t\t\t\t\t\t\t<p><label>Akzeptierte Zahlungsmethoden<\/label><span class=\"wpcf7-form-control-wrap\" data-name=\"MoyensPaiement\"><span class=\"wpcf7-form-control wpcf7-checkbox\"><span class=\"wpcf7-list-item first\"><label><input type=\"checkbox\" name=\"MoyensPaiement[]\" value=\"Cartes de cr\u00e9dit (Stripe)\" \/><span class=\"wpcf7-list-item-label\">Kreditkarten (Streifen)<\/span><\/label><\/span><span class=\"wpcf7-list-item\"><label><input type=\"checkbox\" name=\"MoyensPaiement[]\" value=\"DIGICASH\" \/><span class=\"wpcf7-list-item-label\">DIGICASH<\/span><\/label><\/span><span class=\"wpcf7-list-item\"><label><input type=\"checkbox\" name=\"MoyensPaiement[]\" value=\"PayPal\" \/><span class=\"wpcf7-list-item-label\">PayPal<\/span><\/label><\/span><span class=\"wpcf7-list-item\"><label><input type=\"checkbox\" name=\"MoyensPaiement[]\" value=\"Virement\" \/><span class=\"wpcf7-list-item-label\">Zahlung<\/span><\/label><\/span><span class=\"wpcf7-list-item last\"><label><input type=\"checkbox\" name=\"MoyensPaiement[]\" value=\"Cash\" \/><span class=\"wpcf7-list-item-label\">Kasse<\/span><\/label><\/span><\/span><\/span>\n\t\t\t\t\t\t\t<\/p>\n\t\t\t\t\t\t\t<p class=\"info-tip\">Geben Sie die akzeptierte(n) Zahlungsmethode(n) an\n\t\t\t\t\t\t\t<\/p>\n\t\t\t\t\t\t<\/div>\n\t\t\t\t\t<\/div>\n\t\t\t\t<\/div>\n\t\t\t<\/div>\n\t\t\t<div class=\"container\">\n\t\t\t\t<div class=\"row\">\n\t\t\t\t\t<div class=\"columns full\">\n\t\t\t\t\t\t<div class=\"field\">\n\t\t\t\t\t\t\t<p><label>Sie haben bereits ein Stripe-Konto?<\/label><span class=\"wpcf7-form-control-wrap\" data-name=\"stripe\"><span class=\"wpcf7-form-control wpcf7-radio\"><span class=\"wpcf7-list-item first\"><label><input type=\"radio\" name=\"stripe\" value=\"Oui, j&#039;ai un compte Stripe\" \/><span class=\"wpcf7-list-item-label\">Ja, ich habe ein Stripe-Konto<\/span><\/label><\/span><span class=\"wpcf7-list-item last\"><label><input type=\"radio\" name=\"stripe\" value=\"Non, je n&#039;ai pas encore de compte Stripe\" \/><span class=\"wpcf7-list-item-label\">Nein, ich habe noch kein Stripe-Konto<\/span><\/label><\/span><\/span><\/span>\n\t\t\t\t\t\t\t<\/p>\n\t\t\t\t\t\t\t<p class=\"info-tip\">Stripe.com ist f\u00fcr die sofortige Zahlung per Kreditkarte erforderlich\n\t\t\t\t\t\t\t<\/p>\n\t\t\t\t\t\t<\/div>\n\t\t\t\t\t<\/div>\n\t\t\t\t<\/div>\n\t\t\t<\/div>\n\t\t\t<div class=\"container\">\n\t\t\t\t<div class=\"row\">\n\t\t\t\t\t<div class=\"columns full\">\n\t\t\t\t\t\t<div class=\"field\">\n\t\t\t\t\t\t\t<p><label>Versandmethoden<\/label><span class=\"wpcf7-form-control-wrap\" data-name=\"Livraison\"><span class=\"wpcf7-form-control wpcf7-checkbox\"><span class=\"wpcf7-list-item first\"><label><input type=\"checkbox\" name=\"Livraison[]\" value=\"Livraison \u00e0 domicile\" \/><span class=\"wpcf7-list-item-label\">Hauslieferung<\/span><\/label><\/span><span class=\"wpcf7-list-item last\"><label><input type=\"checkbox\" name=\"Livraison[]\" value=\"Click&amp;Collect in Shop\" \/><span class=\"wpcf7-list-item-label\">Click &amp; Collect im Shop<\/span><\/label><\/span><\/span><\/span>\n\t\t\t\t\t\t\t<\/p>\n\t\t\t\t\t\t\t<p class=\"info-tip\">Geben Sie die Liefermethode(n) an\n\t\t\t\t\t\t\t<\/p>\n\t\t\t\t\t\t<\/div>\n\t\t\t\t\t<\/div>\n\t\t\t\t<\/div>\n\t\t\t<\/div>\n\t\t\t<div class=\"container\">\n\t\t\t\t<div class=\"row\">\n\t\t\t\t\t<div class=\"columns full\">\n\t\t\t\t\t\t<div class=\"field\">\n\t\t\t\t\t\t\t<p><label>Die Zustellung<\/label><span class=\"wpcf7-form-control-wrap\" data-name=\"Livplace\"><span class=\"wpcf7-form-control wpcf7-checkbox\"><span class=\"wpcf7-list-item first\"><label><input type=\"checkbox\" name=\"Livplace[]\" value=\"Nationale\" \/><span class=\"wpcf7-list-item-label\">National<\/span><\/label><\/span><span class=\"wpcf7-list-item last\"><label><input type=\"checkbox\" name=\"Livplace[]\" value=\"Internationale\" \/><span class=\"wpcf7-list-item-label\">International<\/span><\/label><\/span><\/span><\/span>\n\t\t\t\t\t\t\t<\/p>\n\t\t\t\t\t\t\t<p class=\"info-tip\">Nationale und \/ oder internationale Lieferverf\u00fcgbarkeit\n\t\t\t\t\t\t\t<\/p>\n\t\t\t\t\t\t<\/div>\n\t\t\t\t\t<\/div>\n\t\t\t\t<\/div>\n\t\t\t<\/div>\n\t\t\t<div class=\"container\">\n\t\t\t\t<div class=\"row\">\n\t\t\t\t\t<div class=\"columns one-half\">\n\t\t\t\t\t\t<div class=\"field\">\n\t\t\t\t\t\t\t<p><label>Nationale Auszeichnung<\/label><span class=\"wpcf7-form-control-wrap\" data-name=\"prix-nat\"><input size=\"40\" maxlength=\"400\" class=\"wpcf7-form-control wpcf7-text\" aria-invalid=\"false\" value=\"\" type=\"text\" name=\"prix-nat\" \/><\/span>\n\t\t\t\t\t\t\t<\/p>\n\t\t\t\t\t\t\t<p class=\"info-tip\">\n\t\t\t\t\t\t\t<\/p>\n\t\t\t\t\t\t<\/div>\n\t\t\t\t\t<\/div>\n\t\t\t\t\t<div class=\"columns one-half\">\n\t\t\t\t\t\t<div class=\"field\">\n\t\t\t\t\t\t\t<p><label>Internationale Auszeichnung<\/label><span class=\"wpcf7-form-control-wrap\" data-name=\"prix-intl\"><input size=\"40\" maxlength=\"400\" class=\"wpcf7-form-control wpcf7-text\" aria-invalid=\"false\" value=\"\" type=\"text\" name=\"prix-intl\" \/><\/span>\n\t\t\t\t\t\t\t<\/p>\n\t\t\t\t\t\t\t<p class=\"info-tip\">\n\t\t\t\t\t\t\t<\/p>\n\t\t\t\t\t\t<\/div>\n\t\t\t\t\t<\/div>\n\t\t\t\t<\/div>\n\t\t\t<\/div>\n\t\t\t<div class=\"container\">\n\t\t\t\t<div class=\"row\">\n\t\t\t\t\t<div class=\"columns one-half\">\n\t\t\t\t\t\t<div class=\"field\">\n\t\t\t\t\t\t\t<p><label>Kostenlos ab x \u20ac<\/label><span class=\"wpcf7-form-control-wrap\" data-name=\"liv-nat-0\"><input size=\"40\" maxlength=\"400\" class=\"wpcf7-form-control wpcf7-text\" aria-invalid=\"false\" value=\"\" type=\"text\" name=\"liv-nat-0\" \/><\/span>\n\t\t\t\t\t\t\t<\/p>\n\t\t\t\t\t\t\t<p class=\"info-tip\">Kostenlose nationale Lieferung\n\t\t\t\t\t\t\t<\/p>\n\t\t\t\t\t\t<\/div>\n\t\t\t\t\t<\/div>\n\t\t\t\t\t<div class=\"columns one-half\">\n\t\t\t\t\t\t<div class=\"field\">\n\t\t\t\t\t\t\t<p><label>Kostenlos ab x \u20ac<\/label><span class=\"wpcf7-form-control-wrap\" data-name=\"liv-intl-0\"><input size=\"40\" maxlength=\"400\" class=\"wpcf7-form-control wpcf7-text\" aria-invalid=\"false\" value=\"\" type=\"text\" name=\"liv-intl-0\" \/><\/span>\n\t\t\t\t\t\t\t<\/p>\n\t\t\t\t\t\t\t<p class=\"info-tip\">Kostenlose internationale Lieferung\n\t\t\t\t\t\t\t<\/p>\n\t\t\t\t\t\t<\/div>\n\t\t\t\t\t<\/div>\n\t\t\t\t<\/div>\n\t\t\t<\/div>\n\t\t\t<div class=\"container\">\n\t\t\t\t<div class=\"row\">\n\t\t\t\t\t<div class=\"columns full\">\n\t\t\t\t\t\t<div class=\"field\">\n\t\t\t\t\t\t\t<p><label>Nachricht \/ Frage<\/label><span class=\"wpcf7-form-control-wrap\" data-name=\"msg\"><textarea cols=\"40\" rows=\"5\" maxlength=\"2000\" class=\"wpcf7-form-control wpcf7-textarea\" aria-invalid=\"false\" name=\"msg\"><\/textarea><\/span>\n\t\t\t\t\t\t\t<\/p>\n\t\t\t\t\t\t\t<p class=\"info-tip\">Sie haben eine Nachricht oder Frage an uns?\n\t\t\t\t\t\t\t<\/p>\n\t\t\t\t\t\t<\/div>\n\t\t\t\t\t<\/div>\n\t\t\t\t<\/div>\n\t\t\t<\/div>\n\t\t\t<div class=\"container\">\n\t\t\t\t<div class=\"row\">\n\t\t\t\t\t<div class=\"columns full\">\n\t\t\t\t\t\t<div class=\"field\">\n\t\t\t\t\t\t\t<p><label><\/label><input class=\"wpcf7-form-control wpcf7-submit has-spinner\" type=\"submit\" value=\"Senden\" \/>\n\t\t\t\t\t\t\t<\/p>\n\t\t\t\t\t\t\t<p class=\"info-tip\">\n\t\t\t\t\t\t\t<\/p>\n\t\t\t\t\t\t<\/div>\n\t\t\t\t\t<\/div>\n\t\t\t\t<\/div>\n\t\t\t<\/div>\n\t\t<\/div>\n\t<\/div>\n<\/div><p style=\"display: none !important;\" class=\"akismet-fields-container\" data-prefix=\"_wpcf7_ak_\"><label>&#916;<textarea name=\"_wpcf7_ak_hp_textarea\" cols=\"45\" rows=\"8\" maxlength=\"100\"><\/textarea><\/label><input type=\"hidden\" id=\"ak_js_1\" name=\"_wpcf7_ak_js\" value=\"221\"\/><script>document.getElementById( \"ak_js_1\" ).setAttribute( \"value\", ( new Date() ).getTime() );<\/script><\/p><div class=\"wpcf7-response-output\" aria-hidden=\"true\"><\/div>\n<input type=\"hidden\" name=\"trp-form-language\" value=\"de\"\/><\/form>\n<\/div>\n\n<p>Vielen Dank f\u00fcr Ihr Interesse an unserer E-Commerce-Plattform Shop24.lu.<br \/>\nWir werden uns so schnell wie m\u00f6glich bei Ihnen melden.<\/p>\n<p>Mit freundlichen Gr\u00fc\u00dfen<br \/>\n<em>Ihr Shop24-Team<\/em><\/p>\n\t\t<\/div>\n\t\t\t\t\t<\/div>\n\n\t\n\n\t<div id=\"col-1424312914\" class=\"col medium-3 small-12 large-3\"  >\n\t\t\t\t<div class=\"col-inner\"  >\n\t\t\t\n\t\t\t\n<h2>Platz f\u00fcr Verk\u00e4ufer<\/h2>\n\t<div class=\"ux-menu stack stack-col justify-start ux-menu--divider-solid\">\n\t\t\n\t<div class=\"ux-menu-link flex menu-item\">\n\t\t<a class=\"ux-menu-link__link flex\" href=\"https:\/\/shop24.lu\/de\/vendre\/\" >\n\t\t\t\t\t\t<span class=\"ux-menu-link__text\">\n\t\t\t\tVerkauf beginnen\t\t\t<\/span>\n\t\t<\/a>\n\t<\/div>\n\t\n\t<div class=\"ux-menu-link flex menu-item\">\n\t\t<a class=\"ux-menu-link__link flex\" href=\"https:\/\/shop24.lu\/de\/flyer-shop24\/\" >\n\t\t\t\t\t\t<span class=\"ux-menu-link__text\">\n\t\t\t\tDienstleistungen und Vorteile\t\t\t<\/span>\n\t\t<\/a>\n\t<\/div>\n\t\n\t<\/div>\n\t\n\t\t<\/div>\n\t\t\t\t\t<\/div>\n\n\t\n<\/div>","protected":false},"excerpt":{"rendered":"","protected":false},"author":10,"featured_media":0,"parent":0,"menu_order":0,"comment_status":"closed","ping_status":"closed","template":"","meta":{"_seopress_robots_primary_cat":"","_seopress_titles_title":"","_seopress_titles_desc":"","_seopress_robots_index":"","footnotes":""},"class_list":["post-20561","page","type-page","status-publish"],"_links":{"self":[{"href":"https:\/\/shop24.lu\/de\/wp-json\/wp\/v2\/pages\/20561","targetHints":{"allow":["GET"]}}],"collection":[{"href":"https:\/\/shop24.lu\/de\/wp-json\/wp\/v2\/pages"}],"about":[{"href":"https:\/\/shop24.lu\/de\/wp-json\/wp\/v2\/types\/page"}],"author":[{"embeddable":true,"href":"https:\/\/shop24.lu\/de\/wp-json\/wp\/v2\/users\/10"}],"replies":[{"embeddable":true,"href":"https:\/\/shop24.lu\/de\/wp-json\/wp\/v2\/comments?post=20561"}],"version-history":[{"count":0,"href":"https:\/\/shop24.lu\/de\/wp-json\/wp\/v2\/pages\/20561\/revisions"}],"wp:attachment":[{"href":"https:\/\/shop24.lu\/de\/wp-json\/wp\/v2\/media?parent=20561"}],"curies":[{"name":"wp","href":"https:\/\/api.w.org\/{rel}","templated":true}]}}