{"id":40420,"date":"2021-10-31T18:59:11","date_gmt":"2021-10-31T16:59:11","guid":{"rendered":"https:\/\/shop24.lu\/?page_id=40420"},"modified":"2021-10-31T20:03:33","modified_gmt":"2021-10-31T18:03:33","slug":"safelog","status":"publish","type":"page","link":"https:\/\/shop24.lu\/de\/safelog\/","title":{"rendered":"Safelog \u2013 Pilotlog.com"},"content":{"rendered":"<p><a href=\"http:\/\/www.dauntless-soft.com\/products\/safelog\/\" target=\"_blank\" rel=\"noopener\"><img decoding=\"async\" class=\"alignnone size-full wp-image-40439\" src=\"https:\/\/shop24.lu\/wp-content\/uploads\/2021\/10\/safelog-gr.jpg\" alt=\"\" width=\"800\" height=\"206\" srcset=\"\/wp-content\/uploads\/2021\/10\/safelog-gr.jpg 800w, \/wp-content\/uploads\/2021\/10\/safelog-gr-300x77.jpg 300w, \/wp-content\/uploads\/2021\/10\/safelog-gr-600x155.jpg 600w, \/wp-content\/uploads\/2021\/10\/safelog-gr-768x198.jpg 768w, \/wp-content\/uploads\/2021\/10\/safelog-gr-210x54.jpg 210w\" sizes=\"(max-width: 800px) 100vw, 800px\" \/><\/a><\/p>\n<p>Ob Sie ein einmotoriges Flugzeug, ein Verkehrsflugzeug oder sogar einen Helikopter fliegen (oder planen zu fliegen), bei uns sind Sie richtig. Hier ist das gro\u00dfartige elektronische Fahrtenbuchsystem, nach dem Sie gesucht haben. Safelog hat die meisten Funktionen, die beste Benutzerfreundlichkeit und die niedrigsten Gesamtkosten aller glaubw\u00fcrdigen Logbuchsysteme.<\/p>\n<p>Ihr Safelog-Konto funktioniert auf der Plattform Ihrer Wahl \u2013 Windows PC, Mac, iPhone\/iPad, Android und Web. Unabh\u00e4ngig davon, ob Sie Safelog auf einer oder allen Plattformen verwenden, wird Ihr Logbuch nahtlos zwischen ihnen synchronisiert, was Ihnen beispiellose Verf\u00fcgbarkeit, Skalierbarkeit und Katastrophenschutz bietet.<\/p>\n<p>Das Beste ist, dass Sie mit nur einem Safelog-Konto auf jeder der vielen von uns unterst\u00fctzten Plattformen auf Ihr Logbuch zugreifen k\u00f6nnen, ohne versteckte Geb\u00fchren \u201epro Plattform\u201c, \u201eCloud-Synchronisierung\u201c oder andere. Wir arbeiten hart daran, Safelog die richtige Kombination aus Leistung und Benutzerfreundlichkeit zu bieten. Zehntausende Piloten weltweit vertrauen auf Safelog. Wir laden Sie ein, noch heute eine kostenlose Demo auszuprobieren. In wenigen Augenblicken k\u00f6nnen Sie Ihren ersten Flug registrieren.<\/p>\n<p><img decoding=\"async\" class=\"size-full wp-image-40438 aligncenter\" src=\"https:\/\/shop24.lu\/wp-content\/uploads\/2021\/10\/safelog_os-gr.jpg\" alt=\"\" width=\"600\" height=\"274\" srcset=\"\/wp-content\/uploads\/2021\/10\/safelog_os-gr.jpg 600w, \/wp-content\/uploads\/2021\/10\/safelog_os-gr-300x137.jpg 300w, \/wp-content\/uploads\/2021\/10\/safelog_os-gr-210x96.jpg 210w\" sizes=\"(max-width: 600px) 100vw, 600px\" \/><\/p>\n<table border=\"0\" width=\"100%\" cellspacing=\"10\" cellpadding=\"0\">\n<tbody>\n<tr>\n<td valign=\"middle\" width=\"5%\"><img decoding=\"async\" class=\"alignnone size-full wp-image-40422\" src=\"https:\/\/shop24.lu\/wp-content\/uploads\/2021\/10\/checked.png\" alt=\"\" width=\"27\" height=\"23\" \/><\/td>\n<td width=\"40%\"><span style=\"font-family: Verdana, Arial, Helvetica, sans-serif;\">Schnelle und einfache Flugregistrierung, inklusive automatischer Nachtberechnung. Legend\u00e4re Benutzerfreundlichkeit <\/span><\/td>\n<td align=\"right\" valign=\"middle\" width=\"5%\"><img decoding=\"async\" class=\"alignnone size-full wp-image-40422\" src=\"https:\/\/shop24.lu\/wp-content\/uploads\/2021\/10\/checked.png\" alt=\"\" width=\"27\" height=\"23\" \/><\/td>\n<td width=\"40%\"><span style=\"font-family: Verdana, Arial, Helvetica, sans-serif;\">Hochgradig anpassbare Felder.<\/span><\/td>\n<\/tr>\n<tr>\n<td valign=\"middle\"><img decoding=\"async\" class=\"alignnone size-full wp-image-40422\" src=\"https:\/\/shop24.lu\/wp-content\/uploads\/2021\/10\/checked.png\" alt=\"\" width=\"27\" height=\"23\" \/><\/td>\n<td><span style=\"font-family: Verdana, Arial, Helvetica, sans-serif;\">Nahtlose Passagierlistenintegration f\u00fcr \u00fcber 500 Fluggesellschaften und Betreiber durch unsere Partnerschaft mit <b>RosterBuster<\/b>.<\/span><\/td>\n<td align=\"right\" valign=\"middle\"><img decoding=\"async\" class=\"alignnone size-full wp-image-40422\" src=\"https:\/\/shop24.lu\/wp-content\/uploads\/2021\/10\/checked.png\" alt=\"\" width=\"27\" height=\"23\" \/><\/td>\n<td><span style=\"font-family: Verdana, Arial, Helvetica, sans-serif;\">Hunderte von Berichten und Analyseoptionen. Hochgradig anpassbar. <a href=\"http:\/\/www.dauntless-soft.com\/products\/safelog\/Printing\">Klicken Sie hier, um mehr \u00fcber die leistungsstarken Druckmodule von Safelog zu erfahren<\/a><\/span><\/td>\n<\/tr>\n<tr>\n<td valign=\"middle\"><img decoding=\"async\" class=\"alignnone size-full wp-image-40422\" src=\"https:\/\/shop24.lu\/wp-content\/uploads\/2021\/10\/checked.png\" alt=\"\" width=\"27\" height=\"23\" \/><\/td>\n<td><span style=\"font-family: Verdana, Arial, Helvetica, sans-serif;\">FAA-W\u00e4hrungsverfolgung* \u2013 CFR 14 (FAR) Teile 91, 117, 121 (Inland, Ausland und kleine Kapazit\u00e4t), 135 und h\u00f6her<\/span><\/td>\n<td align=\"right\" valign=\"middle\"><img decoding=\"async\" class=\"alignnone size-full wp-image-40422\" src=\"https:\/\/shop24.lu\/wp-content\/uploads\/2021\/10\/checked.png\" alt=\"\" width=\"27\" height=\"23\" \/><\/td>\n<td><span style=\"font-family: Verdana, Arial, Helvetica, sans-serif;\">SignaturPad! (w\u00e4hlen Sie mobile Versionen einschlie\u00dflich iPad\u2122\/iPhone\u2122 und Android\u2122) \u2013 Sie oder Ihr Kursleiter\/Pr\u00fcfer\/etc. kann Ihre Flugaufzeichnungen direkt auf Ihrem Mobilger\u00e4t digital signieren!<\/span><\/td>\n<\/tr>\n<tr>\n<td valign=\"middle\"><img decoding=\"async\" class=\"alignnone size-full wp-image-40422\" src=\"https:\/\/shop24.lu\/wp-content\/uploads\/2021\/10\/checked.png\" alt=\"\" width=\"27\" height=\"23\" \/><\/td>\n<td><span style=\"font-family: Verdana, Arial, Helvetica, sans-serif;\">Eingebaute Flugzeugtypen \u2013 Tausende von eingebauten Flugzeugtypen machen die Dateneingabe einfach!<\/span><\/td>\n<td align=\"right\" valign=\"middle\" width=\"5%\"><img decoding=\"async\" class=\"alignnone size-full wp-image-40422\" src=\"https:\/\/shop24.lu\/wp-content\/uploads\/2021\/10\/checked.png\" alt=\"\" width=\"27\" height=\"23\" \/><\/td>\n<td><span style=\"font-family: Verdana, Arial, Helvetica, sans-serif;\">FAA Practical Test Readiness Analyzer* \u2013 bereiten Sie sich auf den Pr\u00fcfer vor \u2013 vergleichen Sie Ihr Logbuch mit den Vorschriften von 14 CFR (FAR) Part 61 und 141 \u2013 wechseln Sie in Sekundenschnelle vom Flugsch\u00fcler zum ATP.<\/span><\/td>\n<\/tr>\n<tr>\n<td valign=\"middle\"><img decoding=\"async\" class=\"alignnone size-full wp-image-40422\" src=\"https:\/\/shop24.lu\/wp-content\/uploads\/2021\/10\/checked.png\" alt=\"\" width=\"27\" height=\"23\" \/><\/td>\n<td width=\"45%\"><span style=\"font-family: Verdana, Arial, Helvetica, sans-serif;\">Viele Diagramme und Grafiken <\/span><\/td>\n<td align=\"right\" valign=\"middle\"><img decoding=\"async\" class=\"alignnone size-full wp-image-40422\" src=\"https:\/\/shop24.lu\/wp-content\/uploads\/2021\/10\/checked.png\" alt=\"\" width=\"27\" height=\"23\" \/><\/td>\n<td><span style=\"font-family: Verdana, Arial, Helvetica, sans-serif;\"><b>Vollst\u00e4ndig FAR 61.65- und EASA-FCL-konform<\/b><\/span><\/td>\n<\/tr>\n<tr>\n<td valign=\"middle\"><img decoding=\"async\" class=\"alignnone size-full wp-image-40422\" src=\"https:\/\/shop24.lu\/wp-content\/uploads\/2021\/10\/checked.png\" alt=\"\" width=\"27\" height=\"23\" \/><\/td>\n<td><span style=\"font-family: Verdana, Arial, Helvetica, sans-serif;\">Verwalten Sie Zertifikate und Qualifikationen von Piloten\/\u00c4rzten <\/span><\/td>\n<td align=\"right\" valign=\"middle\"><img decoding=\"async\" class=\"alignnone size-full wp-image-40422\" src=\"https:\/\/shop24.lu\/wp-content\/uploads\/2021\/10\/checked.png\" alt=\"\" width=\"27\" height=\"23\" \/><\/td>\n<td><span style=\"font-family: Verdana, Arial, Helvetica, sans-serif;\">Automatische Erstellung des FAA 8710-1 \/ IACRA* Formulars<\/span><\/td>\n<\/tr>\n<tr>\n<td valign=\"middle\"><img decoding=\"async\" class=\"alignnone size-full wp-image-40422\" src=\"https:\/\/shop24.lu\/wp-content\/uploads\/2021\/10\/checked.png\" alt=\"\" width=\"27\" height=\"23\" \/><\/td>\n<td><span style=\"font-family: Verdana, Arial, Helvetica, sans-serif;\">Native Versionen verf\u00fcgbar f\u00fcr iPhone\u2122, iPad\u2122, Android\u2122, Mac\u2122 und Windows PC. Unsere Apps sind eigenst\u00e4ndige Check-in-Umgebungen mit vollem Funktionsumfang, keine abgespeckten \u201eReisebegleiter\u201c.<\/span><\/td>\n<td align=\"right\" valign=\"middle\"><img decoding=\"async\" class=\"alignnone size-full wp-image-40422\" src=\"https:\/\/shop24.lu\/wp-content\/uploads\/2021\/10\/checked.png\" alt=\"\" width=\"27\" height=\"23\" \/><\/td>\n<td><span style=\"font-family: Verdana, Arial, Helvetica, sans-serif;\">Leistungsstarke Import-Tools, mit denen Sie Ihre Airline-Liste, eine CSV-\/Excel-Datei und\/oder ein eLogbook eines Drittanbieters in Safelog \u00fcbertragen k\u00f6nnen. Unterst\u00fctzung f\u00fcr Hunderte von Fluggesellschaften, entweder durch unsere integrierten Tools oder durch unsere Verbindung mit unserem Partner RosterBuster.<\/span><\/td>\n<\/tr>\n<tr>\n<td valign=\"middle\"><img decoding=\"async\" class=\"alignnone size-full wp-image-40422\" src=\"https:\/\/shop24.lu\/wp-content\/uploads\/2021\/10\/checked.png\" alt=\"\" width=\"27\" height=\"23\" \/><\/td>\n<td><span style=\"font-family: Verdana, Arial, Helvetica, sans-serif;\">Eingebaute und LIVE aktualisierte Datenbank von \u00fcber 70.000 Flugh\u00e4fen und Landepl\u00e4tzen (wahrscheinlich die umfassendste Flughafendatenbank im Internet \u2013 live verlinkt <a href=\"http:\/\/www.PilotNav.com\/\" target=\"_blank\" rel=\"noopener\">PilotNav.com<\/a>) und die M\u00f6glichkeit, eigene Flugh\u00e4fen und Landepl\u00e4tze hinzuzuf\u00fcgen (z. B. f\u00fcr den Segelflug- und Hubschrauberbetrieb)<\/span><\/td>\n<td align=\"right\" valign=\"middle\" width=\"5%\"><img decoding=\"async\" class=\"alignnone size-full wp-image-40422\" src=\"https:\/\/shop24.lu\/wp-content\/uploads\/2021\/10\/checked.png\" alt=\"\" width=\"27\" height=\"23\" \/><\/td>\n<td><span style=\"font-family: Verdana, Arial, Helvetica, sans-serif;\">Kostenloser technischer Online-Support von Luftfahrtfachleuten und einem erfahrenen und sachkundigen technischen Team.<\/span><\/td>\n<\/tr>\n<tr>\n<td valign=\"middle\"><img decoding=\"async\" class=\"alignnone size-full wp-image-40422\" src=\"https:\/\/shop24.lu\/wp-content\/uploads\/2021\/10\/checked.png\" alt=\"\" width=\"27\" height=\"23\" \/><\/td>\n<td><span style=\"font-family: Verdana, Arial, Helvetica, sans-serif;\">Flugzeug- und Kontaktmanager. Integrierte Datenbank mit \u00fcber 60.000 Flugzeugtypen <\/span><\/td>\n<td align=\"right\" valign=\"middle\" width=\"5%\"><img decoding=\"async\" class=\"alignnone size-full wp-image-40422\" src=\"https:\/\/shop24.lu\/wp-content\/uploads\/2021\/10\/checked.png\" alt=\"\" width=\"27\" height=\"23\" \/><\/td>\n<td><span style=\"font-family: Verdana, Arial, Helvetica, sans-serif;\">Unterst\u00fctzung f\u00fcr Fl\u00fcge, die vor dem digitalen Logbuch eingetragen wurden<\/span><\/td>\n<\/tr>\n<tr>\n<td valign=\"middle\"><img decoding=\"async\" class=\"alignnone size-full wp-image-40422\" src=\"https:\/\/shop24.lu\/wp-content\/uploads\/2021\/10\/checked.png\" alt=\"\" width=\"27\" height=\"23\" \/><\/td>\n<td><span style=\"font-family: Verdana, Arial, Helvetica, sans-serif;\">Branchenf\u00fchrende Druck- und Berichtsoptionen, einschlie\u00dflich einer gro\u00dfen Auswahl an hochgradig anpassbaren Instrumentenanflugberichten <\/span><\/td>\n<td align=\"right\" valign=\"middle\" width=\"5%\"><img decoding=\"async\" class=\"alignnone size-full wp-image-40422\" src=\"https:\/\/shop24.lu\/wp-content\/uploads\/2021\/10\/checked.png\" alt=\"\" width=\"27\" height=\"23\" \/><\/td>\n<td><span style=\"font-family: Verdana, Arial, Helvetica, sans-serif;\">Speichern Sie Fotos, Protokolle, Kommentare, Notizen und mehr mit Fl\u00fcgen<\/span><\/td>\n<\/tr>\n<tr>\n<td valign=\"middle\"><img decoding=\"async\" class=\"alignnone size-full wp-image-40422\" src=\"https:\/\/shop24.lu\/wp-content\/uploads\/2021\/10\/checked.png\" alt=\"\" width=\"27\" height=\"23\" \/><\/td>\n<td><span style=\"font-family: Verdana, Arial, Helvetica, sans-serif;\">Upgrades auf die neueste und beste Version unserer Apps sind IMMER KOSTENLOS.<\/span><\/td>\n<td align=\"right\" valign=\"middle\"><img decoding=\"async\" class=\"alignnone size-full wp-image-40422\" src=\"https:\/\/shop24.lu\/wp-content\/uploads\/2021\/10\/checked.png\" alt=\"\" width=\"27\" height=\"23\" \/><\/td>\n<td><span style=\"font-family: Verdana, Arial, Helvetica, sans-serif;\">Hunderte von Optionen f\u00fcr Airline-Piloten, einschlie\u00dflich Block-\/Dienstzeiten, Flugnummernspeicher, Besatzung und mehr <\/span><\/td>\n<\/tr>\n<tr>\n<td valign=\"middle\"><img decoding=\"async\" class=\"alignnone size-full wp-image-40422\" src=\"https:\/\/shop24.lu\/wp-content\/uploads\/2021\/10\/checked.png\" alt=\"\" width=\"27\" height=\"23\" \/><\/td>\n<td><span style=\"font-family: Verdana, Arial, Helvetica, sans-serif;\">Exportieren Sie Ihre Daten\/Ausdrucke in PDF\u2122, CSV, Microsoft Word\u2122, Microsoft Excel\u2122, XML und viele andere praktische Formate. Online- UND Offline-Backups f\u00fcr Ihre Sicherheit <\/span><\/td>\n<td align=\"right\" valign=\"middle\"><img decoding=\"async\" class=\"alignnone size-full wp-image-40422\" src=\"https:\/\/shop24.lu\/wp-content\/uploads\/2021\/10\/checked.png\" alt=\"\" width=\"27\" height=\"23\" \/><\/td>\n<td><span style=\"font-family: Verdana, Arial, Helvetica, sans-serif;\">Auf Ihr Fahrtenbuch k\u00f6nnen Sie optional sogar \u00fcber das Internet zugreifen <a href=\"http:\/\/www.SafelogWeb.com\/\" target=\"_blank\" rel=\"noopener\">SafelogWeb.com<\/a> wenn du unterwegs bist! <\/span><\/td>\n<\/tr>\n<\/tbody>\n<\/table>","protected":false},"excerpt":{"rendered":"<p>Que vous voliez (ou ayez l&rsquo;intention de voler) un avion monomoteur, un avion de ligne ou m\u00eame un h\u00e9licopt\u00e8re, vous \u00eates au bon endroit. C&rsquo;est ici que se trouve le tr\u00e8s bon syst\u00e8me de carnet de vol \u00e9lectronique que vous recherchiez. Safelog poss\u00e8de le plus grand nombre de fonctions, la meilleure facilit\u00e9 d&rsquo;utilisation et le [&#8230;]\n","protected":false},"author":10,"featured_media":0,"parent":0,"menu_order":0,"comment_status":"closed","ping_status":"closed","template":"","meta":{"_seopress_robots_primary_cat":"","_seopress_titles_title":"","_seopress_titles_desc":"","_seopress_robots_index":"","_seopress_analysis_target_kw":"","footnotes":""},"class_list":["post-40420","page","type-page","status-publish"],"_links":{"self":[{"href":"https:\/\/shop24.lu\/de\/wp-json\/wp\/v2\/pages\/40420","targetHints":{"allow":["GET"]}}],"collection":[{"href":"https:\/\/shop24.lu\/de\/wp-json\/wp\/v2\/pages"}],"about":[{"href":"https:\/\/shop24.lu\/de\/wp-json\/wp\/v2\/types\/page"}],"author":[{"embeddable":true,"href":"https:\/\/shop24.lu\/de\/wp-json\/wp\/v2\/users\/10"}],"replies":[{"embeddable":true,"href":"https:\/\/shop24.lu\/de\/wp-json\/wp\/v2\/comments?post=40420"}],"version-history":[{"count":0,"href":"https:\/\/shop24.lu\/de\/wp-json\/wp\/v2\/pages\/40420\/revisions"}],"wp:attachment":[{"href":"https:\/\/shop24.lu\/de\/wp-json\/wp\/v2\/media?parent=40420"}],"curies":[{"name":"wp","href":"https:\/\/api.w.org\/{rel}","templated":true}]}}