{"id":46144,"date":"2022-02-06T19:02:59","date_gmt":"2022-02-06T17:02:59","guid":{"rendered":"https:\/\/shop24.lu\/?page_id=46144"},"modified":"2024-02-02T21:03:46","modified_gmt":"2024-02-02T19:03:46","slug":"terra-ag-it-made-in-germany","status":"publish","type":"page","link":"https:\/\/shop24.lu\/de\/terra-ag-it-made-in-germany\/","title":{"rendered":"Terra &#8211; IT. Made in Germany."},"content":{"rendered":"<p><img decoding=\"async\" class=\"alignnone size-full wp-image-46142\" src=\"https:\/\/shop24.lu\/wp-content\/uploads\/2022\/02\/terra-185px.png\" alt=\"\" width=\"215\" height=\"98\" srcset=\"\/wp-content\/uploads\/2022\/02\/terra-185px.png 215w, \/wp-content\/uploads\/2022\/02\/terra-185px-18x8.png 18w, \/wp-content\/uploads\/2022\/02\/terra-185px-210x96.png 210w\" sizes=\"(max-width: 215px) 100vw, 215px\" \/><\/p>\n<p>Seit mehr als 35 Jahren steht der Name Wortmann als international t\u00e4tiges, mittelst\u00e4ndisches Familienunternehmen f\u00fcr Produkte und Dienstleistungen im Bereich IT (Informationstechnologie).<\/p>\n<p>Mit einem Umsatz von mehr als 1 Milliarde Euro im Jahr 2021 ist das Unternehmen <a href=\"https:\/\/www.wortmann.de\/\" target=\"_blank\" rel=\"noopener\"><strong>Wortmann AG<\/strong><\/a> ist eines der erfolgreichsten unabh\u00e4ngigen deutschen IT-Unternehmen. Als Hersteller, Distributor und Cloud-Dienstleister besch\u00e4ftigen wir rund 700 Mitarbeiter und bedienen mehr als 15.000 Reseller und Integratoren in ganz Europa.<\/p>\n<p><a href=\"https:\/\/www.wortmann.de\" target=\"_blank\" rel=\"noopener\"><img decoding=\"async\" class=\"alignnone size-large wp-image-46153\" src=\"https:\/\/shop24.lu\/wp-content\/uploads\/2022\/02\/wortmann-600x238.jpg\" alt=\"\" width=\"600\" height=\"238\" srcset=\"\/wp-content\/uploads\/2022\/02\/wortmann-600x238.jpg 600w, \/wp-content\/uploads\/2022\/02\/wortmann-300x119.jpg 300w, \/wp-content\/uploads\/2022\/02\/wortmann-768x304.jpg 768w, \/wp-content\/uploads\/2022\/02\/wortmann-18x7.jpg 18w, \/wp-content\/uploads\/2022\/02\/wortmann-210x83.jpg 210w, \/wp-content\/uploads\/2022\/02\/wortmann.jpg 800w\" sizes=\"(max-width: 600px) 100vw, 600px\" \/><\/a><\/p>\n<p>Die eigene Marke <strong>TERRA<\/strong>, mit seinen Tablets, Laptops, PCs, Workstations, Servern, Speicher-Arrays, Thin Clients und LCD-Bildschirmen, wird in Deutschland montiert und verf\u00fcgt \u00fcber ein eigenes Partnernetzwerk und ein zentrales Service-Center am Produktionsstandort.<\/p>\n<h3>TERRA \u2013 Deutschlands erfolgreichste Eisenwarenmarke<\/h3>\n<p>F\u00fcr mehr als <strong>30 Jahre<\/strong>, TERRA Produkte stehen f\u00fcr zuverl\u00e4ssige und bezahlbare Qualit\u00e4tsprodukte made in Germany. Das Sortiment umfasst alle Ger\u00e4te, die Sie f\u00fcr modernes Computing ben\u00f6tigen.<\/p>\n<p>Alle TERRA Produkte zeichnen sich durch eine lange Lebensdauer aus <strong>Lebenszeit<\/strong> und <strong>Dienstleistungen<\/strong> Komplett. Daf\u00fcr stehen Ihnen seither unser TERRA Service Center und unser Netzwerk aus \u00fcber 1.000 TERRA Servicepartnerbetrieben zur Verf\u00fcgung <strong>1995<\/strong>.<\/p>\n<p><a href=\"https:\/\/www.wortmann.de\/de-de\/content\/bereich-terra\/Eigenmarken.aspx\" target=\"_blank\" rel=\"noopener\"><img decoding=\"async\" class=\"alignnone wp-image-46154 size-large\" src=\"https:\/\/shop24.lu\/wp-content\/uploads\/2022\/02\/terra-pcs_800-600x197.jpg\" alt=\"TERRA-Produkte\" width=\"600\" height=\"197\" srcset=\"\/wp-content\/uploads\/2022\/02\/terra-pcs_800-600x197.jpg 600w, \/wp-content\/uploads\/2022\/02\/terra-pcs_800-300x98.jpg 300w, \/wp-content\/uploads\/2022\/02\/terra-pcs_800-768x252.jpg 768w, \/wp-content\/uploads\/2022\/02\/terra-pcs_800-18x6.jpg 18w, \/wp-content\/uploads\/2022\/02\/terra-pcs_800-210x69.jpg 210w, \/wp-content\/uploads\/2022\/02\/terra-pcs_800.jpg 800w\" sizes=\"(max-width: 600px) 100vw, 600px\" \/><\/a><\/p>\n<p>Das Lager und die Produktion am Hauptsitz in <strong>H\u00fcllhorst (Deutschland)<\/strong> garantieren eine hohe Verf\u00fcgbarkeit und erm\u00f6glichen auf Wunsch sogar die Lieferung Ihres TERRA Produktes <strong>Individuell<\/strong> innerhalb von ein bis zwei Werktagen.<\/p>\n<p>TERRA-Produkte sind erh\u00e4ltlich in <strong>TERRA-Gesch\u00e4fte<\/strong> oder online, z. <a href=\"https:\/\/shop24.lu\/de\/vendors\/econcept-tech\/\"><strong>Shop24.lu<\/strong><\/a> Sie k\u00f6nnen sie online kaufen. Diese werden von unserem Unternehmen mit \u00fcber 160 Beratern zu allen aktuellen IT-Themen unterst\u00fctzt, um Ihnen eine optimale Beratung zu garantieren.<\/p>\n<p>In Luxemburg ist es unter anderem das Unternehmen <a href=\"https:\/\/econcept.lu\" target=\"_blank\" rel=\"noopener\"><strong>eConcept S\u00e0rl-S<\/strong><\/a> das die Produkte der Marke TERRA vertreibt. Sie k\u00f6nnen TERRA-Produkte ganz einfach online kaufen unter <strong><a href=\"https:\/\/shop24.lu\/de\/vendors\/econcept-tech\/\">Shop24.lu \u2013 Online-Shopping in Luxemburg<\/a><\/strong> bestellen.<\/p>","protected":false},"excerpt":{"rendered":"<p>Depuis plus de 35 ans, le nom Wortmann est synonyme de produits et de services dans le domaine de l&rsquo;informatique (technologies de l&rsquo;information) en tant qu&rsquo;entreprise familiale de taille moyenne active au niveau international. Avec un chiffre d&rsquo;affaires de plus de 1 milliard d&rsquo;\u20ac en 2021, la soci\u00e9t\u00e9 WORTMANN AG est l&rsquo;une des entreprises informatiques [&#8230;]\n","protected":false},"author":10,"featured_media":0,"parent":0,"menu_order":0,"comment_status":"closed","ping_status":"closed","template":"","meta":{"_seopress_robots_primary_cat":"","_seopress_titles_title":"","_seopress_titles_desc":"","_seopress_robots_index":"","footnotes":""},"class_list":["post-46144","page","type-page","status-publish"],"_links":{"self":[{"href":"https:\/\/shop24.lu\/de\/wp-json\/wp\/v2\/pages\/46144","targetHints":{"allow":["GET"]}}],"collection":[{"href":"https:\/\/shop24.lu\/de\/wp-json\/wp\/v2\/pages"}],"about":[{"href":"https:\/\/shop24.lu\/de\/wp-json\/wp\/v2\/types\/page"}],"author":[{"embeddable":true,"href":"https:\/\/shop24.lu\/de\/wp-json\/wp\/v2\/users\/10"}],"replies":[{"embeddable":true,"href":"https:\/\/shop24.lu\/de\/wp-json\/wp\/v2\/comments?post=46144"}],"version-history":[{"count":1,"href":"https:\/\/shop24.lu\/de\/wp-json\/wp\/v2\/pages\/46144\/revisions"}],"predecessor-version":[{"id":258952,"href":"https:\/\/shop24.lu\/de\/wp-json\/wp\/v2\/pages\/46144\/revisions\/258952"}],"wp:attachment":[{"href":"https:\/\/shop24.lu\/de\/wp-json\/wp\/v2\/media?parent=46144"}],"curies":[{"name":"wp","href":"https:\/\/api.w.org\/{rel}","templated":true}]}}