{"id":20688,"date":"2021-01-15T10:06:11","date_gmt":"2021-01-15T08:06:11","guid":{"rendered":"https:\/\/shop24.lu\/?post_type=product&#038;p=20688"},"modified":"2021-02-16T12:44:56","modified_gmt":"2021-02-16T10:44:56","slug":"vins-rk-auxerrois-rosport-hoelt-2019","status":"publish","type":"product","link":"https:\/\/shop24.lu\/de\/product\/vins-rk-auxerrois-rosport-hoelt-2019\/","title":{"rendered":"Weine RK-Auxerrois Rosport Hoelt 2019"},"content":{"rendered":"<p>Appellation d&#039;Origine Contr\u00f4l\u00e9e: Moselle Luxembourgeoise<br \/>\nStandort: H\u00f6lt in Rosport<br \/>\nMergelige B\u00f6den aus Muschelsandstein<br \/>\nFl\u00e4che: 10,5 Hektar<br \/>\nManuelle Lese am 5. und 6. Oktober 2019<br \/>\nPressen der ganzen Traube ohne Mazeration und Entrappen<br \/>\nErnte: 210 Liter, 280 Flaschen \u00e0 750 ml<br \/>\nG\u00e4rung unter Einwirkung einheimischer Hefen f\u00fcr 8 Monate in F\u00e4ssern (nicht neu) auf Ch\u00e2teau Pauqu\u00e9 (Domaine d&#039;Abi Duhr) in Grevenmacher<br \/>\nAlkohol: 12.85%<br \/>\nRestzucker: 7,8 gr\/l<br \/>\nS\u00e4ure: 4,5 g\/l<\/p>","protected":false},"excerpt":{"rendered":"<p>Trauben: Auxerrois 92%, Sylvaner 4%, Pinot Noir 3%, Chardonnay 1% in Beerdigung <br \/>\nAppellation d&#039;Origine Contr\u00f4l\u00e9e: Moselle Luxembourgeoise<\/p>","protected":false},"featured_media":20685,"comment_status":"open","ping_status":"closed","template":"","meta":{"_seopress_robots_primary_cat":"","_seopress_titles_title":"","_seopress_titles_desc":"","_seopress_robots_index":""},"product_brand":[],"product_cat":[531,533,535],"product_tag":[556,320,20679,20685,20677,20683,555],"class_list":{"0":"post-20688","1":"product","2":"type-product","3":"status-publish","4":"has-post-thumbnail","6":"product_cat-boissons","7":"product_cat-vins","8":"product_cat-vins-blancs","9":"product_tag-auxerrois","10":"product_tag-blanc","11":"product_tag-krippes","12":"product_tag-moselle","13":"product_tag-rene","14":"product_tag-rosport","15":"product_tag-vin","16":"pa_size-750ml","18":"first","19":"instock","20":"shipping-taxable","21":"purchasable","22":"product-type-simple"},"_links":{"self":[{"href":"https:\/\/shop24.lu\/de\/wp-json\/wp\/v2\/product\/20688","targetHints":{"allow":["GET"]}}],"collection":[{"href":"https:\/\/shop24.lu\/de\/wp-json\/wp\/v2\/product"}],"about":[{"href":"https:\/\/shop24.lu\/de\/wp-json\/wp\/v2\/types\/product"}],"replies":[{"embeddable":true,"href":"https:\/\/shop24.lu\/de\/wp-json\/wp\/v2\/comments?post=20688"}],"wp:featuredmedia":[{"embeddable":true,"href":"https:\/\/shop24.lu\/de\/wp-json\/wp\/v2\/media\/20685"}],"wp:attachment":[{"href":"https:\/\/shop24.lu\/de\/wp-json\/wp\/v2\/media?parent=20688"}],"wp:term":[{"taxonomy":"product_brand","embeddable":true,"href":"https:\/\/shop24.lu\/de\/wp-json\/wp\/v2\/product_brand?post=20688"},{"taxonomy":"product_cat","embeddable":true,"href":"https:\/\/shop24.lu\/de\/wp-json\/wp\/v2\/product_cat?post=20688"},{"taxonomy":"product_tag","embeddable":true,"href":"https:\/\/shop24.lu\/de\/wp-json\/wp\/v2\/product_tag?post=20688"}],"curies":[{"name":"wp","href":"https:\/\/api.w.org\/{rel}","templated":true}]}}