{"id":221956,"date":"2023-06-27T22:04:18","date_gmt":"2023-06-27T20:04:18","guid":{"rendered":"https:\/\/shop24.lu\/?post_type=product&#038;p=221956"},"modified":"2024-07-24T13:49:58","modified_gmt":"2024-07-24T11:49:58","slug":"thalgo-serum-resurfacant-intensif-nuit-peeling-marin","status":"publish","type":"product","link":"https:\/\/shop24.lu\/de\/product\/thalgo-serum-resurfacant-intensif-nuit-peeling-marin\/","title":{"rendered":"THALGO \u2013 Intensiv erneuerndes Marine-Peeling-Serum f\u00fcr die Nacht"},"content":{"rendered":"","protected":false},"excerpt":{"rendered":"<p>Dieses Serum ist hochdosiert aus mikroexplosierten Algens\u00e4urefermenten, titriert in Milchs\u00e4ure, Glykol- und Glucons\u00e4ure, f\u00fcr einen \u201eneuen Haut\u201c-Effekt, der ab 7 Tagen sichtbar ist.<\/p>","protected":false},"featured_media":221959,"comment_status":"closed","ping_status":"closed","template":"","meta":{"_seopress_robots_primary_cat":"","_seopress_titles_title":"","_seopress_titles_desc":"","_seopress_robots_index":""},"product_brand":[],"product_cat":[565],"product_tag":[357,31328,362,328],"class_list":{"0":"post-221956","1":"product","2":"type-product","3":"status-publish","4":"has-post-thumbnail","6":"product_cat-soins-du-visage-h","7":"product_tag-peeling","8":"product_tag-renouvellement","9":"product_tag-serum","10":"product_tag-thalgo","12":"first","13":"instock","14":"shipping-taxable","15":"purchasable","16":"product-type-simple"},"_links":{"self":[{"href":"https:\/\/shop24.lu\/de\/wp-json\/wp\/v2\/product\/221956","targetHints":{"allow":["GET"]}}],"collection":[{"href":"https:\/\/shop24.lu\/de\/wp-json\/wp\/v2\/product"}],"about":[{"href":"https:\/\/shop24.lu\/de\/wp-json\/wp\/v2\/types\/product"}],"replies":[{"embeddable":true,"href":"https:\/\/shop24.lu\/de\/wp-json\/wp\/v2\/comments?post=221956"}],"wp:featuredmedia":[{"embeddable":true,"href":"https:\/\/shop24.lu\/de\/wp-json\/wp\/v2\/media\/221959"}],"wp:attachment":[{"href":"https:\/\/shop24.lu\/de\/wp-json\/wp\/v2\/media?parent=221956"}],"wp:term":[{"taxonomy":"product_brand","embeddable":true,"href":"https:\/\/shop24.lu\/de\/wp-json\/wp\/v2\/product_brand?post=221956"},{"taxonomy":"product_cat","embeddable":true,"href":"https:\/\/shop24.lu\/de\/wp-json\/wp\/v2\/product_cat?post=221956"},{"taxonomy":"product_tag","embeddable":true,"href":"https:\/\/shop24.lu\/de\/wp-json\/wp\/v2\/product_tag?post=221956"}],"curies":[{"name":"wp","href":"https:\/\/api.w.org\/{rel}","templated":true}]}}