{"id":2418,"date":"2020-09-10T23:03:08","date_gmt":"2020-09-10T21:03:08","guid":{"rendered":"https:\/\/shop24.lu\/?post_type=product&#038;p=2418"},"modified":"2024-07-16T15:29:40","modified_gmt":"2024-07-16T13:29:40","slug":"thalgo-lotion-tonique-beaute","status":"publish","type":"product","link":"https:\/\/shop24.lu\/de\/product\/thalgo-lotion-tonique-beaute\/","title":{"rendered":"Thalgo-Beauty Tonic Lotion"},"content":{"rendered":"<p>1. Gesichts- und Augentonikum mit S\u00e8ve Bleue des Oc\u00e9ans, das die Make-up-Entfernung f\u00fcr alle Hauttypen, auch empfindliche, sanft perfektioniert.<\/p>","protected":false},"excerpt":{"rendered":"<p>1. Gesichts- und Augentonikum mit S\u00e8ve Bleue des Oc\u00e9ans, das die Make-up-Entfernung f\u00fcr alle Hauttypen, auch empfindliche, sanft perfektioniert.<\/p>","protected":false},"featured_media":277061,"comment_status":"open","ping_status":"closed","template":"","meta":{"_seopress_robots_primary_cat":"","_seopress_titles_title":"","_seopress_titles_desc":"","_seopress_robots_index":""},"product_brand":[],"product_cat":[60,330,339],"product_tag":[329,352,332,305,348,345,328,351],"class_list":{"0":"post-2418","1":"product","2":"type-product","3":"status-publish","4":"has-post-thumbnail","6":"product_cat-beaute","7":"product_cat-nettoyants","8":"product_cat-soins-du-visage","9":"product_tag-beauty","10":"product_tag-demaquillant","11":"product_tag-eauceane","12":"product_tag-nettoyant","13":"product_tag-soin","14":"product_tag-soin-visage","15":"product_tag-thalgo","16":"product_tag-tonique","18":"first","19":"instock","20":"shipping-taxable","21":"purchasable","22":"product-type-simple"},"_links":{"self":[{"href":"https:\/\/shop24.lu\/de\/wp-json\/wp\/v2\/product\/2418","targetHints":{"allow":["GET"]}}],"collection":[{"href":"https:\/\/shop24.lu\/de\/wp-json\/wp\/v2\/product"}],"about":[{"href":"https:\/\/shop24.lu\/de\/wp-json\/wp\/v2\/types\/product"}],"replies":[{"embeddable":true,"href":"https:\/\/shop24.lu\/de\/wp-json\/wp\/v2\/comments?post=2418"}],"wp:featuredmedia":[{"embeddable":true,"href":"https:\/\/shop24.lu\/de\/wp-json\/wp\/v2\/media\/277061"}],"wp:attachment":[{"href":"https:\/\/shop24.lu\/de\/wp-json\/wp\/v2\/media?parent=2418"}],"wp:term":[{"taxonomy":"product_brand","embeddable":true,"href":"https:\/\/shop24.lu\/de\/wp-json\/wp\/v2\/product_brand?post=2418"},{"taxonomy":"product_cat","embeddable":true,"href":"https:\/\/shop24.lu\/de\/wp-json\/wp\/v2\/product_cat?post=2418"},{"taxonomy":"product_tag","embeddable":true,"href":"https:\/\/shop24.lu\/de\/wp-json\/wp\/v2\/product_tag?post=2418"}],"curies":[{"name":"wp","href":"https:\/\/api.w.org\/{rel}","templated":true}]}}