{"id":2422,"date":"2020-09-10T23:16:17","date_gmt":"2020-09-10T21:16:17","guid":{"rendered":"https:\/\/shop24.lu\/?post_type=product&#038;p=2422"},"modified":"2024-07-17T12:24:03","modified_gmt":"2024-07-17T10:24:03","slug":"thalgo-embruns-vivifiants-regeneratifs","status":"publish","type":"product","link":"https:\/\/shop24.lu\/de\/product\/thalgo-embruns-vivifiants-regeneratifs\/","title":{"rendered":"Thalgo &#8211; Embruns vivifiants remin\u00e9ralisants"},"content":{"rendered":"<p>Ein unverzichtbares Sch\u00f6nheitsspray, das der Haut t\u00e4glich die feuchtigkeitsspendenden, erm\u00fcdungshemmenden und verj\u00fcngenden Vorteile von Meerwasser bietet.<\/p>","protected":false},"excerpt":{"rendered":"<p>Ein unverzichtbares Sch\u00f6nheitsspray, das der Haut t\u00e4glich die feuchtigkeitsspendenden, erm\u00fcdungshemmenden und verj\u00fcngenden Vorteile von Meerwasser bietet.<\/p>","protected":false},"featured_media":277121,"comment_status":"open","ping_status":"closed","template":"","meta":{"_seopress_robots_primary_cat":"","_seopress_titles_title":"","_seopress_titles_desc":"","_seopress_robots_index":""},"product_brand":[],"product_cat":[60,330,339],"product_tag":[329,354,331,332,355,305,348,345,328],"class_list":{"0":"post-2422","1":"product","2":"type-product","3":"status-publish","4":"has-post-thumbnail","6":"product_cat-beaute","7":"product_cat-nettoyants","8":"product_cat-soins-du-visage","9":"product_tag-beauty","10":"product_tag-defatigant","11":"product_tag-demaquillage","12":"product_tag-eauceane","13":"product_tag-hydratant","14":"product_tag-nettoyant","15":"product_tag-soin","16":"product_tag-soin-visage","17":"product_tag-thalgo","19":"first","20":"instock","21":"shipping-taxable","22":"purchasable","23":"product-type-simple"},"_links":{"self":[{"href":"https:\/\/shop24.lu\/de\/wp-json\/wp\/v2\/product\/2422","targetHints":{"allow":["GET"]}}],"collection":[{"href":"https:\/\/shop24.lu\/de\/wp-json\/wp\/v2\/product"}],"about":[{"href":"https:\/\/shop24.lu\/de\/wp-json\/wp\/v2\/types\/product"}],"replies":[{"embeddable":true,"href":"https:\/\/shop24.lu\/de\/wp-json\/wp\/v2\/comments?post=2422"}],"wp:featuredmedia":[{"embeddable":true,"href":"https:\/\/shop24.lu\/de\/wp-json\/wp\/v2\/media\/277121"}],"wp:attachment":[{"href":"https:\/\/shop24.lu\/de\/wp-json\/wp\/v2\/media?parent=2422"}],"wp:term":[{"taxonomy":"product_brand","embeddable":true,"href":"https:\/\/shop24.lu\/de\/wp-json\/wp\/v2\/product_brand?post=2422"},{"taxonomy":"product_cat","embeddable":true,"href":"https:\/\/shop24.lu\/de\/wp-json\/wp\/v2\/product_cat?post=2422"},{"taxonomy":"product_tag","embeddable":true,"href":"https:\/\/shop24.lu\/de\/wp-json\/wp\/v2\/product_tag?post=2422"}],"curies":[{"name":"wp","href":"https:\/\/api.w.org\/{rel}","templated":true}]}}