{"id":2765,"date":"2020-09-17T14:17:57","date_gmt":"2020-09-17T12:17:57","guid":{"rendered":"https:\/\/shop24.lu\/?post_type=product&#038;p=2765"},"modified":"2024-07-24T16:17:15","modified_gmt":"2024-07-24T14:17:15","slug":"thalgo-lait-activateur-de-bronzage-corps","status":"publish","type":"product","link":"https:\/\/shop24.lu\/de\/product\/thalgo-lait-activateur-de-bronzage-corps\/","title":{"rendered":"Thalgo-Lait Br\u00e4unungsaktivator K\u00f6rper"},"content":{"rendered":"<p>Diese Beschleunigerbehandlung stimuliert die Melaninproduktion dank eines Inositol-Derivats, das hilft, die nat\u00fcrliche Br\u00e4une zu intensivieren und zu verl\u00e4ngern.<\/p>","protected":false},"excerpt":{"rendered":"<p>K\u00f6rperbr\u00e4unungs-Aktivierungsmilch<\/p>","protected":false},"featured_media":2766,"comment_status":"open","ping_status":"closed","template":"","meta":{"_seopress_robots_primary_cat":"","_seopress_titles_title":"","_seopress_titles_desc":"","_seopress_robots_index":""},"product_brand":[],"product_cat":[60,21999],"product_tag":[329,480,479,332,348,478,469,328],"class_list":{"0":"post-2765","1":"product","2":"type-product","3":"status-publish","4":"has-post-thumbnail","6":"product_cat-beaute","7":"product_cat-soins-solaire","8":"product_tag-beauty","9":"product_tag-bronzage","10":"product_tag-creme-solaire","11":"product_tag-eauceane","12":"product_tag-soin","13":"product_tag-soin-corps","14":"product_tag-solaire","15":"product_tag-thalgo","17":"first","18":"instock","19":"shipping-taxable","20":"purchasable","21":"product-type-simple"},"_links":{"self":[{"href":"https:\/\/shop24.lu\/de\/wp-json\/wp\/v2\/product\/2765","targetHints":{"allow":["GET"]}}],"collection":[{"href":"https:\/\/shop24.lu\/de\/wp-json\/wp\/v2\/product"}],"about":[{"href":"https:\/\/shop24.lu\/de\/wp-json\/wp\/v2\/types\/product"}],"replies":[{"embeddable":true,"href":"https:\/\/shop24.lu\/de\/wp-json\/wp\/v2\/comments?post=2765"}],"wp:featuredmedia":[{"embeddable":true,"href":"https:\/\/shop24.lu\/de\/wp-json\/wp\/v2\/media\/2766"}],"wp:attachment":[{"href":"https:\/\/shop24.lu\/de\/wp-json\/wp\/v2\/media?parent=2765"}],"wp:term":[{"taxonomy":"product_brand","embeddable":true,"href":"https:\/\/shop24.lu\/de\/wp-json\/wp\/v2\/product_brand?post=2765"},{"taxonomy":"product_cat","embeddable":true,"href":"https:\/\/shop24.lu\/de\/wp-json\/wp\/v2\/product_cat?post=2765"},{"taxonomy":"product_tag","embeddable":true,"href":"https:\/\/shop24.lu\/de\/wp-json\/wp\/v2\/product_tag?post=2765"}],"curies":[{"name":"wp","href":"https:\/\/api.w.org\/{rel}","templated":true}]}}