{"id":277108,"date":"2024-07-17T08:28:54","date_gmt":"2024-07-17T06:28:54","guid":{"rendered":"https:\/\/shop24.lu\/fr\/product\/thalgo-huile-en-gel-demaquillante\/"},"modified":"2024-07-17T08:28:54","modified_gmt":"2024-07-17T06:28:54","slug":"thalgo-huile-en-gel-demaquillante","status":"publish","type":"product","link":"https:\/\/shop24.lu\/de\/product\/thalgo-huile-en-gel-demaquillante\/","title":{"rendered":"THALGO &#8211; huile en gel d\u00e9maquillante"},"content":{"rendered":"<p>Soin d\u00e9maquillant expert par excellence, cette huile-en-gel \u00e0 l\u2019Extrait d\u2019Algues Micro-Eclat\u00e9es revitalisantes, offre au visage une efficacit\u00e9  3 en 1 : elle \u00e9limine le maquillage m\u00eame waterproof, nettoie en profondeur et apporte douceur et souplesse \u00e0 la peau.<\/p>","protected":false},"excerpt":{"rendered":"<p>Soin d\u00e9maquillant expert par excellence, cette huile-en-gel \u00e0 l\u2019Extrait d\u2019Algues Micro-Eclat\u00e9es revitalisantes, offre au visage une efficacit\u00e9  3 en 1 : elle \u00e9limine le maquillage m\u00eame waterproof, nettoie en profondeur et apporte douceur et souplesse \u00e0 la peau.<\/p>","protected":false},"featured_media":277107,"comment_status":"closed","ping_status":"closed","template":"","meta":{"_seopress_robots_primary_cat":"","_seopress_titles_title":"","_seopress_titles_desc":"","_seopress_robots_index":""},"product_brand":[],"product_cat":[60,565],"product_tag":[],"class_list":{"0":"post-277108","1":"product","2":"type-product","3":"status-publish","4":"has-post-thumbnail","6":"product_cat-beaute","7":"product_cat-soins-du-visage-h","9":"first","10":"instock","11":"shipping-taxable","12":"purchasable","13":"product-type-simple"},"_links":{"self":[{"href":"https:\/\/shop24.lu\/de\/wp-json\/wp\/v2\/product\/277108","targetHints":{"allow":["GET"]}}],"collection":[{"href":"https:\/\/shop24.lu\/de\/wp-json\/wp\/v2\/product"}],"about":[{"href":"https:\/\/shop24.lu\/de\/wp-json\/wp\/v2\/types\/product"}],"replies":[{"embeddable":true,"href":"https:\/\/shop24.lu\/de\/wp-json\/wp\/v2\/comments?post=277108"}],"wp:featuredmedia":[{"embeddable":true,"href":"https:\/\/shop24.lu\/de\/wp-json\/wp\/v2\/media\/277107"}],"wp:attachment":[{"href":"https:\/\/shop24.lu\/de\/wp-json\/wp\/v2\/media?parent=277108"}],"wp:term":[{"taxonomy":"product_brand","embeddable":true,"href":"https:\/\/shop24.lu\/de\/wp-json\/wp\/v2\/product_brand?post=277108"},{"taxonomy":"product_cat","embeddable":true,"href":"https:\/\/shop24.lu\/de\/wp-json\/wp\/v2\/product_cat?post=277108"},{"taxonomy":"product_tag","embeddable":true,"href":"https:\/\/shop24.lu\/de\/wp-json\/wp\/v2\/product_tag?post=277108"}],"curies":[{"name":"wp","href":"https:\/\/api.w.org\/{rel}","templated":true}]}}