{"id":277145,"date":"2024-07-17T16:23:19","date_gmt":"2024-07-17T14:23:19","guid":{"rendered":"https:\/\/shop24.lu\/fr\/product\/thalgo-eco-recharge-gel-creme-fraicheur-hydratant\/"},"modified":"2024-07-17T16:23:20","modified_gmt":"2024-07-17T14:23:20","slug":"thalgo-eco-recharge-gel-creme-fraicheur-hydratant","status":"publish","type":"product","link":"https:\/\/shop24.lu\/de\/product\/thalgo-eco-recharge-gel-creme-fraicheur-hydratant\/","title":{"rendered":"THALGO &#8211; Eco-recharge Gel-cr\u00e8me fra\u00eecheur hydratant"},"content":{"rendered":"<p>Dans le cadre de sa d\u00e9marche responsable, THALGO vous propose un pot rechargeable. D\u2019un geste simple et rapide, rechargez votre Gel-Cr\u00e8me Fra\u00eecheur Hydratant Source Marine.<\/p>\n<p>Ce gel-cr\u00e8me ultra frais, concentr\u00e9 en s\u00e8ve bleue des oc\u00e9ans et en filtrat d\u2019algues micro-\u00e9clat\u00e9es brevet\u00e9es est enrichi d\u2019un complexe d&rsquo;alginates \u00e0 diffusion progressive qui hydrate pendant 24H. Instantan\u00e9ment, la formule procure une agr\u00e9able sensation de fra\u00eecheur \u00e0 la peau. Comme gorg\u00e9e d\u2019eau, elle retrouve douceur et souplesse et reste hydrat\u00e9e jusqu\u2019au soir. Jour apr\u00e8s jour, les ridules de d\u00e9shydratation semblent s\u2019estomper, la peau est visiblement plus fra\u00eeche et semble fortifi\u00e9e.<\/p>","protected":false},"excerpt":{"rendered":"<p>Dans le cadre de sa d\u00e9marche responsable, THALGO vous propose un pot rechargeable. D\u2019un geste simple et rapide, rechargez votre Gel-Cr\u00e8me Fra\u00eecheur Hydratant Source Marine. Ce gel-cr\u00e8me ultra frais, concentr\u00e9 en s\u00e8ve bleue des oc\u00e9ans et en filtrat d\u2019algues micro-\u00e9clat\u00e9es brevet\u00e9es est enrichi d\u2019un complexe d&rsquo;alginates \u00e0 diffusion progressive qui hydrate pendant 24H. Instantan\u00e9ment, la [&#8230;]\n","protected":false},"featured_media":277143,"comment_status":"closed","ping_status":"closed","template":"","meta":{"_seopress_robots_primary_cat":"","_seopress_titles_title":"","_seopress_titles_desc":"","_seopress_robots_index":""},"product_brand":[],"product_cat":[29832,339],"product_tag":[371,368],"class_list":{"0":"post-277145","1":"product","2":"type-product","3":"status-publish","4":"has-post-thumbnail","6":"product_cat-cremes-de-jour-et-de-nuit","7":"product_cat-soins-du-visage","8":"product_tag-creme-jour","9":"product_tag-creme-visage","11":"first","12":"instock","13":"shipping-taxable","14":"purchasable","15":"product-type-simple"},"_links":{"self":[{"href":"https:\/\/shop24.lu\/de\/wp-json\/wp\/v2\/product\/277145","targetHints":{"allow":["GET"]}}],"collection":[{"href":"https:\/\/shop24.lu\/de\/wp-json\/wp\/v2\/product"}],"about":[{"href":"https:\/\/shop24.lu\/de\/wp-json\/wp\/v2\/types\/product"}],"replies":[{"embeddable":true,"href":"https:\/\/shop24.lu\/de\/wp-json\/wp\/v2\/comments?post=277145"}],"wp:featuredmedia":[{"embeddable":true,"href":"https:\/\/shop24.lu\/de\/wp-json\/wp\/v2\/media\/277143"}],"wp:attachment":[{"href":"https:\/\/shop24.lu\/de\/wp-json\/wp\/v2\/media?parent=277145"}],"wp:term":[{"taxonomy":"product_brand","embeddable":true,"href":"https:\/\/shop24.lu\/de\/wp-json\/wp\/v2\/product_brand?post=277145"},{"taxonomy":"product_cat","embeddable":true,"href":"https:\/\/shop24.lu\/de\/wp-json\/wp\/v2\/product_cat?post=277145"},{"taxonomy":"product_tag","embeddable":true,"href":"https:\/\/shop24.lu\/de\/wp-json\/wp\/v2\/product_tag?post=277145"}],"curies":[{"name":"wp","href":"https:\/\/api.w.org\/{rel}","templated":true}]}}