{"id":277153,"date":"2024-07-17T16:28:59","date_gmt":"2024-07-17T14:28:59","guid":{"rendered":"https:\/\/shop24.lu\/fr\/product\/thalgo-soin-de-nuit-ressourcant\/"},"modified":"2024-07-17T16:29:00","modified_gmt":"2024-07-17T14:29:00","slug":"thalgo-soin-de-nuit-ressourcant","status":"publish","type":"product","link":"https:\/\/shop24.lu\/de\/product\/thalgo-soin-de-nuit-ressourcant\/","title":{"rendered":"THALGO &#8211; Soin de nuit ressour\u00e7ant"},"content":{"rendered":"<p>Cette cr\u00e8me de nuit douce et enveloppante, concentr\u00e9e en s\u00e8ve bleue des oc\u00e9ans et en filtrat d\u2019algues micro-\u00e9clat\u00e9es brevet\u00e9es est enrichie en calcium marin pour offrir \u00e0 la peau un bain ressour\u00e7ant nocturne. D\u00e8s le premier r\u00e9veil, la peau est plus pulpeuse, et semble s\u2019\u00eatre intens\u00e9ment recharg\u00e9e en eau. Nuit apr\u00e8s nuit, la peau est comme revitalis\u00e9e, visiblement plus belle.<\/p>","protected":false},"excerpt":{"rendered":"<p>Cette cr\u00e8me de nuit douce et enveloppante, concentr\u00e9e en s\u00e8ve bleue des oc\u00e9ans et en filtrat d\u2019algues micro-\u00e9clat\u00e9es brevet\u00e9es est enrichie en calcium marin pour offrir \u00e0 la peau un bain ressour\u00e7ant nocturne. D\u00e8s le premier r\u00e9veil, la peau est plus pulpeuse, et semble s\u2019\u00eatre intens\u00e9ment recharg\u00e9e en eau. Nuit apr\u00e8s nuit, la peau est [&#8230;]\n","protected":false},"featured_media":277152,"comment_status":"closed","ping_status":"closed","template":"","meta":{"_seopress_robots_primary_cat":"","_seopress_titles_title":"","_seopress_titles_desc":"","_seopress_robots_index":""},"product_brand":[],"product_cat":[29832],"product_tag":[373],"class_list":{"0":"post-277153","1":"product","2":"type-product","3":"status-publish","4":"has-post-thumbnail","6":"product_cat-cremes-de-jour-et-de-nuit","7":"product_tag-creme-nuit","9":"first","10":"instock","11":"shipping-taxable","12":"purchasable","13":"product-type-simple"},"_links":{"self":[{"href":"https:\/\/shop24.lu\/de\/wp-json\/wp\/v2\/product\/277153","targetHints":{"allow":["GET"]}}],"collection":[{"href":"https:\/\/shop24.lu\/de\/wp-json\/wp\/v2\/product"}],"about":[{"href":"https:\/\/shop24.lu\/de\/wp-json\/wp\/v2\/types\/product"}],"replies":[{"embeddable":true,"href":"https:\/\/shop24.lu\/de\/wp-json\/wp\/v2\/comments?post=277153"}],"wp:featuredmedia":[{"embeddable":true,"href":"https:\/\/shop24.lu\/de\/wp-json\/wp\/v2\/media\/277152"}],"wp:attachment":[{"href":"https:\/\/shop24.lu\/de\/wp-json\/wp\/v2\/media?parent=277153"}],"wp:term":[{"taxonomy":"product_brand","embeddable":true,"href":"https:\/\/shop24.lu\/de\/wp-json\/wp\/v2\/product_brand?post=277153"},{"taxonomy":"product_cat","embeddable":true,"href":"https:\/\/shop24.lu\/de\/wp-json\/wp\/v2\/product_cat?post=277153"},{"taxonomy":"product_tag","embeddable":true,"href":"https:\/\/shop24.lu\/de\/wp-json\/wp\/v2\/product_tag?post=277153"}],"curies":[{"name":"wp","href":"https:\/\/api.w.org\/{rel}","templated":true}]}}