{"id":277254,"date":"2024-07-18T16:45:24","date_gmt":"2024-07-18T14:45:24","guid":{"rendered":"https:\/\/shop24.lu\/fr\/product\/thalgo-soin-perfecteur-matite\/"},"modified":"2024-07-18T16:45:25","modified_gmt":"2024-07-18T14:45:25","slug":"thalgo-soin-perfecteur-matite","status":"publish","type":"product","link":"https:\/\/shop24.lu\/de\/product\/thalgo-soin-perfecteur-matite\/","title":{"rendered":"Thalgo &#8211; soin perfecteur matit\u00e9"},"content":{"rendered":"<p>Offrant une matit\u00e9 id\u00e9ale durant 8 Heures, ce fluide permet une double correction anti-brillances et minimise l&rsquo;apparence des pores pour un grain de peau affin\u00e9. Convient \u00e9galement aux hommes.<\/p>","protected":false},"excerpt":{"rendered":"<p>Offrant une matit\u00e9 id\u00e9ale durant 8 Heures, ce fluide permet une double correction anti-brillances et minimise l&rsquo;apparence des pores pour un grain de peau affin\u00e9. Convient \u00e9galement aux hommes.<\/p>","protected":false},"featured_media":277253,"comment_status":"closed","ping_status":"closed","template":"","meta":{"_seopress_robots_primary_cat":"","_seopress_titles_title":"","_seopress_titles_desc":"","_seopress_robots_index":""},"product_brand":[],"product_cat":[565],"product_tag":[31588,349],"class_list":{"0":"post-277254","1":"product","2":"type-product","3":"status-publish","4":"has-post-thumbnail","6":"product_cat-soins-du-visage-h","7":"product_tag-imperfection","8":"product_tag-peaux-mixtes","10":"first","11":"instock","12":"shipping-taxable","13":"purchasable","14":"product-type-simple"},"_links":{"self":[{"href":"https:\/\/shop24.lu\/de\/wp-json\/wp\/v2\/product\/277254","targetHints":{"allow":["GET"]}}],"collection":[{"href":"https:\/\/shop24.lu\/de\/wp-json\/wp\/v2\/product"}],"about":[{"href":"https:\/\/shop24.lu\/de\/wp-json\/wp\/v2\/types\/product"}],"replies":[{"embeddable":true,"href":"https:\/\/shop24.lu\/de\/wp-json\/wp\/v2\/comments?post=277254"}],"wp:featuredmedia":[{"embeddable":true,"href":"https:\/\/shop24.lu\/de\/wp-json\/wp\/v2\/media\/277253"}],"wp:attachment":[{"href":"https:\/\/shop24.lu\/de\/wp-json\/wp\/v2\/media?parent=277254"}],"wp:term":[{"taxonomy":"product_brand","embeddable":true,"href":"https:\/\/shop24.lu\/de\/wp-json\/wp\/v2\/product_brand?post=277254"},{"taxonomy":"product_cat","embeddable":true,"href":"https:\/\/shop24.lu\/de\/wp-json\/wp\/v2\/product_cat?post=277254"},{"taxonomy":"product_tag","embeddable":true,"href":"https:\/\/shop24.lu\/de\/wp-json\/wp\/v2\/product_tag?post=277254"}],"curies":[{"name":"wp","href":"https:\/\/api.w.org\/{rel}","templated":true}]}}