{"id":277256,"date":"2024-07-18T16:47:38","date_gmt":"2024-07-18T14:47:38","guid":{"rendered":"https:\/\/shop24.lu\/fr\/product\/thalgo-masque-clarte-absolue\/"},"modified":"2024-07-18T16:47:39","modified_gmt":"2024-07-18T14:47:39","slug":"thalgo-masque-clarte-absolue","status":"publish","type":"product","link":"https:\/\/shop24.lu\/de\/product\/thalgo-masque-clarte-absolue\/","title":{"rendered":"THALGO &#8211; Masque clart\u00e9 absolue"},"content":{"rendered":"<p>Ce masque-soin \u00e9limine s\u00e9bum et impuret\u00e9s en 10 minutes pour une peau purifi\u00e9e et clarifi\u00e9e, instantan\u00e9ment plus nette.<\/p>","protected":false},"excerpt":{"rendered":"<p>Ce masque-soin \u00e9limine s\u00e9bum et impuret\u00e9s en 10 minutes pour une peau purifi\u00e9e et clarifi\u00e9e, instantan\u00e9ment plus nette.<\/p>","protected":false},"featured_media":277255,"comment_status":"closed","ping_status":"closed","template":"","meta":{"_seopress_robots_primary_cat":"","_seopress_titles_title":"","_seopress_titles_desc":"","_seopress_robots_index":""},"product_brand":[],"product_cat":[565],"product_tag":[31588,31589],"class_list":{"0":"post-277256","1":"product","2":"type-product","3":"status-publish","4":"has-post-thumbnail","6":"product_cat-soins-du-visage-h","7":"product_tag-imperfection","8":"product_tag-pores","10":"first","11":"instock","12":"shipping-taxable","13":"purchasable","14":"product-type-simple"},"_links":{"self":[{"href":"https:\/\/shop24.lu\/de\/wp-json\/wp\/v2\/product\/277256","targetHints":{"allow":["GET"]}}],"collection":[{"href":"https:\/\/shop24.lu\/de\/wp-json\/wp\/v2\/product"}],"about":[{"href":"https:\/\/shop24.lu\/de\/wp-json\/wp\/v2\/types\/product"}],"replies":[{"embeddable":true,"href":"https:\/\/shop24.lu\/de\/wp-json\/wp\/v2\/comments?post=277256"}],"wp:featuredmedia":[{"embeddable":true,"href":"https:\/\/shop24.lu\/de\/wp-json\/wp\/v2\/media\/277255"}],"wp:attachment":[{"href":"https:\/\/shop24.lu\/de\/wp-json\/wp\/v2\/media?parent=277256"}],"wp:term":[{"taxonomy":"product_brand","embeddable":true,"href":"https:\/\/shop24.lu\/de\/wp-json\/wp\/v2\/product_brand?post=277256"},{"taxonomy":"product_cat","embeddable":true,"href":"https:\/\/shop24.lu\/de\/wp-json\/wp\/v2\/product_cat?post=277256"},{"taxonomy":"product_tag","embeddable":true,"href":"https:\/\/shop24.lu\/de\/wp-json\/wp\/v2\/product_tag?post=277256"}],"curies":[{"name":"wp","href":"https:\/\/api.w.org\/{rel}","templated":true}]}}