{"id":277258,"date":"2024-07-18T16:49:16","date_gmt":"2024-07-18T14:49:16","guid":{"rendered":"https:\/\/shop24.lu\/fr\/product\/thalgo-correcteur-dimperfections\/"},"modified":"2024-07-18T16:49:17","modified_gmt":"2024-07-18T14:49:17","slug":"thalgo-correcteur-dimperfections","status":"publish","type":"product","link":"https:\/\/shop24.lu\/de\/product\/thalgo-correcteur-dimperfections\/","title":{"rendered":"THALGO &#8211; Correcteur d&rsquo;imperfections"},"content":{"rendered":"<p>V\u00e9ritable \u00ab\u00a0pansement\u00a0\u00bb ass\u00e9chant gorg\u00e9 d&rsquo;Acide Hyaluronique reconstructeur, ce gel \u00e9pure les foyers bact\u00e9riens. La disparition des imperfections est favoris\u00e9e en seulement quelques jours.<\/p>","protected":false},"excerpt":{"rendered":"<p>V\u00e9ritable \u00ab\u00a0pansement\u00a0\u00bb ass\u00e9chant gorg\u00e9 d&rsquo;Acide Hyaluronique reconstructeur, ce gel \u00e9pure les foyers bact\u00e9riens. La disparition des imperfections est favoris\u00e9e en seulement quelques jours.<\/p>","protected":false},"featured_media":277257,"comment_status":"closed","ping_status":"closed","template":"","meta":{"_seopress_robots_primary_cat":"","_seopress_titles_title":"","_seopress_titles_desc":"","_seopress_robots_index":""},"product_brand":[],"product_cat":[565],"product_tag":[31590],"class_list":{"0":"post-277258","1":"product","2":"type-product","3":"status-publish","4":"has-post-thumbnail","6":"product_cat-soins-du-visage-h","7":"product_tag-imperfections","9":"first","10":"instock","11":"shipping-taxable","12":"purchasable","13":"product-type-simple"},"_links":{"self":[{"href":"https:\/\/shop24.lu\/de\/wp-json\/wp\/v2\/product\/277258","targetHints":{"allow":["GET"]}}],"collection":[{"href":"https:\/\/shop24.lu\/de\/wp-json\/wp\/v2\/product"}],"about":[{"href":"https:\/\/shop24.lu\/de\/wp-json\/wp\/v2\/types\/product"}],"replies":[{"embeddable":true,"href":"https:\/\/shop24.lu\/de\/wp-json\/wp\/v2\/comments?post=277258"}],"wp:featuredmedia":[{"embeddable":true,"href":"https:\/\/shop24.lu\/de\/wp-json\/wp\/v2\/media\/277257"}],"wp:attachment":[{"href":"https:\/\/shop24.lu\/de\/wp-json\/wp\/v2\/media?parent=277258"}],"wp:term":[{"taxonomy":"product_brand","embeddable":true,"href":"https:\/\/shop24.lu\/de\/wp-json\/wp\/v2\/product_brand?post=277258"},{"taxonomy":"product_cat","embeddable":true,"href":"https:\/\/shop24.lu\/de\/wp-json\/wp\/v2\/product_cat?post=277258"},{"taxonomy":"product_tag","embeddable":true,"href":"https:\/\/shop24.lu\/de\/wp-json\/wp\/v2\/product_tag?post=277258"}],"curies":[{"name":"wp","href":"https:\/\/api.w.org\/{rel}","templated":true}]}}