{"id":277668,"date":"2024-07-24T10:49:29","date_gmt":"2024-07-24T08:49:29","guid":{"rendered":"https:\/\/shop24.lu\/fr\/product\/thalgo-roller-age-fitness\/"},"modified":"2024-07-24T10:49:33","modified_gmt":"2024-07-24T08:49:33","slug":"thalgo-roller-age-fitness","status":"publish","type":"product","link":"https:\/\/shop24.lu\/de\/product\/thalgo-roller-age-fitness\/","title":{"rendered":"THALGO &#8211; Roller Age Fitness"},"content":{"rendered":"<p>Inspir\u00e9 du face fitness, cet accessoire imite l\u2019effet du modelage professionnel anti-\u00e2ge \u00e0 domicile. La peau para\u00eet liss\u00e9e, progressivement plus ferme. Les traits du visage semblent lift\u00e9s.<\/p>\n<p>Le + produit :  il s&rsquo;utilise en association avec l&rsquo;ensemble des soins anti-\u00e2ge THALGO.<\/p>\n<p>Face Fitness = Remise en forme du visage.<\/p>","protected":false},"excerpt":{"rendered":"<p>Inspir\u00e9 du face fitness, cet accessoire imite l\u2019effet du modelage professionnel anti-\u00e2ge \u00e0 domicile. La peau para\u00eet liss\u00e9e, progressivement plus ferme. Les traits du visage semblent lift\u00e9s. Le + produit : il s&rsquo;utilise en association avec l&rsquo;ensemble des soins anti-\u00e2ge THALGO. Face Fitness = Remise en forme du visage.<\/p>","protected":false},"featured_media":277667,"comment_status":"closed","ping_status":"closed","template":"","meta":{"_seopress_robots_primary_cat":"","_seopress_titles_title":"","_seopress_titles_desc":"","_seopress_robots_index":""},"product_brand":[],"product_cat":[565],"product_tag":[31591,358],"class_list":{"0":"post-277668","1":"product","2":"type-product","3":"status-publish","4":"has-post-thumbnail","6":"product_cat-soins-du-visage-h","7":"product_tag-accessoire","8":"product_tag-anti-aging","10":"first","11":"instock","12":"shipping-taxable","13":"purchasable","14":"product-type-simple"},"_links":{"self":[{"href":"https:\/\/shop24.lu\/de\/wp-json\/wp\/v2\/product\/277668","targetHints":{"allow":["GET"]}}],"collection":[{"href":"https:\/\/shop24.lu\/de\/wp-json\/wp\/v2\/product"}],"about":[{"href":"https:\/\/shop24.lu\/de\/wp-json\/wp\/v2\/types\/product"}],"replies":[{"embeddable":true,"href":"https:\/\/shop24.lu\/de\/wp-json\/wp\/v2\/comments?post=277668"}],"wp:featuredmedia":[{"embeddable":true,"href":"https:\/\/shop24.lu\/de\/wp-json\/wp\/v2\/media\/277667"}],"wp:attachment":[{"href":"https:\/\/shop24.lu\/de\/wp-json\/wp\/v2\/media?parent=277668"}],"wp:term":[{"taxonomy":"product_brand","embeddable":true,"href":"https:\/\/shop24.lu\/de\/wp-json\/wp\/v2\/product_brand?post=277668"},{"taxonomy":"product_cat","embeddable":true,"href":"https:\/\/shop24.lu\/de\/wp-json\/wp\/v2\/product_cat?post=277668"},{"taxonomy":"product_tag","embeddable":true,"href":"https:\/\/shop24.lu\/de\/wp-json\/wp\/v2\/product_tag?post=277668"}],"curies":[{"name":"wp","href":"https:\/\/api.w.org\/{rel}","templated":true}]}}