{"id":2777,"date":"2020-09-17T19:51:01","date_gmt":"2020-09-17T17:51:01","guid":{"rendered":"https:\/\/shop24.lu\/?post_type=product&#038;p=2777"},"modified":"2024-07-24T16:18:03","modified_gmt":"2024-07-24T14:18:03","slug":"thalgo-lait-age-defense-spf30-corps","status":"publish","type":"product","link":"https:\/\/shop24.lu\/de\/product\/thalgo-lait-age-defense-spf30-corps\/","title":{"rendered":"Thalgo-Lait Age Defence SPF30 K\u00f6rper"},"content":{"rendered":"<p>Optimaler Schutz vor den ersten Expositionen. Mit dieser cremigen Milch k\u00f6nnen Sie sicher und dauerhaft br\u00e4unen. Glatte und samtige Milch mit einer feinen und ultraleichten Textur.<\/p>","protected":false},"excerpt":{"rendered":"<p>Age Defense LSF 30 K\u00f6rpermilch<\/p>","protected":false},"featured_media":2778,"comment_status":"open","ping_status":"closed","template":"","meta":{"_seopress_robots_primary_cat":"","_seopress_titles_title":"","_seopress_titles_desc":"","_seopress_robots_index":""},"product_brand":[],"product_cat":[60,21999],"product_tag":[479,484,332,348,478,469,489,487,328],"class_list":{"0":"post-2777","1":"product","2":"type-product","3":"status-publish","4":"has-post-thumbnail","6":"product_cat-beaute","7":"product_cat-soins-solaire","8":"product_tag-creme-solaire","9":"product_tag-creme-solaire-15","10":"product_tag-eauceane","11":"product_tag-soin","12":"product_tag-soin-corps","13":"product_tag-solaire","14":"product_tag-sun","15":"product_tag-sun-care","16":"product_tag-thalgo","18":"first","19":"instock","20":"shipping-taxable","21":"purchasable","22":"product-type-simple"},"_links":{"self":[{"href":"https:\/\/shop24.lu\/de\/wp-json\/wp\/v2\/product\/2777","targetHints":{"allow":["GET"]}}],"collection":[{"href":"https:\/\/shop24.lu\/de\/wp-json\/wp\/v2\/product"}],"about":[{"href":"https:\/\/shop24.lu\/de\/wp-json\/wp\/v2\/types\/product"}],"replies":[{"embeddable":true,"href":"https:\/\/shop24.lu\/de\/wp-json\/wp\/v2\/comments?post=2777"}],"wp:featuredmedia":[{"embeddable":true,"href":"https:\/\/shop24.lu\/de\/wp-json\/wp\/v2\/media\/2778"}],"wp:attachment":[{"href":"https:\/\/shop24.lu\/de\/wp-json\/wp\/v2\/media?parent=2777"}],"wp:term":[{"taxonomy":"product_brand","embeddable":true,"href":"https:\/\/shop24.lu\/de\/wp-json\/wp\/v2\/product_brand?post=2777"},{"taxonomy":"product_cat","embeddable":true,"href":"https:\/\/shop24.lu\/de\/wp-json\/wp\/v2\/product_cat?post=2777"},{"taxonomy":"product_tag","embeddable":true,"href":"https:\/\/shop24.lu\/de\/wp-json\/wp\/v2\/product_tag?post=2777"}],"curies":[{"name":"wp","href":"https:\/\/api.w.org\/{rel}","templated":true}]}}