{"id":284253,"date":"2024-10-10T16:06:04","date_gmt":"2024-10-10T14:06:04","guid":{"rendered":"https:\/\/shop24.lu\/fr\/product\/office-2024-professional-plus-ltsc\/"},"modified":"2024-10-10T16:20:29","modified_gmt":"2024-10-10T14:20:29","slug":"office-2024-professional-plus-ltsc","status":"publish","type":"product","link":"https:\/\/shop24.lu\/de\/product\/office-2024-professional-plus-ltsc\/","title":{"rendered":"Office 2024 Professional Plus LTSC"},"content":{"rendered":"<p>LORSQUE VOUS ACHETEZ LA LICENCE, VOUS RECEVEZ LES \u00c9L\u00c9MENTS SUIVANTS :<br \/>\n=&gt; Cl\u00e9 d&rsquo;activation<br \/>\n=&gt; Facture<br \/>\n=&gt; Fichier d&rsquo;installation \u00e0 t\u00e9l\u00e9charger<br \/>\n\u2714\ufe0f Livraison par email.<br \/>\n\u2714\ufe0f Multilingue (toutes les langues).<br \/>\n\u2714\ufe0f Vous pouvez r\u00e9installer apr\u00e8s formatage et changement de p\u00e9riph\u00e9riques quand vous le souhaitez.<br \/>\n\u2714\ufe0f Licence \u00e0 vie, achetez MAINTENANT et utilisez-le POUR TOUTE LA VIE.<br \/>\n\u2714\ufe0f Garantie \u00e0 vie sur votre licence.<br \/>\n\u2714\ufe0f Licence valable pour les entreprises et les particuliers.<br \/>\n\u2714\ufe0f Licence valable pour les audits et la revente.<br \/>\nMarque MICROSOFT<br \/>\nEAN : 0889842856354<\/p>\n<p>Nous envoyons une documentation juridique, car ce produit est un logiciel utilis\u00e9, la loi \u00e9tablit 4 conditions :<br \/>\n1. Le premier pays d&rsquo;utilisation est l&rsquo;UE\/EEE ou la Suisse.<br \/>\n2. Le produit a \u00e9t\u00e9 enti\u00e8rement pay\u00e9 au propri\u00e9taire des droits d&rsquo;auteur.<br \/>\n3. Le produit est perp\u00e9tuel sans limite de temps pour son utilisation.<br \/>\n4. Le produit n&rsquo;est plus utilis\u00e9 par le premier propri\u00e9taire.<\/p>","protected":false},"excerpt":{"rendered":"<p>Office Long Term Service Channel (LTSC) 2024 est la derni\u00e8re \u00e9dition sur site des principales applications de productivit\u00e9 de Microsoft, con\u00e7ue pour \u00eatre utilis\u00e9e dans des environnements d\u00e9connect\u00e9s ou restreints. Les logiciels suivants sont inclus:<br \/>\nAccess, Excel, OneNote, Outlook, PowerPoint et Word.<\/p>","protected":false},"featured_media":284248,"comment_status":"closed","ping_status":"closed","template":"","meta":{"_seopress_robots_primary_cat":"","_seopress_titles_title":"","_seopress_titles_desc":"","_seopress_robots_index":""},"product_brand":[],"product_cat":[1456],"product_tag":[31595,31596,31593,31015,31075,31594],"class_list":{"0":"post-284253","1":"product","2":"type-product","3":"status-publish","4":"has-post-thumbnail","6":"product_cat-logiciels","7":"product_tag-31595","8":"product_tag-ltsc","9":"product_tag-microsoft","10":"product_tag-office","11":"product_tag-pro","12":"product_tag-professional","14":"first","15":"instock","16":"sale","17":"featured","18":"shipping-taxable","19":"purchasable","20":"product-type-simple"},"_links":{"self":[{"href":"https:\/\/shop24.lu\/de\/wp-json\/wp\/v2\/product\/284253","targetHints":{"allow":["GET"]}}],"collection":[{"href":"https:\/\/shop24.lu\/de\/wp-json\/wp\/v2\/product"}],"about":[{"href":"https:\/\/shop24.lu\/de\/wp-json\/wp\/v2\/types\/product"}],"replies":[{"embeddable":true,"href":"https:\/\/shop24.lu\/de\/wp-json\/wp\/v2\/comments?post=284253"}],"wp:featuredmedia":[{"embeddable":true,"href":"https:\/\/shop24.lu\/de\/wp-json\/wp\/v2\/media\/284248"}],"wp:attachment":[{"href":"https:\/\/shop24.lu\/de\/wp-json\/wp\/v2\/media?parent=284253"}],"wp:term":[{"taxonomy":"product_brand","embeddable":true,"href":"https:\/\/shop24.lu\/de\/wp-json\/wp\/v2\/product_brand?post=284253"},{"taxonomy":"product_cat","embeddable":true,"href":"https:\/\/shop24.lu\/de\/wp-json\/wp\/v2\/product_cat?post=284253"},{"taxonomy":"product_tag","embeddable":true,"href":"https:\/\/shop24.lu\/de\/wp-json\/wp\/v2\/product_tag?post=284253"}],"curies":[{"name":"wp","href":"https:\/\/api.w.org\/{rel}","templated":true}]}}