{"id":288272,"date":"2024-11-11T15:13:57","date_gmt":"2024-11-11T13:13:57","guid":{"rendered":"https:\/\/shop24.lu\/fr\/product\/musthave-magic-drops-anti-redness\/"},"modified":"2024-11-11T15:14:11","modified_gmt":"2024-11-11T13:14:11","slug":"musthave-magic-drops-anti-redness","status":"publish","type":"product","link":"https:\/\/shop24.lu\/de\/product\/musthave-magic-drops-anti-redness\/","title":{"rendered":"Musthave &#8211; Magic Drops anti redness"},"content":{"rendered":"<p>D\u00e9couvrez la formule r\u00e9volutionnaire anti-rougeurs &#8211; une solution exquise pour les besoins des peaux exigeantes. Notre formule avanc\u00e9e, d\u00e9velopp\u00e9e par des experts en soins de la peau de premier plan, offre une solution sup\u00e9rieure aux peaux irrit\u00e9es, sensibles et sujettes \u00e0 la couperose. <\/p>\n<p>MagicDrops Anti-Redness a \u00e9t\u00e9 sp\u00e9cialement d\u00e9velopp\u00e9 et adapt\u00e9 aux besoins des peaux irrit\u00e9es, sensibles et sujettes \u00e0 la couperose ou \u00e0 la rosac\u00e9e. Notre formule hautement efficace offre une protection cibl\u00e9e et un soin intensif pour une peau saine et \u00e9quilibr\u00e9e. <\/p>\n<p>La science derri\u00e8re MagicDrops Anti-Redness : notre formule exclusive r\u00e9unit une s\u00e9rie d&rsquo;ingr\u00e9dients principaux hautement efficaces, soigneusement s\u00e9lectionn\u00e9s et valid\u00e9s scientifiquement :<\/p>\n<p>Panth\u00e9nol : provitamine B5, connue pour sa capacit\u00e9 \u00e0 augmenter la capacit\u00e9 d&rsquo;hydratation et \u00e0 am\u00e9liorer l&rsquo;\u00e9lasticit\u00e9 de la peau.<\/p>\n<p>Glycyrrhizate de dipotassium : extrait de la racine de r\u00e9glisse, connu pour ses propri\u00e9t\u00e9s anti-inflammatoires, qui att\u00e9nue les irritations cutan\u00e9es et r\u00e9duit les d\u00e9mangeaisons.<\/p>\n<p>Hamamelis Virginiana (Witch Hazel) Bark\/Extrakt : un extrait d&rsquo;hamam\u00e9lis apaisant et anti-inflammatoire qui contribue \u00e0 apaiser et \u00e0 revitaliser la peau.<\/p>\n<p>du bisabolol : Une substance active naturelle extraite de la camomille, connue pour ses propri\u00e9t\u00e9s anti-inflammatoires et apaisantes pour la peau.<\/p>\n<p>Aesculus Hippocastanum (Horse Chestnut) : Extrait de graines de marronnier d&rsquo;Inde, riche en saponines, qui renforce les parois des vaisseaux sanguins pour obtenir un effet anti-couperose.<\/p>\n<p>Hyaluronate de sodium : une forme d&rsquo;acide hyaluronique \u00e0 haut poids mol\u00e9culaire et \u00e0 faible poids mol\u00e9culaire qui hydrate intens\u00e9ment la peau et la raffermit.<\/p>\n<p>L&rsquo;action de MagicDrops Anti-Redness :<br \/>\nHydratation intense et maintien de l&rsquo;hydratation pour une peau souple et \u00e9lastique. Renforcement des parois vasculaires et r\u00e9duction des rougeurs gr\u00e2ce \u00e0 un effet anti-couperose cibl\u00e9. Apaisement et soulagement des irritations et des d\u00e9mangeaisons pour une sensation de confort sur la peau. Am\u00e9lioration de la structure et de l&rsquo;\u00e9lasticit\u00e9 de la peau pour une apparence jeune et radieuse.<\/p>","protected":false},"excerpt":{"rendered":"<p>MagicDrops Anti-Redness a \u00e9t\u00e9 sp\u00e9cialement d\u00e9velopp\u00e9 et adapt\u00e9 aux besoins des peaux irrit\u00e9es, sensibles et sujettes \u00e0 la couperose ou \u00e0 la rosac\u00e9e. Notre formule hautement efficace offre une protection cibl\u00e9e et un soin intensif pour une peau saine et \u00e9quilibr\u00e9e.<\/p>","protected":false},"featured_media":288271,"comment_status":"closed","ping_status":"closed","template":"","meta":{"_seopress_robots_primary_cat":"","_seopress_titles_title":"","_seopress_titles_desc":"","_seopress_robots_index":""},"product_brand":[],"product_cat":[565],"product_tag":[31611,362,31610,360],"class_list":{"0":"post-288272","1":"product","2":"type-product","3":"status-publish","4":"has-post-thumbnail","6":"product_cat-soins-du-visage-h","7":"product_tag-rougeur","8":"product_tag-serum","9":"product_tag-soins","10":"product_tag-visage","12":"first","13":"instock","14":"shipping-taxable","15":"purchasable","16":"product-type-simple"},"_links":{"self":[{"href":"https:\/\/shop24.lu\/de\/wp-json\/wp\/v2\/product\/288272","targetHints":{"allow":["GET"]}}],"collection":[{"href":"https:\/\/shop24.lu\/de\/wp-json\/wp\/v2\/product"}],"about":[{"href":"https:\/\/shop24.lu\/de\/wp-json\/wp\/v2\/types\/product"}],"replies":[{"embeddable":true,"href":"https:\/\/shop24.lu\/de\/wp-json\/wp\/v2\/comments?post=288272"}],"wp:featuredmedia":[{"embeddable":true,"href":"https:\/\/shop24.lu\/de\/wp-json\/wp\/v2\/media\/288271"}],"wp:attachment":[{"href":"https:\/\/shop24.lu\/de\/wp-json\/wp\/v2\/media?parent=288272"}],"wp:term":[{"taxonomy":"product_brand","embeddable":true,"href":"https:\/\/shop24.lu\/de\/wp-json\/wp\/v2\/product_brand?post=288272"},{"taxonomy":"product_cat","embeddable":true,"href":"https:\/\/shop24.lu\/de\/wp-json\/wp\/v2\/product_cat?post=288272"},{"taxonomy":"product_tag","embeddable":true,"href":"https:\/\/shop24.lu\/de\/wp-json\/wp\/v2\/product_tag?post=288272"}],"curies":[{"name":"wp","href":"https:\/\/api.w.org\/{rel}","templated":true}]}}