{"id":288278,"date":"2024-11-11T15:20:57","date_gmt":"2024-11-11T13:20:57","guid":{"rendered":"https:\/\/shop24.lu\/fr\/product\/musthave-magic-drops-glamorous-glow\/"},"modified":"2024-11-11T15:20:58","modified_gmt":"2024-11-11T13:20:58","slug":"musthave-magic-drops-glamorous-glow","status":"publish","type":"product","link":"https:\/\/shop24.lu\/de\/product\/musthave-magic-drops-glamorous-glow\/","title":{"rendered":"Musthave &#8211; Magic Drops Glamorous Glow"},"content":{"rendered":"<p>La peau entre sur une sc\u00e8ne brillante o\u00f9 les signes du temps s&rsquo;estompent et les ridules disparaissent dans l&rsquo;\u00e9clat de l&rsquo;innovation. L&rsquo;acide hyaluronique puissant, sublim\u00e9 par un biopolym\u00e8re 3D exclusif Instensyl\u00ae, enveloppe la peau dans un r\u00e9seau de beaut\u00e9 qui la raffermit et la lifte instantan\u00e9ment. Et tandis que les rayons du soleil caressent la peau, les pigments r\u00e9flecteurs de lumi\u00e8re transforment chaque pli en un souvenir \u00e9tincelant qui s&rsquo;efface dans le rayonnement du temps.<\/p>\n<p>Un secret exquis se cache derri\u00e8re cet \u00e9clat resplendissant : les pigments Glow uniques, qui donnent \u00e0 la peau une touche de magie et un \u00e9clat \u00e9ternel. Comme des am\u00e9thystes pr\u00e9cieuses, ces pigments enveloppent la peau d&rsquo;une lueur qui capture la lumi\u00e8re et la lib\u00e8re dans un \u00e9clat miraculeux.<\/p>\n<p>GLAMOROUS GLOW est le compagnon id\u00e9al pour les occasions sp\u00e9ciales &#8211; un joyau indispensable dans la trousse de beaut\u00e9 pour les moments o\u00f9 vous souhaitez briller. Que ce soit lors d&rsquo;une soir\u00e9e glamour ou d&rsquo;un d\u00eener enchant\u00e9, cet \u00e9lixir d&rsquo;\u00e9l\u00e9gance vous transformera en une \u00e9toile rayonnante.<\/p>\n<p>Le charme charismatique de cette formule r\u00e9side dans les ingr\u00e9dients raffin\u00e9s :<br \/>\n&#8211; L&rsquo;acide hyaluronique, royal, qui impr\u00e8gne et pr\u00e9serve la peau comme une pluie douce de l&rsquo;humidit\u00e9.<br \/>\n&#8211; Le biopolym\u00e8re 3D Instensyl\u00ae, une cr\u00e9ation de la racine de manioc exotique, qui tisse un r\u00e9seau de beaut\u00e9 et soul\u00e8ve instantan\u00e9ment la peau.<br \/>\n&#8211; Les pigments r\u00e9fracteurs de lumi\u00e8re, qui capturent la lumi\u00e8re et la refl\u00e8tent dans une danse de rajeunissement, transformant les rides en r\u00eaves oubli\u00e9s.<br \/>\n&#8211; Et les pigments Glow lumineux, qui plongent la peau dans une lueur dor\u00e9e et l&rsquo;entourent d&rsquo;une aura de gr\u00e2ce.<\/p>\n<p>Vivez la magie de GLAMOROUS GLOW &#8211; un voyage dans le monde de la jeunesse rayonnante et de la beaut\u00e9 glamour. Votre peau sera envelopp\u00e9e d&rsquo;un manteau brillant qui fera fleurir sa beaut\u00e9 et la fera briller d&rsquo;un \u00e9clat lumineux.<\/p>","protected":false},"excerpt":{"rendered":"<p>Un secret enchanteur pour un teint \u00e9poustouflant, captant la lumi\u00e8re et la refl\u00e9tant dans une danse chatoyante. Ce chef-d&rsquo;\u0153uvre des soins de beaut\u00e9 est bien plus qu&rsquo;un simple produit &#8211; c&rsquo;est une symphonie de magie et de jeunesse \u00e9clatante qui ensorcelle et repulpe la peau instantan\u00e9ment.<\/p>","protected":false},"featured_media":288277,"comment_status":"closed","ping_status":"closed","template":"","meta":{"_seopress_robots_primary_cat":"","_seopress_titles_title":"","_seopress_titles_desc":"","_seopress_robots_index":""},"product_brand":[],"product_cat":[565],"product_tag":[31612,362,360],"class_list":{"0":"post-288278","1":"product","2":"type-product","3":"status-publish","4":"has-post-thumbnail","6":"product_cat-soins-du-visage-h","7":"product_tag-eclat","8":"product_tag-serum","9":"product_tag-visage","11":"first","12":"instock","13":"shipping-taxable","14":"purchasable","15":"product-type-simple"},"_links":{"self":[{"href":"https:\/\/shop24.lu\/de\/wp-json\/wp\/v2\/product\/288278","targetHints":{"allow":["GET"]}}],"collection":[{"href":"https:\/\/shop24.lu\/de\/wp-json\/wp\/v2\/product"}],"about":[{"href":"https:\/\/shop24.lu\/de\/wp-json\/wp\/v2\/types\/product"}],"replies":[{"embeddable":true,"href":"https:\/\/shop24.lu\/de\/wp-json\/wp\/v2\/comments?post=288278"}],"wp:featuredmedia":[{"embeddable":true,"href":"https:\/\/shop24.lu\/de\/wp-json\/wp\/v2\/media\/288277"}],"wp:attachment":[{"href":"https:\/\/shop24.lu\/de\/wp-json\/wp\/v2\/media?parent=288278"}],"wp:term":[{"taxonomy":"product_brand","embeddable":true,"href":"https:\/\/shop24.lu\/de\/wp-json\/wp\/v2\/product_brand?post=288278"},{"taxonomy":"product_cat","embeddable":true,"href":"https:\/\/shop24.lu\/de\/wp-json\/wp\/v2\/product_cat?post=288278"},{"taxonomy":"product_tag","embeddable":true,"href":"https:\/\/shop24.lu\/de\/wp-json\/wp\/v2\/product_tag?post=288278"}],"curies":[{"name":"wp","href":"https:\/\/api.w.org\/{rel}","templated":true}]}}