{"id":288286,"date":"2024-11-11T15:29:58","date_gmt":"2024-11-11T13:29:58","guid":{"rendered":"https:\/\/shop24.lu\/fr\/product\/musthave-magic-drops-vitamin-c-power\/"},"modified":"2024-11-11T15:30:00","modified_gmt":"2024-11-11T13:30:00","slug":"musthave-magic-drops-vitamin-c-power","status":"publish","type":"product","link":"https:\/\/shop24.lu\/de\/product\/musthave-magic-drops-vitamin-c-power\/","title":{"rendered":"Musthave &#8211; Magic Drops Vitamin C power"},"content":{"rendered":"<p>La peau s&rsquo;ouvre \u00e0 la puissance de la vitamine C, qui brille comme une \u00e9toile radieuse dans le ciel de la beaut\u00e9. Un \u00e9lixir enchanteur capable de remonter le temps en att\u00e9nuant les hyperpigmentations et les t\u00e2ches de vieillesse. Le secret r\u00e9side dans l&rsquo;inhibition douce de la production de m\u00e9lanine, plongeant le visage dans une teinte \u00e9clatante. Parall\u00e8lement, la symphonie de la production de collag\u00e8ne est entonn\u00e9e, plongeant la peau dans une danse juv\u00e9nile de fermet\u00e9 et de douceur.<\/p>\n<p>Le glyc\u00e9rol, facteur d&rsquo;hydratation naturel, coule tel un ruisseau rafra\u00eechissant \u00e0 travers la peau, tandis que l&rsquo;acide hyaluronique l&rsquo;enveloppe doucement dans un cocon d&rsquo;hydratation. Un acte royal d&rsquo;hydratation et de lissage qui maintient la peau dans une \u00e9treinte d\u00e9licate.<\/p>\n<p>VITAMIN C POWER est le meilleur ami des peaux stress\u00e9es, fatigu\u00e9es ou hyperpigment\u00e9es. Un \u00e9lixir revigorant qui enveloppe la peau le matin comme un doux baiser de fra\u00eecheur pour la pr\u00e9parer \u00e0 la journ\u00e9e.<\/p>\n<p>Les ingr\u00e9dients nourrissants et pr\u00e9cieux derri\u00e8re ce sortil\u00e8ge sont :<br \/>\n&#8211; Le glyc\u00e9rol, source naturelle d&rsquo;hydratation, qui enveloppe la peau d&rsquo;un manteau scintillant.<br \/>\n&#8211; Le phosphate d&rsquo;ascorbyle de sodium, le sel de l&rsquo;acide ascorbique, qui allume un feu radieux dans la peau. La production de collag\u00e8ne, pilier de la jeunesse, est stimul\u00e9e tandis que la d\u00e9gradation est frein\u00e9e. Et comme si ce n&rsquo;\u00e9tait pas assez de merveilles, il agit \u00e9galement comme un courageux antioxydant qui prot\u00e8ge la peau contre les temp\u00eates du temps.<br \/>\n&#8211; Le sodium hyaluronate, l&rsquo;acide hyaluronique royal, qui, tel un diamant pr\u00e9cieux, hydrate la peau et la plonge dans une danse festive de douceur et de fermet\u00e9.<\/p>\n<p>Entrez dans le monde du VITAMIN C POWER &#8211; une potion magique qui rajeunit, rafra\u00eechit la peau et la plonge dans un teint radieux. Les signes du temps s&rsquo;effacent tandis que la jeunesse refleurit et que la peau rayonne d&rsquo;une splendeur \u00e9clatante, tel un astre lointain.<\/p>","protected":false},"excerpt":{"rendered":"<p>Un \u00e9lixir s\u00e9duisant qui enveloppe la peau d&rsquo;une lueur rayonnante de jeunesse. Ce concentr\u00e9 r\u00e9parateur miraculeux est tel un breuvage magique qui r\u00e9g\u00e9n\u00e8re, stimule la peau et lui insuffle une touche d&rsquo;\u00e9ternit\u00e9.<\/p>","protected":false},"featured_media":288285,"comment_status":"closed","ping_status":"closed","template":"","meta":{"_seopress_robots_primary_cat":"","_seopress_titles_title":"","_seopress_titles_desc":"","_seopress_robots_index":""},"product_brand":[],"product_cat":[565],"product_tag":[31615,362,31614],"class_list":{"0":"post-288286","1":"product","2":"type-product","3":"status-publish","4":"has-post-thumbnail","6":"product_cat-soins-du-visage-h","7":"product_tag-eclaircissant","8":"product_tag-serum","9":"product_tag-tache","11":"first","12":"instock","13":"shipping-taxable","14":"purchasable","15":"product-type-simple"},"_links":{"self":[{"href":"https:\/\/shop24.lu\/de\/wp-json\/wp\/v2\/product\/288286","targetHints":{"allow":["GET"]}}],"collection":[{"href":"https:\/\/shop24.lu\/de\/wp-json\/wp\/v2\/product"}],"about":[{"href":"https:\/\/shop24.lu\/de\/wp-json\/wp\/v2\/types\/product"}],"replies":[{"embeddable":true,"href":"https:\/\/shop24.lu\/de\/wp-json\/wp\/v2\/comments?post=288286"}],"wp:featuredmedia":[{"embeddable":true,"href":"https:\/\/shop24.lu\/de\/wp-json\/wp\/v2\/media\/288285"}],"wp:attachment":[{"href":"https:\/\/shop24.lu\/de\/wp-json\/wp\/v2\/media?parent=288286"}],"wp:term":[{"taxonomy":"product_brand","embeddable":true,"href":"https:\/\/shop24.lu\/de\/wp-json\/wp\/v2\/product_brand?post=288286"},{"taxonomy":"product_cat","embeddable":true,"href":"https:\/\/shop24.lu\/de\/wp-json\/wp\/v2\/product_cat?post=288286"},{"taxonomy":"product_tag","embeddable":true,"href":"https:\/\/shop24.lu\/de\/wp-json\/wp\/v2\/product_tag?post=288286"}],"curies":[{"name":"wp","href":"https:\/\/api.w.org\/{rel}","templated":true}]}}