{"id":39858,"date":"2021-09-24T19:17:50","date_gmt":"2021-09-24T17:17:50","guid":{"rendered":"https:\/\/shop24.lu\/?post_type=product&#038;p=39858"},"modified":"2024-07-24T10:27:45","modified_gmt":"2024-07-24T08:27:45","slug":"thalgo-hyalu-procollagene","status":"publish","type":"product","link":"https:\/\/shop24.lu\/de\/product\/thalgo-hyalu-procollagene\/","title":{"rendered":"Thalgo-Hyalu Prokollagen"},"content":{"rendered":"<p>Ce masque frais et  g\u00e9lifi\u00e9, contient un acide hyaluronique r\u00e9ticul\u00e9 aux propri\u00e9t\u00e9s repulpantes pour un r\u00e9sultat instantan\u00e9 et durable. Gr\u00e2ce \u00e0 son embout-pinceau inspir\u00e9 des soins professionnels THALGO, il permet une efficacit\u00e9 anti-rides cibl\u00e9e. D\u00e8s 10 minutes, la peau est repulp\u00e9e et les rides paraissent liss\u00e9es jusqu\u2019au soir.<\/p>","protected":false},"excerpt":{"rendered":"<p>Ce masque frais et g\u00e9lifi\u00e9, contient un acide hyaluronique r\u00e9ticul\u00e9 aux propri\u00e9t\u00e9s repulpantes pour un r\u00e9sultat instantan\u00e9 et durable. Gr\u00e2ce \u00e0 son embout-pinceau inspir\u00e9 des soins professionnels THALGO, il permet une efficacit\u00e9 anti-rides cibl\u00e9e. D\u00e8s 10 minutes, la peau est repulp\u00e9e et les rides paraissent liss\u00e9es jusqu\u2019au soir.<\/p>","protected":false},"featured_media":39859,"comment_status":"closed","ping_status":"closed","template":"","meta":{"_seopress_robots_primary_cat":"","_seopress_titles_title":"","_seopress_titles_desc":"","_seopress_robots_index":""},"product_brand":[],"product_cat":[60,330,339],"product_tag":[30273,363,30275,328],"class_list":{"0":"post-39858","1":"product","2":"type-product","3":"status-publish","4":"has-post-thumbnail","6":"product_cat-beaute","7":"product_cat-nettoyants","8":"product_cat-soins-du-visage","9":"product_tag-anti","10":"product_tag-masque","11":"product_tag-rides","12":"product_tag-thalgo","14":"first","15":"instock","16":"shipping-taxable","17":"purchasable","18":"product-type-simple"},"_links":{"self":[{"href":"https:\/\/shop24.lu\/de\/wp-json\/wp\/v2\/product\/39858","targetHints":{"allow":["GET"]}}],"collection":[{"href":"https:\/\/shop24.lu\/de\/wp-json\/wp\/v2\/product"}],"about":[{"href":"https:\/\/shop24.lu\/de\/wp-json\/wp\/v2\/types\/product"}],"replies":[{"embeddable":true,"href":"https:\/\/shop24.lu\/de\/wp-json\/wp\/v2\/comments?post=39858"}],"wp:featuredmedia":[{"embeddable":true,"href":"https:\/\/shop24.lu\/de\/wp-json\/wp\/v2\/media\/39859"}],"wp:attachment":[{"href":"https:\/\/shop24.lu\/de\/wp-json\/wp\/v2\/media?parent=39858"}],"wp:term":[{"taxonomy":"product_brand","embeddable":true,"href":"https:\/\/shop24.lu\/de\/wp-json\/wp\/v2\/product_brand?post=39858"},{"taxonomy":"product_cat","embeddable":true,"href":"https:\/\/shop24.lu\/de\/wp-json\/wp\/v2\/product_cat?post=39858"},{"taxonomy":"product_tag","embeddable":true,"href":"https:\/\/shop24.lu\/de\/wp-json\/wp\/v2\/product_tag?post=39858"}],"curies":[{"name":"wp","href":"https:\/\/api.w.org\/{rel}","templated":true}]}}