{"id":40761,"date":"2021-12-29T22:21:21","date_gmt":"2021-12-29T20:21:21","guid":{"rendered":"https:\/\/shop24.lu\/de\/product\/terra-mobile-1460q\/"},"modified":"2023-12-25T17:40:09","modified_gmt":"2023-12-25T15:40:09","slug":"terra-mobile-1460q","status":"publish","type":"product","link":"https:\/\/shop24.lu\/de\/product\/terra-mobile-1460q\/","title":{"rendered":"TERRA MOBILE 1460Q [DE]"},"content":{"rendered":"<p><strong>Allgemein<\/strong><br \/>\nIntel\u00ae Core\u2122 i5-10210Y Prozessor (6 MB Cache, bis zu 4,00 GHz)<br \/>\nBetriebssystem Windows 10 (Kostenloses Upgrade auf Windows 11, falls verf\u00fcgbar*.)<br \/>\n<strong>Software<\/strong><br \/>\nSoftware vorinstalliert 1 Monat Testversion f\u00fcr neue Microsoft\u00ae 365-Kunden.<br \/>\n<strong>Bildschirm<\/strong><br \/>\nBildschirmgr\u00f6\u00dfe <strong>35,6 cm (14\u2033)<\/strong><br \/>\n1920 x 1080 Bildschirmaufl\u00f6sung<br \/>\nBildschirmtyp Keine Blendung<br \/>\nArt der Hintergrundbeleuchtung LED-Hintergrundbeleuchtung<br \/>\n<strong>Prozessor<\/strong><br \/>\nCore i5 Prozessorfamilie<br \/>\nAnzahl der Quad-Core-Prozessorkerne<br \/>\n<strong>Memory<\/strong><br \/>\n8 GB RAM-Speicher<br \/>\nMaximaler RAM-Speicher 8 GB<br \/>\nInterner Speichertyp DDR3 SDRAM<br \/>\nSpeichersteckpl\u00e4tze Nicht skalierbar<br \/>\n<strong>Grafik<\/strong><br \/>\nIntel\u00ae UHD-Grafikkarte<br \/>\nIntel\u00ae UHD Graphics Onboard-Grafikadaptermodell<br \/>\n<strong>Optisches Laufwerk<\/strong><br \/>\nOptisches Laufwerk - Typ Keine<br \/>\n<strong>Performance<\/strong><br \/>\nAllround-Serie<br \/>\nProduktfarbe Silber<br \/>\n<strong>Netzwerk<\/strong><br \/>\nBluetooth 4.0<br \/>\nWLAN-Standards Bluetooth 4.0, Wi-Fi 802.11a \/ b \/ g \/ n \/ ac<br \/>\nMobilfunkstandards LTE-Upgrade m\u00f6glich<br \/>\n<strong>Speichermedium<\/strong><br \/>\nIntegrierter Kartenleser Ja<br \/>\nPCIe-SSD-Schnittstelle (NVMe)<br \/>\n256 GB SSD-Speicherkapazit\u00e4t<br \/>\nSpeichersteckpl\u00e4tze 1 x M.2 2280 SSD, SATA \/ PCIe Gen3x4-Schnittstelle<br \/>\nGesamtspeicherkapazit\u00e4t 256 GB<br \/>\n<strong>Technische Details<\/strong><br \/>\nOrt <strong>Deutschland<\/strong><br \/>\nTastatur mit Hintergrundbeleuchtung ja<br \/>\n<strong>Gewicht und Abmessungen<\/strong><br \/>\nH\u00f6he 1,49 cm<br \/>\nBreite 34,0 cm<br \/>\nTiefe 23,2 cm<br \/>\nGewicht 1,49 kg<br \/>\n<strong>Batterie<\/strong><br \/>\nAkku (Akkulaufzeit) 10 h<br \/>\nLithium-Polymer-Akkutechnologie<br \/>\n<strong>Andere Funktionen<\/strong><br \/>\nSchnittstelle 1 x USB 3.2 Gen1 Typ C<br \/>\n1 x USB 3.2 Typ A<br \/>\n2 x USB 2.0<br \/>\nMicro-HDMI<br \/>\nMicro-SD-Kartenleser<br \/>\nKopfh\u00f6rer \/ Mikrofon<br \/>\n<strong>Sicherheit<\/strong><br \/>\nTPM 2.0-Sicherheitsfunktionen<br \/>\n<strong>Kamera<\/strong><br \/>\nAufl\u00f6sung der Hauptkamera 1 Megapixel<br \/>\n<strong>Anmerkungen<\/strong><br \/>\nWeitere Informationen<\/p>\n<p>*Der Upgrade-Prozess befindet sich in der Endphase und wird voraussichtlich Ende 2021 beginnen. Der genaue Prozess und der Zeitpunkt k\u00f6nnen je nach Ger\u00e4t variieren. Mindestsystemvoraussetzungen f\u00fcr ein kostenloses Update finden Sie unter: https:\/\/www.microsoft.com\/de-de\/windows\/windows-11-specifications<\/p>","protected":false},"excerpt":{"rendered":"<p>Das 15 Millimeter dicke TERRA MOBILE 1460Q mit passiver K\u00fchlung und hochwertigem Aluminiumgeh\u00e4use ist optimiert f\u00fcr den mobilen Einsatz im professionellen Bereich. Der Intel Core-Prozessor der 10. Generation in Kombination mit einer SSD bietet Ihnen eine schnelle Betriebszeit und eine hervorragende Rechenleistung. Der Laptop ist mit einem 14-Zoll-Full-HD-Bildschirm und einer hintergrundbeleuchteten Tastatur ausgestattet. Mit nur 1,49 kg \u00fcberzeugt das TERRA MOBILE 1460Q in Sachen Gewicht und Handling.<\/p>\n<p>Prozessor <strong>Intel\u00ae Core\u2122 i5-10210Y<\/strong> (6 MB Cache, bis zu 4,00 GHz)<br \/>\nWindows 10 (Kostenloses Update auf Windows 11 falls verf\u00fcgbar *.)<br \/>\nBildschirmgr\u00f6\u00dfe 35,6 cm ( <strong>14\u2033<\/strong> )<br \/>\n<strong>1920 x 1080<\/strong> Bildschirmaufl\u00f6sung<br \/>\nBildschirmtyp Keine Blendung<br \/>\n<strong>8 GB RAM-Speicher<\/strong><br \/>\nIntel\u00ae UHD-Grafik<br \/>\n<strong>256 GB<\/strong> Gesamtspeicherkapazit\u00e4t<\/p>\n<p><strong>Achtung: Tastatur<\/strong> Deutsch <strong>QWERTZ<\/strong><\/p>","protected":false},"featured_media":40753,"comment_status":"closed","ping_status":"closed","template":"","meta":{"_seopress_robots_primary_cat":"none","_seopress_titles_title":"","_seopress_titles_desc":"","_seopress_robots_index":""},"product_brand":[],"product_cat":[1510,82,31004],"product_tag":[30799,30798,30794,30795,126,1476,138,30797,30793,30823],"class_list":{"0":"post-40761","1":"product","2":"type-product","3":"status-publish","4":"has-post-thumbnail","6":"product_cat-informatique","7":"product_cat-ordinateurs","8":"product_cat-portables","9":"product_tag-i5","10":"product_tag-intel","11":"product_tag-it","12":"product_tag-laptop","13":"product_tag-mobile","14":"product_tag-notebook","15":"product_tag-pc","16":"product_tag-tech","17":"product_tag-terra","18":"product_tag-wortmann","20":"first","21":"instock","22":"featured","23":"shipping-taxable","24":"purchasable","25":"product-type-simple"},"_links":{"self":[{"href":"https:\/\/shop24.lu\/de\/wp-json\/wp\/v2\/product\/40761","targetHints":{"allow":["GET"]}}],"collection":[{"href":"https:\/\/shop24.lu\/de\/wp-json\/wp\/v2\/product"}],"about":[{"href":"https:\/\/shop24.lu\/de\/wp-json\/wp\/v2\/types\/product"}],"replies":[{"embeddable":true,"href":"https:\/\/shop24.lu\/de\/wp-json\/wp\/v2\/comments?post=40761"}],"wp:featuredmedia":[{"embeddable":true,"href":"https:\/\/shop24.lu\/de\/wp-json\/wp\/v2\/media\/40753"}],"wp:attachment":[{"href":"https:\/\/shop24.lu\/de\/wp-json\/wp\/v2\/media?parent=40761"}],"wp:term":[{"taxonomy":"product_brand","embeddable":true,"href":"https:\/\/shop24.lu\/de\/wp-json\/wp\/v2\/product_brand?post=40761"},{"taxonomy":"product_cat","embeddable":true,"href":"https:\/\/shop24.lu\/de\/wp-json\/wp\/v2\/product_cat?post=40761"},{"taxonomy":"product_tag","embeddable":true,"href":"https:\/\/shop24.lu\/de\/wp-json\/wp\/v2\/product_tag?post=40761"}],"curies":[{"name":"wp","href":"https:\/\/api.w.org\/{rel}","templated":true}]}}