{"id":40804,"date":"2021-12-22T21:01:27","date_gmt":"2021-12-22T19:01:27","guid":{"rendered":"https:\/\/shop24.lu\/?post_type=product&#038;p=40804"},"modified":"2022-07-11T14:27:37","modified_gmt":"2022-07-11T12:27:37","slug":"terra-led-3280w-silver-white-curved-dp-hdmi","status":"publish","type":"product","link":"https:\/\/shop24.lu\/de\/product\/terra-led-3280w-silver-white-curved-dp-hdmi\/","title":{"rendered":"TERRA LED 3280W silber\/wei\u00df CURVED DP\/HDMI"},"content":{"rendered":"<p><strong>Komfort und purer Sehgenuss im CURVED-Design!<\/strong><\/p>\n<p>Das neue TERRA LCD\/LED 3280W im rahmenlosen CURVED-Design mit WQHD-Aufl\u00f6sung und Advanced VA-Panel-Technologie bietet ergonomisches Arbeiten sowie ein fesselndes visuelles Erlebnis in der Welt von TV, Kino, Video und Games.<\/p>\n<p>Der gro\u00dfe 31,5\u2033 Bildschirm schafft dank eines Kr\u00fcmmungsradius von 1800 mm ein weites und volles Sichtfeld, angepasst an die nat\u00fcrliche Augenform, was die Augen entlastet und ein angenehmes und erm\u00fcdungsfreies Arbeiten erm\u00f6glicht. Au\u00dferdem sorgt die augenfreundliche Flicker-Free-Technologie f\u00fcr eine kontinuierliche Hintergrundbeleuchtung ohne Flackern.<\/p>\n<p>In Kombination mit der Advanced VA-Panel-Technologie genie\u00dfen Sie ein besonderes Sehvergn\u00fcgen f\u00fcr alle Multimedia-Inhalte. Dynamische Kontrastverh\u00e4ltnisse von bis zu 30.000.000:1 sorgen f\u00fcr tiefschwarze oder strahlend wei\u00dfe Bilder sowie brillante Farbdarstellung.<\/p>\n<p>Die AMD FreeSync\u2122-Technologie und Bildwiederholraten von bis zu 144 Hz erwecken Ihre Apps und Spiele mit superfl\u00fcssigen Bewegungen und fl\u00fcssigen Bildern zum Leben.<br \/>\nhttps:\/\/www.amd.com\/en\/products\/freesync-monitors<\/p>\n<p>Der Triple-Signal-Anschluss (DVI, HDMI und DisplayPort) erm\u00f6glicht den einfachen Anschluss aller Multimedia-Ger\u00e4te wie PCs, Spielekonsolen, Blu-Ray-Player etc. Der Ton kann im HDMI- oder DisplayPort-Modus digital an die integrierten Lautsprecher \u00fcbertragen werden.<\/p>\n<p>Neben dem schlanken CURVED-Design und den besonders d\u00fcnnen Seitenkanten sind der Aluminiumfu\u00df sowie das silber-wei\u00dfe Geh\u00e4use die optischen Highlights des TERRA LCD \/ LED 3280W. Dank seines VESA-Slots kann er an verschiedenen Wand-, Tisch- oder Deckenhalterungen montiert werden.<\/p>\n<p>Schnittstellenkompatibilit\u00e4t:<br \/>\n\u2013 HDMI: bis zu 2560\u00d71440, digitales oder analoges Audio<br \/>\n\u2013 Duallink-DVI: bis zu 2560\u00d71440, analoges Audio<br \/>\n\u2013 Displayport: bis zu 2560\u00d71440, digitales oder analoges Audio<\/p>\n<p><strong>Bildschirm<\/strong><br \/>\nBildschirmdiagonale 31,5 Zoll<br \/>\nBildschirmdiagonale (cm) 80,0 cm<br \/>\nBildschirmaufl\u00f6sung 2560 x 1440 (WQHD)<br \/>\nHelligkeit 250 cd\/m\u00b2.<br \/>\nReaktionszeit 5 ms (G\/G)<br \/>\nNeigungswinkel hinten 15\u00b0.<br \/>\nNeigungswinkel vorne 5\u00b0.<br \/>\nEntspiegelter Bildschirm Ja<br \/>\nAnzahl der Anzeigefarben 16,7 Millionen Farben<br \/>\nPixelgr\u00f6\u00dfe 0,2724 mm<br \/>\nKontrastverh\u00e4ltnis 30.000.000:1 (DCR)<br \/>\nBetrachtungswinkel, horizontal 178\u00b0.<br \/>\nBetrachtungswinkel, vertikal 178 \u00b0.<br \/>\nSeitenverh\u00e4ltnis 16:9<br \/>\nArt der Hintergrundbeleuchtung LED-Hintergrundbeleuchtung<br \/>\nFortschrittliche VA-Panel-Technologie<br \/>\n<strong>Anschl\u00fcsse und Schnittstellen<\/strong><br \/>\nSchnittstelle DVI (Duallink) HDMI Displayport 1.2<br \/>\nPC-Audioeingang 3,5-mm-Klinke (Line-In)<br \/>\nHDCP Ja<br \/>\n<strong>Entwurf<\/strong><br \/>\nProduktfarbe silber \/ wei\u00df<br \/>\n<strong>Gewicht und Abmessungen<\/strong><br \/>\nH\u00f6he (einschlie\u00dflich Fu\u00df) 50,5 cm<br \/>\nBreite (inklusive Fu\u00df) 71,3 cm<br \/>\nTiefe (inklusive Fu\u00df) 17,7 cm<br \/>\nGewicht (inklusive St\u00e4nder) 6,1 kg<br \/>\nH\u00f6he 41,9 cm<br \/>\nBreite 71,3 cm<br \/>\nTiefe 8,5 cm<br \/>\nGewicht 5,2 kg<br \/>\n<strong>Leistungsstark<\/strong><br \/>\nLeistungsaufnahme (aus) &lt;0,5 W<br \/>\nLeistungsaufnahme (Standby) &lt;0,5 W<br \/>\nEnergieeffizienzklasse F (Klasse A nach alter Energieklassifizierung bis 02\/2021)<br \/>\nNennleistung 32 W<br \/>\nEingangsspannung AC 100 \u2013 240 V, 50 \u2013 60 Hz<br \/>\nInternes Netzteil<br \/>\n<strong>Ergonomie<\/strong><br \/>\nKensington-Schloss Ja<br \/>\nH\u00f6henverstellung Nein<br \/>\nDrehpunkt Nr<br \/>\n100 x 100 mm VESA-Montageschnittstelle<br \/>\nPlug &amp; Play DDC 1 \/ 2B \/ CI<br \/>\n<strong>Zertifizierungen<\/strong><br \/>\nEinhaltung der Industriestandards CE, Energy Star 7.0<br \/>\nEnergy Star-zertifiziert Ja<br \/>\n<strong>Andere Eigenschaften<\/strong><br \/>\nBesondere Merkmale \u2013 GEBOGENES Design mit 1800 mm Bogenradius<br \/>\n- Ohne Rahmen<br \/>\n- Fortschrittliche VA-Panel-Technologie<br \/>\n- WQHD-Aufl\u00f6sung von 2560 \u00d7 1440<br \/>\n- FreeSync<br \/>\n- 144 Hz Bildwiederholfrequenz<br \/>\n- Flimmerfreie LED-Hintergrundbeleuchtung<br \/>\n- Anti-Blaulichtfunktion, einstellbar durch DeepL-Zugriff<br \/>\n- Aluminiumfu\u00df<br \/>\n- Multi-Computer-Betrieb m\u00f6glich (1x DVI, 1x HDMI, 1x Displayport, Umschaltung per Tastenkombination)<br \/>\n<strong>Multimedia<\/strong><br \/>\nIntegrierte Lautsprecher Ja, 2x 3 Watt<br \/>\n<strong>D\u00fcnner Kunde<\/strong><br \/>\nThin Client Mount-Nr<br \/>\n<strong>Lieferumfang<\/strong><br \/>\nMitgeliefertes Zubeh\u00f6r Netzkabel, Displayport-Kabel, Audiokabel, Bedienungsanleitung auf CD (D, UK, F, ES, IT, RUS)<br \/>\n<strong>Technische Details<\/strong><br \/>\nHerstellergarantie 24 Monate Garantie mit Vor-Ort-Austauschservice<br \/>\nService-Hotline: 05744 \/ 944-595<\/p>","protected":false},"excerpt":{"rendered":"<p>Bildschirmdiagonale von <strong>31,5 Zoll<\/strong><br \/>\n<strong>2560 x 1440 (WQHD)<\/strong> Bildschirmaufl\u00f6sung<br \/>\nSeitenverh\u00e4ltnis 16:9<br \/>\nFortschrittliche VA-Panel-Technologie<br \/>\nDisplay Port 1.2 DVI (Duallink) HDMI-Schnittstelle<\/p>","protected":false},"featured_media":40805,"comment_status":"closed","ping_status":"closed","template":"","meta":{"_seopress_robots_primary_cat":"none","_seopress_titles_title":"","_seopress_titles_desc":"","_seopress_robots_index":""},"product_brand":[],"product_cat":[30813,1510],"product_tag":[30819,30820,30818,30816,30821,30824,30814,30822,30815,148,30793,30823,30817],"class_list":{"0":"post-40804","1":"product","2":"type-product","3":"status-publish","4":"has-post-thumbnail","6":"product_cat-ecrans","7":"product_cat-informatique","8":"product_tag-30819","9":"product_tag-30820","10":"product_tag-30818","11":"product_tag-bildschirm","12":"product_tag-dvi","13":"product_tag-econcept","14":"product_tag-ecran","15":"product_tag-hdmi","16":"product_tag-lcd","17":"product_tag-screen","18":"product_tag-terra","19":"product_tag-wortmann","20":"product_tag-wqhd","22":"first","23":"instock","24":"featured","25":"shipping-taxable","26":"purchasable","27":"product-type-simple"},"_links":{"self":[{"href":"https:\/\/shop24.lu\/de\/wp-json\/wp\/v2\/product\/40804","targetHints":{"allow":["GET"]}}],"collection":[{"href":"https:\/\/shop24.lu\/de\/wp-json\/wp\/v2\/product"}],"about":[{"href":"https:\/\/shop24.lu\/de\/wp-json\/wp\/v2\/types\/product"}],"replies":[{"embeddable":true,"href":"https:\/\/shop24.lu\/de\/wp-json\/wp\/v2\/comments?post=40804"}],"wp:featuredmedia":[{"embeddable":true,"href":"https:\/\/shop24.lu\/de\/wp-json\/wp\/v2\/media\/40805"}],"wp:attachment":[{"href":"https:\/\/shop24.lu\/de\/wp-json\/wp\/v2\/media?parent=40804"}],"wp:term":[{"taxonomy":"product_brand","embeddable":true,"href":"https:\/\/shop24.lu\/de\/wp-json\/wp\/v2\/product_brand?post=40804"},{"taxonomy":"product_cat","embeddable":true,"href":"https:\/\/shop24.lu\/de\/wp-json\/wp\/v2\/product_cat?post=40804"},{"taxonomy":"product_tag","embeddable":true,"href":"https:\/\/shop24.lu\/de\/wp-json\/wp\/v2\/product_tag?post=40804"}],"curies":[{"name":"wp","href":"https:\/\/api.w.org\/{rel}","templated":true}]}}