{"id":40850,"date":"2021-12-29T19:45:49","date_gmt":"2021-12-29T17:45:49","guid":{"rendered":"https:\/\/shop24.lu\/?post_type=product&#038;p=40850"},"modified":"2022-04-24T20:29:11","modified_gmt":"2022-04-24T18:29:11","slug":"terra-pc-home-6000","status":"publish","type":"product","link":"https:\/\/shop24.lu\/de\/product\/terra-pc-home-6000\/","title":{"rendered":"TERRA PC-HOME 6000"},"content":{"rendered":"<p><strong>Allgemein<\/strong><br \/>\nIntel Core i5 (11. Generation) 11400 \/ 2,6 GHz Prozessor (12 MB Smart Cache, max. 4,4 GHz mit Intel Turbo Boost Technology)<br \/>\nWindows 11 Home-Betriebssystem<br \/>\n<strong>Software<\/strong><br \/>\nVorinstallierte Software 1 Monat Testversion f\u00fcr neue Microsoft\u00ae 365-Kunden<br \/>\n<strong>Prozessor<\/strong><br \/>\nCore i5 Prozessorfamilie<br \/>\nAnzahl der Hexa-Core-Prozessorkerne (6 Kerne)<br \/>\nFCLGA1200 Sockel Prozessorsockel<br \/>\nAnzahl Prozessoren 1<br \/>\n<strong>Memory<\/strong><br \/>\n16 GB RAM-Speicher<br \/>\n2 x 8 GB Speicherlayout<br \/>\nMaximaler Arbeitsspeicher 64 GB<br \/>\nSpeichertaktfrequenz 3200 MHz<br \/>\nInterner Speichertyp DDR4 SDRAM<br \/>\nSpeichersteckpl\u00e4tze 2 St\u00fcck(e)<br \/>\n288-PIN-DIMM-Formfaktor<br \/>\n<strong>Speichermedium<\/strong><br \/>\nGesamtspeicherkapazit\u00e4t 500 GB<br \/>\nHDD-Schnittstelle 4x SATA 6Gb\/s Ports, 1x M.2 Slot (Key M) (unterst\u00fctzt PCIe 3.0 x4)<br \/>\nRAID-Level Keine RAID-Unterst\u00fctzung<br \/>\nIntegrierter Multifunktionskartenleser<br \/>\nPCIe-SSD-Schnittstelle (NVMe)<br \/>\n500 GB SSD-Speicherkapazit\u00e4t<br \/>\nFestplattenkapazit\u00e4t 1 x 500 GB - SSD<br \/>\nKompatible Speicherkarten SD-Speicherkarte, SDHC-Speicherkarte<br \/>\nM.2 SSD-Speichermedien<br \/>\n<strong>Performance<\/strong><br \/>\nHome-Serie<br \/>\nProdukttyp Personal Computer<br \/>\nGer\u00e4uschpegel 23,8 dB im Idle-Modus<br \/>\n8-Kanal-Audiokan\u00e4le<br \/>\nMotherboard Chipsatz Intel H510<br \/>\nHigh Definition Audio-Audiosystem<br \/>\n<strong>Entwurf<\/strong><br \/>\nGeh\u00e4usetyp Midi-Tower<br \/>\nMontagezertifizierung nach ISO9001 in Deutschland<br \/>\nKompatibilit\u00e4t: SMBios (DMI), EnergyStar (g\u00fcltig nur f\u00fcr USA), EN62368-1, EN55032, EN55035, EN61000-3-2 \/ 3, EN62623, 89\/336 \/ ECC<br \/>\nDas Produkt erf\u00fcllt die Kriterien von RAL UZ 78 (Blauer Engel).<br \/>\nTERRA Tastatur von Cherry Formfaktor<br \/>\n<strong>Klaviatur<\/strong><br \/>\n\u00dcbertragungstechnik Kabel<br \/>\nUSB-Ger\u00e4teschnittstelle<br \/>\n<strong>Technische Details<\/strong><br \/>\nStandort Deutschland \/ \u00d6sterreich \/ Luxemburg<br \/>\n<strong>Lieferumfang<\/strong><br \/>\nMitgeliefertes Zubeh\u00f6r Kurzanleitung, Netzkabel<br \/>\nBereitstellung <strong>Klaviatur<\/strong> in <strong>Deutsch<\/strong><br \/>\n<strong>Erweiterungssteckpl\u00e4tze<\/strong><br \/>\nErweiterungssteckpl\u00e4tze 1x PCIe 4.0 (11. Gen) \/3.0 (10. Gen) x16-Steckplatz, 2x PCIe 3.0 x1-Steckplatz<br \/>\nIntel-Prozessoren der 11. Generation unterst\u00fctzen PCIe 4.0 x16. Prozessoren der 10. Generation unterst\u00fctzen PCIe 3.0 x16<br \/>\n<strong>Gewicht und Abmessungen<\/strong><br \/>\nH\u00f6he 44 cm<br \/>\nBreite 18 cm<br \/>\nTiefe 42 cm<br \/>\nGewicht 10 kg<br \/>\n<strong>Andere Funktionen<\/strong><br \/>\nAnzahl der Ausz\u00fcge 1 von vorne zug\u00e4nglich \u2013 13,3 cm ( 5,25\u2033 )<br \/>\n2 von vorne zug\u00e4nglich \u2013 8,9 cm (3,5\u2033)<br \/>\n2 intern \u2013 8,9 cm (3,5\u2033\/ 2,5\u2033 mit Adapter)<br \/>\n1 intern 6,4 cm (f\u00fcr 2,5\u2033 SSD)<br \/>\nSchnittstelle 4x USB 3.2 Gen 1 Ports (2x Front), 6x USB 2.0 Ports (2x Front) \/ (alle Typ A)<br \/>\n1x DisplayPort, 1x D-Sub (VGA), 1x HDMI, 1x LAN RJ5, 3x Audio, 2x PS \/ 2<br \/>\n<strong>Optional<\/strong> : 1x COM<br \/>\nKompatible Betriebssysteme Windows 10, Windows 11<br \/>\nMainboard-Hersteller Asus Prime H510M-A<br \/>\nIndustriekonformit\u00e4t Dieses Ger\u00e4t ist als Information Technology Equipment (ITE) der Klasse B klassifiziert und haupts\u00e4chlich f\u00fcr die Verwendung im Wohn- oder B\u00fcrobereich vorgesehen. Die CE-Kennzeichnung bescheinigt die Einhaltung der folgenden europ\u00e4ischen Richtlinien: (1) EMV-Richtlinie 2004\/108\/EG Elektromagnetische Vertr\u00e4glichkeit (2) Niederspannungsrichtlinie 2006\/95\/EG Elektrische Ger\u00e4te zur Verwendung innerhalb bestimmter Spannungsgrenzen.<br \/>\nBesonderheiten TPM 2.0<br \/>\nSicherer Startvorgang<br \/>\n4x Front-USB<br \/>\n<strong>Maus<\/strong><br \/>\nMaus inklusive TERRA Wheel optisch von Cherry<br \/>\n<strong>Grafik<\/strong><br \/>\nGrafikschnittstellen 1x DP, 1x HDMI, 1x VGA<br \/>\nUnterst\u00fctzt Doppel\u00fcberwachung<br \/>\nDynamischer integrierter Grafikkartenspeicher<br \/>\nIntegrierter Grafikadapter Maximale Aufl\u00f6sung HDMI 4096 x 2160 @ 60 Hz (CPU 11. Generation), 4096 x 2160 @ 24 Hz (CPU 10. Generation)<br \/>\nDP 4096 x 2304 @ 60 Hz<br \/>\nVGA-Max. 1920 \u00d7 1200<br \/>\nIntel UHD Graphics 730 (1130 MHz) Grafikkarte<br \/>\nIntegriertes Grafikadaptermodell Intel UHD Graphics 730 (1130 MHz)<br \/>\n<strong>Leistungsstark<\/strong><br \/>\nStromquelle ATX meets 80 Plus Bronze Netzteil, geeignet f\u00fcr Standardbetrieb max. 60 Stunden\/Woche<br \/>\nEnergieeffizienz bei Last 10 % \/ 20 % \/ 50 % \/ 100 %): 82 % \/ 82 % \/ 85 % \/ 82 %.<br \/>\nLeistungsaufnahme (Standby) \u00d8 1,8 Watt (S3-Modus, Suspend to RAM, WOL aktiviert)<br \/>\nMaximale Eingangsleistung 350 Watt<br \/>\nNennleistung \u00d8 33 Watt<br \/>\n\u00d8 116 kWh pro Jahr (TEC = Typischer Energieverbrauch)<br \/>\nWeitere Informationen zum Stromverbrauch finden Sie unter www.wortmann.de\/green und\/oder den Quicklinks zu diesem Produkt (sofern vorhanden).<br \/>\nStromversorgung AC-Eingangsspannung 230 V (50 Hz)<br \/>\n<strong>Arbeitsbedingungen<\/strong><br \/>\nBetriebstemperaturbereich 5 \u00b0 C - 35 \u00b0 C<br \/>\nEmpfohlener Feuchtigkeitsbereich 10-75% (nicht kondensierend)<br \/>\n<strong>Netzwerk<\/strong><br \/>\nIntegrierter Ethernet-Port Netzwerkadapter - integriert<br \/>\nIntel I219V LAN-Controller, WOL \/ PXE<br \/>\nEthernet-Datenverbindungsprotokolle<br \/>\nSchnelles Ethernet<br \/>\nGigabit Ethernet<br \/>\nOptisches Laufwerk<br \/>\nOptisches Laufwerk - DVD \u00b1 RW-Typ<br \/>\nEingabeger\u00e4t<br \/>\nOptische Bewegungserkennungstechnologie<br \/>\nUSB-Ger\u00e4teschnittstelle<\/p>","protected":false},"excerpt":{"rendered":"<p>&#8211;<strong> Intel Core i5<\/strong> (11. Generation) 11400 \/ 2,6 GHz (12 MB Smart Cache, max. 4,4 GHz mit Intel Turbo Boost Technology)<br \/>\n&#8211; <strong>Windows 11<\/strong> Heim<br \/>\n&#8211; <strong>16 Gigabyte<\/strong> RAM-Speicher<br \/>\n- Heimserie<br \/>\n- Intel UHD-Grafik 730 (1130 MHz)<br \/>\n- Festplattenkapazit\u00e4t 1 x <strong>500 GB - SSD<\/strong><\/p>","protected":false},"featured_media":40852,"comment_status":"closed","ping_status":"closed","template":"","meta":{"_seopress_robots_primary_cat":"none","_seopress_titles_title":"","_seopress_titles_desc":"","_seopress_robots_index":""},"product_brand":[],"product_cat":[1510,82],"product_tag":[30843,30844,30840,30824,30799,30798,30839,138,30842,30845,30793,30841],"class_list":{"0":"post-40850","1":"product","2":"type-product","3":"status-publish","4":"has-post-thumbnail","6":"product_cat-informatique","7":"product_cat-ordinateurs","8":"product_tag-16gb","9":"product_tag-500gb","10":"product_tag-computer","11":"product_tag-econcept","12":"product_tag-i5","13":"product_tag-intel","14":"product_tag-ordinateur","15":"product_tag-pc","16":"product_tag-qwertz","17":"product_tag-ssd","18":"product_tag-terra","19":"product_tag-win11","21":"first","22":"instock","23":"featured","24":"shipping-taxable","25":"purchasable","26":"product-type-simple"},"_links":{"self":[{"href":"https:\/\/shop24.lu\/de\/wp-json\/wp\/v2\/product\/40850","targetHints":{"allow":["GET"]}}],"collection":[{"href":"https:\/\/shop24.lu\/de\/wp-json\/wp\/v2\/product"}],"about":[{"href":"https:\/\/shop24.lu\/de\/wp-json\/wp\/v2\/types\/product"}],"replies":[{"embeddable":true,"href":"https:\/\/shop24.lu\/de\/wp-json\/wp\/v2\/comments?post=40850"}],"wp:featuredmedia":[{"embeddable":true,"href":"https:\/\/shop24.lu\/de\/wp-json\/wp\/v2\/media\/40852"}],"wp:attachment":[{"href":"https:\/\/shop24.lu\/de\/wp-json\/wp\/v2\/media?parent=40850"}],"wp:term":[{"taxonomy":"product_brand","embeddable":true,"href":"https:\/\/shop24.lu\/de\/wp-json\/wp\/v2\/product_brand?post=40850"},{"taxonomy":"product_cat","embeddable":true,"href":"https:\/\/shop24.lu\/de\/wp-json\/wp\/v2\/product_cat?post=40850"},{"taxonomy":"product_tag","embeddable":true,"href":"https:\/\/shop24.lu\/de\/wp-json\/wp\/v2\/product_tag?post=40850"}],"curies":[{"name":"wp","href":"https:\/\/api.w.org\/{rel}","templated":true}]}}