{"id":40857,"date":"2021-12-29T19:51:37","date_gmt":"2021-12-29T17:51:37","guid":{"rendered":"https:\/\/shop24.lu\/?post_type=product&#038;p=40857"},"modified":"2022-01-04T00:27:34","modified_gmt":"2022-01-03T22:27:34","slug":"terra-pc-micro-3000-silent-greenline-mui","status":"publish","type":"product","link":"https:\/\/shop24.lu\/de\/product\/terra-pc-micro-3000-silent-greenline-mui\/","title":{"rendered":"TERRA PC-MICRO 3000 SILENT GREENLINE MUI"},"content":{"rendered":"<table id=\"ctl00_ctl00_ctl00_SiteContent_SiteContent_SiteContent_articleFeatureDisplayDetails_gridViewProductAttributes\" class=\"table table-condensed\" border=\"0\" cellspacing=\"0\">\n<tbody>\n<tr>\n<td><strong>Allgemein<\/strong><\/td>\n<\/tr>\n<tr>\n<td class=\"col-xs-3\">Prozessor<\/td>\n<td>Intel\u00ae Celeron\u00ae J4005 Prozessor (4 MB Cache, bis zu 2,70 GHz)<\/td>\n<\/tr>\n<tr>\n<td class=\"col-xs-3\">Betriebssystem<\/td>\n<td>Windows 10 Home Kostenloses Update auf Windows 11, falls verf\u00fcgbar *<\/td>\n<\/tr>\n<tr>\n<td class=\"col-xs-3\"><\/td>\n<td><strong>Software<\/strong><\/td>\n<\/tr>\n<tr>\n<td class=\"col-xs-3\">vorinstallierte Software<\/td>\n<td>1 Monat Testversion f\u00fcr neue Microsoft\u00ae 365-Kunden<\/td>\n<\/tr>\n<tr>\n<td class=\"col-xs-3\"><\/td>\n<td><strong>Prozessor<\/strong><\/td>\n<\/tr>\n<tr>\n<td class=\"col-xs-3\">Prozessorfamilie<\/td>\n<td>Celeron<\/td>\n<\/tr>\n<tr>\n<td class=\"col-xs-3\">Anzahl Prozessorkerne<\/td>\n<td>Doppelkern (2 Kerne)<\/td>\n<\/tr>\n<tr>\n<td class=\"col-xs-3\">Anzahl der Prozessoren<\/td>\n<td>1<\/td>\n<\/tr>\n<tr>\n<td class=\"col-xs-3\"><\/td>\n<td><strong>Memory<\/strong><\/td>\n<\/tr>\n<tr>\n<td class=\"col-xs-3\">RAM-Speicher<\/td>\n<td>4GB<\/td>\n<\/tr>\n<tr>\n<td class=\"col-xs-3\">Speicherlayout<\/td>\n<td>1 x 4 GB<\/td>\n<\/tr>\n<tr>\n<td class=\"col-xs-3\">Maximaler RAM-Speicher<\/td>\n<td>8 GB<\/td>\n<\/tr>\n<tr>\n<td class=\"col-xs-3\">Interner Speichertyp<\/td>\n<td>DDR4<\/td>\n<\/tr>\n<tr>\n<td class=\"col-xs-3\">Speicherpl\u00e4tze<\/td>\n<td>2<\/td>\n<\/tr>\n<tr>\n<td class=\"col-xs-3\">Formfaktor des Speichers<\/td>\n<td>SO-DIMM, 260-polig<\/td>\n<\/tr>\n<tr>\n<td class=\"col-xs-3\"><\/td>\n<td><strong>Speichermedium<\/strong><\/td>\n<\/tr>\n<tr>\n<td class=\"col-xs-3\">Gesamtspeicherkapazit\u00e4t<\/td>\n<td>240 GB<\/td>\n<\/tr>\n<tr>\n<td class=\"col-xs-3\">Festplattenschnittstelle<\/td>\n<td>SATA 6Gb\/s<\/td>\n<\/tr>\n<tr>\n<td class=\"col-xs-3\">SSD-Schnittstelle<\/td>\n<td>SATA<\/td>\n<\/tr>\n<tr>\n<td class=\"col-xs-3\">SSD-Speicherkapazit\u00e4t<\/td>\n<td>240 GB<\/td>\n<\/tr>\n<tr>\n<td class=\"col-xs-3\">Festplattenkapazit\u00e4t<\/td>\n<td>1 x 240 GB \u2013 SSD<\/td>\n<\/tr>\n<tr>\n<td class=\"col-xs-3\">Kompatible Speicherkarten<\/td>\n<td>SDXC-Speicherkarte<\/td>\n<\/tr>\n<tr>\n<td class=\"col-xs-3\">Anzahl der Steckpl\u00e4tze<\/td>\n<td>1<\/td>\n<\/tr>\n<tr>\n<td class=\"col-xs-3\">Speichermedium<\/td>\n<td>SSD 2.5<\/td>\n<\/tr>\n<tr>\n<td class=\"col-xs-3\"><\/td>\n<td><strong>Performance<\/strong><\/td>\n<\/tr>\n<tr>\n<td class=\"col-xs-3\">Serie<\/td>\n<td>Home Micro \/ Mini-Format<\/td>\n<\/tr>\n<tr>\n<td class=\"col-xs-3\">Produkttyp<\/td>\n<td>Pers\u00f6nlicher Computer<\/td>\n<\/tr>\n<tr>\n<td class=\"col-xs-3\">Audiokan\u00e4le<\/td>\n<td>Stereo<\/td>\n<\/tr>\n<tr>\n<td class=\"col-xs-3\">Audiosystem<\/td>\n<td>High Definition Audio<\/td>\n<\/tr>\n<tr>\n<td class=\"col-xs-3\"><\/td>\n<td><strong>Entwurf<\/strong><\/td>\n<\/tr>\n<tr>\n<td class=\"col-xs-3\">Geh\u00e4usetyp<\/td>\n<td>Mikroformat<\/td>\n<\/tr>\n<tr>\n<td class=\"col-xs-3\">Zertifizierung<\/td>\n<td>Montage nach ISO9001 in Deutschland Kompatibilit\u00e4t: SMBios (DMI), EnergyStar (g\u00fcltig nur f\u00fcr USA), EN60950, EN55022, EN55024, EN61000-3-2 \/ 3, 89\/336 \/ ECC<\/td>\n<\/tr>\n<tr>\n<td class=\"col-xs-3\">Formfaktor der Tastatur<\/td>\n<td>Optional<\/td>\n<\/tr>\n<tr>\n<td class=\"col-xs-3\"><\/td>\n<td><strong>Technische Details<\/strong><\/td>\n<\/tr>\n<tr>\n<td class=\"col-xs-3\">Ort<\/td>\n<td>International<\/td>\n<\/tr>\n<tr>\n<td class=\"col-xs-3\"><\/td>\n<td><strong>Lieferumfang<\/strong><\/td>\n<\/tr>\n<tr>\n<td class=\"col-xs-3\">Beiliegendes Zubeh\u00f6r<\/td>\n<td>Kurzanleitung zur Einrichtung, Netzteil, LCD-VESA-Halterung<\/td>\n<\/tr>\n<tr>\n<td class=\"col-xs-3\"><\/td>\n<td><strong>Gewicht und Abmessungen<\/strong><\/td>\n<\/tr>\n<tr>\n<td class=\"col-xs-3\">H\u00f6he<\/td>\n<td>5,16 cm<\/td>\n<\/tr>\n<tr>\n<td class=\"col-xs-3\">Breite<\/td>\n<td>11,5 cm<\/td>\n<\/tr>\n<tr>\n<td class=\"col-xs-3\">Tiefe<\/td>\n<td>11,1 cm<\/td>\n<\/tr>\n<tr>\n<td class=\"col-xs-3\">Gewicht<\/td>\n<td>1,3 kg<\/td>\n<\/tr>\n<tr>\n<td class=\"col-xs-3\"><\/td>\n<td><strong>Andere Funktionen<\/strong><\/td>\n<\/tr>\n<tr>\n<td class=\"col-xs-3\">Anzahl Erweiterungsschubladen<\/td>\n<td>1 intern \u2013 2,5\u2033 f\u00fcr SSD<\/td>\n<\/tr>\n<tr>\n<td class=\"col-xs-3\">Schnittstelle<\/td>\n<td>4x USB 3.0 (2x vorne; 2x hinten) 1x RJ45 1x DC in 2x HDMI<\/td>\n<\/tr>\n<tr>\n<td class=\"col-xs-3\">Kompatible Betriebssysteme<\/td>\n<td>Windows 10 (64-Bit)<\/td>\n<\/tr>\n<tr>\n<td class=\"col-xs-3\">K\u00fchlung<\/td>\n<td>Aktiv<\/td>\n<\/tr>\n<tr>\n<td class=\"col-xs-3\">Besondere Merkmale<\/td>\n<td>Kensington Lock zweireihiges Frontmikrofon<\/td>\n<\/tr>\n<tr>\n<td class=\"col-xs-3\"><\/td>\n<td><strong>Maus<\/strong><\/td>\n<\/tr>\n<tr>\n<td class=\"col-xs-3\">Maus enthalten<\/td>\n<td>Optional<\/td>\n<\/tr>\n<tr>\n<td class=\"col-xs-3\"><\/td>\n<td><strong>Grafik<\/strong><\/td>\n<\/tr>\n<tr>\n<td class=\"col-xs-3\">Grafische Oberfl\u00e4chen<\/td>\n<td>2 x HDMI unterst\u00fctzt Dual-Monitoring<\/td>\n<\/tr>\n<tr>\n<td class=\"col-xs-3\">Integrierter Grafikadapter Maximale Aufl\u00f6sung<\/td>\n<td>max. 4096 x 2160 bei 60 Hz<\/td>\n<\/tr>\n<tr>\n<td class=\"col-xs-3\">Grafikkarte<\/td>\n<td>Intel HD-Grafik 600<\/td>\n<\/tr>\n<tr>\n<td class=\"col-xs-3\">Integriertes Grafikkartenmodell<\/td>\n<td>Integriert<\/td>\n<\/tr>\n<tr>\n<td class=\"col-xs-3\">Integrierter Grafikadapter<\/td>\n<td>Integriert<\/td>\n<\/tr>\n<tr>\n<td class=\"col-xs-3\"><\/td>\n<td><strong>Leistungsstark<\/strong><\/td>\n<\/tr>\n<tr>\n<td class=\"col-xs-3\">Stromversorgung<\/td>\n<td>Externes Netzteil ohne L\u00fcfter<\/td>\n<\/tr>\n<tr>\n<td class=\"col-xs-3\">Stromverbrauch (Standby)<\/td>\n<td>\u00d8 0,67 Watt (S3-Modus. Suspend to RAM. WOL aktiviert) 0,43 Watt Soft off (S5-Modus) W<\/td>\n<\/tr>\n<tr>\n<td class=\"col-xs-3\">Maximale Eingangsleistung<\/td>\n<td>36 Watt<\/td>\n<\/tr>\n<tr>\n<td class=\"col-xs-3\">Nennleistung<\/td>\n<td>\u00d8 4,69 Watt inaktiver Modus \u00d8 19,58 kWh pro Jahr (TEC = Typischer Energieverbrauch)<\/td>\n<\/tr>\n<tr>\n<td class=\"col-xs-3\">Eingangsspannung der Stromversorgung<\/td>\n<td>Wechselstrom 100\/240 V (50\/60 Hz)<\/td>\n<\/tr>\n<tr>\n<td class=\"col-xs-3\"><\/td>\n<td><strong>Arbeitsbedingungen<\/strong><\/td>\n<\/tr>\n<tr>\n<td class=\"col-xs-3\">Betriebstemperaturbereich<\/td>\n<td>0 \u00b0C \u2013 40 \u00b0C<\/td>\n<\/tr>\n<tr>\n<td class=\"col-xs-3\"><\/td>\n<td><strong>Netzwerk<\/strong><\/td>\n<\/tr>\n<tr>\n<td class=\"col-xs-3\">Integrierte Ethernet-Verbindung<\/td>\n<td>Netzwerkadapter \u2013 integriert<\/td>\n<\/tr>\n<tr>\n<td class=\"col-xs-3\">LAN-Controller<\/td>\n<td>Realtek RTL8111H, 10\/100\/1000 Mbit\/s, WOL\/PXE<\/td>\n<\/tr>\n<tr>\n<td class=\"col-xs-3\">WLAN-Standards<\/td>\n<td>Intel Wireless-AC 9462 Frequenzband: 2,4 GHz + 5 GHz<\/td>\n<\/tr>\n<tr>\n<td class=\"col-xs-3\">Datenverbindungsprotokolle<\/td>\n<td>Ethernet, Fast Ethernet, Gigabit Ethernet, IEEE 802.11b, IEEE 802.11g, IEEE 802.11n Bluetooth 5.0<\/td>\n<\/tr>\n<tr>\n<td class=\"col-xs-3\"><\/td>\n<td><strong>Optisches Laufwerk<\/strong><\/td>\n<\/tr>\n<tr>\n<td class=\"col-xs-3\">Optisches Laufwerk \u2013 Typ<\/td>\n<td>Ohne optisches Laufwerk<\/td>\n<\/tr>\n<tr>\n<td class=\"col-xs-3\"><\/td>\n<td><strong>Bemerkungen<\/strong><\/td>\n<\/tr>\n<tr>\n<td class=\"col-xs-3\">Weitere Informationen<\/td>\n<td>*Der Upgrade-Prozess befindet sich in der Endphase und wird voraussichtlich Ende 2021 beginnen. Der genaue Prozess und der Zeitpunkt k\u00f6nnen je nach Ger\u00e4t variieren. Die Mindestanforderungen f\u00fcr ein kostenloses Update finden Sie unter: https:\/\/www.microsoft.com\/de-de\/windows\/windows-11-specifications<\/td>\n<\/tr>\n<\/tbody>\n<\/table>","protected":false},"excerpt":{"rendered":"<p>Der TERRA MicroPC in einem extrem kompakten und platzsparenden Geh\u00e4use von nur 0,6 Liter. Leistungsstark und leise durch den Einsatz eines Solid-State-Drive (SSD). VESA-Montagekit f\u00fcr die r\u00fcckseitige Montage an einem geeigneten Display enthalten.<\/p>\n<ul>\n<li>Prozessor <strong>Intel\u00ae Celeron\u00ae J4005<\/strong> (4 MB Cache, bis zu 2,70 GHz)<\/li>\n<li><strong>Windows 10 Home<\/strong> (Kostenloses Update auf Windows 11 falls verf\u00fcgbar *)<\/li>\n<li><strong>4GB<\/strong> RAM-Speicher<\/li>\n<li>Home Micro-\/Mini-Format-Serie<\/li>\n<li>Intel HD-Grafik 600<\/li>\n<li>Festplattenkapazit\u00e4t 1 x <strong>240 GB - SSD<\/strong><\/li>\n<\/ul>","protected":false},"featured_media":40859,"comment_status":"closed","ping_status":"closed","template":"","meta":{"_seopress_robots_primary_cat":"none","_seopress_titles_title":"","_seopress_titles_desc":"","_seopress_robots_index":""},"product_brand":[],"product_cat":[1510,82],"product_tag":[30847,30840,30848,1539,30839,138,30846,30845,30793],"class_list":{"0":"post-40857","1":"product","2":"type-product","3":"status-publish","4":"has-post-thumbnail","6":"product_cat-informatique","7":"product_cat-ordinateurs","8":"product_tag-240gb","9":"product_tag-computer","10":"product_tag-ddr4","11":"product_tag-micro","12":"product_tag-ordinateur","13":"product_tag-pc","14":"product_tag-silent","15":"product_tag-ssd","16":"product_tag-terra","18":"first","19":"instock","20":"shipping-taxable","21":"purchasable","22":"product-type-simple"},"_links":{"self":[{"href":"https:\/\/shop24.lu\/de\/wp-json\/wp\/v2\/product\/40857","targetHints":{"allow":["GET"]}}],"collection":[{"href":"https:\/\/shop24.lu\/de\/wp-json\/wp\/v2\/product"}],"about":[{"href":"https:\/\/shop24.lu\/de\/wp-json\/wp\/v2\/types\/product"}],"replies":[{"embeddable":true,"href":"https:\/\/shop24.lu\/de\/wp-json\/wp\/v2\/comments?post=40857"}],"wp:featuredmedia":[{"embeddable":true,"href":"https:\/\/shop24.lu\/de\/wp-json\/wp\/v2\/media\/40859"}],"wp:attachment":[{"href":"https:\/\/shop24.lu\/de\/wp-json\/wp\/v2\/media?parent=40857"}],"wp:term":[{"taxonomy":"product_brand","embeddable":true,"href":"https:\/\/shop24.lu\/de\/wp-json\/wp\/v2\/product_brand?post=40857"},{"taxonomy":"product_cat","embeddable":true,"href":"https:\/\/shop24.lu\/de\/wp-json\/wp\/v2\/product_cat?post=40857"},{"taxonomy":"product_tag","embeddable":true,"href":"https:\/\/shop24.lu\/de\/wp-json\/wp\/v2\/product_tag?post=40857"}],"curies":[{"name":"wp","href":"https:\/\/api.w.org\/{rel}","templated":true}]}}