{"id":42669,"date":"2022-01-03T23:19:50","date_gmt":"2022-01-03T21:19:50","guid":{"rendered":"https:\/\/shop24.lu\/?post_type=product&#038;p=42669"},"modified":"2022-01-04T00:26:58","modified_gmt":"2022-01-03T22:26:58","slug":"byebyecellulite-200ml","status":"publish","type":"product","link":"https:\/\/shop24.lu\/de\/product\/byebyecellulite-200ml\/","title":{"rendered":"ByeByeCellulite 200ml"},"content":{"rendered":"<p>Wirkstoffkombination, die das Erscheinungsbild von Cellulite schnell und nachhaltig verbessern kann. Nach ca. 1 Woche klingen die anf\u00e4nglichen R\u00f6tungen und das Hitzegef\u00fchl ab, ein Zeichen der Wirksamkeit.<\/p>\n<p>Dank des Zusammenspiels hochkonzentrierter Rohstoffe k\u00f6nnen Gr\u00fcbchen sichtbar ausgeglichen und harmonisiert werden. Das Auftreten von Cellulite kann reduziert werden.<\/p>\n<p><iframe title=\"InShape.lu - ByeByeCellulite LU (04.2017)\" width=\"1020\" height=\"574\" src=\"https:\/\/www.youtube.com\/embed\/wfxLfvL4hS4?feature=oembed\" frameborder=\"0\" allow=\"accelerometer; autoplay; clipboard-write; encrypted-media; gyroscope; picture-in-picture; web-share\" allowfullscreen><\/iframe><\/p>\n<p>ByeByeCellulite enth\u00e4lt einzigartige pflanzliche Rohstoffe mit einem Wirkkonzept in 6 Stufen: Wirkungen:<\/p>\n<p>Sichtbare Zunahme der Mikrozirkulation (R\u00f6tung der Haut).<br \/>\nGef\u00fchl von W\u00e4rme.<br \/>\nN\u00e4hrstoffaufnahme verbessern<br \/>\nGlatte Haut<br \/>\nFestigung der Hautstruktur<br \/>\nHarmonisierung des Hautbildes<\/p>\n<p>Inhalt: 200 ml<\/p>","protected":false},"excerpt":{"rendered":"<p>Dieses ph\u00e4nomenale Energiepaket enth\u00e4lt hochwirksame Wirkstoffe in einer besonderen Kombination und entfaltet seine 3D-Wirkung in einem 6-Stufen-Prozess.<\/p>","protected":false},"featured_media":42677,"comment_status":"closed","ping_status":"closed","template":"","meta":{"_seopress_robots_primary_cat":"none","_seopress_titles_title":"","_seopress_titles_desc":"","_seopress_robots_index":""},"product_brand":[],"product_cat":[60,30855],"product_tag":[30849,30850,578,30854,30852,30853,30851],"class_list":{"0":"post-42669","1":"product","2":"type-product","3":"status-publish","4":"has-post-thumbnail","6":"product_cat-beaute","7":"product_cat-cosmetique","8":"product_tag-bye","9":"product_tag-byebye","10":"product_tag-cellulite","11":"product_tag-cosmetic","12":"product_tag-dr","13":"product_tag-effect","14":"product_tag-juchheim","16":"first","17":"instock","18":"featured","19":"shipping-taxable","20":"product-type-external"},"_links":{"self":[{"href":"https:\/\/shop24.lu\/de\/wp-json\/wp\/v2\/product\/42669","targetHints":{"allow":["GET"]}}],"collection":[{"href":"https:\/\/shop24.lu\/de\/wp-json\/wp\/v2\/product"}],"about":[{"href":"https:\/\/shop24.lu\/de\/wp-json\/wp\/v2\/types\/product"}],"replies":[{"embeddable":true,"href":"https:\/\/shop24.lu\/de\/wp-json\/wp\/v2\/comments?post=42669"}],"wp:featuredmedia":[{"embeddable":true,"href":"https:\/\/shop24.lu\/de\/wp-json\/wp\/v2\/media\/42677"}],"wp:attachment":[{"href":"https:\/\/shop24.lu\/de\/wp-json\/wp\/v2\/media?parent=42669"}],"wp:term":[{"taxonomy":"product_brand","embeddable":true,"href":"https:\/\/shop24.lu\/de\/wp-json\/wp\/v2\/product_brand?post=42669"},{"taxonomy":"product_cat","embeddable":true,"href":"https:\/\/shop24.lu\/de\/wp-json\/wp\/v2\/product_cat?post=42669"},{"taxonomy":"product_tag","embeddable":true,"href":"https:\/\/shop24.lu\/de\/wp-json\/wp\/v2\/product_tag?post=42669"}],"curies":[{"name":"wp","href":"https:\/\/api.w.org\/{rel}","templated":true}]}}