{"id":42699,"date":"2022-01-03T23:49:29","date_gmt":"2022-01-03T21:49:29","guid":{"rendered":"https:\/\/shop24.lu\/?post_type=product&#038;p=42699"},"modified":"2022-01-03T23:49:29","modified_gmt":"2022-01-03T21:49:29","slug":"beauty-pen","status":"publish","type":"product","link":"https:\/\/shop24.lu\/de\/product\/beauty-pen\/","title":{"rendered":"Sch\u00f6nheitsstift"},"content":{"rendered":"<p>Erleben Sie au\u00dfergew\u00f6hnliche, erstaunliche Ver\u00e4nderungen, selbst bei tiefen Falten. Der Beauty Pen hilft Ihnen, sich besser und j\u00fcnger zu f\u00fchlen. Neben kleinen F\u00e4ltchen gl\u00e4ttet es mit seiner speziellen Wirkformel auch tiefe Falten und l\u00e4sst L\u00e4ngsfalten (Schlaff\u00e4ltchen) verschwinden. Einfach mit dem Applikator \u00fcber st\u00f6rende F\u00e4ltchen streichen und kurz einziehen lassen.<\/p>\n<p>Extrakte aus chinesischer Seidenbaumrinde, Edelwei\u00df, Enzian und spezielle Peptide wirken als kollagenf\u00f6rdernde Faktoren und tragen zur Verbesserung der Hautelastizit\u00e4t bei. Pflanzliches Kollagen kann Falten sofort aufpolstern und die Haut j\u00fcnger aussehen lassen. Der Soforteffekt h\u00e4lt \u00fcber Stunden an und kann von einer Anwendung zur n\u00e4chsten an Dauerhaftigkeit gewinnen.<\/p>\n<p>Lassen Sie sich von sch\u00f6nerer und j\u00fcnger aussehender Haut inspirieren!<\/p>\n<p class=\"ProductInfoHighlight\"><strong>Warnung:<\/strong> Nicht mit den Augen in Ber\u00fchrung bringen. Auf den \u00e4u\u00dferen Augenwinkel auftragen, vom Auge weg. Bei Augenkontakt sofort 15 Minuten lang mit flie\u00dfendem Wasser sp\u00fclen. Bitte vom Auge fernhalten.<\/p>","protected":false},"excerpt":{"rendered":"<p>Instant Pen - sofort sch\u00f6n<\/p>\n<p>Verpackung: 6 ml<\/p>","protected":false},"featured_media":42701,"comment_status":"closed","ping_status":"closed","template":"","meta":{"_seopress_robots_primary_cat":"","_seopress_titles_title":"","_seopress_titles_desc":"","_seopress_robots_index":""},"product_brand":[],"product_cat":[60,30855],"product_tag":[329,30858,30852,30853,30851,867,30868,30867],"class_list":{"0":"post-42699","1":"product","2":"type-product","3":"status-publish","4":"has-post-thumbnail","6":"product_cat-beaute","7":"product_cat-cosmetique","8":"product_tag-beauty","9":"product_tag-cosmetics","10":"product_tag-dr","11":"product_tag-effect","12":"product_tag-juchheim","13":"product_tag-pen","14":"product_tag-store","15":"product_tag-vip","17":"first","18":"instock","19":"shipping-taxable","20":"product-type-external"},"_links":{"self":[{"href":"https:\/\/shop24.lu\/de\/wp-json\/wp\/v2\/product\/42699","targetHints":{"allow":["GET"]}}],"collection":[{"href":"https:\/\/shop24.lu\/de\/wp-json\/wp\/v2\/product"}],"about":[{"href":"https:\/\/shop24.lu\/de\/wp-json\/wp\/v2\/types\/product"}],"replies":[{"embeddable":true,"href":"https:\/\/shop24.lu\/de\/wp-json\/wp\/v2\/comments?post=42699"}],"wp:featuredmedia":[{"embeddable":true,"href":"https:\/\/shop24.lu\/de\/wp-json\/wp\/v2\/media\/42701"}],"wp:attachment":[{"href":"https:\/\/shop24.lu\/de\/wp-json\/wp\/v2\/media?parent=42699"}],"wp:term":[{"taxonomy":"product_brand","embeddable":true,"href":"https:\/\/shop24.lu\/de\/wp-json\/wp\/v2\/product_brand?post=42699"},{"taxonomy":"product_cat","embeddable":true,"href":"https:\/\/shop24.lu\/de\/wp-json\/wp\/v2\/product_cat?post=42699"},{"taxonomy":"product_tag","embeddable":true,"href":"https:\/\/shop24.lu\/de\/wp-json\/wp\/v2\/product_tag?post=42699"}],"curies":[{"name":"wp","href":"https:\/\/api.w.org\/{rel}","templated":true}]}}