{"id":42702,"date":"2022-01-03T23:52:55","date_gmt":"2022-01-03T21:52:55","guid":{"rendered":"https:\/\/shop24.lu\/?post_type=product&#038;p=42702"},"modified":"2022-01-03T23:52:57","modified_gmt":"2022-01-03T21:52:57","slug":"filler-4-face-aux-cellules-souches-vegetales","status":"publish","type":"product","link":"https:\/\/shop24.lu\/de\/product\/filler-4-face-aux-cellules-souches-vegetales\/","title":{"rendered":"Filler 4 Gegen\u00fcberliegende Pflanzenstammzellen"},"content":{"rendered":"<p class=\"ProdSubhead\">Die ultimative Anti-Aging-Behandlung mit Lifting-Effekt.<\/p>\n<p>Die ultimative Anti-Falten-Tages- und Nachtpflege f\u00fcr Gesicht und Hals ist puffig weich und gleichzeitig extrem reich an ausgew\u00e4hlten Wirkstoffen.<\/p>\n<p>&nbsp;<\/p>\n<div class=\"product-desc-content\">\n<p>Ayurvedische Pflanzenextrakte, Guggul-Harz (indische Myrrhe), pflanzliche Stammzellen und Hyalurons\u00e4ure der neuesten Generation machen diese Creme zu einem reinen Wohlf\u00fchlerlebnis mit sch\u00fctzender und aufpolsternder Wirkung. Die Wirkstoffe werden in der Baseline zu den Hautzellen transportiert, wo sie sofort auf sanfte, aber nachhaltige Weise zu wirken beginnen.<\/p>\n<p>Falten und feine Linien werden von innen heraus aufgepolstert, die Haut wirkt energiegeladen, gefestigt und verj\u00fcngt. Lassen Sie Ihre Haut erstrahlen und genie\u00dfen Sie ihre samtige Struktur.<\/p>\n<\/div>","protected":false},"excerpt":{"rendered":"<p>Anti-Falten-Tages- und Nachtcreme mit aufpolsternder Wirkung<\/p>\n<p>Verpackung: 30 ml<\/p>","protected":false},"featured_media":42704,"comment_status":"closed","ping_status":"closed","template":"","meta":{"_seopress_robots_primary_cat":"","_seopress_titles_title":"","_seopress_titles_desc":"","_seopress_robots_index":""},"product_brand":[],"product_cat":[60,30855],"product_tag":[30873,30858,30852,30853,30871,30872,30851,30874,30875],"class_list":{"0":"post-42702","1":"product","2":"type-product","3":"status-publish","4":"has-post-thumbnail","6":"product_cat-beaute","7":"product_cat-cosmetique","8":"product_tag-cellules","9":"product_tag-cosmetics","10":"product_tag-dr","11":"product_tag-effect","12":"product_tag-filler","13":"product_tag-filler4face","14":"product_tag-juchheim","15":"product_tag-souche","16":"product_tag-stammzellen","18":"first","19":"instock","20":"shipping-taxable","21":"product-type-external"},"_links":{"self":[{"href":"https:\/\/shop24.lu\/de\/wp-json\/wp\/v2\/product\/42702","targetHints":{"allow":["GET"]}}],"collection":[{"href":"https:\/\/shop24.lu\/de\/wp-json\/wp\/v2\/product"}],"about":[{"href":"https:\/\/shop24.lu\/de\/wp-json\/wp\/v2\/types\/product"}],"replies":[{"embeddable":true,"href":"https:\/\/shop24.lu\/de\/wp-json\/wp\/v2\/comments?post=42702"}],"wp:featuredmedia":[{"embeddable":true,"href":"https:\/\/shop24.lu\/de\/wp-json\/wp\/v2\/media\/42704"}],"wp:attachment":[{"href":"https:\/\/shop24.lu\/de\/wp-json\/wp\/v2\/media?parent=42702"}],"wp:term":[{"taxonomy":"product_brand","embeddable":true,"href":"https:\/\/shop24.lu\/de\/wp-json\/wp\/v2\/product_brand?post=42702"},{"taxonomy":"product_cat","embeddable":true,"href":"https:\/\/shop24.lu\/de\/wp-json\/wp\/v2\/product_cat?post=42702"},{"taxonomy":"product_tag","embeddable":true,"href":"https:\/\/shop24.lu\/de\/wp-json\/wp\/v2\/product_tag?post=42702"}],"curies":[{"name":"wp","href":"https:\/\/api.w.org\/{rel}","templated":true}]}}