{"id":42709,"date":"2022-01-03T23:59:01","date_gmt":"2022-01-03T21:59:01","guid":{"rendered":"https:\/\/shop24.lu\/?post_type=product&#038;p=42709"},"modified":"2022-01-03T23:59:02","modified_gmt":"2022-01-03T21:59:02","slug":"xtreme-4-minutes-lift","status":"publish","type":"product","link":"https:\/\/shop24.lu\/de\/product\/xtreme-4-minutes-lift\/","title":{"rendered":"Xtreme 4 Minuten Lift"},"content":{"rendered":"<p>Die Lifting-Behandlung mit intensiver Wirkung gegen Falten und Unregelm\u00e4\u00dfigkeiten strapazierter und gesch\u00e4digter Haut. Die Kombination aus verschiedenen Algenextrakten und niedermolekularer Hyalurons\u00e4ure kann das Erscheinungsbild tiefer Falten schnell und nachhaltig reduzieren.<\/p>\n<p>Fr\u00fchere Sch\u00e4den verblassen, Epidermiszellen werden zur Teilung und Verj\u00fcngung angeregt, neue Zellen werden gest\u00e4rkt und gesch\u00fctzt. Ihre Haut sieht ebenm\u00e4\u00dfig gegl\u00e4ttet, verfeinert und rein aus.<\/p>","protected":false},"excerpt":{"rendered":"<p>Intensiver Anti-Aging-Effekt f\u00fcr gesch\u00e4digte und gereizte Haut<\/p>\n<p>Verpackung: 30 ml<\/p>","protected":false},"featured_media":42712,"comment_status":"closed","ping_status":"closed","template":"","meta":{"_seopress_robots_primary_cat":"","_seopress_titles_title":"","_seopress_titles_desc":"","_seopress_robots_index":""},"product_brand":[],"product_cat":[60,30855],"product_tag":[30882,30858,30860,30852,30853,30881,30851,30884,30883,30880],"class_list":{"0":"post-42709","1":"product","2":"type-product","3":"status-publish","4":"has-post-thumbnail","6":"product_cat-beaute","7":"product_cat-cosmetique","8":"product_tag-30882","9":"product_tag-cosmetics","10":"product_tag-cream","11":"product_tag-dr","12":"product_tag-effect","13":"product_tag-extreme","14":"product_tag-juchheim","15":"product_tag-lift","16":"product_tag-minutes","17":"product_tag-xtreme","19":"first","20":"instock","21":"shipping-taxable","22":"product-type-external"},"_links":{"self":[{"href":"https:\/\/shop24.lu\/de\/wp-json\/wp\/v2\/product\/42709","targetHints":{"allow":["GET"]}}],"collection":[{"href":"https:\/\/shop24.lu\/de\/wp-json\/wp\/v2\/product"}],"about":[{"href":"https:\/\/shop24.lu\/de\/wp-json\/wp\/v2\/types\/product"}],"replies":[{"embeddable":true,"href":"https:\/\/shop24.lu\/de\/wp-json\/wp\/v2\/comments?post=42709"}],"wp:featuredmedia":[{"embeddable":true,"href":"https:\/\/shop24.lu\/de\/wp-json\/wp\/v2\/media\/42712"}],"wp:attachment":[{"href":"https:\/\/shop24.lu\/de\/wp-json\/wp\/v2\/media?parent=42709"}],"wp:term":[{"taxonomy":"product_brand","embeddable":true,"href":"https:\/\/shop24.lu\/de\/wp-json\/wp\/v2\/product_brand?post=42709"},{"taxonomy":"product_cat","embeddable":true,"href":"https:\/\/shop24.lu\/de\/wp-json\/wp\/v2\/product_cat?post=42709"},{"taxonomy":"product_tag","embeddable":true,"href":"https:\/\/shop24.lu\/de\/wp-json\/wp\/v2\/product_tag?post=42709"}],"curies":[{"name":"wp","href":"https:\/\/api.w.org\/{rel}","templated":true}]}}