{"id":42883,"date":"2022-01-07T21:12:29","date_gmt":"2022-01-07T19:12:29","guid":{"rendered":"https:\/\/shop24.lu\/?post_type=product&#038;p=42883"},"modified":"2023-12-25T16:44:40","modified_gmt":"2023-12-25T14:44:40","slug":"synology-nas-disk-station-ds420-4-bay","status":"publish","type":"product","link":"https:\/\/shop24.lu\/de\/product\/synology-nas-disk-station-ds420-4-bay\/","title":{"rendered":"Synology NAS Disk Station DS423+ (4-Bay)"},"content":{"rendered":"<table id=\"ctl00_ctl00_ctl00_SiteContent_SiteContent_SiteContent_articleFeatureDisplayDetails_gridViewProductAttributes\" class=\"table table-condensed\" border=\"0\" cellspacing=\"0\">\n<tbody>\n<tr>\n<td><strong>Technische Details<\/strong><\/td>\n<\/tr>\n<tr>\n<td class=\"col-xs-3\">Hersteller<\/td>\n<td>Synology<\/td>\n<\/tr>\n<tr>\n<td class=\"col-xs-3\"><\/td>\n<td><strong>Entwurf<\/strong><\/td>\n<\/tr>\n<tr>\n<td class=\"col-xs-3\">Geh\u00e4usetyp<\/td>\n<td>B\u00fcroturm<\/td>\n<\/tr>\n<tr>\n<td class=\"col-xs-3\">LED-Anzeigen<\/td>\n<td>ja<\/td>\n<\/tr>\n<tr>\n<td class=\"col-xs-3\">Geh\u00e4useschacht mit Rastfunktion<\/td>\n<td>ja<\/td>\n<\/tr>\n<tr>\n<td class=\"col-xs-3\">Produktfarbe<\/td>\n<td>Noir<\/td>\n<\/tr>\n<tr>\n<td class=\"col-xs-3\">L\u00fcfterdurchmesser 2<\/td>\n<td>92 mm<\/td>\n<\/tr>\n<tr>\n<td class=\"col-xs-3\">Anzahl der Fans<\/td>\n<td>2 Fans<\/td>\n<\/tr>\n<tr>\n<td class=\"col-xs-3\">K\u00fchlung<\/td>\n<td>Aktiv<\/td>\n<\/tr>\n<tr>\n<td class=\"col-xs-3\">L\u00fcfterdurchmesser<\/td>\n<td>92 mm<\/td>\n<\/tr>\n<tr>\n<td class=\"col-xs-3\"><\/td>\n<td><strong>Speichermedium<\/strong><\/td>\n<\/tr>\n<tr>\n<td class=\"col-xs-3\">Anzahl der Steckpl\u00e4tze<\/td>\n<td>4<\/td>\n<\/tr>\n<tr>\n<td class=\"col-xs-3\">Speichermedien Schnittstellen<\/td>\n<td>M.2 NVME-SATA<\/td>\n<\/tr>\n<tr>\n<td class=\"col-xs-3\">Speichermedientyp<\/td>\n<td>HDD, SSD<\/td>\n<\/tr>\n<tr>\n<td class=\"col-xs-3\">RAID-Level<\/td>\n<td>0 1 10 5 6<\/td>\n<\/tr>\n<tr>\n<td class=\"col-xs-3\">Speichertreiber installiert<\/td>\n<td>Nein<\/td>\n<\/tr>\n<tr>\n<td class=\"col-xs-3\">Maximale unterst\u00fctzte Speicherkapazit\u00e4t<\/td>\n<td>64 TB<\/td>\n<\/tr>\n<tr>\n<td class=\"col-xs-3\">Art des installierten Speicherlaufwerks<\/td>\n<td>Nein<\/td>\n<\/tr>\n<tr>\n<td class=\"col-xs-3\">Hot-Swap-f\u00e4hige Geh\u00e4useeinsch\u00fcbe<\/td>\n<td>ja<\/td>\n<\/tr>\n<tr>\n<td class=\"col-xs-3\">Unterst\u00fctzte Dateisysteme<\/td>\n<td>BTRFS, FAT, HFS +, NTFS, exFAT, ext2, ext3, ext4<\/td>\n<\/tr>\n<tr>\n<td class=\"col-xs-3\">RAID-Unterst\u00fctzung<\/td>\n<td>ja<\/td>\n<\/tr>\n<tr>\n<td class=\"col-xs-3\">Gr\u00f6\u00dfe der unterst\u00fctzten Speicherlaufwerke<\/td>\n<td>2.5.3.5 Zoll<\/td>\n<\/tr>\n<tr>\n<td class=\"col-xs-3\"><\/td>\n<td><strong>Memory<\/strong><\/td>\n<\/tr>\n<tr>\n<td class=\"col-xs-3\">Maximaler RAM-Speicher<\/td>\n<td>6 GB<\/td>\n<\/tr>\n<tr>\n<td class=\"col-xs-3\">Interner Speichertyp<\/td>\n<td>DDR4<\/td>\n<\/tr>\n<tr>\n<td class=\"col-xs-3\">Speicherpl\u00e4tze<\/td>\n<td>1<\/td>\n<\/tr>\n<tr>\n<td class=\"col-xs-3\">RAM-Kapazit\u00e4t<\/td>\n<td>2 GB<\/td>\n<\/tr>\n<tr>\n<td class=\"col-xs-3\"><\/td>\n<td><strong>Leistungsstark<\/strong><\/td>\n<\/tr>\n<tr>\n<td class=\"col-xs-3\">Unterst\u00fctzung f\u00fcr redundante Stromversorgung<\/td>\n<td>Nein<\/td>\n<\/tr>\n<tr>\n<td class=\"col-xs-3\">Kapazit\u00e4t des Netzteils<\/td>\n<td>90 W<\/td>\n<\/tr>\n<tr>\n<td class=\"col-xs-3\">Stromverbrauch (Festplatte im Standby)<\/td>\n<td>8,45 W<\/td>\n<\/tr>\n<tr>\n<td class=\"col-xs-3\">Leistungsaufnahme (Standardbetrieb)<\/td>\n<td>28,3 W<\/td>\n<\/tr>\n<tr>\n<td class=\"col-xs-3\">Anzahl der Netzteile<\/td>\n<td>1<\/td>\n<\/tr>\n<tr>\n<td class=\"col-xs-3\">AC-Eingangsfrequenz<\/td>\n<td>50 \/ 60Hz<\/td>\n<\/tr>\n<tr>\n<td class=\"col-xs-3\">AC-Eingangsspannung<\/td>\n<td>100 - 240 V<\/td>\n<\/tr>\n<tr>\n<td class=\"col-xs-3\"><\/td>\n<td><strong>Anschl\u00fcsse und Schnittstellen<\/strong><\/td>\n<\/tr>\n<tr>\n<td class=\"col-xs-3\">Anzahl LAN-Ports (RJ-45)<\/td>\n<td>2<\/td>\n<\/tr>\n<tr>\n<td class=\"col-xs-3\">Anzahl der USB 3.2 Gen 1 (3.1 Gen 1) Typ A Ports<\/td>\n<td>2<\/td>\n<\/tr>\n<tr>\n<td class=\"col-xs-3\">USB-Anschluss<\/td>\n<td>ja<\/td>\n<\/tr>\n<tr>\n<td class=\"col-xs-3\"><\/td>\n<td><strong>Netzwerk<\/strong><\/td>\n<\/tr>\n<tr>\n<td class=\"col-xs-3\">Integrierter Ethernet-Port<\/td>\n<td>ja<\/td>\n<\/tr>\n<tr>\n<td class=\"col-xs-3\">Wake-on-LAN bereit<\/td>\n<td>ja<\/td>\n<\/tr>\n<tr>\n<td class=\"col-xs-3\">Unterst\u00fctzte Ethernet-LAN-Datenrate (max.)<\/td>\n<td>10.000 Mbit\/s<\/td>\n<\/tr>\n<tr>\n<td class=\"col-xs-3\">Ethernet-LAN-Daten\u00fcbertragungsrate<\/td>\n<td>10.100.1000 Mbit\/s<\/td>\n<\/tr>\n<tr>\n<td class=\"col-xs-3\">iSCSI-Unterst\u00fctzung<\/td>\n<td>ja<\/td>\n<\/tr>\n<tr>\n<td class=\"col-xs-3\"><\/td>\n<td><strong>Prozessor<\/strong><\/td>\n<\/tr>\n<tr>\n<td class=\"col-xs-3\">Prozessor-Cache<\/td>\n<td>4 MB<\/td>\n<\/tr>\n<tr>\n<td class=\"col-xs-3\">Prozessorhersteller<\/td>\n<td>Intel<\/td>\n<\/tr>\n<tr>\n<td class=\"col-xs-3\">CPU-Taktfrequenz<\/td>\n<td>2 GHz<\/td>\n<\/tr>\n<tr>\n<td class=\"col-xs-3\">Prozessorfamilie<\/td>\n<td>Intel\u00ae Celeron<\/td>\n<\/tr>\n<tr>\n<td class=\"col-xs-3\">Prozessor<\/td>\n<td>J4025<\/td>\n<\/tr>\n<tr>\n<td class=\"col-xs-3\">Anzahl Prozessorkerne<\/td>\n<td>2<\/td>\n<\/tr>\n<tr>\n<td class=\"col-xs-3\">Prozessor-Threads<\/td>\n<td>2<\/td>\n<\/tr>\n<tr>\n<td class=\"col-xs-3\">CPU-Boost-Frequenz<\/td>\n<td>2,9 GHz<\/td>\n<\/tr>\n<tr>\n<td class=\"col-xs-3\">Integriertes Grafikkartenmodell<\/td>\n<td>Intel\u00ae UHD-Grafik 600<\/td>\n<\/tr>\n<tr>\n<td class=\"col-xs-3\"><\/td>\n<td><strong>Gewicht und Abmessungen<\/strong><\/td>\n<\/tr>\n<tr>\n<td class=\"col-xs-3\">H\u00f6he<\/td>\n<td>166 mm<\/td>\n<\/tr>\n<tr>\n<td class=\"col-xs-3\">Breite<\/td>\n<td>199 mm<\/td>\n<\/tr>\n<tr>\n<td class=\"col-xs-3\">Tiefe<\/td>\n<td>223 mm<\/td>\n<\/tr>\n<tr>\n<td class=\"col-xs-3\">Gewicht<\/td>\n<td>2180 g<\/td>\n<\/tr>\n<tr>\n<td class=\"col-xs-3\"><\/td>\n<td><strong>Performance<\/strong><\/td>\n<\/tr>\n<tr>\n<td class=\"col-xs-3\">Ger\u00e4teklasse<\/td>\n<td>Zuhause &amp; Homeoffice<\/td>\n<\/tr>\n<tr>\n<td class=\"col-xs-3\">Backup-Funktion<\/td>\n<td>ja<\/td>\n<\/tr>\n<tr>\n<td class=\"col-xs-3\">Lautst\u00e4rke<\/td>\n<td>19 dB<\/td>\n<\/tr>\n<tr>\n<td class=\"col-xs-3\">Typ<\/td>\n<td>NAS<\/td>\n<\/tr>\n<tr>\n<td class=\"col-xs-3\">Ein (Schalter)<\/td>\n<td>ja<\/td>\n<\/tr>\n<tr>\n<td class=\"col-xs-3\"><\/td>\n<td><strong>Arbeitsbedingungen<\/strong><\/td>\n<\/tr>\n<tr>\n<td class=\"col-xs-3\">Betriebstemperaturbereich<\/td>\n<td>0 - 40 \u00b0C<\/td>\n<\/tr>\n<tr>\n<td class=\"col-xs-3\">Lagerfeuchtigkeit<\/td>\n<td>5 &#8211; 95 %<\/td>\n<\/tr>\n<tr>\n<td class=\"col-xs-3\">Relative Luftfeuchtigkeit im Betrieb<\/td>\n<td>5 &#8211; 95 %<\/td>\n<\/tr>\n<tr>\n<td class=\"col-xs-3\">Lagertemperaturbereich<\/td>\n<td>-20 - 60 \u00b0C<\/td>\n<\/tr>\n<tr>\n<td class=\"col-xs-3\"><\/td>\n<td><strong>Zertifikate<\/strong><\/td>\n<\/tr>\n<tr>\n<td class=\"col-xs-3\">Zertifizierung<\/td>\n<td>EAC \\ nVCCI \\ nCCC \\ nRCM \\ nKC \\ nFCC \\ nCE \\ nBSMI<\/td>\n<\/tr>\n<tr>\n<td class=\"col-xs-3\">RoHS-konform<\/td>\n<td>ja<\/td>\n<\/tr>\n<\/tbody>\n<\/table>\n<p>&nbsp;<\/p>","protected":false},"excerpt":{"rendered":"<ul>\n<li>Herrsteller <strong>Synology<\/strong><\/li>\n<li>Eine Art von <strong>Geh\u00e4use<\/strong> <strong>Desktop<\/strong> \/ Turm<\/li>\n<li>Anzahl von <strong>Slots 4<\/strong><\/li>\n<li>Speichermedien M.2 NVME SATA-Schnittstellen<\/li>\n<li>Art der Speichermedien HDD, SSD<\/li>\n<li><strong>64 TB maximale Speicherkapazit\u00e4t<\/strong> unterst\u00fctzt<\/li>\n<li><strong>6 GB RAM-Speicher<\/strong> maximal<\/li>\n<li>Redundante Stromversorgung Nr<\/li>\n<li>Anzahl LAN-Ports (RJ-45) 2<\/li>\n<li>Hersteller von Intel-Prozessoren<\/li>\n<li>2 GHz Prozessortaktfrequenz<\/li>\n<li>J4025<\/li>\n<\/ul>","protected":false},"featured_media":42886,"comment_status":"closed","ping_status":"closed","template":"","meta":{"_seopress_robots_primary_cat":"none","_seopress_titles_title":"","_seopress_titles_desc":"","_seopress_robots_index":""},"product_brand":[],"product_cat":[1506,1510],"product_tag":[30903,30906,30824,30902,30904,30901,30797,30793],"class_list":{"0":"post-42883","1":"product","2":"type-product","3":"status-publish","4":"has-post-thumbnail","6":"product_cat-accessoires-informatiques","7":"product_cat-informatique","8":"product_tag-disk","9":"product_tag-ds420","10":"product_tag-econcept","11":"product_tag-nas","12":"product_tag-station","13":"product_tag-synology","14":"product_tag-tech","15":"product_tag-terra","17":"first","18":"instock","19":"featured","20":"shipping-taxable","21":"purchasable","22":"product-type-simple"},"_links":{"self":[{"href":"https:\/\/shop24.lu\/de\/wp-json\/wp\/v2\/product\/42883","targetHints":{"allow":["GET"]}}],"collection":[{"href":"https:\/\/shop24.lu\/de\/wp-json\/wp\/v2\/product"}],"about":[{"href":"https:\/\/shop24.lu\/de\/wp-json\/wp\/v2\/types\/product"}],"replies":[{"embeddable":true,"href":"https:\/\/shop24.lu\/de\/wp-json\/wp\/v2\/comments?post=42883"}],"wp:featuredmedia":[{"embeddable":true,"href":"https:\/\/shop24.lu\/de\/wp-json\/wp\/v2\/media\/42886"}],"wp:attachment":[{"href":"https:\/\/shop24.lu\/de\/wp-json\/wp\/v2\/media?parent=42883"}],"wp:term":[{"taxonomy":"product_brand","embeddable":true,"href":"https:\/\/shop24.lu\/de\/wp-json\/wp\/v2\/product_brand?post=42883"},{"taxonomy":"product_cat","embeddable":true,"href":"https:\/\/shop24.lu\/de\/wp-json\/wp\/v2\/product_cat?post=42883"},{"taxonomy":"product_tag","embeddable":true,"href":"https:\/\/shop24.lu\/de\/wp-json\/wp\/v2\/product_tag?post=42883"}],"curies":[{"name":"wp","href":"https:\/\/api.w.org\/{rel}","templated":true}]}}