{"id":42890,"date":"2022-01-07T21:24:20","date_gmt":"2022-01-07T19:24:20","guid":{"rendered":"https:\/\/shop24.lu\/?post_type=product&#038;p=42890"},"modified":"2022-01-07T21:26:43","modified_gmt":"2022-01-07T19:26:43","slug":"synology-nas-disk-station-ds1821-8-bay","status":"publish","type":"product","link":"https:\/\/shop24.lu\/de\/product\/synology-nas-disk-station-ds1821-8-bay\/","title":{"rendered":"Synology NAS Diskstation DS1821 + (8 Sch\u00e4cht)"},"content":{"rendered":"<table id=\"ctl00_ctl00_ctl00_SiteContent_SiteContent_SiteContent_articleFeatureDisplayDetails_gridViewProductAttributes\" class=\"table table-condensed\" border=\"0\" cellspacing=\"0\">\n<tbody>\n<tr>\n<td class=\"col-xs-3\"><\/td>\n<td><strong>Technische Details<\/strong><\/td>\n<\/tr>\n<tr>\n<td class=\"col-xs-3\">Hersteller<\/td>\n<td>Synology<\/td>\n<\/tr>\n<tr>\n<td class=\"col-xs-3\"><\/td>\n<td><strong>Entwurf<\/strong><\/td>\n<\/tr>\n<tr>\n<td class=\"col-xs-3\">Geh\u00e4usetyp<\/td>\n<td>B\u00fcroturm<\/td>\n<\/tr>\n<tr>\n<td class=\"col-xs-3\">Kensington Schloss<\/td>\n<td>ja<\/td>\n<\/tr>\n<tr>\n<td class=\"col-xs-3\">Standortart Kabelschloss<\/td>\n<td>Kensington<\/td>\n<\/tr>\n<tr>\n<td class=\"col-xs-3\">LED-Anzeigen<\/td>\n<td>ja<\/td>\n<\/tr>\n<tr>\n<td class=\"col-xs-3\">Produktfarbe<\/td>\n<td>Noir<\/td>\n<\/tr>\n<tr>\n<td class=\"col-xs-3\">Anzahl der Fans<\/td>\n<td>2 Fans<\/td>\n<\/tr>\n<tr>\n<td class=\"col-xs-3\">K\u00fchlung<\/td>\n<td>Aktiv<\/td>\n<\/tr>\n<tr>\n<td class=\"col-xs-3\">L\u00fcfterdurchmesser<\/td>\n<td>120 mm<\/td>\n<\/tr>\n<tr>\n<td class=\"col-xs-3\"><\/td>\n<td><strong>Speichermedium<\/strong><\/td>\n<\/tr>\n<tr>\n<td class=\"col-xs-3\">Anzahl der Steckpl\u00e4tze<\/td>\n<td>8<\/td>\n<\/tr>\n<tr>\n<td class=\"col-xs-3\">Speichermedien Schnittstellen<\/td>\n<td>M.2 NVME-SATA<\/td>\n<\/tr>\n<tr>\n<td class=\"col-xs-3\">Speichermedientyp<\/td>\n<td>HDD, SSD<\/td>\n<\/tr>\n<tr>\n<td class=\"col-xs-3\">RAID-Level<\/td>\n<td>0 1 10 5 6 JBOD<\/td>\n<\/tr>\n<tr>\n<td class=\"col-xs-3\">Speichertreiber installiert<\/td>\n<td>Nein<\/td>\n<\/tr>\n<tr>\n<td class=\"col-xs-3\">Maximale unterst\u00fctzte Speicherkapazit\u00e4t<\/td>\n<td>108 TB<\/td>\n<\/tr>\n<tr>\n<td class=\"col-xs-3\">Art des installierten Speicherlaufwerks<\/td>\n<td>Nein<\/td>\n<\/tr>\n<tr>\n<td class=\"col-xs-3\">Hot-Swap-f\u00e4hige Geh\u00e4useeinsch\u00fcbe<\/td>\n<td>ja<\/td>\n<\/tr>\n<tr>\n<td class=\"col-xs-3\">Unterst\u00fctzte Dateisysteme<\/td>\n<td>BTRFS, FAT, HFS+, NTFS, ext3, ext4<\/td>\n<\/tr>\n<tr>\n<td class=\"col-xs-3\">Anzahl M.2-Steckpl\u00e4tze (M &amp; B)<\/td>\n<td>2<\/td>\n<\/tr>\n<tr>\n<td class=\"col-xs-3\">RAID-Unterst\u00fctzung<\/td>\n<td>ja<\/td>\n<\/tr>\n<tr>\n<td class=\"col-xs-3\">Unterst\u00fctzte Speicherlaufwerksgr\u00f6\u00dfen<\/td>\n<td>2.5.3.5 Zoll<\/td>\n<\/tr>\n<tr>\n<td class=\"col-xs-3\"><\/td>\n<td><strong>Memory<\/strong><\/td>\n<\/tr>\n<tr>\n<td class=\"col-xs-3\">Maximaler RAM-Speicher<\/td>\n<td>32 GB<\/td>\n<\/tr>\n<tr>\n<td class=\"col-xs-3\">Interner Speichertyp<\/td>\n<td>DDR4<\/td>\n<\/tr>\n<tr>\n<td class=\"col-xs-3\">Speicherpl\u00e4tze<\/td>\n<td>2<\/td>\n<\/tr>\n<tr>\n<td class=\"col-xs-3\">RAM-Kapazit\u00e4t<\/td>\n<td>4GB<\/td>\n<\/tr>\n<tr>\n<td class=\"col-xs-3\"><\/td>\n<td><strong>Leistungsstark<\/strong><\/td>\n<\/tr>\n<tr>\n<td class=\"col-xs-3\">Unterst\u00fctzung f\u00fcr redundante Stromversorgung<\/td>\n<td>Nein<\/td>\n<\/tr>\n<tr>\n<td class=\"col-xs-3\">Kapazit\u00e4t des Netzteils<\/td>\n<td>250 W<\/td>\n<\/tr>\n<tr>\n<td class=\"col-xs-3\">Stromverbrauch (Festplatte im Standby)<\/td>\n<td>26,18 W<\/td>\n<\/tr>\n<tr>\n<td class=\"col-xs-3\">Leistungsaufnahme (Standardbetrieb)<\/td>\n<td>59,8 W<\/td>\n<\/tr>\n<tr>\n<td class=\"col-xs-3\">Anzahl der Netzteile<\/td>\n<td>1<\/td>\n<\/tr>\n<tr>\n<td class=\"col-xs-3\">AC-Eingangsfrequenz<\/td>\n<td>50\/60 Hz<\/td>\n<\/tr>\n<tr>\n<td class=\"col-xs-3\">AC-Eingangsspannung<\/td>\n<td>100-240 V<\/td>\n<\/tr>\n<tr>\n<td class=\"col-xs-3\">Stromversorgung<\/td>\n<td>Integriert<\/td>\n<\/tr>\n<tr>\n<td class=\"col-xs-3\"><\/td>\n<td><strong>Ports und Schnittstellen<\/strong><\/td>\n<\/tr>\n<tr>\n<td class=\"col-xs-3\">Anzahl LAN-Ports (RJ-45)<\/td>\n<td>4<\/td>\n<\/tr>\n<tr>\n<td class=\"col-xs-3\">PCI-Express x8 (Gen 3.x)-Ports<\/td>\n<td>1<\/td>\n<\/tr>\n<tr>\n<td class=\"col-xs-3\">Anzahl der USB 3.2 Gen 1 (3.1 Gen 1) Typ A Ports<\/td>\n<td>4<\/td>\n<\/tr>\n<tr>\n<td class=\"col-xs-3\">USB-Anschluss<\/td>\n<td>ja<\/td>\n<\/tr>\n<tr>\n<td class=\"col-xs-3\">Anzahl eSATA-Ports<\/td>\n<td>2<\/td>\n<\/tr>\n<tr>\n<td class=\"col-xs-3\"><\/td>\n<td><strong>Software<\/strong><\/td>\n<\/tr>\n<tr>\n<td class=\"col-xs-3\">Betriebssystem<\/td>\n<td>DiskStation-Manager<\/td>\n<\/tr>\n<tr>\n<td class=\"col-xs-3\">Unterst\u00fctzte Serverbetriebssysteme<\/td>\n<td>Windows Server 2016, Windows Server 2019<\/td>\n<\/tr>\n<tr>\n<td class=\"col-xs-3\"><\/td>\n<td><strong>Netzwerk<\/strong><\/td>\n<\/tr>\n<tr>\n<td class=\"col-xs-3\">Integrierter Ethernet-Port<\/td>\n<td>ja<\/td>\n<\/tr>\n<tr>\n<td class=\"col-xs-3\">Wake-on-LAN bereit<\/td>\n<td>ja<\/td>\n<\/tr>\n<tr>\n<td class=\"col-xs-3\">Link-Aggregation<\/td>\n<td>ja<\/td>\n<\/tr>\n<tr>\n<td class=\"col-xs-3\">Ethernet-LAN-Daten\u00fcbertragungsraten<\/td>\n<td>1000 Mbit\/s<\/td>\n<\/tr>\n<tr>\n<td class=\"col-xs-3\">Unterst\u00fctzte Netzwerkprotokolle<\/td>\n<td>SMB1 (CIFS), SMB2, SMB3, NFSv3, NFSv4, NFSv4.1, NFS iSCSI, HTTP, HTTPs, FTP, SNMP, LDAP, CalDAV<\/td>\n<\/tr>\n<tr>\n<td class=\"col-xs-3\">iSCSI-Unterst\u00fctzung<\/td>\n<td>ja<\/td>\n<\/tr>\n<tr>\n<td class=\"col-xs-3\"><\/td>\n<td><strong>Prozessor<\/strong><\/td>\n<\/tr>\n<tr>\n<td class=\"col-xs-3\">Prozessorhersteller<\/td>\n<td>AMD<\/td>\n<\/tr>\n<tr>\n<td class=\"col-xs-3\">CPU-Taktfrequenz<\/td>\n<td>2,2 GHz<\/td>\n<\/tr>\n<tr>\n<td class=\"col-xs-3\">Prozessorfamilie<\/td>\n<td>AMD Ryzen<\/td>\n<\/tr>\n<tr>\n<td class=\"col-xs-3\">Prozessor<\/td>\n<td>V1500B<\/td>\n<\/tr>\n<tr>\n<td class=\"col-xs-3\">Anzahl Prozessorkerne<\/td>\n<td>4<\/td>\n<\/tr>\n<tr>\n<td class=\"col-xs-3\"><\/td>\n<td><strong>Lieferumfang<\/strong><\/td>\n<\/tr>\n<tr>\n<td class=\"col-xs-3\">Mitgelieferte Kabel<\/td>\n<td>Wechselstrom, LAN (RJ-45)<\/td>\n<\/tr>\n<tr>\n<td class=\"col-xs-3\"><\/td>\n<td><strong>Gewicht und Abmessungen<\/strong><\/td>\n<\/tr>\n<tr>\n<td class=\"col-xs-3\">H\u00f6he<\/td>\n<td>166 mm<\/td>\n<\/tr>\n<tr>\n<td class=\"col-xs-3\">Breite<\/td>\n<td>343 mm<\/td>\n<\/tr>\n<tr>\n<td class=\"col-xs-3\">Tiefe<\/td>\n<td>243 mm<\/td>\n<\/tr>\n<tr>\n<td class=\"col-xs-3\">Gewicht<\/td>\n<td>6000 g<\/td>\n<\/tr>\n<tr>\n<td class=\"col-xs-3\"><\/td>\n<td><strong>Performance<\/strong><\/td>\n<\/tr>\n<tr>\n<td class=\"col-xs-3\">Ger\u00e4teklasse<\/td>\n<td>Gro\u00dfunternehmen<\/td>\n<\/tr>\n<tr>\n<td class=\"col-xs-3\">Backup-Funktion<\/td>\n<td>ja<\/td>\n<\/tr>\n<tr>\n<td class=\"col-xs-3\">Backup-Funktionen<\/td>\n<td>Cloud, iSCSI-LUN<\/td>\n<\/tr>\n<tr>\n<td class=\"col-xs-3\">Anzahl der Nutzer<\/td>\n<td>2.048 Benutzer<\/td>\n<\/tr>\n<tr>\n<td class=\"col-xs-3\">Lautst\u00e4rke<\/td>\n<td>22,2 dB<\/td>\n<\/tr>\n<tr>\n<td class=\"col-xs-3\">Hei\u00dfe Wirtschaft<\/td>\n<td>ja<\/td>\n<\/tr>\n<tr>\n<td class=\"col-xs-3\">Typ<\/td>\n<td>NAS<\/td>\n<\/tr>\n<tr>\n<td class=\"col-xs-3\">Sofort<\/td>\n<td>ja<\/td>\n<\/tr>\n<tr>\n<td class=\"col-xs-3\">Webbasierte Verwaltung<\/td>\n<td>ja<\/td>\n<\/tr>\n<tr>\n<td class=\"col-xs-3\">Zugriffskontrollliste<\/td>\n<td>ja<\/td>\n<\/tr>\n<tr>\n<td class=\"col-xs-3\">Reset-Knopf<\/td>\n<td>ja<\/td>\n<\/tr>\n<tr>\n<td class=\"col-xs-3\">Mehrsprachige Unterst\u00fctzung<\/td>\n<td>ja<\/td>\n<\/tr>\n<tr>\n<td class=\"col-xs-3\">Ein (Schalter)<\/td>\n<td>ja<\/td>\n<\/tr>\n<tr>\n<td class=\"col-xs-3\">Unterst\u00fctzter Browser<\/td>\n<td>Google Chrome, Firefox, Microsoft Edge, Internet Explorer 10+, Safari 10+<\/td>\n<\/tr>\n<tr>\n<td class=\"col-xs-3\"><\/td>\n<td><strong>Arbeitsbedingungen<\/strong><\/td>\n<\/tr>\n<tr>\n<td class=\"col-xs-3\">Betriebstemperaturbereich<\/td>\n<td>0 - 40 \u00b0C<\/td>\n<\/tr>\n<tr>\n<td class=\"col-xs-3\">Relative Luftfeuchtigkeit im Betrieb<\/td>\n<td>5 &#8211; 95 %<\/td>\n<\/tr>\n<tr>\n<td class=\"col-xs-3\">Lagertemperaturbereich<\/td>\n<td>-20 - 60 \u00b0C<\/td>\n<\/tr>\n<tr>\n<td class=\"col-xs-3\"><\/td>\n<td><strong>Zertifikate<\/strong><\/td>\n<\/tr>\n<tr>\n<td class=\"col-xs-3\">Zertifizierung<\/td>\n<td>RoHS FCC CE BSMI EAC CCC KC VCCI RCM<\/td>\n<\/tr>\n<\/tbody>\n<\/table>\n<ul>\n<li><\/li>\n<\/ul>","protected":false},"excerpt":{"rendered":"<ul>\n<li>Herrsteller <strong>Synology<\/strong><\/li>\n<li>Eine Art von <strong>Geh\u00e4use<\/strong> <strong>Desktop<\/strong> \/ Turm<\/li>\n<li>Anzahl von <strong>Beeren 8<\/strong><\/li>\n<li>Speichermedien M.2 NVME SATA-Schnittstellen<\/li>\n<li>Art der Speichermedien HDD, SSD<\/li>\n<li><strong>108 TB Maximale Speicherkapazit\u00e4t<\/strong> unterst\u00fctzt<\/li>\n<li><strong>32 GB RAM-Speicher<\/strong> maximal<\/li>\n<li>Redundante Stromversorgung Nr<\/li>\n<li>Anzahl der Ports <strong>LAN<\/strong> (RJ-45) <strong>4<\/strong><\/li>\n<li>DiskStation-Manager<\/li>\n<li>Prozessorhersteller <strong>AMD<\/strong><\/li>\n<li>2,2 GHz Prozessortaktfrequenz<\/li>\n<li>V1500B<\/li>\n<\/ul>","protected":false},"featured_media":42892,"comment_status":"closed","ping_status":"closed","template":"","meta":{"_seopress_robots_primary_cat":"none","_seopress_titles_title":"","_seopress_titles_desc":"","_seopress_robots_index":""},"product_brand":[],"product_cat":[1506,1510],"product_tag":[30903,30907,30824,30902,30904,30901,30797,30793],"class_list":{"0":"post-42890","1":"product","2":"type-product","3":"status-publish","4":"has-post-thumbnail","6":"product_cat-accessoires-informatiques","7":"product_cat-informatique","8":"product_tag-disk","9":"product_tag-ds1821","10":"product_tag-econcept","11":"product_tag-nas","12":"product_tag-station","13":"product_tag-synology","14":"product_tag-tech","15":"product_tag-terra","17":"first","18":"instock","19":"shipping-taxable","20":"purchasable","21":"product-type-simple"},"_links":{"self":[{"href":"https:\/\/shop24.lu\/de\/wp-json\/wp\/v2\/product\/42890","targetHints":{"allow":["GET"]}}],"collection":[{"href":"https:\/\/shop24.lu\/de\/wp-json\/wp\/v2\/product"}],"about":[{"href":"https:\/\/shop24.lu\/de\/wp-json\/wp\/v2\/types\/product"}],"replies":[{"embeddable":true,"href":"https:\/\/shop24.lu\/de\/wp-json\/wp\/v2\/comments?post=42890"}],"wp:featuredmedia":[{"embeddable":true,"href":"https:\/\/shop24.lu\/de\/wp-json\/wp\/v2\/media\/42892"}],"wp:attachment":[{"href":"https:\/\/shop24.lu\/de\/wp-json\/wp\/v2\/media?parent=42890"}],"wp:term":[{"taxonomy":"product_brand","embeddable":true,"href":"https:\/\/shop24.lu\/de\/wp-json\/wp\/v2\/product_brand?post=42890"},{"taxonomy":"product_cat","embeddable":true,"href":"https:\/\/shop24.lu\/de\/wp-json\/wp\/v2\/product_cat?post=42890"},{"taxonomy":"product_tag","embeddable":true,"href":"https:\/\/shop24.lu\/de\/wp-json\/wp\/v2\/product_tag?post=42890"}],"curies":[{"name":"wp","href":"https:\/\/api.w.org\/{rel}","templated":true}]}}