{"id":42906,"date":"2021-12-07T21:48:07","date_gmt":"2021-12-07T19:48:07","guid":{"rendered":"https:\/\/shop24.lu\/?post_type=product&#038;p=42906"},"modified":"2022-02-06T17:37:03","modified_gmt":"2022-02-06T15:37:03","slug":"wd-hd3-5-sata3-8tb-wd8003ffbx-24x7-nas-di","status":"publish","type":"product","link":"https:\/\/shop24.lu\/de\/product\/wd-hd3-5-sata3-8tb-wd8003ffbx-24x7-nas-di\/","title":{"rendered":"WD HD3.5\u2033 SATA3 8TB WD8003FFBX \/ 24\u00d77 \/ NAS (Di)"},"content":{"rendered":"<p><span id=\"ctl00_ctl00_ctl00_SiteContent_SiteContent_SiteContent_LabelProductDescription\">WD Red\u2122 (DMSMR) bleibt die Mainstream-Option f\u00fcr pers\u00f6nliche\/Home-Office-Anwendungen mit leichter bis mittlerer Arbeitslast und langen Leerlaufzeiten. WD Red\u2122 Plus (CMR) erf\u00fcllt die h\u00f6heren Workload-Anforderungen kleiner und mittelst\u00e4ndischer Unternehmen sowie die Anforderungen der ZFS-Community. WD Red\u2122 Pro (CMR) bleibt unsere Hochleistungsl\u00f6sung f\u00fcr Unternehmen mit NAS-Systemen mit einer gr\u00f6\u00dferen Anzahl von Laufwerkssch\u00e4chten und intensiven Workloads. <\/span><\/p>","protected":false},"excerpt":{"rendered":"<p>Western Digital HD3.5\u2033 \u2013 SATA3 \u2013 8 TB<\/p>\n<ul>\n<li>Western Digital Hersteller<\/li>\n<li>8000 GB Festplattenkapazit\u00e4t<\/li>\n<li>Serial ATA III-Festplattenschnittstelle<\/li>\n<\/ul>","protected":false},"featured_media":42908,"comment_status":"closed","ping_status":"closed","template":"","meta":{"_seopress_robots_primary_cat":"none","_seopress_titles_title":"","_seopress_titles_desc":"","_seopress_robots_index":""},"product_brand":[],"product_cat":[1506,1510],"product_tag":[30909,30916,30920,30811,30915,30912,106,30911,30918,30919],"class_list":{"0":"post-42906","1":"product","2":"type-product","3":"status-publish","4":"has-post-thumbnail","6":"product_cat-accessoires-informatiques","7":"product_cat-informatique","8":"product_tag-3-5","9":"product_tag-8tb","10":"product_tag-digital","11":"product_tag-disque","12":"product_tag-dur","13":"product_tag-harddisk","14":"product_tag-hd","15":"product_tag-sata3","16":"product_tag-wd","17":"product_tag-western","19":"first","20":"instock","21":"shipping-taxable","22":"purchasable","23":"product-type-simple"},"_links":{"self":[{"href":"https:\/\/shop24.lu\/de\/wp-json\/wp\/v2\/product\/42906","targetHints":{"allow":["GET"]}}],"collection":[{"href":"https:\/\/shop24.lu\/de\/wp-json\/wp\/v2\/product"}],"about":[{"href":"https:\/\/shop24.lu\/de\/wp-json\/wp\/v2\/types\/product"}],"replies":[{"embeddable":true,"href":"https:\/\/shop24.lu\/de\/wp-json\/wp\/v2\/comments?post=42906"}],"wp:featuredmedia":[{"embeddable":true,"href":"https:\/\/shop24.lu\/de\/wp-json\/wp\/v2\/media\/42908"}],"wp:attachment":[{"href":"https:\/\/shop24.lu\/de\/wp-json\/wp\/v2\/media?parent=42906"}],"wp:term":[{"taxonomy":"product_brand","embeddable":true,"href":"https:\/\/shop24.lu\/de\/wp-json\/wp\/v2\/product_brand?post=42906"},{"taxonomy":"product_cat","embeddable":true,"href":"https:\/\/shop24.lu\/de\/wp-json\/wp\/v2\/product_cat?post=42906"},{"taxonomy":"product_tag","embeddable":true,"href":"https:\/\/shop24.lu\/de\/wp-json\/wp\/v2\/product_tag?post=42906"}],"curies":[{"name":"wp","href":"https:\/\/api.w.org\/{rel}","templated":true}]}}