{"id":42912,"date":"2021-12-07T22:02:25","date_gmt":"2021-12-07T20:02:25","guid":{"rendered":"https:\/\/shop24.lu\/?post_type=product&#038;p=42912"},"modified":"2022-02-06T17:13:26","modified_gmt":"2022-02-06T15:13:26","slug":"wd-hd3-5-sata3-2tb-wd2002ffsx-24x7-nas-di","status":"publish","type":"product","link":"https:\/\/shop24.lu\/de\/product\/wd-hd3-5-sata3-2tb-wd2002ffsx-24x7-nas-di\/","title":{"rendered":"WD HD3.5\u2033 SATA3 2TB WD2002FFSX \/ 24\u00d77 \/ NAS (Di)"},"content":{"rendered":"<p><span id=\"ctl00_ctl00_ctl00_SiteContent_SiteContent_SiteContent_LabelProductDescription\">WD Red\u2122 (DMSMR) bleibt die Mainstream-Option f\u00fcr pers\u00f6nliche\/Home-Office-Anwendungen mit leichter bis mittlerer Arbeitslast und langen Leerlaufzeiten. WD Red\u2122 Plus (CMR) erf\u00fcllt die h\u00f6heren Workload-Anforderungen kleiner und mittelst\u00e4ndischer Unternehmen sowie die Anforderungen der ZFS-Community. WD Red\u2122 Pro (CMR) bleibt unsere Hochleistungsl\u00f6sung f\u00fcr Unternehmen mit NAS-Systemen mit einer gr\u00f6\u00dferen Anzahl von Laufwerkssch\u00e4chten und intensiven Workloads <\/span><\/p>\n<table id=\"ctl00_ctl00_ctl00_SiteContent_SiteContent_SiteContent_articleFeatureDisplayDetails_gridViewProductAttributes\" class=\"table table-condensed\" border=\"0\" cellspacing=\"0\">\n<tbody>\n<tr>\n<td><strong>Technische Details<\/strong><\/td>\n<\/tr>\n<tr>\n<td class=\"col-xs-3\">Hersteller<\/td>\n<td>Western Digital<\/td>\n<\/tr>\n<tr>\n<td class=\"col-xs-3\">Nachhaltigkeitszertifikate<\/td>\n<td>RoHS<\/td>\n<\/tr>\n<tr>\n<td class=\"col-xs-3\"><\/td>\n<td><strong>Gewicht und Abmessungen<\/strong><\/td>\n<\/tr>\n<tr>\n<td class=\"col-xs-3\">H\u00f6he<\/td>\n<td>26,1 mm<\/td>\n<\/tr>\n<tr>\n<td class=\"col-xs-3\">Breite<\/td>\n<td>101,6 mm<\/td>\n<\/tr>\n<tr>\n<td class=\"col-xs-3\">Tiefe<\/td>\n<td>147 mm<\/td>\n<\/tr>\n<tr>\n<td class=\"col-xs-3\">Gewicht<\/td>\n<td>720 g<\/td>\n<\/tr>\n<tr>\n<td class=\"col-xs-3\"><\/td>\n<td><strong>Eigenschaften<\/strong><\/td>\n<\/tr>\n<tr>\n<td class=\"col-xs-3\">\u00dcbertragungsrate der HDD-Schnittstelle<\/td>\n<td>6 Gbit\/s<\/td>\n<\/tr>\n<tr>\n<td class=\"col-xs-3\">Kontinuierliche HDD-\u00dcbertragungsrate<\/td>\n<td>164 MB \/ s<\/td>\n<\/tr>\n<tr>\n<td class=\"col-xs-3\">Festplattengr\u00f6\u00dfe<\/td>\n<td>3,5 Zoll<\/td>\n<\/tr>\n<tr>\n<td class=\"col-xs-3\">Schnittstelle<\/td>\n<td>Serial ATA III<\/td>\n<\/tr>\n<tr>\n<td class=\"col-xs-3\">Typ<\/td>\n<td>Festplatte<\/td>\n<\/tr>\n<tr>\n<td class=\"col-xs-3\">Start (Zyklen stoppen)<\/td>\n<td>600000<\/td>\n<\/tr>\n<tr>\n<td class=\"col-xs-3\">Puffergr\u00f6\u00dfe des Speicherlaufwerks<\/td>\n<td>64 MB<\/td>\n<\/tr>\n<tr>\n<td class=\"col-xs-3\">HDD-Geschwindigkeit<\/td>\n<td>7200 U\/min<\/td>\n<\/tr>\n<tr>\n<td class=\"col-xs-3\">Durchschnittliche Betriebszeit zwischen Ausf\u00e4llen (MTBF)<\/td>\n<td>1.000.000 h<\/td>\n<\/tr>\n<tr>\n<td class=\"col-xs-3\">Festplattenkapazit\u00e4t<\/td>\n<td>2000 GB<\/td>\n<\/tr>\n<tr>\n<td class=\"col-xs-3\">Komponente f\u00fcr<\/td>\n<td>NAS<\/td>\n<\/tr>\n<tr>\n<td class=\"col-xs-3\"><\/td>\n<td><strong>Festplatte<\/strong><\/td>\n<\/tr>\n<tr>\n<td class=\"col-xs-3\">\u00dcbertragungsrate der HDD-Schnittstelle<\/td>\n<td>6 Gbit\/s<\/td>\n<\/tr>\n<tr>\n<td class=\"col-xs-3\">Festplattengr\u00f6\u00dfe<\/td>\n<td>3,5 Zoll<\/td>\n<\/tr>\n<tr>\n<td class=\"col-xs-3\">Ger\u00e4tetyp<\/td>\n<td>Festplatte<\/td>\n<\/tr>\n<tr>\n<td class=\"col-xs-3\">Festplatte, Puffergr\u00f6\u00dfe<\/td>\n<td>64 MB<\/td>\n<\/tr>\n<tr>\n<td class=\"col-xs-3\">Festplattendrehzahl<\/td>\n<td>7200 U\/min<\/td>\n<\/tr>\n<tr>\n<td class=\"col-xs-3\">Festplattenkapazit\u00e4t<\/td>\n<td>2000 GB<\/td>\n<\/tr>\n<tr>\n<td class=\"col-xs-3\">Festplattenschnittstelle<\/td>\n<td>Serial ATA III<\/td>\n<\/tr>\n<tr>\n<td class=\"col-xs-3\"><\/td>\n<td><strong>Leistungsstark<\/strong><\/td>\n<\/tr>\n<tr>\n<td class=\"col-xs-3\">Stromverbrauch (Standby)<\/td>\n<td>1,4 W<\/td>\n<\/tr>\n<tr>\n<td class=\"col-xs-3\">Anlaufstrom<\/td>\n<td>1,9 A<\/td>\n<\/tr>\n<tr>\n<td class=\"col-xs-3\">Betriebsspannung<\/td>\n<td>5\/12 V<\/td>\n<\/tr>\n<tr>\n<td class=\"col-xs-3\">Stromverbrauch (Leerlauf)<\/td>\n<td>6 W<\/td>\n<\/tr>\n<tr>\n<td class=\"col-xs-3\">Stromverbrauch (Lesen)<\/td>\n<td>7,8 W<\/td>\n<\/tr>\n<tr>\n<td class=\"col-xs-3\">Stromverbrauch (Schreiben)<\/td>\n<td>7,8 W<\/td>\n<\/tr>\n<tr>\n<td class=\"col-xs-3\"><\/td>\n<td><strong>Arbeitsbedingungen<\/strong><\/td>\n<\/tr>\n<tr>\n<td class=\"col-xs-3\">Betriebstemperaturbereich<\/td>\n<td>5 - 60 \u00b0C<\/td>\n<\/tr>\n<tr>\n<td class=\"col-xs-3\">Sto\u00dffestigkeit (im Betrieb)<\/td>\n<td>30 G<\/td>\n<\/tr>\n<tr>\n<td class=\"col-xs-3\">Sto\u00dffestigkeit (nicht in Betrieb)<\/td>\n<td>300 G<\/td>\n<\/tr>\n<tr>\n<td class=\"col-xs-3\">Lagertemperaturbereich<\/td>\n<td>-40 - 70 \u00b0C<\/td>\n<\/tr>\n<tr>\n<td class=\"col-xs-3\"><\/td>\n<td><strong>Verpackungsdaten<\/strong><\/td>\n<\/tr>\n<tr>\n<td class=\"col-xs-3\">Anzahl von<\/td>\n<td>1<\/td>\n<\/tr>\n<tr>\n<td class=\"col-xs-3\">Speicherleseradapter im Lieferumfang enthalten<\/td>\n<td>Nein<\/td>\n<\/tr>\n<\/tbody>\n<\/table>","protected":false},"excerpt":{"rendered":"<ul>\n<li>Hersteller Western Digital<\/li>\n<li>2000 GB Festplattenkapazit\u00e4t<\/li>\n<li>Serial ATA III-Festplattenschnittstelle<\/li>\n<\/ul>","protected":false},"featured_media":42908,"comment_status":"closed","ping_status":"closed","template":"","meta":{"_seopress_robots_primary_cat":"none","_seopress_titles_title":"","_seopress_titles_desc":"","_seopress_robots_index":""},"product_brand":[],"product_cat":[1506,1510],"product_tag":[30927,30926,30925,30920,30903,30811,30924,30915,30902,30918,30919],"class_list":{"0":"post-42912","1":"product","2":"type-product","3":"status-publish","4":"has-post-thumbnail","6":"product_cat-accessoires-informatiques","7":"product_cat-informatique","8":"product_tag-24x7","9":"product_tag-2tb","10":"product_tag-2to","11":"product_tag-digital","12":"product_tag-disk","13":"product_tag-disque","14":"product_tag-drive","15":"product_tag-dur","16":"product_tag-nas","17":"product_tag-wd","18":"product_tag-western","20":"first","21":"instock","22":"shipping-taxable","23":"purchasable","24":"product-type-simple"},"_links":{"self":[{"href":"https:\/\/shop24.lu\/de\/wp-json\/wp\/v2\/product\/42912","targetHints":{"allow":["GET"]}}],"collection":[{"href":"https:\/\/shop24.lu\/de\/wp-json\/wp\/v2\/product"}],"about":[{"href":"https:\/\/shop24.lu\/de\/wp-json\/wp\/v2\/types\/product"}],"replies":[{"embeddable":true,"href":"https:\/\/shop24.lu\/de\/wp-json\/wp\/v2\/comments?post=42912"}],"wp:featuredmedia":[{"embeddable":true,"href":"https:\/\/shop24.lu\/de\/wp-json\/wp\/v2\/media\/42908"}],"wp:attachment":[{"href":"https:\/\/shop24.lu\/de\/wp-json\/wp\/v2\/media?parent=42912"}],"wp:term":[{"taxonomy":"product_brand","embeddable":true,"href":"https:\/\/shop24.lu\/de\/wp-json\/wp\/v2\/product_brand?post=42912"},{"taxonomy":"product_cat","embeddable":true,"href":"https:\/\/shop24.lu\/de\/wp-json\/wp\/v2\/product_cat?post=42912"},{"taxonomy":"product_tag","embeddable":true,"href":"https:\/\/shop24.lu\/de\/wp-json\/wp\/v2\/product_tag?post=42912"}],"curies":[{"name":"wp","href":"https:\/\/api.w.org\/{rel}","templated":true}]}}