{"id":51258,"date":"2022-04-10T16:09:55","date_gmt":"2022-04-10T14:09:55","guid":{"rendered":"https:\/\/shop24.lu\/?post_type=product&#038;p=51258"},"modified":"2023-12-04T17:00:25","modified_gmt":"2023-12-04T15:00:25","slug":"terra-all-in-one-pc-2400-greenline","status":"publish","type":"product","link":"https:\/\/shop24.lu\/de\/product\/terra-all-in-one-pc-2400-greenline\/","title":{"rendered":"TERRA ALL-IN-ONE-PC 2400 GREENLINE"},"content":{"rendered":"<table id=\"ctl00_ctl00_ctl00_SiteContent_SiteContent_SiteContent_articleFeatureDisplayDetails_gridViewProductAttributes\" class=\"table table-condensed\" border=\"0\" cellspacing=\"0\">\n<tbody>\n<tr>\n<td><strong>Allgemein<\/strong><\/td>\n<\/tr>\n<tr>\n<td class=\"col-xs-3\">Prozessor<\/td>\n<td>Intel Core i3 (13e g\u00e9n\u00e9ration) 1315U\u00a0 (10 Mo Intel SmartCache, jusqu&rsquo;\u00e0 4.4 GHz avec Intel Turbo Boost Technology)<\/td>\n<\/tr>\n<tr>\n<td class=\"col-xs-3\">Betriebssystem<\/td>\n<td>Windows 11 Pro<\/td>\n<\/tr>\n<tr>\n<td class=\"col-xs-3\"><\/td>\n<td><strong>Software<\/strong><\/td>\n<\/tr>\n<tr>\n<td class=\"col-xs-3\">vorinstallierte Software<\/td>\n<td>1 Monat Testversion f\u00fcr neue Microsoft\u00ae 365-Kunden<\/td>\n<\/tr>\n<tr>\n<td class=\"col-xs-3\"><\/td>\n<td><strong>Bildschirm<\/strong><\/td>\n<\/tr>\n<tr>\n<td class=\"col-xs-3\">Bildschirmaufl\u00f6sung<\/td>\n<td>1920 x 1080 (Full-HD)<\/td>\n<\/tr>\n<tr>\n<td class=\"col-xs-3\">Bildschirmtyp<\/td>\n<td>Non-Touch-LCD-Bildschirm - nicht transparent<\/td>\n<\/tr>\n<tr>\n<td class=\"col-xs-3\">Helligkeit<\/td>\n<td>250cd\/m\u00b2<\/td>\n<\/tr>\n<tr>\n<td class=\"col-xs-3\">Reaktionszeit<\/td>\n<td>14ms<\/td>\n<\/tr>\n<tr>\n<td class=\"col-xs-3\">Kontrastverh\u00e4ltnis<\/td>\n<td>1000:1<\/td>\n<\/tr>\n<tr>\n<td class=\"col-xs-3\">Betrachtungswinkel horizontal<\/td>\n<td>178\u00b0<\/td>\n<\/tr>\n<tr>\n<td class=\"col-xs-3\">Bildwinkel vertikal<\/td>\n<td>178\u00b0<\/td>\n<\/tr>\n<tr>\n<td class=\"col-xs-3\">LED-Hintergrundbeleuchtung<\/td>\n<td>LED-Hintergrundbeleuchtung<\/td>\n<\/tr>\n<tr>\n<td class=\"col-xs-3\">Bildschirmdiagonale<\/td>\n<td>60,5 cm (23,8\u2033)<\/td>\n<\/tr>\n<tr>\n<td class=\"col-xs-3\"><\/td>\n<td><strong>Prozessor<\/strong><\/td>\n<\/tr>\n<tr>\n<td class=\"col-xs-3\">Prozessorfamilie<\/td>\n<td>Core i3<\/td>\n<\/tr>\n<tr>\n<td class=\"col-xs-3\">Anzahl Prozessorkerne<\/td>\n<td>Hexacore<\/td>\n<\/tr>\n<tr>\n<td class=\"col-xs-3\">Maximale Anzahl von SMP-Prozessoren<\/td>\n<td>1<\/td>\n<\/tr>\n<tr>\n<td class=\"col-xs-3\">Prozessorsockel<\/td>\n<td>FCBGA1528<\/td>\n<\/tr>\n<tr>\n<td class=\"col-xs-3\">Anzahl der Prozessoren<\/td>\n<td>1<\/td>\n<\/tr>\n<tr>\n<td class=\"col-xs-3\"><\/td>\n<td><strong>Memory<\/strong><\/td>\n<\/tr>\n<tr>\n<td class=\"col-xs-3\">RAM-Speicher<\/td>\n<td>8 GB<\/td>\n<\/tr>\n<tr>\n<td class=\"col-xs-3\">Speicherlayout<\/td>\n<td>1x 8GB<\/td>\n<\/tr>\n<tr>\n<td class=\"col-xs-3\">Maximaler RAM-Speicher<\/td>\n<td>32 GB<\/td>\n<\/tr>\n<tr>\n<td class=\"col-xs-3\">Speichertaktfrequenz<\/td>\n<td><\/td>\n<\/tr>\n<tr>\n<td class=\"col-xs-3\">Interner Speichertyp<\/td>\n<td>DDR4<\/td>\n<\/tr>\n<tr>\n<td class=\"col-xs-3\">Speicherkartensteckpl\u00e4tze<\/td>\n<td>2 Zimmer)<\/td>\n<\/tr>\n<tr>\n<td class=\"col-xs-3\">Formfaktor des Speichers<\/td>\n<td>SO-DIMM 260-PIN<\/td>\n<\/tr>\n<tr>\n<td class=\"col-xs-3\"><\/td>\n<td><strong>Speichermedium<\/strong><\/td>\n<\/tr>\n<tr>\n<td class=\"col-xs-3\">Gesamtspeicherkapazit\u00e4t<\/td>\n<td>500GB<\/td>\n<\/tr>\n<tr>\n<td class=\"col-xs-3\">Festplattenschnittstelle<\/td>\n<td>1x SATA 6GB\/s 1x M.2 Typ 2280 (SATA &amp; PCIe NVMe)<\/td>\n<\/tr>\n<tr>\n<td class=\"col-xs-3\">Integrierter Kartenleser<\/td>\n<td>Nein<\/td>\n<\/tr>\n<tr>\n<td class=\"col-xs-3\">SSD-Schnittstelle<\/td>\n<td>PCIe (NVMe)<\/td>\n<\/tr>\n<tr>\n<td class=\"col-xs-3\">SSD-Speicherkapazit\u00e4t<\/td>\n<td>500GB<\/td>\n<\/tr>\n<tr>\n<td class=\"col-xs-3\">Festplattenkapazit\u00e4t<\/td>\n<td>1 x 500 Go &#8211; \u00e0 l&rsquo;\u00e9tat solide<\/td>\n<\/tr>\n<tr>\n<td class=\"col-xs-3\">Speichermedium<\/td>\n<td>M.2-SSD<\/td>\n<\/tr>\n<tr>\n<td class=\"col-xs-3\"><\/td>\n<td><strong>Optisches Laufwerk<\/strong><\/td>\n<\/tr>\n<tr>\n<td class=\"col-xs-3\">Optisches Laufwerk \u2013 Typ<\/td>\n<td>Ohne optisches Laufwerk<\/td>\n<\/tr>\n<tr>\n<td class=\"col-xs-3\"><\/td>\n<td><strong>Performance<\/strong><\/td>\n<\/tr>\n<tr>\n<td class=\"col-xs-3\">Serie<\/td>\n<td>Gesch\u00e4ft<\/td>\n<\/tr>\n<tr>\n<td class=\"col-xs-3\">Produkttyp<\/td>\n<td>Pers\u00f6nlicher Computer<\/td>\n<\/tr>\n<tr>\n<td class=\"col-xs-3\">Lautst\u00e4rke<\/td>\n<td>22,3 dB (Leerlauf)<\/td>\n<\/tr>\n<tr>\n<td class=\"col-xs-3\"><\/td>\n<td><strong>Klaviatur<\/strong><\/td>\n<\/tr>\n<tr>\n<td class=\"col-xs-3\">Ger\u00e4teschnittstelle<\/td>\n<td>USB<\/td>\n<\/tr>\n<tr>\n<td class=\"col-xs-3\"><\/td>\n<td><strong>Technische Details<\/strong><\/td>\n<\/tr>\n<tr>\n<td class=\"col-xs-3\">Ort<\/td>\n<td>International<\/td>\n<\/tr>\n<tr>\n<td class=\"col-xs-3\"><\/td>\n<td><strong>Lieferumfang<\/strong><\/td>\n<\/tr>\n<tr>\n<td class=\"col-xs-3\">Beiliegendes Zubeh\u00f6r<\/td>\n<td>Kurzanleitung, Netzteil, EU-Netzkabel, St\u00e4nder<\/td>\n<\/tr>\n<tr>\n<td class=\"col-xs-3\">Tastatur enthalten<\/td>\n<td>Optional<\/td>\n<\/tr>\n<tr>\n<td class=\"col-xs-3\"><\/td>\n<td><strong>Gewicht und Abmessungen<\/strong><\/td>\n<\/tr>\n<tr>\n<td class=\"col-xs-3\">H\u00f6he<\/td>\n<td>44,4 (nur 32,7-Bildschirm) cm<\/td>\n<\/tr>\n<tr>\n<td class=\"col-xs-3\">Breite<\/td>\n<td>54,0 cm<\/td>\n<\/tr>\n<tr>\n<td class=\"col-xs-3\">Tiefe<\/td>\n<td>20,2 (mit Fu\u00df)\/ 4,5 (Platte ohne Fu\u00df) cm<\/td>\n<\/tr>\n<tr>\n<td class=\"col-xs-3\">Gewicht<\/td>\n<td>3,9 kg<\/td>\n<\/tr>\n<tr>\n<td class=\"col-xs-3\"><\/td>\n<td><strong>Andere Funktionen<\/strong><\/td>\n<\/tr>\n<tr>\n<td class=\"col-xs-3\">Erweiterungssteckpl\u00e4tze<\/td>\n<td>1x 2,5\u2033 SSD<\/td>\n<\/tr>\n<tr>\n<td class=\"col-xs-3\">Schnittstelle<\/td>\n<td>HDMI, LAN RJ-45, 4x USB 3.2 Gen2, Audio (Line-out, Mikrofon), DC-in<\/td>\n<\/tr>\n<tr>\n<td class=\"col-xs-3\">Kompatible Betriebssysteme<\/td>\n<td>Win10, Win11<\/td>\n<\/tr>\n<tr>\n<td class=\"col-xs-3\">Maximale K\u00fchlleistung<\/td>\n<td>Aktiv<\/td>\n<\/tr>\n<tr>\n<td class=\"col-xs-3\">Einhaltung von Industriestandards<\/td>\n<td>Dieses Ger\u00e4t gilt als Information Technology Equipment (ITE) der Klasse B und ist haupts\u00e4chlich f\u00fcr den privaten und gesch\u00e4ftlichen Gebrauch bestimmt. Die CE-Kennzeichnung bescheinigt die Einhaltung der folgenden europ\u00e4ischen Richtlinien: (1) EMV-Richtlinie 2004\/108\/EG Elektromagnetische Vertr\u00e4glichkeit (2) Niederspannungsrichtlinie 2006\/95\/EG Elektrische Ger\u00e4te zur Verwendung innerhalb bestimmter Spannungsgrenzen.<\/td>\n<\/tr>\n<tr>\n<td class=\"col-xs-3\">Besondere Merkmale<\/td>\n<td>2x 1,5 W TPM 2.0 Bluetooth-Stereolautsprecher Nach vorne und hinten neigbar (-5\u00b0 bis + 20\u00b0) Rahmenloses Design Farbe: Silber (Front + Fu\u00df), R\u00fcckseite Schwarz Optional: VESA-Halterung<\/td>\n<\/tr>\n<tr>\n<td class=\"col-xs-3\"><\/td>\n<td><strong>Entwurf<\/strong><\/td>\n<\/tr>\n<tr>\n<td class=\"col-xs-3\">Zertifizierung<\/td>\n<td>Konfektionierung nach ISO9001 in Deutschland Kompatibilit\u00e4t: SMBios (DMI), EnergyStar (G\u00fcltig nur f\u00fcr USA), EN62368-1, EN55032, EN55035, EN61000-3-2\/3, EN62623, 89\/336\/ECC Produkt erf\u00fcllt RAL-Kriterien UZ 78 (Blauer Engel)<\/td>\n<\/tr>\n<tr>\n<td class=\"col-xs-3\">Formfaktor<\/td>\n<td>All-in-One (Komplettl\u00f6sung)<\/td>\n<\/tr>\n<tr>\n<td class=\"col-xs-3\"><\/td>\n<td><strong>Maus<\/strong><\/td>\n<\/tr>\n<tr>\n<td class=\"col-xs-3\">Maus enthalten<\/td>\n<td>Optional<\/td>\n<\/tr>\n<tr>\n<td class=\"col-xs-3\"><\/td>\n<td><strong>Grafik<\/strong><\/td>\n<\/tr>\n<tr>\n<td class=\"col-xs-3\">Maximale Aufl\u00f6sung<\/td>\n<td>HDMI 1.4a bis zu 4096 x 2304 bei 60 Hz (4K), unterst\u00fctzt duale \u00dcberwachung<\/td>\n<\/tr>\n<tr>\n<td class=\"col-xs-3\">Integrierter Grafikkartenspeicher<\/td>\n<td>Dynamisch<\/td>\n<\/tr>\n<tr>\n<td class=\"col-xs-3\">Grafikkarte<\/td>\n<td>Intel UHD-Grafik 620<\/td>\n<\/tr>\n<tr>\n<td class=\"col-xs-3\">Integriertes Grafikkartenmodell<\/td>\n<td>Intel UHD-Grafik 620<\/td>\n<\/tr>\n<tr>\n<td class=\"col-xs-3\"><\/td>\n<td><strong>Leistungsstark<\/strong><\/td>\n<\/tr>\n<tr>\n<td class=\"col-xs-3\">Stromversorgung<\/td>\n<td>Externes Netzteil ohne L\u00fcfter<\/td>\n<\/tr>\n<tr>\n<td class=\"col-xs-3\">Stromverbrauch (Standby)<\/td>\n<td>Helligkeit max. \/ Belastung: 26,8 \/ 37,9 Watt<\/td>\n<\/tr>\n<tr>\n<td class=\"col-xs-3\">Maximale Eingangsleistung<\/td>\n<td>65W<\/td>\n<\/tr>\n<tr>\n<td class=\"col-xs-3\">Eingangsspannung der Stromversorgung<\/td>\n<td>Wechselstrom 100\/240 V (50\/60 Hz)<\/td>\n<\/tr>\n<tr>\n<td class=\"col-xs-3\"><\/td>\n<td><strong>Arbeitsbedingungen<\/strong><\/td>\n<\/tr>\n<tr>\n<td class=\"col-xs-3\">Betriebstemperatur<\/td>\n<td>5 \u00b0C \u2013 35 \u00b0C<\/td>\n<\/tr>\n<tr>\n<td class=\"col-xs-3\">Empfohlener Feuchtigkeitsbereich<\/td>\n<td>10-75% (nicht kondensierend)<\/td>\n<\/tr>\n<tr>\n<td class=\"col-xs-3\"><\/td>\n<td><strong>Netzwerk<\/strong><\/td>\n<\/tr>\n<tr>\n<td class=\"col-xs-3\">Integrierte Ethernet-Verbindung<\/td>\n<td>Netzwerkadapter \u2013 integriert<\/td>\n<\/tr>\n<tr>\n<td class=\"col-xs-3\">LAN-Controller<\/td>\n<td>Intel i219V, Gigabit-LAN, WOL+PXE<\/td>\n<\/tr>\n<tr>\n<td class=\"col-xs-3\">WLAN-Standards<\/td>\n<td>Intel\u00ae Dual Band Wireless-AC 9260 Frequenzband: 2,4 GHz + 5 GHz Dual-Stream IEEE 802.11 ac<\/td>\n<\/tr>\n<tr>\n<td class=\"col-xs-3\">Datenverbindungsprotokolle<\/td>\n<td>Ethernet, Fast-Ethernet, Gigabit-Ethernet, IEEE 802.11ac Bluetooth 5.0<\/td>\n<\/tr>\n<tr>\n<td class=\"col-xs-3\"><\/td>\n<td><strong>Eingabeger\u00e4t<\/strong><\/td>\n<\/tr>\n<tr>\n<td class=\"col-xs-3\">Ger\u00e4teschnittstelle<\/td>\n<td>USB<\/td>\n<\/tr>\n<tr>\n<td class=\"col-xs-3\"><\/td>\n<td><strong>Audio<\/strong><\/td>\n<\/tr>\n<tr>\n<td class=\"col-xs-3\">Audiokan\u00e4le<\/td>\n<td>6 hochaufl\u00f6sende Kan\u00e4le<\/td>\n<\/tr>\n<tr>\n<td class=\"col-xs-3\">Audiosystem<\/td>\n<td>Integriert<\/td>\n<\/tr>\n<\/tbody>\n<\/table>","protected":false},"excerpt":{"rendered":"<p><strong>Intel Core i3<\/strong> (13. Gen.) 1315U (10 MB Intel SmartCache, bis zu 4.4 GHz mit Intel Turbo Boost Technology)<br \/>\n<strong>Windows 11<\/strong> Profi<\/p>\n<p>Haben Sie wenig Platz auf Ihrem Schreibtisch? Und Sie m\u00f6gen es gerne aufger\u00e4umt, dann ist der stylische TERRA All-in-One-PC im schlanken rahmenlosen Design die perfekte L\u00f6sung.<\/p>\n<p>Dank der Intels Core i3 CPU mit Mobile Processor Technology hat dieser schlanke und leise PC einen geringen Stromverbrauch. TERRA All-in-One PCs sind perfekt f\u00fcr das Home Office. Mit einer kabellosen Tastatur\/Maus-Kombination erhalten Sie einen extrem \u00fcbersichtlichen und aufger\u00e4umten Arbeitsplatz.<\/p>","protected":false},"featured_media":51260,"comment_status":"closed","ping_status":"closed","template":"","meta":{"_seopress_robots_primary_cat":"none","_seopress_titles_title":"","_seopress_titles_desc":"","_seopress_robots_index":""},"product_brand":[],"product_cat":[1510,82],"product_tag":[30995,30824,30986,30993,30994,30996,30798,138,30997,30793,1289,30998,30823],"class_list":{"0":"post-51258","1":"product","2":"type-product","3":"status-publish","4":"has-post-thumbnail","6":"product_cat-informatique","7":"product_cat-ordinateurs","8":"product_tag-all-in-one","9":"product_tag-econcept","10":"product_tag-etech","11":"product_tag-green","12":"product_tag-greenline","13":"product_tag-i3","14":"product_tag-intel","15":"product_tag-pc","16":"product_tag-shop24","17":"product_tag-terra","18":"product_tag-weiss","19":"product_tag-white","20":"product_tag-wortmann","22":"first","23":"instock","24":"featured","25":"shipping-taxable","26":"purchasable","27":"product-type-simple"},"_links":{"self":[{"href":"https:\/\/shop24.lu\/de\/wp-json\/wp\/v2\/product\/51258","targetHints":{"allow":["GET"]}}],"collection":[{"href":"https:\/\/shop24.lu\/de\/wp-json\/wp\/v2\/product"}],"about":[{"href":"https:\/\/shop24.lu\/de\/wp-json\/wp\/v2\/types\/product"}],"replies":[{"embeddable":true,"href":"https:\/\/shop24.lu\/de\/wp-json\/wp\/v2\/comments?post=51258"}],"wp:featuredmedia":[{"embeddable":true,"href":"https:\/\/shop24.lu\/de\/wp-json\/wp\/v2\/media\/51260"}],"wp:attachment":[{"href":"https:\/\/shop24.lu\/de\/wp-json\/wp\/v2\/media?parent=51258"}],"wp:term":[{"taxonomy":"product_brand","embeddable":true,"href":"https:\/\/shop24.lu\/de\/wp-json\/wp\/v2\/product_brand?post=51258"},{"taxonomy":"product_cat","embeddable":true,"href":"https:\/\/shop24.lu\/de\/wp-json\/wp\/v2\/product_cat?post=51258"},{"taxonomy":"product_tag","embeddable":true,"href":"https:\/\/shop24.lu\/de\/wp-json\/wp\/v2\/product_tag?post=51258"}],"curies":[{"name":"wp","href":"https:\/\/api.w.org\/{rel}","templated":true}]}}