{"id":51275,"date":"2022-04-10T16:22:59","date_gmt":"2022-04-10T14:22:59","guid":{"rendered":"https:\/\/shop24.lu\/?post_type=product&#038;p=51275"},"modified":"2023-12-25T00:18:43","modified_gmt":"2023-12-24T22:18:43","slug":"terra-lcd-led-2448w-noir-hdmi-greenline-plus","status":"publish","type":"product","link":"https:\/\/shop24.lu\/de\/product\/terra-lcd-led-2448w-noir-hdmi-greenline-plus\/","title":{"rendered":"TERRA LCD\/LED 2448W Schwarz HDMI GREENLINE PLUS"},"content":{"rendered":"<table id=\"ctl00_ctl00_ctl00_SiteContent_SiteContent_SiteContent_articleFeatureDisplayDetails_gridViewProductAttributes\" class=\"table table-condensed\" border=\"0\" cellspacing=\"0\">\n<tbody>\n<tr>\n<td><strong>Bildschirm<\/strong><\/td>\n<\/tr>\n<tr>\n<td class=\"col-xs-3\">Bildschirmdiagonale<\/td>\n<td>23,8 Zoll<\/td>\n<\/tr>\n<tr>\n<td class=\"col-xs-3\">Bildschirmdiagonale (cm)<\/td>\n<td>60,5 cm<\/td>\n<\/tr>\n<tr>\n<td class=\"col-xs-3\">Bildschirmaufl\u00f6sung<\/td>\n<td>1920 x 1080 Pixel (Full-HD)<\/td>\n<\/tr>\n<tr>\n<td class=\"col-xs-3\">Helligkeit<\/td>\n<td>250cd\/m\u00b2<\/td>\n<\/tr>\n<tr>\n<td class=\"col-xs-3\">Reaktionszeit<\/td>\n<td>5ms (\u00dcbersteuerung)<\/td>\n<\/tr>\n<tr>\n<td class=\"col-xs-3\">Neigungswinkel hinten<\/td>\n<td>20\u00b0<\/td>\n<\/tr>\n<tr>\n<td class=\"col-xs-3\">Neigungswinkel vorne<\/td>\n<td>5\u00b0<\/td>\n<\/tr>\n<tr>\n<td class=\"col-xs-3\">Blendfreier Bildschirm<\/td>\n<td>ja<\/td>\n<\/tr>\n<tr>\n<td class=\"col-xs-3\">Anzahl der Bildschirmfarben<\/td>\n<td>16,7 Millionen Farben<\/td>\n<\/tr>\n<tr>\n<td class=\"col-xs-3\">Pixel Gr\u00f6\u00dfe<\/td>\n<td>0,2745 mm<\/td>\n<\/tr>\n<tr>\n<td class=\"col-xs-3\">Kontrastverh\u00e4ltnis<\/td>\n<td>30.000.000:1 (DCR)<\/td>\n<\/tr>\n<tr>\n<td class=\"col-xs-3\">Betrachtungswinkel horizontal<\/td>\n<td>178\u00b0<\/td>\n<\/tr>\n<tr>\n<td class=\"col-xs-3\">Bildwinkel vertikal<\/td>\n<td>178\u00b0<\/td>\n<\/tr>\n<tr>\n<td class=\"col-xs-3\">Bildverh\u00e4ltnis<\/td>\n<td>16:9<\/td>\n<\/tr>\n<tr>\n<td class=\"col-xs-3\">Art der Hintergrundbeleuchtung<\/td>\n<td>LED-Hintergrundbeleuchtung<\/td>\n<\/tr>\n<tr>\n<td class=\"col-xs-3\">Panel-Technologie<\/td>\n<td>IPS<\/td>\n<\/tr>\n<tr>\n<td class=\"col-xs-3\"><\/td>\n<td><strong>Anschl\u00fcsse und Schnittstellen<\/strong><\/td>\n<\/tr>\n<tr>\n<td class=\"col-xs-3\">Schnittstelle<\/td>\n<td>HDMI-VGA<\/td>\n<\/tr>\n<tr>\n<td class=\"col-xs-3\">Computer-Audioeingang<\/td>\n<td>3,5-mm-Klinke (Line-in)<\/td>\n<\/tr>\n<tr>\n<td class=\"col-xs-3\">HDCP<\/td>\n<td>ja<\/td>\n<\/tr>\n<tr>\n<td class=\"col-xs-3\"><\/td>\n<td><strong>Entwurf<\/strong><\/td>\n<\/tr>\n<tr>\n<td class=\"col-xs-3\">Produktfarbe<\/td>\n<td>Matt-schwarz<\/td>\n<\/tr>\n<tr>\n<td class=\"col-xs-3\"><\/td>\n<td><strong>Gewicht und Abmessungen<\/strong><\/td>\n<\/tr>\n<tr>\n<td class=\"col-xs-3\">H\u00f6he (einschlie\u00dflich Fu\u00df)<\/td>\n<td>41,7 cm<\/td>\n<\/tr>\n<tr>\n<td class=\"col-xs-3\">Breite (einschlie\u00dflich Fu\u00df)<\/td>\n<td>54,0 cm<\/td>\n<\/tr>\n<tr>\n<td class=\"col-xs-3\">Tiefe (einschlie\u00dflich Fu\u00df)<\/td>\n<td>22,0 cm<\/td>\n<\/tr>\n<tr>\n<td class=\"col-xs-3\">Gewicht (inklusive St\u00e4nder)<\/td>\n<td>3,5 kg<\/td>\n<\/tr>\n<tr>\n<td class=\"col-xs-3\">H\u00f6he<\/td>\n<td>32,5cm<\/td>\n<\/tr>\n<tr>\n<td class=\"col-xs-3\">Breite<\/td>\n<td>54,0 cm<\/td>\n<\/tr>\n<tr>\n<td class=\"col-xs-3\">Tiefe<\/td>\n<td>3,9 cm<\/td>\n<\/tr>\n<tr>\n<td class=\"col-xs-3\">Gewicht<\/td>\n<td>3,1 kg<\/td>\n<\/tr>\n<tr>\n<td class=\"col-xs-3\"><\/td>\n<td><strong>Leistungsstark<\/strong><\/td>\n<\/tr>\n<tr>\n<td class=\"col-xs-3\">Energiequelle<\/td>\n<td>ja<\/td>\n<\/tr>\n<tr>\n<td class=\"col-xs-3\">Stromverbrauch (aus)<\/td>\n<td>&lt;0,3 W<\/td>\n<\/tr>\n<tr>\n<td class=\"col-xs-3\">Stromverbrauch (Standby)<\/td>\n<td>&lt;0,5 W<\/td>\n<\/tr>\n<tr>\n<td class=\"col-xs-3\">Energieeffizienzklasse<\/td>\n<td>E<\/td>\n<\/tr>\n<tr>\n<td class=\"col-xs-3\">Nennleistung<\/td>\n<td>15 W<\/td>\n<\/tr>\n<tr>\n<td class=\"col-xs-3\">AC-Eingangsspannung<\/td>\n<td>100 \u2013 240 V, 50 \u2013 60 Hz<\/td>\n<\/tr>\n<tr>\n<td class=\"col-xs-3\">Stromversorgung<\/td>\n<td>Intern<\/td>\n<\/tr>\n<tr>\n<td class=\"col-xs-3\"><\/td>\n<td><strong>Ergonomie<\/strong><\/td>\n<\/tr>\n<tr>\n<td class=\"col-xs-3\">Kensington Schloss<\/td>\n<td>ja<\/td>\n<\/tr>\n<tr>\n<td class=\"col-xs-3\">H\u00f6henverstellung<\/td>\n<td>Nein<\/td>\n<\/tr>\n<tr>\n<td class=\"col-xs-3\">Drehpunkt<\/td>\n<td>Nein<\/td>\n<\/tr>\n<tr>\n<td class=\"col-xs-3\">VESA-Montageschnittstelle<\/td>\n<td>100 x 100 mm<\/td>\n<\/tr>\n<tr>\n<td class=\"col-xs-3\">Plug-and-Play<\/td>\n<td>DDC 1\/2B\/CI<\/td>\n<\/tr>\n<tr>\n<td class=\"col-xs-3\"><\/td>\n<td><strong>Zertifikate<\/strong><\/td>\n<\/tr>\n<tr>\n<td class=\"col-xs-3\">Einhaltung von Industriestandards<\/td>\n<td>DIES<\/td>\n<\/tr>\n<tr>\n<td class=\"col-xs-3\"><\/td>\n<td><strong>Andere Funktionen<\/strong><\/td>\n<\/tr>\n<tr>\n<td class=\"col-xs-3\">Besondere Merkmale<\/td>\n<td>\u2013 Rahmenloses Design<br \/>\n\u2013 IPS-Panel-Technologie<br \/>\n\u2013 Flimmerfreie LED-Hintergrundbeleuchtung<br \/>\n- Anti-Blaulichtfunktion, einstellbar durch DeepL-Zugriff<br \/>\n\u2013 Mehrrechnerbetrieb m\u00f6glich (1x VGA, 1x HDMI, Umschaltung per Tastenkombination)<\/td>\n<\/tr>\n<tr>\n<td class=\"col-xs-3\"><\/td>\n<td><strong>Multimedia<\/strong><\/td>\n<\/tr>\n<tr>\n<td class=\"col-xs-3\">Eingebaute Lautsprecher<\/td>\n<td>ja<\/td>\n<\/tr>\n<tr>\n<td class=\"col-xs-3\"><\/td>\n<td><strong>Light-Client<\/strong><\/td>\n<\/tr>\n<tr>\n<td class=\"col-xs-3\">Montage des Thin Clients<\/td>\n<td>ja<\/td>\n<\/tr>\n<tr>\n<td class=\"col-xs-3\"><\/td>\n<td><strong>Lieferumfang<\/strong><\/td>\n<\/tr>\n<tr>\n<td class=\"col-xs-3\">Beiliegendes Zubeh\u00f6r<\/td>\n<td>Netzkabel, HDMI-Kabel, Audiokabel, Schnellinstallationsanleitung (D, UK, F, ES, IT, RUS, POL, CZ)<\/td>\n<\/tr>\n<tr>\n<td class=\"col-xs-3\"><\/td>\n<td><strong>Technische Details<\/strong><\/td>\n<\/tr>\n<tr>\n<td class=\"col-xs-3\">Herstellergarantie<\/td>\n<td>24 Monate Garantie mit Vor-Ort-Austauschservice<br \/>\nService-Hotline: 05744 \/ 944-595<\/td>\n<\/tr>\n<\/tbody>\n<\/table>","protected":false},"excerpt":{"rendered":"<p><strong>23,8\u2033 Bildschirm<\/strong> mit Aufl\u00f6sung <strong>Full-HD<\/strong> und Paneltechnik <strong>IPS<\/strong> im rahmenlosen Design.<\/p>\n<p>Dieser attraktive Bildschirm mit modernem Design <strong>ohne Frontrahmen<\/strong> sorgt dank reduzierter Seitenkanten f\u00fcr reduzierte Au\u00dfenma\u00dfe und eine edle Optik auf jedem Schreibtisch. Im Dual-Screen-Modus bleibt zwischen den Desktops nur noch ein geringer Abstand.<\/p>\n<p>Danke f\u00fcr das <strong>Technologie<\/strong> Platte <strong>IPS<\/strong>bietet das Display hohe Kontrastwerte, eine hervorragende Farbdarstellung und besonders weite Betrachtungswinkel.<\/p>\n<p>das <strong>LED-Hintergrundbeleuchtung<\/strong> energiesparend und flimmerfrei, kombiniert mit der Anti-Blaulicht-Funktion, reduziert die Erm\u00fcdung der Augen und erm\u00f6glicht ein angenehmes Arbeiten auch bei intensiver Nutzung.<\/p>\n<p>Die Verbindung <strong>hdmi<\/strong> sorgt f\u00fcr eine optimale Signal\u00fcbertragung und kann auch an Signalquellen wie z <strong>DVI<\/strong>, <strong>Anzeigeport<\/strong> Wo <strong>USB-C mit optionalen Adaptern<\/strong>. Eine Schnittstelle <strong>VGA<\/strong> ist auch f\u00fcr die Kompatibilit\u00e4t mit \u00e4lteren PC-Systemen verf\u00fcgbar. Die eingebauten Lautsprecher k\u00f6nnen digital oder analog angesteuert werden.<\/p>\n<p>Dank seiner 100-mm-VESA-Halterung kann der Bildschirm an verschiedenen Wandhalterungen oder Multifunktionsst\u00e4ndern befestigt werden. Auch die direkte Montage von Micro-PCs, Mini-PCs, Thin Clients oder Nettops auf der Bildschirmr\u00fcckseite ist m\u00f6glich.<\/p>\n<p>Zubeh\u00f6r f\u00fcr die r\u00fcckseitige Montage von TERRA PC-Micro \/ PC-Mini \/ PC-Nettop Ger\u00e4ten:<br \/>\n\u2013 TERRA PC-Micro: kein weiteres Zubeh\u00f6r erforderlich.<br \/>\n\u2013 TERRA PC-Mini V4 \/ V5: Halterung 1407073 (die Neigung des Monitors nach hinten wird auf ca. 10\u00b0 reduziert, was aber in den meisten F\u00e4llen ausreichend ist).<br \/>\n\u2013 TERRA PC-Nettop 3540 L\u00fcfterlos: Halterung 1407091<\/p>","protected":false},"featured_media":51278,"comment_status":"closed","ping_status":"closed","template":"","meta":{"_seopress_robots_primary_cat":"none","_seopress_titles_title":"","_seopress_titles_desc":"","_seopress_robots_index":""},"product_brand":[],"product_cat":[30813,1510],"product_tag":[30824,30814,30993,30994,30822,30815,783,21094,30999,30793,30823],"class_list":{"0":"post-51275","1":"product","2":"type-product","3":"status-publish","4":"has-post-thumbnail","6":"product_cat-ecrans","7":"product_cat-informatique","8":"product_tag-econcept","9":"product_tag-ecran","10":"product_tag-green","11":"product_tag-greenline","12":"product_tag-hdmi","13":"product_tag-lcd","14":"product_tag-led","15":"product_tag-noir","16":"product_tag-plus","17":"product_tag-terra","18":"product_tag-wortmann","20":"first","21":"instock","22":"shipping-taxable","23":"purchasable","24":"product-type-simple"},"_links":{"self":[{"href":"https:\/\/shop24.lu\/de\/wp-json\/wp\/v2\/product\/51275","targetHints":{"allow":["GET"]}}],"collection":[{"href":"https:\/\/shop24.lu\/de\/wp-json\/wp\/v2\/product"}],"about":[{"href":"https:\/\/shop24.lu\/de\/wp-json\/wp\/v2\/types\/product"}],"replies":[{"embeddable":true,"href":"https:\/\/shop24.lu\/de\/wp-json\/wp\/v2\/comments?post=51275"}],"wp:featuredmedia":[{"embeddable":true,"href":"https:\/\/shop24.lu\/de\/wp-json\/wp\/v2\/media\/51278"}],"wp:attachment":[{"href":"https:\/\/shop24.lu\/de\/wp-json\/wp\/v2\/media?parent=51275"}],"wp:term":[{"taxonomy":"product_brand","embeddable":true,"href":"https:\/\/shop24.lu\/de\/wp-json\/wp\/v2\/product_brand?post=51275"},{"taxonomy":"product_cat","embeddable":true,"href":"https:\/\/shop24.lu\/de\/wp-json\/wp\/v2\/product_cat?post=51275"},{"taxonomy":"product_tag","embeddable":true,"href":"https:\/\/shop24.lu\/de\/wp-json\/wp\/v2\/product_tag?post=51275"}],"curies":[{"name":"wp","href":"https:\/\/api.w.org\/{rel}","templated":true}]}}