{"id":51343,"date":"2022-04-10T18:25:14","date_gmt":"2022-04-10T16:25:14","guid":{"rendered":"https:\/\/shop24.lu\/?post_type=product&#038;p=51343"},"modified":"2023-12-04T16:24:51","modified_gmt":"2023-12-04T14:24:51","slug":"terra-pc-home-4000","status":"publish","type":"product","link":"https:\/\/shop24.lu\/de\/product\/terra-pc-home-4000\/","title":{"rendered":"TERRA PC-HOME 4000"},"content":{"rendered":"<p>&nbsp;<\/p>\n<table id=\"ctl00_ctl00_ctl00_SiteContent_SiteContent_SiteContent_articleFeatureDisplayDetails_gridViewProductAttributes\" class=\"table table-condensed\" border=\"0\" cellspacing=\"0\">\n<tbody>\n<tr>\n<td><strong>Allgemein<\/strong><\/td>\n<\/tr>\n<tr>\n<td class=\"col-xs-3\">Prozessor<\/td>\n<td>Intel Core i3 (12e g\u00e9n\u00e9ration) 12100 \/ (12 Mo Smart Cache, jusqu&rsquo;\u00e0 4,3 GHz avec Intel Turbo Boost Technology)<\/td>\n<\/tr>\n<tr>\n<td class=\"col-xs-3\">Betriebssystem<\/td>\n<td>Windows 11 Home<\/td>\n<\/tr>\n<tr>\n<td class=\"col-xs-3\"><\/td>\n<td><strong>Software<\/strong><\/td>\n<\/tr>\n<tr>\n<td class=\"col-xs-3\">vorinstallierte Software<\/td>\n<td>1 Monat Testversion f\u00fcr neue Microsoft\u00ae 365-Kunden<\/td>\n<\/tr>\n<tr>\n<td class=\"col-xs-3\"><\/td>\n<td><strong>Prozessor<\/strong><\/td>\n<\/tr>\n<tr>\n<td class=\"col-xs-3\">Prozessorfamilie<\/td>\n<td>Core i3<\/td>\n<\/tr>\n<tr>\n<td class=\"col-xs-3\">Anzahl Prozessorkerne<\/td>\n<td>Quad-Core (4 Kerne)<\/td>\n<\/tr>\n<tr>\n<td class=\"col-xs-3\">Prozessorsockel<\/td>\n<td>FCLGA1700 Socket<\/td>\n<\/tr>\n<tr>\n<td class=\"col-xs-3\">Anzahl der Prozessoren<\/td>\n<td>1<\/td>\n<\/tr>\n<tr>\n<td class=\"col-xs-3\"><\/td>\n<td><strong>Memory<\/strong><\/td>\n<\/tr>\n<tr>\n<td class=\"col-xs-3\">RAM-Speicher<\/td>\n<td>8 GB<\/td>\n<\/tr>\n<tr>\n<td class=\"col-xs-3\">Speicherlayout<\/td>\n<td>1x 8GB<\/td>\n<\/tr>\n<tr>\n<td class=\"col-xs-3\">Maximaler RAM-Speicher<\/td>\n<td>64GB<\/td>\n<\/tr>\n<tr>\n<td class=\"col-xs-3\">Speichertaktfrequenz<\/td>\n<td>3200 MHz<\/td>\n<\/tr>\n<tr>\n<td class=\"col-xs-3\">Interner Speichertyp<\/td>\n<td>DDR4SDRAM<\/td>\n<\/tr>\n<tr>\n<td class=\"col-xs-3\">Speicherkartensteckpl\u00e4tze<\/td>\n<td>2 Zimmer)<\/td>\n<\/tr>\n<tr>\n<td class=\"col-xs-3\">Formfaktor des Speichers<\/td>\n<td>288-PIN-DIMM<\/td>\n<\/tr>\n<tr>\n<td class=\"col-xs-3\"><\/td>\n<td><strong>Speichermedium<\/strong><\/td>\n<\/tr>\n<tr>\n<td class=\"col-xs-3\">Gesamtspeicherkapazit\u00e4t<\/td>\n<td>500GB<\/td>\n<\/tr>\n<tr>\n<td class=\"col-xs-3\">Festplattenschnittstelle<\/td>\n<td>4x SATA-3 (6,0 Gb\/s), 1x M.2 Sockel 3, Typ 2242\/2260\/2280 (S-ATA &amp; PCIe Modus x4)<\/td>\n<\/tr>\n<tr>\n<td class=\"col-xs-3\">RAID-Level<\/td>\n<td>Keine Raid-Unterst\u00fctzung<\/td>\n<\/tr>\n<tr>\n<td class=\"col-xs-3\">SSD-Schnittstelle<\/td>\n<td>PCIe (NVMe)<\/td>\n<\/tr>\n<tr>\n<td class=\"col-xs-3\">SSD-Speicherkapazit\u00e4t<\/td>\n<td>500GB<\/td>\n<\/tr>\n<tr>\n<td class=\"col-xs-3\">Festplattenkapazit\u00e4t<\/td>\n<td>1 x 500 GB \u2013 SSD<\/td>\n<\/tr>\n<tr>\n<td class=\"col-xs-3\">Speichermedium<\/td>\n<td>M.2-SSD<\/td>\n<\/tr>\n<tr>\n<td class=\"col-xs-3\"><\/td>\n<td><strong>Performance<\/strong><\/td>\n<\/tr>\n<tr>\n<td class=\"col-xs-3\">Serie<\/td>\n<td>Heim<\/td>\n<\/tr>\n<tr>\n<td class=\"col-xs-3\">Produkttyp<\/td>\n<td>Pers\u00f6nlicher Computer<\/td>\n<\/tr>\n<tr>\n<td class=\"col-xs-3\">Lautst\u00e4rke<\/td>\n<td>23,8 dB im Leerlauf<\/td>\n<\/tr>\n<tr>\n<td class=\"col-xs-3\">Audiokan\u00e4le<\/td>\n<td>8 Kan\u00e4le<\/td>\n<\/tr>\n<tr>\n<td class=\"col-xs-3\">Mainboard mit Chipsatz<\/td>\n<td>Intel H510<\/td>\n<\/tr>\n<tr>\n<td class=\"col-xs-3\">Audiosystem<\/td>\n<td>High Definition Audio<\/td>\n<\/tr>\n<tr>\n<td class=\"col-xs-3\"><\/td>\n<td><strong>Entwurf<\/strong><\/td>\n<\/tr>\n<tr>\n<td class=\"col-xs-3\">Geh\u00e4usetyp<\/td>\n<td>Miniturm<\/td>\n<\/tr>\n<tr>\n<td class=\"col-xs-3\">Zertifizierung<\/td>\n<td>Konfektionierung nach ISO9001 in Deutschland Kompatibilit\u00e4t: SMBios (DMI), EnergyStar (G\u00fcltig nur f\u00fcr USA), EN62368-1, EN55032, EN55035, EN61000-3-2\/3, EN62623, 89\/336\/ECC Produkt erf\u00fcllt RAL-Kriterien UZ 78 (Blauer Engel)<\/td>\n<\/tr>\n<tr>\n<td class=\"col-xs-3\">Formfaktor der Tastatur<\/td>\n<td>TERRA von Cherry Keyboard<\/td>\n<\/tr>\n<tr>\n<td class=\"col-xs-3\"><\/td>\n<td><strong>Klaviatur<\/strong><\/td>\n<\/tr>\n<tr>\n<td class=\"col-xs-3\">\u00dcbertragungstechnik<\/td>\n<td>Kabel<\/td>\n<\/tr>\n<tr>\n<td class=\"col-xs-3\">Ger\u00e4teschnittstelle<\/td>\n<td>USB<\/td>\n<\/tr>\n<tr>\n<td class=\"col-xs-3\"><\/td>\n<td><strong>Technische Details<\/strong><\/td>\n<\/tr>\n<tr>\n<td class=\"col-xs-3\">Ort<\/td>\n<td>Deutschland\/ \u00d6sterreich\/ Luxemburg<\/td>\n<\/tr>\n<tr>\n<td class=\"col-xs-3\"><\/td>\n<td><strong>Lieferumfang<\/strong><\/td>\n<\/tr>\n<tr>\n<td class=\"col-xs-3\">Beiliegendes Zubeh\u00f6r<\/td>\n<td>Kurzanleitung, Netzkabel<\/td>\n<\/tr>\n<tr>\n<td class=\"col-xs-3\">Tastaturbelegung<\/td>\n<td>Deutsch<\/td>\n<\/tr>\n<tr>\n<td class=\"col-xs-3\"><\/td>\n<td><strong>Erweiterungssteckpl\u00e4tze<\/strong><\/td>\n<\/tr>\n<tr>\n<td class=\"col-xs-3\">Erweiterungssteckpl\u00e4tze<\/td>\n<td>1x PCIe 4.0 (CPU der 11. Generation) \/3.0 (CPU der 10. Generation) x16-Steckplatz, 2x PCIe 3.0 x1-Steckplatz<\/td>\n<\/tr>\n<tr>\n<td class=\"col-xs-3\"><\/td>\n<td><strong>Gewicht und Abmessungen<\/strong><\/td>\n<\/tr>\n<tr>\n<td class=\"col-xs-3\">H\u00f6he<\/td>\n<td>37,5cm<\/td>\n<\/tr>\n<tr>\n<td class=\"col-xs-3\">Breite<\/td>\n<td>18cm<\/td>\n<\/tr>\n<tr>\n<td class=\"col-xs-3\">Tiefe<\/td>\n<td>37cm<\/td>\n<\/tr>\n<tr>\n<td class=\"col-xs-3\">Gewicht<\/td>\n<td>7kg<\/td>\n<\/tr>\n<tr>\n<td class=\"col-xs-3\"><\/td>\n<td><strong>Andere Funktionen<\/strong><\/td>\n<\/tr>\n<tr>\n<td class=\"col-xs-3\">Anzahl Erweiterungsschubladen<\/td>\n<td>1 accessible par l&rsquo;avant &#8211; 13.3 cm ( 5.25&Prime; ) 1 accessible par l&rsquo;avant &#8211; 8.9 cm ( 3.5&Prime; ) 2 interne &#8211; 8.9 cm ( 3.5&Prime;\/ 2.5&Prime; avec adaptateur)* 1 interne &#8211; 6.4 cm ( 2.5&Prime; ) *2x HDD n\u00e9cessitent des ventilateurs suppl\u00e9mentaires 92&#215;92 mm<\/td>\n<\/tr>\n<tr>\n<td class=\"col-xs-3\">Schnittstelle<\/td>\n<td>2x PS\/2, 1x LAN (RJ45), 3x jacks audio, 4x USB 3.2 Gen1 Type-A (2x en fa\u00e7ade), 4x USB 2.0 1x DP, 1x DVI-D, 1x HDMI, 1x VGA (supporte jusqu&rsquo;\u00e0 2x \u00e9crans en m\u00eame temps) En option : 1x COM<\/td>\n<\/tr>\n<tr>\n<td class=\"col-xs-3\">Kompatible Betriebssysteme<\/td>\n<td>Win10, Win11<\/td>\n<\/tr>\n<tr>\n<td class=\"col-xs-3\">Motherboard-Hersteller<\/td>\n<td>Gigabyte H510M S2H<\/td>\n<\/tr>\n<tr>\n<td class=\"col-xs-3\">Einhaltung von Industriestandards<\/td>\n<td>Dieses Ger\u00e4t gilt als Information Technology Equipment (ITE) der Klasse B und ist haupts\u00e4chlich f\u00fcr den Einsatz in Wohn- oder B\u00fcroumgebungen vorgesehen. Die CE-Kennzeichnung bescheinigt die Einhaltung der folgenden europ\u00e4ischen Richtlinien: (1) EMV-Richtlinie 2004\/108\/EG Elektromagnetische Vertr\u00e4glichkeit (2) Niederspannungsrichtlinie 2006\/95\/EG Elektrische Ger\u00e4te zur Verwendung innerhalb bestimmter Spannungsgrenzen.<\/td>\n<\/tr>\n<tr>\n<td class=\"col-xs-3\">Besondere Merkmale<\/td>\n<td>TPM 2.0 Secure Boot 2x USB 3.2 Gen1 Typ A + Frontaudio<\/td>\n<\/tr>\n<tr>\n<td class=\"col-xs-3\"><\/td>\n<td><strong>Maus<\/strong><\/td>\n<\/tr>\n<tr>\n<td class=\"col-xs-3\">Maus enthalten<\/td>\n<td>Optisches TERRA Rad von Cherry<\/td>\n<\/tr>\n<tr>\n<td class=\"col-xs-3\"><\/td>\n<td><strong>Grafik<\/strong><\/td>\n<\/tr>\n<tr>\n<td class=\"col-xs-3\">Integrierter Grafikkartenspeicher<\/td>\n<td>Dynamisch<\/td>\n<\/tr>\n<tr>\n<td class=\"col-xs-3\">Integrierter Grafikadapter Maximale Aufl\u00f6sung<\/td>\n<td>HDMI 4096 x 2160 bei 30 Hz DP 4096 x 2304 bei 60 Hz DVI\/ VGA 1920\u00d71200<\/td>\n<\/tr>\n<tr>\n<td class=\"col-xs-3\">Grafikkarte<\/td>\n<td>Intel UHD-Grafik 630 (1100 MHz)<\/td>\n<\/tr>\n<tr>\n<td class=\"col-xs-3\">Integriertes Grafikkartenmodell<\/td>\n<td>Intel UHD-Grafik 630 (1100 MHz)<\/td>\n<\/tr>\n<tr>\n<td class=\"col-xs-3\">Grafische Oberfl\u00e4chen<\/td>\n<td>1x HDMI, 1x DP, 1x DVI-D, 1x VGA Unterst\u00fctzt Dual-Monitoring<\/td>\n<\/tr>\n<tr>\n<td class=\"col-xs-3\"><\/td>\n<td><strong>Leistung<\/strong><\/td>\n<\/tr>\n<tr>\n<td class=\"col-xs-3\">Energiequelle<\/td>\n<td>Bloc d&rsquo;alimentation ATX meets 80 Plus Bronze, adapt\u00e9 \u00e0 un fonctionnement standard max. 60 heures\/semaine Efficacit\u00e9 \u00e9nerg\u00e9tique \u00e0 charge 10 %\/ 20 %\/ 50 % \/ 100 %) : 82 %\/ 82 % \/ 85 % \/ 82<\/td>\n<\/tr>\n<tr>\n<td class=\"col-xs-3\">Stromverbrauch (Standby)<\/td>\n<td>\u00d8 1,8 Watt (S3-Modus, Suspend to RAM, WOL aktiviert)<\/td>\n<\/tr>\n<tr>\n<td class=\"col-xs-3\">Maximale Eingangsleistung<\/td>\n<td>350 Watt<\/td>\n<\/tr>\n<tr>\n<td class=\"col-xs-3\">Nennleistung<\/td>\n<td>\u00d8 33 watts \u00d8 116 kWh par an (TEC = Typical Energy Consumption) Pour plus d&rsquo;informations sur la consommation \u00e9lectrique, voir www.wortmann.de\/green et\/ou les liens rapides vers ce produit (si disponibles)<\/td>\n<\/tr>\n<tr>\n<td class=\"col-xs-3\">Eingangsspannung der Stromversorgung<\/td>\n<td>230 V Wechselstrom (50 Hz)<\/td>\n<\/tr>\n<tr>\n<td class=\"col-xs-3\"><\/td>\n<td><strong>Arbeitsbedingungen<\/strong><\/td>\n<\/tr>\n<tr>\n<td class=\"col-xs-3\">Betriebstemperatur<\/td>\n<td>5 \u00b0C \u2013 35 \u00b0C<\/td>\n<\/tr>\n<tr>\n<td class=\"col-xs-3\">Empfohlener Feuchtigkeitsbereich<\/td>\n<td>10-75% (nicht kondensierend)<\/td>\n<\/tr>\n<tr>\n<td class=\"col-xs-3\"><\/td>\n<td><strong>Netzwerk<\/strong><\/td>\n<\/tr>\n<tr>\n<td class=\"col-xs-3\">Integrierter Ethernet-Port<\/td>\n<td>RJ45<\/td>\n<\/tr>\n<tr>\n<td class=\"col-xs-3\">LAN-Controller<\/td>\n<td>Realtek GbE LAN-Chip, WOL\/PXE<\/td>\n<\/tr>\n<tr>\n<td class=\"col-xs-3\">Datenverbindungsprotokolle<\/td>\n<td>Ethernet Fast-Ethernet Gigabit-Ethernet<\/td>\n<\/tr>\n<tr>\n<td class=\"col-xs-3\"><\/td>\n<td><strong>Optisches Laufwerk<\/strong><\/td>\n<\/tr>\n<tr>\n<td class=\"col-xs-3\">Optisches Laufwerk \u2013 Typ<\/td>\n<td>DVD\u00b1RW<\/td>\n<\/tr>\n<tr>\n<td class=\"col-xs-3\"><\/td>\n<td><strong>Eingabeger\u00e4t<\/strong><\/td>\n<\/tr>\n<tr>\n<td class=\"col-xs-3\">Bewegungserkennungstechnologie<\/td>\n<td>Optisch<\/td>\n<\/tr>\n<tr>\n<td class=\"col-xs-3\">Ger\u00e4teschnittstelle<\/td>\n<td>USB<\/td>\n<\/tr>\n<\/tbody>\n<\/table>","protected":false},"excerpt":{"rendered":"<ul>\n<li>Intel Core i3 (10. Generation) 10105 \/ 3,7 GHz (6 MB Smart Cache, bis zu 4,4 GHz mit Intel Turbo Boost Technology)<\/li>\n<li>Windows 11 Home<\/li>\n<li>8 GB RAM-Speicher<\/li>\n<li>Home-Serie<\/li>\n<li>Intel UHD-Grafik 630 (1100 MHz)<\/li>\n<li>Grafische Schnittstellen 1x HDMI, 1x DP, 1x DVI-D, 1x VGA Unterst\u00fctzt Dual-Monitoring<\/li>\n<li>Festplattenkapazit\u00e4t 1 x 500 GB - SSD<\/li>\n<\/ul>","protected":false},"featured_media":51347,"comment_status":"closed","ping_status":"closed","template":"","meta":{"_seopress_robots_primary_cat":"none","_seopress_titles_title":"","_seopress_titles_desc":"","_seopress_robots_index":""},"product_brand":[],"product_cat":[1510,82],"product_tag":[30798,31015,138,30845,30805],"class_list":{"0":"post-51343","1":"product","2":"type-product","3":"status-publish","4":"has-post-thumbnail","6":"product_cat-informatique","7":"product_cat-ordinateurs","8":"product_tag-intel","9":"product_tag-office","10":"product_tag-pc","11":"product_tag-ssd","12":"product_tag-windows","14":"first","15":"instock","16":"shipping-taxable","17":"purchasable","18":"product-type-simple"},"_links":{"self":[{"href":"https:\/\/shop24.lu\/de\/wp-json\/wp\/v2\/product\/51343","targetHints":{"allow":["GET"]}}],"collection":[{"href":"https:\/\/shop24.lu\/de\/wp-json\/wp\/v2\/product"}],"about":[{"href":"https:\/\/shop24.lu\/de\/wp-json\/wp\/v2\/types\/product"}],"replies":[{"embeddable":true,"href":"https:\/\/shop24.lu\/de\/wp-json\/wp\/v2\/comments?post=51343"}],"wp:featuredmedia":[{"embeddable":true,"href":"https:\/\/shop24.lu\/de\/wp-json\/wp\/v2\/media\/51347"}],"wp:attachment":[{"href":"https:\/\/shop24.lu\/de\/wp-json\/wp\/v2\/media?parent=51343"}],"wp:term":[{"taxonomy":"product_brand","embeddable":true,"href":"https:\/\/shop24.lu\/de\/wp-json\/wp\/v2\/product_brand?post=51343"},{"taxonomy":"product_cat","embeddable":true,"href":"https:\/\/shop24.lu\/de\/wp-json\/wp\/v2\/product_cat?post=51343"},{"taxonomy":"product_tag","embeddable":true,"href":"https:\/\/shop24.lu\/de\/wp-json\/wp\/v2\/product_tag?post=51343"}],"curies":[{"name":"wp","href":"https:\/\/api.w.org\/{rel}","templated":true}]}}