{"id":51353,"date":"2022-04-10T18:40:43","date_gmt":"2022-04-10T16:40:43","guid":{"rendered":"https:\/\/shop24.lu\/?post_type=product&#038;p=51353"},"modified":"2023-12-30T23:39:17","modified_gmt":"2023-12-30T21:39:17","slug":"terra-keyboard-3500-corded-ch-usb-noir-cherry-stream-keyboard-jk-8500ch-2","status":"publish","type":"product","link":"https:\/\/shop24.lu\/de\/product\/terra-keyboard-3500-corded-ch-usb-noir-cherry-stream-keyboard-jk-8500ch-2\/","title":{"rendered":"TERRA Keyboard 3500 Corded [CH] USB Noir \/ Cherry Stream Keyboard JK-8500CH-2"},"content":{"rendered":"<p>Produktivstes Arbeiten: Ultra-leises Tippen, unschlagbares Tippgef\u00fchl<br \/>\nTop-Qualit\u00e4t: langlebige Tastenbeschriftung, hauseigene SX-Scherenmechanik, Umweltzeichen Blauer Engel<br \/>\nBesserer Bedienkomfort: 3 integrierte Statusanzeigen, perfekte Rutschfestigkeit, 10 Office- und Multimediatasten<br \/>\nModernstes Design: flache Bauh\u00f6he, Konzentration auf das Wesentliche, GS-Zulassung<\/p>\n<p>Das TERRA Keyboard 3100 von Cherry steht f\u00fcr hohe Anspr\u00fcche und ein unvergleichliches Tippgef\u00fchl. Mit ihrer Mischung aus Design, Eleganz und Purismus hat sie das Potenzial, die bevorzugte Tastatur im B\u00fcro und zu Hause zu werden.Verwindungssteifigkeit, Stabilit\u00e4t und Rutschfestigkeit zeichnen diese Tastatur aus. Dank der Cherry-eigenen SX-Scherentechnologie ist das Schreiben pr\u00e4ziser und leiser als beim Vorg\u00e4ngermodell. Besonders in B\u00fcroumgebungen sind die in die Tasten und den Sperrschl\u00fcssel integrierten Status-LEDs von unsch\u00e4tzbarem Wert. 10 Zusatztasten erleichtern die Nutzung der Hauptb\u00fcro- und Multimediafunktionen.<\/p>\n<table id=\"ctl00_ctl00_ctl00_SiteContent_SiteContent_SiteContent_articleFeatureDisplayDetails_gridViewProductAttributes\" class=\"table table-condensed\" border=\"0\" cellspacing=\"0\">\n<tbody>\n<tr>\n<td class=\"col-xs-3\"><\/td>\n<td><strong>Klaviatur<\/strong><\/td>\n<\/tr>\n<tr>\n<td class=\"col-xs-3\">Tastaturbelegung<\/td>\n<td>schweizerisch<\/td>\n<\/tr>\n<tr>\n<td class=\"col-xs-3\">Numerische Tastatur<\/td>\n<td>ja<\/td>\n<\/tr>\n<tr>\n<td class=\"col-xs-3\">Tastat\u00fcrk\u00fcrzel<\/td>\n<td>ja<\/td>\n<\/tr>\n<tr>\n<td class=\"col-xs-3\">Tastaturstruktur<\/td>\n<td>QWERTZ<\/td>\n<\/tr>\n<tr>\n<td class=\"col-xs-3\">Multimedia-Tasten<\/td>\n<td>ja<\/td>\n<\/tr>\n<tr>\n<td class=\"col-xs-3\">Zertifizierung<\/td>\n<td>cURus\\nVDE-GS\\nCE\\nFCC<\/td>\n<\/tr>\n<tr>\n<td class=\"col-xs-3\">Tastenschalter der Tastatur<\/td>\n<td>Mechanischer Schalter<\/td>\n<\/tr>\n<tr>\n<td class=\"col-xs-3\">Lebensdauer der Tastaturtasten<\/td>\n<td>20 Millionen Zeichen<\/td>\n<\/tr>\n<tr>\n<td class=\"col-xs-3\">Eingabeger\u00e4t<\/td>\n<td>Nein<\/td>\n<\/tr>\n<tr>\n<td class=\"col-xs-3\">Empfohlener Gebrauch<\/td>\n<td>Sekretariat<\/td>\n<\/tr>\n<tr>\n<td class=\"col-xs-3\">Ger\u00e4teschnittstelle<\/td>\n<td>USB<\/td>\n<\/tr>\n<tr>\n<td class=\"col-xs-3\">Formfaktor der Tastatur<\/td>\n<td>Standard<\/td>\n<\/tr>\n<tr>\n<td class=\"col-xs-3\">Anzahl der Tastenkombinationen<\/td>\n<td>10<\/td>\n<\/tr>\n<tr>\n<td class=\"col-xs-3\">Tastatur \u2013 Anzahl der Tasten<\/td>\n<td>105<\/td>\n<\/tr>\n<tr>\n<td class=\"col-xs-3\">Windows-Tasten<\/td>\n<td>ja<\/td>\n<\/tr>\n<tr>\n<td class=\"col-xs-3\"><\/td>\n<td><strong>Technische Details<\/strong><\/td>\n<\/tr>\n<tr>\n<td class=\"col-xs-3\">Hersteller<\/td>\n<td>TERRA powered by CHERRY<\/td>\n<\/tr>\n<tr>\n<td class=\"col-xs-3\"><\/td>\n<td><strong>Gewicht und Abmessungen<\/strong><\/td>\n<\/tr>\n<tr>\n<td class=\"col-xs-3\">Tastaturabmessungen (BxTxH)<\/td>\n<td>463 x 163 x 18 mm<\/td>\n<\/tr>\n<tr>\n<td class=\"col-xs-3\">Tastaturgewicht<\/td>\n<td>910g<\/td>\n<\/tr>\n<tr>\n<td class=\"col-xs-3\"><\/td>\n<td><strong>Entwurf<\/strong><\/td>\n<\/tr>\n<tr>\n<td class=\"col-xs-3\">Produktfarbe<\/td>\n<td>Noir<\/td>\n<\/tr>\n<tr>\n<td class=\"col-xs-3\">Hintergrundbeleuchtung<\/td>\n<td>Nein<\/td>\n<\/tr>\n<tr>\n<td class=\"col-xs-3\">Schutzfunktion<\/td>\n<td>Spritzfest<\/td>\n<\/tr>\n<tr>\n<td class=\"col-xs-3\">Handgelenkauflage<\/td>\n<td>ja<\/td>\n<\/tr>\n<tr>\n<td class=\"col-xs-3\">Oberfl\u00e4chenf\u00e4rbung<\/td>\n<td>Einfarbig<\/td>\n<\/tr>\n<tr>\n<td class=\"col-xs-3\">Tastatur-Styling<\/td>\n<td>Gerade<\/td>\n<\/tr>\n<tr>\n<td class=\"col-xs-3\"><\/td>\n<td><strong>Maus<\/strong><\/td>\n<\/tr>\n<tr>\n<td class=\"col-xs-3\">Maus enthalten<\/td>\n<td>Nein<\/td>\n<\/tr>\n<tr>\n<td class=\"col-xs-3\"><\/td>\n<td><strong>Logistikdaten<\/strong><\/td>\n<\/tr>\n<tr>\n<td class=\"col-xs-3\">Produkte pro Palette<\/td>\n<td>36 St\u00fcck<\/td>\n<\/tr>\n<tr>\n<td class=\"col-xs-3\"><\/td>\n<td><strong>Leistungsstark<\/strong><\/td>\n<\/tr>\n<tr>\n<td class=\"col-xs-3\">Energieverbrauch<\/td>\n<td>20mA<\/td>\n<\/tr>\n<tr>\n<td class=\"col-xs-3\">Energiequelle<\/td>\n<td>USB<\/td>\n<\/tr>\n<tr>\n<td class=\"col-xs-3\"><\/td>\n<td><strong>Arbeitsbedingungen<\/strong><\/td>\n<\/tr>\n<tr>\n<td class=\"col-xs-3\">Betriebstemperatur<\/td>\n<td>0 - 40 \u00b0C<\/td>\n<\/tr>\n<tr>\n<td class=\"col-xs-3\">Lagertemperaturbereich<\/td>\n<td>-20 - 60 \u00b0C<\/td>\n<\/tr>\n<tr>\n<td class=\"col-xs-3\"><\/td>\n<td><strong>Verpackungsdaten<\/strong><\/td>\n<\/tr>\n<tr>\n<td class=\"col-xs-3\">Verpackungstiefe<\/td>\n<td>210mm<\/td>\n<\/tr>\n<tr>\n<td class=\"col-xs-3\">Paketh\u00f6he<\/td>\n<td>24mm<\/td>\n<\/tr>\n<tr>\n<td class=\"col-xs-3\">Verpackungsbreite<\/td>\n<td>480mm<\/td>\n<\/tr>\n<tr>\n<td class=\"col-xs-3\">Art der Verpackung<\/td>\n<td>Kasten<\/td>\n<\/tr>\n<tr>\n<td class=\"col-xs-3\">Anzahl der enthaltenen Produkte<\/td>\n<td>1 St\u00fcck<\/td>\n<\/tr>\n<tr>\n<td class=\"col-xs-3\">Paketgewicht<\/td>\n<td>1100g<\/td>\n<\/tr>\n<tr>\n<td class=\"col-xs-3\"><\/td>\n<td><strong>System Anforderungen<\/strong><\/td>\n<\/tr>\n<tr>\n<td class=\"col-xs-3\">Unterst\u00fctzt Windows-Betriebssysteme<\/td>\n<td>ja<\/td>\n<\/tr>\n<tr>\n<td class=\"col-xs-3\"><\/td>\n<td><strong>Ergonomie<\/strong><\/td>\n<\/tr>\n<tr>\n<td class=\"col-xs-3\">Kabell\u00e4nge<\/td>\n<td>1,8 m<\/td>\n<\/tr>\n<\/tbody>\n<\/table>","protected":false},"excerpt":{"rendered":"<p>Produktivstes Arbeiten: Ultra-leises Tippen, unschlagbares Tippgef\u00fchl<br \/>\nQualit\u00e9 sup\u00e9rieure : marquage durable des touches, m\u00e9canisme de ciseaux SX maison, label \u00e9cologique ange bleu<\/p>","protected":false},"featured_media":51357,"comment_status":"closed","ping_status":"closed","template":"","meta":{"_seopress_robots_primary_cat":"none","_seopress_titles_title":"","_seopress_titles_desc":"","_seopress_robots_index":""},"product_brand":[],"product_cat":[1506,1510],"product_tag":[31022,31021,31017,31018,31020,31023,31019,30793],"class_list":{"0":"post-51353","1":"product","2":"type-product","3":"status-publish","4":"has-post-thumbnail","6":"product_cat-accessoires-informatiques","7":"product_cat-informatique","8":"product_tag-31022","9":"product_tag-allemand","10":"product_tag-cherry","11":"product_tag-clavier","12":"product_tag-francais","13":"product_tag-keyboard","14":"product_tag-suisse","15":"product_tag-terra","17":"first","18":"instock","19":"shipping-taxable","20":"purchasable","21":"product-type-simple"},"_links":{"self":[{"href":"https:\/\/shop24.lu\/de\/wp-json\/wp\/v2\/product\/51353","targetHints":{"allow":["GET"]}}],"collection":[{"href":"https:\/\/shop24.lu\/de\/wp-json\/wp\/v2\/product"}],"about":[{"href":"https:\/\/shop24.lu\/de\/wp-json\/wp\/v2\/types\/product"}],"replies":[{"embeddable":true,"href":"https:\/\/shop24.lu\/de\/wp-json\/wp\/v2\/comments?post=51353"}],"wp:featuredmedia":[{"embeddable":true,"href":"https:\/\/shop24.lu\/de\/wp-json\/wp\/v2\/media\/51357"}],"wp:attachment":[{"href":"https:\/\/shop24.lu\/de\/wp-json\/wp\/v2\/media?parent=51353"}],"wp:term":[{"taxonomy":"product_brand","embeddable":true,"href":"https:\/\/shop24.lu\/de\/wp-json\/wp\/v2\/product_brand?post=51353"},{"taxonomy":"product_cat","embeddable":true,"href":"https:\/\/shop24.lu\/de\/wp-json\/wp\/v2\/product_cat?post=51353"},{"taxonomy":"product_tag","embeddable":true,"href":"https:\/\/shop24.lu\/de\/wp-json\/wp\/v2\/product_tag?post=51353"}],"curies":[{"name":"wp","href":"https:\/\/api.w.org\/{rel}","templated":true}]}}