{"id":51369,"date":"2022-04-10T19:13:46","date_gmt":"2022-04-10T17:13:46","guid":{"rendered":"https:\/\/shop24.lu\/?post_type=product&#038;p=51369"},"modified":"2022-04-10T19:14:06","modified_gmt":"2022-04-10T17:14:06","slug":"cherry-mouse-unimouse-dark-grey-wireless-ergonomic-mouse-adjustable-ergo-mouse","status":"publish","type":"product","link":"https:\/\/shop24.lu\/de\/product\/cherry-mouse-unimouse-dark-grey-wireless-ergonomic-mouse-adjustable-ergo-mouse\/","title":{"rendered":"Cherry Mouse UNIMOUSE dunkelgrau Kabellose ergonomische Maus, ERGO EINSTELLBARE Maus"},"content":{"rendered":"<table id=\"ctl00_ctl00_ctl00_SiteContent_SiteContent_SiteContent_articleFeatureDisplayDetails_gridViewProductAttributes\" class=\"table table-condensed\" border=\"0\" cellspacing=\"0\">\n<tbody>\n<tr>\n<td><strong>Technische Details<\/strong><\/td>\n<\/tr>\n<tr>\n<td class=\"col-xs-3\">Hersteller<\/td>\n<td>Kirsche<\/td>\n<\/tr>\n<tr>\n<td class=\"col-xs-3\"><\/td>\n<td><strong>Gewicht und Abmessungen<\/strong><\/td>\n<\/tr>\n<tr>\n<td class=\"col-xs-3\">H\u00f6he<\/td>\n<td>24mm<\/td>\n<\/tr>\n<tr>\n<td class=\"col-xs-3\">Breite<\/td>\n<td>410mm<\/td>\n<\/tr>\n<tr>\n<td class=\"col-xs-3\">Tiefe<\/td>\n<td>82mm<\/td>\n<\/tr>\n<tr>\n<td class=\"col-xs-3\">Empf\u00e4ngertiefe<\/td>\n<td>14,7 mm<\/td>\n<\/tr>\n<tr>\n<td class=\"col-xs-3\">H\u00f6he des Empf\u00e4ngers<\/td>\n<td>6,6 mm<\/td>\n<\/tr>\n<tr>\n<td class=\"col-xs-3\">Empf\u00e4ngerbreite<\/td>\n<td>19,5 mm<\/td>\n<\/tr>\n<tr>\n<td class=\"col-xs-3\">Empf\u00e4ngergewicht<\/td>\n<td>2g<\/td>\n<\/tr>\n<tr>\n<td class=\"col-xs-3\">Gewicht<\/td>\n<td>710g<\/td>\n<\/tr>\n<tr>\n<td class=\"col-xs-3\"><\/td>\n<td><strong>Entwurf<\/strong><\/td>\n<\/tr>\n<tr>\n<td class=\"col-xs-3\">Produktfarbe<\/td>\n<td>Geld<\/td>\n<\/tr>\n<tr>\n<td class=\"col-xs-3\">Intelligentes und ergonomisches Design<\/td>\n<td>ja<\/td>\n<\/tr>\n<tr>\n<td class=\"col-xs-3\">Formfaktor<\/td>\n<td>Beidh\u00e4ndig<\/td>\n<\/tr>\n<tr>\n<td class=\"col-xs-3\"><\/td>\n<td><strong>Maus<\/strong><\/td>\n<\/tr>\n<tr>\n<td class=\"col-xs-3\">Art der Schl\u00fcssel<\/td>\n<td>Tasten gedr\u00fcckt<\/td>\n<\/tr>\n<tr>\n<td class=\"col-xs-3\">Anzahl der Tasten<\/td>\n<td>8<\/td>\n<\/tr>\n<tr>\n<td class=\"col-xs-3\">Bewegungserkennungstechnologie<\/td>\n<td>Optisch<\/td>\n<\/tr>\n<tr>\n<td class=\"col-xs-3\">Bewegungsaufl\u00f6sung<\/td>\n<td>2800DPI<\/td>\n<\/tr>\n<tr>\n<td class=\"col-xs-3\">Einstellbare Bewegungsaufl\u00f6sung<\/td>\n<td>ja<\/td>\n<\/tr>\n<tr>\n<td class=\"col-xs-3\">Zertifizierung<\/td>\n<td>CE\\nWHQL Win 10 64-Bit\\nUSB IF<\/td>\n<\/tr>\n<tr>\n<td class=\"col-xs-3\">Tor<\/td>\n<td>Sekretariat<\/td>\n<\/tr>\n<tr>\n<td class=\"col-xs-3\">Anzahl programmierbarer Tasten<\/td>\n<td>5<\/td>\n<\/tr>\n<tr>\n<td class=\"col-xs-3\">Unterst\u00fctzung f\u00fcr mehrere Ger\u00e4te<\/td>\n<td>ja<\/td>\n<\/tr>\n<tr>\n<td class=\"col-xs-3\">Programmierbare Maustasten<\/td>\n<td>ja<\/td>\n<\/tr>\n<tr>\n<td class=\"col-xs-3\">Ger\u00e4teschnittstelle<\/td>\n<td>USB-Typ A<\/td>\n<\/tr>\n<tr>\n<td class=\"col-xs-3\">Anzahl der Scrollrollen<\/td>\n<td>1<\/td>\n<\/tr>\n<tr>\n<td class=\"col-xs-3\">Scroll-Typ<\/td>\n<td>Rad<\/td>\n<\/tr>\n<tr>\n<td class=\"col-xs-3\"><\/td>\n<td><strong>Leistungsstark<\/strong><\/td>\n<\/tr>\n<tr>\n<td class=\"col-xs-3\">Energiequelle<\/td>\n<td>Kabel<\/td>\n<\/tr>\n<tr>\n<td class=\"col-xs-3\">Wieder auff\u00fcllbar<\/td>\n<td>ja<\/td>\n<\/tr>\n<tr>\n<td class=\"col-xs-3\"><\/td>\n<td><strong>Arbeitsbedingungen<\/strong><\/td>\n<\/tr>\n<tr>\n<td class=\"col-xs-3\">Betriebstemperatur<\/td>\n<td>0 - 40 \u00b0C<\/td>\n<\/tr>\n<tr>\n<td class=\"col-xs-3\">Lagertemperaturbereich<\/td>\n<td>-15 \u2013 60 \u00b0C<\/td>\n<\/tr>\n<tr>\n<td class=\"col-xs-3\"><\/td>\n<td><strong>Eingabeger\u00e4t<\/strong><\/td>\n<\/tr>\n<tr>\n<td class=\"col-xs-3\">Art der Schl\u00fcssel<\/td>\n<td>Tasten gedr\u00fcckt<\/td>\n<\/tr>\n<tr>\n<td class=\"col-xs-3\">Anzahl der Tasten<\/td>\n<td>3<\/td>\n<\/tr>\n<tr>\n<td class=\"col-xs-3\">Bewegungserkennungstechnologie<\/td>\n<td>Optisch<\/td>\n<\/tr>\n<tr>\n<td class=\"col-xs-3\">Bewegungsaufl\u00f6sung<\/td>\n<td>1375 dpi<\/td>\n<\/tr>\n<tr>\n<td class=\"col-xs-3\">Tor<\/td>\n<td>Sekretariat<\/td>\n<\/tr>\n<tr>\n<td class=\"col-xs-3\">Empfohlener Gebrauch<\/td>\n<td>PC<\/td>\n<\/tr>\n<tr>\n<td class=\"col-xs-3\">Ger\u00e4teschnittstelle<\/td>\n<td>USB<\/td>\n<\/tr>\n<tr>\n<td class=\"col-xs-3\">Anzahl der Scrollrollen<\/td>\n<td>1<\/td>\n<\/tr>\n<tr>\n<td class=\"col-xs-3\">Richtungen scrollen<\/td>\n<td>Horizontal<\/td>\n<\/tr>\n<tr>\n<td class=\"col-xs-3\">integrierte Tastatur<\/td>\n<td>ja<\/td>\n<\/tr>\n<tr>\n<td class=\"col-xs-3\">Scroll-Typ<\/td>\n<td>Rad<\/td>\n<\/tr>\n<tr>\n<td class=\"col-xs-3\"><\/td>\n<td><strong>Verpackungsdaten<\/strong><\/td>\n<\/tr>\n<tr>\n<td class=\"col-xs-3\">Inklusive Mauspad<\/td>\n<td>Nein<\/td>\n<\/tr>\n<tr>\n<td class=\"col-xs-3\">Verpackungstiefe<\/td>\n<td>140mm<\/td>\n<\/tr>\n<tr>\n<td class=\"col-xs-3\">Paketh\u00f6he<\/td>\n<td>45mm<\/td>\n<\/tr>\n<tr>\n<td class=\"col-xs-3\">Verpackungsbreite<\/td>\n<td>445mm<\/td>\n<\/tr>\n<tr>\n<td class=\"col-xs-3\">Art der Verpackung<\/td>\n<td>Kasten<\/td>\n<\/tr>\n<tr>\n<td class=\"col-xs-3\">Paketgewicht<\/td>\n<td>1080g<\/td>\n<\/tr>\n<tr>\n<td class=\"col-xs-3\">Empf\u00e4ngertyp<\/td>\n<td>Mikrofonempf\u00e4nger<\/td>\n<\/tr>\n<tr>\n<td class=\"col-xs-3\">Empf\u00e4nger enthalten<\/td>\n<td>ja<\/td>\n<\/tr>\n<tr>\n<td class=\"col-xs-3\"><\/td>\n<td><strong>System Anforderungen<\/strong><\/td>\n<\/tr>\n<tr>\n<td class=\"col-xs-3\">Unterst\u00fctzt Windows-Betriebssysteme<\/td>\n<td>Windows 10<\/td>\n<\/tr>\n<tr>\n<td class=\"col-xs-3\">Unterst\u00fctzt Mac-Betriebssysteme<\/td>\n<td>Mac OS<\/td>\n<\/tr>\n<\/tbody>\n<\/table>","protected":false},"excerpt":{"rendered":"<p>D\u00e9tails techniques Fabricant Cherry Poids et dimensions Hauteur 24 mm Largeur 410 mm Profondeur 82 mm Profondeur du r\u00e9cepteur 14.7 mm Hauteur du r\u00e9cepteur 6.6 mm Largeur du r\u00e9cepteur 19.5 mm Poids du r\u00e9cepteur 2 g Poids 710 g Design Couleur du produit Argent Design intelligent et ergonomique Oui Facteur de forme Ambidextre Souris Type [&#8230;]\n","protected":false},"featured_media":51371,"comment_status":"closed","ping_status":"closed","template":"","meta":{"_seopress_robots_primary_cat":"none","_seopress_titles_title":"","_seopress_titles_desc":"","_seopress_robots_index":""},"product_brand":[],"product_cat":[1506,1510],"product_tag":[31031,31029,1633,30793,31028,31030],"class_list":{"0":"post-51369","1":"product","2":"type-product","3":"status-publish","4":"has-post-thumbnail","6":"product_cat-accessoires-informatiques","7":"product_cat-informatique","8":"product_tag-ergonomique","9":"product_tag-mouse","10":"product_tag-souris","11":"product_tag-terra","12":"product_tag-unimouse","13":"product_tag-wireless","15":"first","16":"instock","17":"shipping-taxable","18":"purchasable","19":"product-type-simple"},"_links":{"self":[{"href":"https:\/\/shop24.lu\/de\/wp-json\/wp\/v2\/product\/51369","targetHints":{"allow":["GET"]}}],"collection":[{"href":"https:\/\/shop24.lu\/de\/wp-json\/wp\/v2\/product"}],"about":[{"href":"https:\/\/shop24.lu\/de\/wp-json\/wp\/v2\/types\/product"}],"replies":[{"embeddable":true,"href":"https:\/\/shop24.lu\/de\/wp-json\/wp\/v2\/comments?post=51369"}],"wp:featuredmedia":[{"embeddable":true,"href":"https:\/\/shop24.lu\/de\/wp-json\/wp\/v2\/media\/51371"}],"wp:attachment":[{"href":"https:\/\/shop24.lu\/de\/wp-json\/wp\/v2\/media?parent=51369"}],"wp:term":[{"taxonomy":"product_brand","embeddable":true,"href":"https:\/\/shop24.lu\/de\/wp-json\/wp\/v2\/product_brand?post=51369"},{"taxonomy":"product_cat","embeddable":true,"href":"https:\/\/shop24.lu\/de\/wp-json\/wp\/v2\/product_cat?post=51369"},{"taxonomy":"product_tag","embeddable":true,"href":"https:\/\/shop24.lu\/de\/wp-json\/wp\/v2\/product_tag?post=51369"}],"curies":[{"name":"wp","href":"https:\/\/api.w.org\/{rel}","templated":true}]}}