{"id":8287,"date":"2020-10-14T17:20:18","date_gmt":"2020-10-14T15:20:18","guid":{"rendered":"https:\/\/shop24.lu\/?post_type=product&#038;p=8287"},"modified":"2021-09-06T08:35:20","modified_gmt":"2021-09-06T06:35:20","slug":"trockenblumenstraus-bunt","status":"publish","type":"product","link":"https:\/\/shop24.lu\/de\/product\/trockenblumenstraus-bunt\/","title":{"rendered":"Trockenblumenstrau\u00df-BUNT"},"content":{"rendered":"<p>Wundersch\u00f6ner Trockenblumenstrau\u00df BUNT, bestehend aus Pampasgras, Eukalyptus, gebleichtem Ruskus, Rittersporn und Phalaris.<br \/>\nDie nat\u00fcrlichen Materialien werden mit gr\u00f6\u00dfter Sorgfalt von Hand zu Werkst\u00fccken gebunden und sind \u00fcber mehrere Jahre haltbar.<\/p>","protected":false},"excerpt":{"rendered":"<p>das. 60cm hoch<\/p>","protected":false},"featured_media":8288,"comment_status":"open","ping_status":"closed","template":"","meta":{"_seopress_robots_primary_cat":"","_seopress_titles_title":"","_seopress_titles_desc":"","_seopress_robots_index":""},"product_brand":[],"product_cat":[108,1422],"product_tag":[1420,1418,589,1419,1421],"class_list":{"0":"post-8287","1":"product","2":"type-product","3":"status-publish","4":"has-post-thumbnail","6":"product_cat-accessoires-maison","7":"product_cat-floristique","8":"product_tag-blumen","9":"product_tag-floristik","10":"product_tag-nonnenmillen","11":"product_tag-straus","12":"product_tag-trockenblumen","14":"first","15":"instock","16":"shipping-taxable","17":"purchasable","18":"product-type-simple"},"_links":{"self":[{"href":"https:\/\/shop24.lu\/de\/wp-json\/wp\/v2\/product\/8287","targetHints":{"allow":["GET"]}}],"collection":[{"href":"https:\/\/shop24.lu\/de\/wp-json\/wp\/v2\/product"}],"about":[{"href":"https:\/\/shop24.lu\/de\/wp-json\/wp\/v2\/types\/product"}],"replies":[{"embeddable":true,"href":"https:\/\/shop24.lu\/de\/wp-json\/wp\/v2\/comments?post=8287"}],"wp:featuredmedia":[{"embeddable":true,"href":"https:\/\/shop24.lu\/de\/wp-json\/wp\/v2\/media\/8288"}],"wp:attachment":[{"href":"https:\/\/shop24.lu\/de\/wp-json\/wp\/v2\/media?parent=8287"}],"wp:term":[{"taxonomy":"product_brand","embeddable":true,"href":"https:\/\/shop24.lu\/de\/wp-json\/wp\/v2\/product_brand?post=8287"},{"taxonomy":"product_cat","embeddable":true,"href":"https:\/\/shop24.lu\/de\/wp-json\/wp\/v2\/product_cat?post=8287"},{"taxonomy":"product_tag","embeddable":true,"href":"https:\/\/shop24.lu\/de\/wp-json\/wp\/v2\/product_tag?post=8287"}],"curies":[{"name":"wp","href":"https:\/\/api.w.org\/{rel}","templated":true}]}}