{"id":1066,"date":"2020-11-05T23:39:40","date_gmt":"2020-11-05T21:39:40","guid":{"rendered":"http:\/\/demowpthemes.com\/buy2amazon\/?page_id=1066"},"modified":"2023-05-08T17:57:37","modified_gmt":"2023-05-08T15:57:37","slug":"politique-confidentialite","status":"publish","type":"page","link":"https:\/\/shop24.lu\/en\/politique-confidentialite\/","title":{"rendered":"Privacy Policy"},"content":{"rendered":"<h2>Privacy Policy<\/h2>\n<p>This privacy policy informs you about the data we collect, use, store and disclose. This information is collected when you use our website. By collecting this information, we act as Data Controller and, by Regulation (EU) 2016\/679 of the Parliament and of the Council of April 27, 2016 on the protection of individuals with regard to the processing of personal data and on the free flow of such data (the \u201cGDPR\u201d), we are required to provide you with information about our company, why and how we use your data, and the rights you have in relation to your personal data.<\/p>\n<h4>1. Contact:<\/h4>\n<p>Nous sommes Shop24 \u2013 Online Shopping in Luxembourg. Vous pouvez nous contacter par mail, \u00e0 notre adresse postale et par t\u00e9l\u00e9phone. Nous ne sommes pas tenus d&rsquo;avoir un repr\u00e9sentant \u00e0 la protection des donn\u00e9es, de sorte que toutes les demandes de renseignements concernant notre utilisation de vos donn\u00e9es personnelles doivent \u00eatre adress\u00e9es aux coordonn\u00e9es ci-dessus.<\/p>\n<p><strong>Shop24 - Online Shopping in Luxembourg<\/strong><br \/>Phone: +352 2040 3959<br \/>E-mail: <a href=\"mailto:info@shop24.lu\" target=\"_blank\" rel=\"noopener noreferrer\">info@shop24.lu<\/a><br \/>B.P. 3064<br \/>L-1030 Luxembourg<\/p>\n<h4>2. Collection of personal data<\/h4>\n<p>Pour la simple navigation sur notre plateforme Shop24, la collecte de donn\u00e9es personnelles n&rsquo;est pas n\u00e9cessaire. Celle-ci n\u2019est requise qu\u2019en cas de connexion \u00e0 l\u2019achat de produit ou service en ligne par les acheteurs ou la mise en vente de produits par les vendeurs.<\/p>\n<h4>3. Data collection and transfer<\/h4>\n<p>We collect and process all the data you enter when creating a user account (buyer or seller). In addition to this data your IP address and during purchases, the history of orders, deliveries etc. are collected.<br \/>All this information is stored in our databases on our servers located in Europe and is not shared with third parties except with the user&#039;s consent. Your information is neither sent outside of Europe nor used to make automated decisions that may affect you.<br \/>Any User accepts that their personal data may be transmitted to sellers as part of the provision of services, products or to other subcontractors assisting Shop24 in the provision of services, in particular for payments and deliveries. These subcontractors undertake to process this information only according to Shop24&#039;s instructions and to comply with applicable laws concerning the protection of personal data.<br \/>Pour le paiement des achats, des informations relatives \u00e0 vos cartes bancaires seront demand\u00e9es par nos partenaires. Ces donn\u00e9es ne sont pas stock\u00e9es chez nous, mais chez nos prestataires de services de paiement. Shop24 ne stocke qu&rsquo;un jeton d&rsquo;authenticit\u00e9 comme r\u00e9f\u00e9rence nous permettant d\u2019indiquer si un paiement a r\u00e9ussi ou \u00e9chou\u00e9.<\/p>\n<h4>4. Cookies policy on the website<\/h4>\n<p>We only use cookies that are strictly necessary for the proper functioning of our website. The use of cookies allows the user, for example, to keep the selected goods in his basket and to continue shopping.<br \/>For more information on the use of cookies, please consult our cookie policy available on the site.<\/p>\n<h4>5. Your rights as a data subject<\/h4>\n<p>Sans pr\u00e9judice des limitations pr\u00e9vues par le GDPR, vous disposez d&rsquo;un certain nombre de droits en vertu de la Loi sur la protection des donn\u00e9es :<br \/>Right of access, right of rectification, right to erasure, right to restriction of processing,<br \/>right to object, right to portability and right to refuse automated processing<br \/>To exercise these rights please send an email to <a href=\"mailto:info@shop24.lu\" target=\"_blank\" rel=\"noopener noreferrer\">info@shop24.lu<\/a>.<br \/>These rights can only be exercised within the limits of any contractual or legal obligation.<\/p>\n<h4>6. Your right to complain<\/h4>\n<p>Every user has the right to lodge a complaint. To do this, you can contact us: <a href=\"mailto:info@shop24.lu\" target=\"_blank\" rel=\"noopener noreferrer\">info@shop24.lu<\/a> ou saisir l&rsquo;autorit\u00e9 de surveillance luxembourgeoise, \u00e0 savoir la Commission nationale pour la protection des donn\u00e9es (<a href=\"https:\/\/cnpd.public.lu\" target=\"_blank\" rel=\"noopener noreferrer\">CNPD<\/a>): 1, avenue du Rock&#039;n&#039;Roll L-4361 Esch-sur-Alzette Tel. : (+352) 26 10 60 -1<\/p>\n<h4>7. Updates to our privacy policy<\/h4>\n<p>As our services evolve, we update our privacy policy. Shop24 can modify this privacy policy at any time. We invite you to consult the latest version on this page.<\/p>\n<h4>8. Acceptance of the present<\/h4>\n<p>With single or continuous use of the Shop24 platform, each user agrees with this privacy policy. If a user does not agree with this, Shop24 invites that user not to use the services of the Shop24 platform.<\/p>","protected":false},"excerpt":{"rendered":"<p>Politique de confidentialit\u00e9 La pr\u00e9sente politique de confidentialit\u00e9 vous informe sur les donn\u00e9es que nous recueillons, utilisons, conservons et d\u00e9voilons. Ces informations sont recueillies lorsque vous utilisez notre site internet. En recueillant ces informations, nous agissons en tant que Responsable de Traitement et, par le r\u00e8glement (UE) 2016\/679 du Parlement et du Conseil du 27 [&#8230;]\n","protected":false},"author":10,"featured_media":0,"parent":0,"menu_order":0,"comment_status":"closed","ping_status":"closed","template":"","meta":{"_seopress_robots_primary_cat":"","_seopress_titles_title":"","_seopress_titles_desc":"","_seopress_robots_index":"","footnotes":""},"class_list":["post-1066","page","type-page","status-publish"],"_links":{"self":[{"href":"https:\/\/shop24.lu\/en\/wp-json\/wp\/v2\/pages\/1066","targetHints":{"allow":["GET"]}}],"collection":[{"href":"https:\/\/shop24.lu\/en\/wp-json\/wp\/v2\/pages"}],"about":[{"href":"https:\/\/shop24.lu\/en\/wp-json\/wp\/v2\/types\/page"}],"author":[{"embeddable":true,"href":"https:\/\/shop24.lu\/en\/wp-json\/wp\/v2\/users\/10"}],"replies":[{"embeddable":true,"href":"https:\/\/shop24.lu\/en\/wp-json\/wp\/v2\/comments?post=1066"}],"version-history":[{"count":0,"href":"https:\/\/shop24.lu\/en\/wp-json\/wp\/v2\/pages\/1066\/revisions"}],"wp:attachment":[{"href":"https:\/\/shop24.lu\/en\/wp-json\/wp\/v2\/media?parent=1066"}],"curies":[{"name":"wp","href":"https:\/\/api.w.org\/{rel}","templated":true}]}}