{"id":1069,"date":"2020-11-05T22:20:56","date_gmt":"2020-11-05T20:20:56","guid":{"rendered":"http:\/\/demowpthemes.com\/buy2amazon\/?page_id=1069"},"modified":"2023-05-08T17:58:24","modified_gmt":"2023-05-08T15:58:24","slug":"politique-expedition","status":"publish","type":"page","link":"https:\/\/shop24.lu\/en\/politique-expedition\/","title":{"rendered":"Shipping Policy"},"content":{"rendered":"<h2 class=\"widget-title\">Politiques d&rsquo;exp\u00e9dition<\/h2>\n<div class=\"siteorigin-widget-tinymce textwidget\">\n<h4>Delivery address?<\/h4>\n<p>L\u2019adresse de livraison sera d\u00e9finie par l\u2019acheteur selon les options du vendeur. Les articles peuvent \u00eatre livr\u00e9s \u00e0 moins que le commer\u00e7ant choisit de ne vous offrir que l&rsquo;option \u00abClick &amp; Collect\u00bb ou si le commer\u00e7ant limite la livraison dans un certain p\u00e9rim\u00e8tre.<\/p>\n<h4>How much is shipping?<\/h4>\n<p>The delivery costs depend on the seller&#039;s choice of delivery and are indicated in the item description or the seller&#039;s shop24 page.<\/p>\n<h4>What is the delivery delay?<\/h4>\n<p>Delivery for available items depends on the time of your order and the specific terms of the seller. For items that are not in stock, the delivery time will be indicated in the item description or on the seller&#039;s page.<\/p>\n<h4>What if I don&#039;t receive my order?<\/h4>\n<p>In the event of delay or non-delivery of your order, you can contact the seller from whom you ordered the items, in order to inquire about the follow-up of the delivery.<\/p>\n<h4>Do I have to pay to return a home delivered item?<\/h4>\n<p>L&rsquo;informations de retour d&rsquo;articles et son \u00e9ventuel remboursement est affich\u00e9 sur la page du vendeur. Celle-ci peut varier de vendeurs \u00e0 vendeurs.<\/p>\n<h4>Can I exchange an item?<\/h4>\n<p>The seller displays this information on his seller page or is, where applicable, to be negotiated directly with the seller.<\/p>\n<h4>Did you receive a damaged item?<\/h4>\n<p>Pour toute condition li\u00e9 \u00e0 l&rsquo;article command\u00e9 veuillez vous joindre directement au vendeur.<\/p>","protected":false},"excerpt":{"rendered":"<p>Politiques d&rsquo;exp\u00e9dition Adresse de livraison? L\u2019adresse de livraison sera d\u00e9finie par l\u2019acheteur selon les options du vendeur. Les articles peuvent \u00eatre livr\u00e9s \u00e0 moins que le commer\u00e7ant choisit de ne vous offrir que l&rsquo;option \u00abClick &amp; Collect\u00bb ou si le commer\u00e7ant limite la livraison dans un certain p\u00e9rim\u00e8tre. Combien co\u00fbte la livraison? Les frais de [&#8230;]\n","protected":false},"author":10,"featured_media":0,"parent":0,"menu_order":0,"comment_status":"closed","ping_status":"closed","template":"","meta":{"_seopress_robots_primary_cat":"","_seopress_titles_title":"","_seopress_titles_desc":"","_seopress_robots_index":"","footnotes":""},"class_list":["post-1069","page","type-page","status-publish"],"_links":{"self":[{"href":"https:\/\/shop24.lu\/en\/wp-json\/wp\/v2\/pages\/1069","targetHints":{"allow":["GET"]}}],"collection":[{"href":"https:\/\/shop24.lu\/en\/wp-json\/wp\/v2\/pages"}],"about":[{"href":"https:\/\/shop24.lu\/en\/wp-json\/wp\/v2\/types\/page"}],"author":[{"embeddable":true,"href":"https:\/\/shop24.lu\/en\/wp-json\/wp\/v2\/users\/10"}],"replies":[{"embeddable":true,"href":"https:\/\/shop24.lu\/en\/wp-json\/wp\/v2\/comments?post=1069"}],"version-history":[{"count":0,"href":"https:\/\/shop24.lu\/en\/wp-json\/wp\/v2\/pages\/1069\/revisions"}],"wp:attachment":[{"href":"https:\/\/shop24.lu\/en\/wp-json\/wp\/v2\/media?parent=1069"}],"curies":[{"name":"wp","href":"https:\/\/api.w.org\/{rel}","templated":true}]}}