{"id":20679,"date":"2021-01-15T09:51:47","date_gmt":"2021-01-15T07:51:47","guid":{"rendered":"https:\/\/shop24.lu\/?post_type=product&#038;p=20679"},"modified":"2021-02-16T12:45:57","modified_gmt":"2021-02-16T10:45:57","slug":"vins-rk-pinot-gris-2019","status":"publish","type":"product","link":"https:\/\/shop24.lu\/en\/product\/vins-rk-pinot-gris-2019\/","title":{"rendered":"Wines RK-Pinot Gris Hoelt 2019"},"content":{"rendered":"<p>Lage: Hoelt bei Rosport<br \/>\nBoden: Tonmergel vom Muschelkalk<br \/>\nArrow: 8.5 Ar<br \/>\nManuelle Traubenlese on 28. September 2019<br \/>\nGranztraubenpressung ohne Entrappen und Maischestandzeit<br \/>\nCapacity: 300 Liter, 380 Flaschen (750 ml)<br \/>\nSpontanvergoren w\u00e4hrend 11 Monaten im Inoxtank im Ch\u00e2teau Pauqu\u00e9 in Grevenmacher (Abi Duhr)<br \/>\nAlkohol: 10.9%<br \/>\nRestzucker: 40.6 g\/l<br \/>\nS\u00e4ure: 4.8 gr\/l<\/p>","protected":false},"excerpt":{"rendered":"<p>Pinot Gris 100% <br \/> Luxembourg Moselle<\/p>","protected":false},"featured_media":20680,"comment_status":"open","ping_status":"closed","template":"","meta":{"_seopress_robots_primary_cat":"","_seopress_titles_title":"","_seopress_titles_desc":"","_seopress_robots_index":""},"product_brand":[],"product_cat":[531,533,535],"product_tag":[320,261,20679,20681,20677,20683,555],"class_list":{"0":"post-20679","1":"product","2":"type-product","3":"status-publish","4":"has-post-thumbnail","6":"product_cat-boissons","7":"product_cat-vins","8":"product_cat-vins-blancs","9":"product_tag-blanc","10":"product_tag-gris","11":"product_tag-krippes","12":"product_tag-pinot","13":"product_tag-rene","14":"product_tag-rosport","15":"product_tag-vin","16":"pa_size-750ml","18":"first","19":"instock","20":"shipping-taxable","21":"purchasable","22":"product-type-simple"},"_links":{"self":[{"href":"https:\/\/shop24.lu\/en\/wp-json\/wp\/v2\/product\/20679","targetHints":{"allow":["GET"]}}],"collection":[{"href":"https:\/\/shop24.lu\/en\/wp-json\/wp\/v2\/product"}],"about":[{"href":"https:\/\/shop24.lu\/en\/wp-json\/wp\/v2\/types\/product"}],"replies":[{"embeddable":true,"href":"https:\/\/shop24.lu\/en\/wp-json\/wp\/v2\/comments?post=20679"}],"wp:featuredmedia":[{"embeddable":true,"href":"https:\/\/shop24.lu\/en\/wp-json\/wp\/v2\/media\/20680"}],"wp:attachment":[{"href":"https:\/\/shop24.lu\/en\/wp-json\/wp\/v2\/media?parent=20679"}],"wp:term":[{"taxonomy":"product_brand","embeddable":true,"href":"https:\/\/shop24.lu\/en\/wp-json\/wp\/v2\/product_brand?post=20679"},{"taxonomy":"product_cat","embeddable":true,"href":"https:\/\/shop24.lu\/en\/wp-json\/wp\/v2\/product_cat?post=20679"},{"taxonomy":"product_tag","embeddable":true,"href":"https:\/\/shop24.lu\/en\/wp-json\/wp\/v2\/product_tag?post=20679"}],"curies":[{"name":"wp","href":"https:\/\/api.w.org\/{rel}","templated":true}]}}