{"id":2406,"date":"2020-09-10T22:12:27","date_gmt":"2020-09-10T20:12:27","guid":{"rendered":"https:\/\/shop24.lu\/?post_type=product&#038;p=2406"},"modified":"2024-07-17T08:25:51","modified_gmt":"2024-07-17T06:25:51","slug":"ecume-deau-micellaire","status":"publish","type":"product","link":"https:\/\/shop24.lu\/en\/product\/ecume-deau-micellaire\/","title":{"rendered":"Thalgo &#8211; Ecume d&rsquo;eau nettoyante"},"content":{"rendered":"<p>1\u00e8re mousse \u00e0 la S\u00e8ve Bleue des Oc\u00e9ans, qui nettoie efficacement toutes les peaux.<\/p>","protected":false},"excerpt":{"rendered":"<p>1st micellar foam with Blue Ocean Sap, which effectively cleanses all skin types.<\/p>","protected":false},"featured_media":277065,"comment_status":"open","ping_status":"closed","template":"","meta":{"_seopress_robots_primary_cat":"","_seopress_titles_title":"","_seopress_titles_desc":"","_seopress_robots_index":""},"product_brand":[],"product_cat":[60,330,339],"product_tag":[331,342,344,341,343,305,345,328],"class_list":{"0":"post-2406","1":"product","2":"type-product","3":"status-publish","4":"has-post-thumbnail","6":"product_cat-beaute","7":"product_cat-nettoyants","8":"product_cat-soins-du-visage","9":"product_tag-demaquillage","10":"product_tag-eau","11":"product_tag-eau-micellaire","12":"product_tag-eaucenae","13":"product_tag-ecume","14":"product_tag-nettoyant","15":"product_tag-soin-visage","16":"product_tag-thalgo","18":"first","19":"instock","20":"shipping-taxable","21":"purchasable","22":"product-type-simple"},"_links":{"self":[{"href":"https:\/\/shop24.lu\/en\/wp-json\/wp\/v2\/product\/2406","targetHints":{"allow":["GET"]}}],"collection":[{"href":"https:\/\/shop24.lu\/en\/wp-json\/wp\/v2\/product"}],"about":[{"href":"https:\/\/shop24.lu\/en\/wp-json\/wp\/v2\/types\/product"}],"replies":[{"embeddable":true,"href":"https:\/\/shop24.lu\/en\/wp-json\/wp\/v2\/comments?post=2406"}],"wp:featuredmedia":[{"embeddable":true,"href":"https:\/\/shop24.lu\/en\/wp-json\/wp\/v2\/media\/277065"}],"wp:attachment":[{"href":"https:\/\/shop24.lu\/en\/wp-json\/wp\/v2\/media?parent=2406"}],"wp:term":[{"taxonomy":"product_brand","embeddable":true,"href":"https:\/\/shop24.lu\/en\/wp-json\/wp\/v2\/product_brand?post=2406"},{"taxonomy":"product_cat","embeddable":true,"href":"https:\/\/shop24.lu\/en\/wp-json\/wp\/v2\/product_cat?post=2406"},{"taxonomy":"product_tag","embeddable":true,"href":"https:\/\/shop24.lu\/en\/wp-json\/wp\/v2\/product_tag?post=2406"}],"curies":[{"name":"wp","href":"https:\/\/api.w.org\/{rel}","templated":true}]}}