{"id":252766,"date":"2023-11-20T22:54:14","date_gmt":"2023-11-20T20:54:14","guid":{"rendered":"https:\/\/shop24.lu\/?post_type=product&#038;p=252766"},"modified":"2023-11-20T22:57:12","modified_gmt":"2023-11-20T20:57:12","slug":"ecourses24-power-of-visualization","status":"publish","type":"product","link":"https:\/\/shop24.lu\/en\/product\/ecourses24-power-of-visualization\/","title":{"rendered":"eCourses24.com \u2013 Power of Visualization"},"content":{"rendered":"<h3>A lesson of <a href=\"https:\/\/ecourses24.com\">eCourses24.com<\/a><\/h3>\n<p>Attirer votre meilleure vie peut \u00eatre un d\u00e9fi. Vous devez faire face \u00e0 des obstacles tels que la peur, l&rsquo;\u00e9chec et les d\u00e9ceptions qui vous donneront l&rsquo;impression d&rsquo;\u00eatre un rat\u00e9.<\/p>\n<p>Cependant, ce n&rsquo;est pas impossible.<\/p>\n<p>La premi\u00e8re \u00e9tape pour transformer votre vie est d&rsquo;avoir une vision.<\/p>\n<p>Et pas n&rsquo;importe quel r\u00eave, mais une vision si vivante et tangible que vous la sentez et la voyez devenir r\u00e9alit\u00e9.<\/p>\n<p>C&rsquo;est l<strong>&lsquo;art de la visualisation<\/strong>.<\/p>\n<p>In this video course, you will learn how to use the amazing power of your mind to attract your ideal life.<\/p>\n<div class=\"item-six\">\n<ul>\n<li>D\u00e9couvrez les secrets r\u00e9v\u00e9l\u00e9s dans Le pouvoir de la visualisation avec plus de clart\u00e9 afin de pouvoir facilement mettre en \u0153uvre les \u00e9tapes de l&rsquo;action.<\/li>\n<\/ul>\n<\/div>\n<div class=\"item-six\">\n<ul>\n<li>Accelerate your transformation journey by taking the course, because you know that watching a video is faster and more fun than reading.<\/li>\n<\/ul>\n<\/div>\n<div class=\"item-six\">\n<ul>\n<li>Vous vous souviendrez davantage de ce que vous avez appris, ce qui vous permettra d&rsquo;obtenir plus de r\u00e9sultats en moins de temps.<\/li>\n<\/ul>\n<\/div>\n<div class=\"item-six\">\n<ul>\n<li>Absorb what you learn in this course faster without any distractions.<\/li>\n<\/ul>\n<\/div>\n<div class=\"item-six\">\n<ul>\n<li>Faites l&rsquo;exp\u00e9rience d&rsquo;un accompagnement personnel gr\u00e2ce \u00e0 une voix qui vous parle, vous guide et attire votre attention \u00e0 l&rsquo;aide de graphiques visuels.<\/li>\n<\/ul>\n<\/div>\n<p><iframe title=\"Video 1 - Introduction\" width=\"1020\" height=\"574\" src=\"https:\/\/www.youtube.com\/embed\/mH2DM3VkUfc?feature=oembed\" frameborder=\"0\" allow=\"accelerometer; autoplay; clipboard-write; encrypted-media; gyroscope; picture-in-picture; web-share\" allowfullscreen><\/iframe><\/p>\n<h3 class=\"tutor-course-details-widget-title tutor-fs-5 tutor-fw-bold tutor-color-black tutor-mb-16\">Qu&rsquo;allez-vous apprendre ?<\/h3>\n<ul class=\"tutor-course-details-widget-list tutor-color-black tutor-fs-6 tutor-m-0 tutor-mt-16\">\n<li class=\"tutor-d-flex tutor-mb-12\">Qu&rsquo;est-ce que la visualisation ?<\/li>\n<li class=\"tutor-d-flex tutor-mb-12\">Does visualization really work?<\/li>\n<li class=\"tutor-d-flex tutor-mb-12\">How does visualization affect the brain?<\/li>\n<li class=\"tutor-d-flex tutor-mb-12\">Benefits of visualization<\/li>\n<li class=\"tutor-d-flex tutor-mb-12\">Common Inhibitions to the Power of Visualization<\/li>\n<li class=\"tutor-d-flex tutor-mb-12\">Visualization techniques<\/li>\n<li class=\"tutor-d-flex tutor-mb-12\">How to use the power of visualization to make your dreams come true?<\/li>\n<li class=\"tutor-d-flex tutor-mb-12\">Habits that optimize the power of visualization<\/li>\n<\/ul>\n<div class=\"tutor-course-details-widget\">\n<h3 class=\"tutor-course-details-widget-title tutor-fs-5 tutor-color-black tutor-fw-bold tutor-mb-16\">Hardware includes<\/h3>\n<ul class=\"tutor-course-details-widget-list tutor-fs-6 tutor-color-black\">\n<li class=\"tutor-d-flex tutor-mb-12\">52 minutes of video on demand<\/li>\n<li class=\"tutor-d-flex tutor-mb-12\">Full access for life<\/li>\n<li class=\"tutor-d-flex tutor-mb-12\">Access on mobile, tablet and desktop<\/li>\n<\/ul>\n<\/div>\n<div class=\"tutor-course-details-widget\">\n<h3 class=\"tutor-course-details-widget-title tutor-fs-5 tutor-color-black tutor-fw-bold tutor-mb-16\">Requirements<\/h3>\n<ul class=\"tutor-course-details-widget-list tutor-fs-6 tutor-color-black\">\n<li class=\"tutor-d-flex tutor-mb-12\">Volont\u00e9 d&rsquo;apprendre ce qu&rsquo;est la visualisation et comment l&rsquo;utiliser<\/li>\n<\/ul>\n<\/div>","protected":false},"excerpt":{"rendered":"<ul class=\"tutor-ul\">\n<li>Language: ENGLISH ONLY!<\/li>\n<li class=\"tutor-d-flex\"><span class=\"tutor-fs-6 tutor-color-secondary\">Beginner level<\/span><\/li>\n<li class=\"tutor-d-flex\"><span class=\"tutor-fs-6 tutor-color-secondary\"><span class=\"tutor-meta-level\">Course duration:<\/span><span class=\"tutor-meta-level\">52<\/span><span class=\"tutor-meta-value tutor-color-secondary tutor-mr-4\"> minutes<\/span><br \/>\n<\/span><\/li>\n<li class=\"tutor-d-flex tutor-mt-12\"><span class=\"tutor-fs-6 tutor-color-secondary\">Last updated: 08.11.2021<br \/>\n<\/span><\/li>\n<li class=\"tutor-d-flex tutor-mt-12\"><span class=\"tutor-fs-6 tutor-color-secondary\">Certificat d&rsquo;ach\u00e8vement<\/span><\/li>\n<\/ul>","protected":false},"featured_media":252767,"comment_status":"closed","ping_status":"closed","template":"","meta":{"_seopress_robots_primary_cat":"none","_seopress_titles_title":"","_seopress_titles_desc":"","_seopress_robots_index":""},"product_brand":[],"product_cat":[31510],"product_tag":[31511,31517,31518,31514,31519],"class_list":{"0":"post-252766","1":"product","2":"type-product","3":"status-publish","4":"has-post-thumbnail","6":"product_cat-cours","7":"product_tag-cours","8":"product_tag-course","9":"product_tag-ecourse","10":"product_tag-ecourses24","11":"product_tag-ecourses24-com","13":"first","14":"instock","15":"shipping-taxable","16":"product-type-external"},"_links":{"self":[{"href":"https:\/\/shop24.lu\/en\/wp-json\/wp\/v2\/product\/252766","targetHints":{"allow":["GET"]}}],"collection":[{"href":"https:\/\/shop24.lu\/en\/wp-json\/wp\/v2\/product"}],"about":[{"href":"https:\/\/shop24.lu\/en\/wp-json\/wp\/v2\/types\/product"}],"replies":[{"embeddable":true,"href":"https:\/\/shop24.lu\/en\/wp-json\/wp\/v2\/comments?post=252766"}],"wp:featuredmedia":[{"embeddable":true,"href":"https:\/\/shop24.lu\/en\/wp-json\/wp\/v2\/media\/252767"}],"wp:attachment":[{"href":"https:\/\/shop24.lu\/en\/wp-json\/wp\/v2\/media?parent=252766"}],"wp:term":[{"taxonomy":"product_brand","embeddable":true,"href":"https:\/\/shop24.lu\/en\/wp-json\/wp\/v2\/product_brand?post=252766"},{"taxonomy":"product_cat","embeddable":true,"href":"https:\/\/shop24.lu\/en\/wp-json\/wp\/v2\/product_cat?post=252766"},{"taxonomy":"product_tag","embeddable":true,"href":"https:\/\/shop24.lu\/en\/wp-json\/wp\/v2\/product_tag?post=252766"}],"curies":[{"name":"wp","href":"https:\/\/api.w.org\/{rel}","templated":true}]}}