{"id":2682,"date":"2020-09-14T21:40:41","date_gmt":"2020-09-14T19:40:41","guid":{"rendered":"https:\/\/shop24.lu\/?post_type=product&#038;p=2682"},"modified":"2023-03-15T19:47:04","modified_gmt":"2023-03-15T17:47:04","slug":"nico-reisdorff-erziehung-zum-wahnsinn","status":"publish","type":"product","link":"https:\/\/shop24.lu\/en\/product\/nico-reisdorff-erziehung-zum-wahnsinn\/","title":{"rendered":"Nico Reisdorff-Erziehung zum Wahnsinn"},"content":{"rendered":"<p>Nico Reisdorff verbrachte seine Kindheit und Jugend in zerr\u00fctteten Familienverh\u00e4ltnissen und verschiedenen Kinderheimen. Ende der 70er Jahre begann er eine zunehmend gewaltt\u00e4tige Verbrecherlaufbahn. 1989 wurde er in der so genannten Waldbilliger Aff\u00e4re zu einer lebenslangen Haftstrafe verurteilt wegen Mitgliedschaft in einer kriminellen Vereinigung, Bankraub und -einbr\u00fcchen, Mord und Beihilfe zum Mord. Im Gef\u00e4ngnis machte er 2000 eine Lehre und arbeitet seither als Buchbinder.<\/p>\n<p>Nico Reisdorff schrieb als Autor und Co-Autor autobiografische Text. Erziehung zum Wahnsinn (2001) beschreibt sein Leben vor der Inhaftierung in Schrassig, Lebensl\u00e4nglich (2006) seine Erlebnisse und Erfahrungen im Gef\u00e4ngnis zwischen 1986 und 1996.<\/p>","protected":false},"excerpt":{"rendered":"<p>Biografie, Nico Reisdorff-Erziehung zum Wahnsinn<\/p>","protected":false},"featured_media":2684,"comment_status":"open","ping_status":"closed","template":"","meta":{"_seopress_robots_primary_cat":"","_seopress_titles_title":"","_seopress_titles_desc":"","_seopress_robots_index":""},"product_brand":[],"product_cat":[431,66],"product_tag":[430,429,428],"class_list":{"0":"post-2682","1":"product","2":"type-product","3":"status-publish","4":"has-post-thumbnail","6":"product_cat-biographie","7":"product_cat-livres","8":"product_tag-biographie","9":"product_tag-buch","10":"product_tag-nico-reisdorff","12":"first","13":"instock","14":"featured","15":"shipping-taxable","16":"purchasable","17":"product-type-simple"},"_links":{"self":[{"href":"https:\/\/shop24.lu\/en\/wp-json\/wp\/v2\/product\/2682","targetHints":{"allow":["GET"]}}],"collection":[{"href":"https:\/\/shop24.lu\/en\/wp-json\/wp\/v2\/product"}],"about":[{"href":"https:\/\/shop24.lu\/en\/wp-json\/wp\/v2\/types\/product"}],"replies":[{"embeddable":true,"href":"https:\/\/shop24.lu\/en\/wp-json\/wp\/v2\/comments?post=2682"}],"wp:featuredmedia":[{"embeddable":true,"href":"https:\/\/shop24.lu\/en\/wp-json\/wp\/v2\/media\/2684"}],"wp:attachment":[{"href":"https:\/\/shop24.lu\/en\/wp-json\/wp\/v2\/media?parent=2682"}],"wp:term":[{"taxonomy":"product_brand","embeddable":true,"href":"https:\/\/shop24.lu\/en\/wp-json\/wp\/v2\/product_brand?post=2682"},{"taxonomy":"product_cat","embeddable":true,"href":"https:\/\/shop24.lu\/en\/wp-json\/wp\/v2\/product_cat?post=2682"},{"taxonomy":"product_tag","embeddable":true,"href":"https:\/\/shop24.lu\/en\/wp-json\/wp\/v2\/product_tag?post=2682"}],"curies":[{"name":"wp","href":"https:\/\/api.w.org\/{rel}","templated":true}]}}