{"id":277147,"date":"2024-07-17T16:25:08","date_gmt":"2024-07-17T14:25:08","guid":{"rendered":"https:\/\/shop24.lu\/fr\/product\/thalgo-creme-fondante-hydratante\/"},"modified":"2024-07-17T16:25:09","modified_gmt":"2024-07-17T14:25:09","slug":"thalgo-creme-fondante-hydratante","status":"publish","type":"product","link":"https:\/\/shop24.lu\/en\/product\/thalgo-creme-fondante-hydratante\/","title":{"rendered":"THALGO &#8211; Cr\u00e8me fondante hydratante"},"content":{"rendered":"<p>Cette cr\u00e8me fraiche et onctueuse, concentr\u00e9e en s\u00e8ve bleue des oc\u00e9ans et en filtrat d\u2019algues micro-\u00e9clat\u00e9es brevet\u00e9es est enrichie d\u2019un complexe d&rsquo;alginate qui hydrate pendant 24H.**<\/p>","protected":false},"excerpt":{"rendered":"<p>Cette cr\u00e8me fraiche et onctueuse, concentr\u00e9e en s\u00e8ve bleue des oc\u00e9ans et en filtrat d\u2019algues micro-\u00e9clat\u00e9es brevet\u00e9es est enrichie d\u2019un complexe d&rsquo;alginate qui hydrate pendant 24H.**<\/p>","protected":false},"featured_media":277146,"comment_status":"closed","ping_status":"closed","template":"","meta":{"_seopress_robots_primary_cat":"","_seopress_titles_title":"","_seopress_titles_desc":"","_seopress_robots_index":""},"product_brand":[],"product_cat":[29832],"product_tag":[333,368],"class_list":{"0":"post-277147","1":"product","2":"type-product","3":"status-publish","4":"has-post-thumbnail","6":"product_cat-cremes-de-jour-et-de-nuit","7":"product_tag-creme","8":"product_tag-creme-visage","10":"first","11":"instock","12":"shipping-taxable","13":"purchasable","14":"product-type-simple"},"_links":{"self":[{"href":"https:\/\/shop24.lu\/en\/wp-json\/wp\/v2\/product\/277147","targetHints":{"allow":["GET"]}}],"collection":[{"href":"https:\/\/shop24.lu\/en\/wp-json\/wp\/v2\/product"}],"about":[{"href":"https:\/\/shop24.lu\/en\/wp-json\/wp\/v2\/types\/product"}],"replies":[{"embeddable":true,"href":"https:\/\/shop24.lu\/en\/wp-json\/wp\/v2\/comments?post=277147"}],"wp:featuredmedia":[{"embeddable":true,"href":"https:\/\/shop24.lu\/en\/wp-json\/wp\/v2\/media\/277146"}],"wp:attachment":[{"href":"https:\/\/shop24.lu\/en\/wp-json\/wp\/v2\/media?parent=277147"}],"wp:term":[{"taxonomy":"product_brand","embeddable":true,"href":"https:\/\/shop24.lu\/en\/wp-json\/wp\/v2\/product_brand?post=277147"},{"taxonomy":"product_cat","embeddable":true,"href":"https:\/\/shop24.lu\/en\/wp-json\/wp\/v2\/product_cat?post=277147"},{"taxonomy":"product_tag","embeddable":true,"href":"https:\/\/shop24.lu\/en\/wp-json\/wp\/v2\/product_tag?post=277147"}],"curies":[{"name":"wp","href":"https:\/\/api.w.org\/{rel}","templated":true}]}}