{"id":277150,"date":"2024-07-17T16:26:51","date_gmt":"2024-07-17T14:26:51","guid":{"rendered":"https:\/\/shop24.lu\/fr\/product\/thalgo-eco-recharge-creme-fondante-hydratante\/"},"modified":"2024-07-17T16:26:52","modified_gmt":"2024-07-17T14:26:52","slug":"thalgo-eco-recharge-creme-fondante-hydratante","status":"publish","type":"product","link":"https:\/\/shop24.lu\/en\/product\/thalgo-eco-recharge-creme-fondante-hydratante\/","title":{"rendered":"THALGO &#8211; Eco-recharge cr\u00e8me fondante hydratante"},"content":{"rendered":"<p>Dans le cadre de sa d\u00e9marche responsable, THALGO vous propose un pot rechargeable. D\u2019un geste simple et rapide, rechargez votre Cr\u00e8me Fondante Hydratante Source Marine.<\/p>\n<p>Cette cr\u00e8me fraiche et onctueuse, concentr\u00e9e en s\u00e8ve bleue des oc\u00e9ans et en filtrat d\u2019algues micro-\u00e9clat\u00e9es brevet\u00e9es est enrichie d\u2019un complexe d&rsquo;alginate qui hydrate pendant 24H.**<\/p>","protected":false},"excerpt":{"rendered":"<p>Dans le cadre de sa d\u00e9marche responsable, THALGO vous propose un pot rechargeable. D\u2019un geste simple et rapide, rechargez votre Cr\u00e8me Fondante Hydratante Source Marine. Cette cr\u00e8me fraiche et onctueuse, concentr\u00e9e en s\u00e8ve bleue des oc\u00e9ans et en filtrat d\u2019algues micro-\u00e9clat\u00e9es brevet\u00e9es est enrichie d\u2019un complexe d&rsquo;alginate qui hydrate pendant 24H.**<\/p>","protected":false},"featured_media":277148,"comment_status":"closed","ping_status":"closed","template":"","meta":{"_seopress_robots_primary_cat":"","_seopress_titles_title":"","_seopress_titles_desc":"","_seopress_robots_index":""},"product_brand":[],"product_cat":[29832],"product_tag":[368],"class_list":{"0":"post-277150","1":"product","2":"type-product","3":"status-publish","4":"has-post-thumbnail","6":"product_cat-cremes-de-jour-et-de-nuit","7":"product_tag-creme-visage","9":"first","10":"instock","11":"shipping-taxable","12":"purchasable","13":"product-type-simple"},"_links":{"self":[{"href":"https:\/\/shop24.lu\/en\/wp-json\/wp\/v2\/product\/277150","targetHints":{"allow":["GET"]}}],"collection":[{"href":"https:\/\/shop24.lu\/en\/wp-json\/wp\/v2\/product"}],"about":[{"href":"https:\/\/shop24.lu\/en\/wp-json\/wp\/v2\/types\/product"}],"replies":[{"embeddable":true,"href":"https:\/\/shop24.lu\/en\/wp-json\/wp\/v2\/comments?post=277150"}],"wp:featuredmedia":[{"embeddable":true,"href":"https:\/\/shop24.lu\/en\/wp-json\/wp\/v2\/media\/277148"}],"wp:attachment":[{"href":"https:\/\/shop24.lu\/en\/wp-json\/wp\/v2\/media?parent=277150"}],"wp:term":[{"taxonomy":"product_brand","embeddable":true,"href":"https:\/\/shop24.lu\/en\/wp-json\/wp\/v2\/product_brand?post=277150"},{"taxonomy":"product_cat","embeddable":true,"href":"https:\/\/shop24.lu\/en\/wp-json\/wp\/v2\/product_cat?post=277150"},{"taxonomy":"product_tag","embeddable":true,"href":"https:\/\/shop24.lu\/en\/wp-json\/wp\/v2\/product_tag?post=277150"}],"curies":[{"name":"wp","href":"https:\/\/api.w.org\/{rel}","templated":true}]}}